{"id":22638,"date":"2024-03-10T05:38:05","date_gmt":"2024-03-10T04:38:05","guid":{"rendered":"https:\/\/diamondspa.sk\/product\/m-spa-kupelnova-vana-spa-s-hydromasazou-186-x-121-x-65-cm\/"},"modified":"2025-09-05T10:46:34","modified_gmt":"2025-09-05T08:46:34","slug":"m-spa-kupelnova-vana-spa-s-hydromasazou-186-x-121-x-65-cm","status":"publish","type":"product","link":"https:\/\/diamondspa.sk\/sk\/produkt\/m-spa-kupelnova-vana-spa-s-hydromasazou-186-x-121-x-65-cm\/","title":{"rendered":"M-SPA &#8211; K\u00fape\u013e\u0148ov\u00e1 va\u0148a SPA s hydromas\u00e1\u017eou 186 x 121 x 65 cm"},"content":{"rendered":"<p>Vonkaj\u0161ie rozmery: 186 x 121 x 65 cm (v\u00fd\u0161ka meran\u00e1 v najvy\u0161\u0161om bode akrylu)<br \/>Farba: Biela<br \/>Po\u0165ah: Akryl<br \/>Po\u010det miest na sedenie: 2 osoby<br \/>Nap\u00e1janie: 220 ~ 240V\/50<br \/>Celkov\u00fd v\u00fdkon: celkovo cca 1,3 kW<br \/>Voda trysky 14 ks vr\u00e1tane:<br \/>\u2013 Vodn\u00e9 d\u00fdzy (3,5\u2033): 6 ks<br \/>\u2013 Vodn\u00e9 d\u00fdzy (2\u2033): 8 ks<br \/>Vodn\u00e9 \u010derpadlo 1,1 kW<br \/>Vzduchov\u00e9 d\u00fdzy (1\u2033): 18 ks<br \/>Vzduchov\u00e9 \u010derpadlo 0,2 kW\u00a0<br \/>Gener\u00e1tor oz\u00f3nu<br \/>SPA podvodn\u00e9 svetlo: 2 ks (sedem druhov farieb)<br \/>Sprchov\u00e1 hlavica<br \/>V\u00fdtok<br \/>Opierka hlavy: 2 ks (na pr\u00edsavky)<br \/>Ovl\u00e1dac\u00ed panel<br \/>Bluetooth<br \/>R\u00e1dio<br \/>Reproduktor<\/p>\n<p><strong>\u010eAL\u0160IE INFORM\u00c1CIE:<\/strong><\/p>\n<p>Regul\u00e1tor prevzdu\u0161\u0148ovania vodn\u00fdch trysiek<br \/>Syst\u00e9m prevzdu\u0161\u0148ovania vodn\u00fdch trysiek<br \/>Syst\u00e9m pre su\u0161enie liniek (gravit\u00e1cia)<br \/>Proti\u0161mykov\u00e9 dno vane<br \/>2&#8243; vodn\u00e9 d\u00fdzy vyroben\u00e9 z nehrdzavej\u00facej ocele<br \/>Vodn\u00e9 a vzduchov\u00e9 \u010derpadl\u00e1 m\u00f4\u017eu fungova\u0165 paralelne<br \/>Va\u0148a vstavan\u00e1 na 3 stran\u00e1ch (1 strana nezakryt\u00e1)<br \/>Va\u0148a verzia: obd\u013a\u017enikov\u00e1<\/p>\n","protected":false},"excerpt":{"rendered":"<p>Vonkaj\u0161ie rozmery: 186 x 121 x 65 cm (v\u00fd\u0161ka meran\u00e1 v najvy\u0161\u0161om bode akrylu)Farba: BielaPo\u0165ah: AkrylPo\u010det miest na sedenie: 2 osobyNap\u00e1janie: 220 ~ 240V\/50Celkov\u00fd v\u00fdkon: celkovo cca 1,3 kWVoda trysky 14 ks vr\u00e1tane:\u2013 Vodn\u00e9 d\u00fdzy (3,5\u2033): 6 ks\u2013 Vodn\u00e9 d\u00fdzy (2\u2033): 8 ksVodn\u00e9 \u010derpadlo 1,1 kWVzduchov\u00e9 d\u00fdzy (1\u2033): 18 ksVzduchov\u00e9 \u010derpadlo 0,2 kW\u00a0Gener\u00e1tor oz\u00f3nuSPA podvodn\u00e9 [&hellip;]<\/p>\n","protected":false},"featured_media":22639,"comment_status":"closed","ping_status":"open","template":"","meta":[],"product_brand":[2536],"product_cat":[168,65],"product_tag":[],"class_list":{"0":"post-22638","1":"product","2":"type-product","3":"status-publish","4":"has-post-thumbnail","6":"product_brand-m-spa","7":"product_cat-hydromasazne-vane","8":"product_cat-vane","9":"pa_napajanie-220-240-v-50-hz","10":"pa_pocet-miest-166","11":"pa_pocet-trysiek-888","12":"pa_povrch-akryl","13":"pa_sirka-121-cm","14":"pa_vyrobca-m-spa","15":"pa_vyska-65-cm","16":"pa_zaruka-2-roky","18":"first","19":"instock","20":"sale","21":"taxable","22":"shipping-taxable","23":"purchasable","24":"product-type-simple"},"_links":{"self":[{"href":"https:\/\/diamondspa.sk\/sk\/wp-json\/wp\/v2\/product\/22638","targetHints":{"allow":["GET"]}}],"collection":[{"href":"https:\/\/diamondspa.sk\/sk\/wp-json\/wp\/v2\/product"}],"about":[{"href":"https:\/\/diamondspa.sk\/sk\/wp-json\/wp\/v2\/types\/product"}],"replies":[{"embeddable":true,"href":"https:\/\/diamondspa.sk\/sk\/wp-json\/wp\/v2\/comments?post=22638"}],"wp:featuredmedia":[{"embeddable":true,"href":"https:\/\/diamondspa.sk\/sk\/wp-json\/wp\/v2\/media\/22639"}],"wp:attachment":[{"href":"https:\/\/diamondspa.sk\/sk\/wp-json\/wp\/v2\/media?parent=22638"}],"wp:term":[{"taxonomy":"product_brand","embeddable":true,"href":"https:\/\/diamondspa.sk\/sk\/wp-json\/wp\/v2\/product_brand?post=22638"},{"taxonomy":"product_cat","embeddable":true,"href":"https:\/\/diamondspa.sk\/sk\/wp-json\/wp\/v2\/product_cat?post=22638"},{"taxonomy":"product_tag","embeddable":true,"href":"https:\/\/diamondspa.sk\/sk\/wp-json\/wp\/v2\/product_tag?post=22638"}],"curies":[{"name":"wp","href":"https:\/\/api.w.org\/{rel}","templated":true}]}}