{"id":22654,"date":"2024-03-10T05:38:05","date_gmt":"2024-03-10T04:38:05","guid":{"rendered":"https:\/\/diamondspa.sk\/product\/m-spa-cervena-kupelnova-vana-spa-s-hydromasazou-180-x-92-x-60-cm\/"},"modified":"2025-09-05T10:46:33","modified_gmt":"2025-09-05T08:46:33","slug":"m-spa-cervena-kupelnova-vana-spa-s-hydromasazou-180-x-92-x-60-cm","status":"publish","type":"product","link":"https:\/\/diamondspa.sk\/sk\/produkt\/m-spa-cervena-kupelnova-vana-spa-s-hydromasazou-180-x-92-x-60-cm\/","title":{"rendered":"M-SPA &#8211; \u010cerven\u00e1 k\u00fape\u013e\u0148ov\u00e1 va\u0148a SPA s hydromas\u00e1\u017eou 180 x 92 x 60 cm"},"content":{"rendered":"<p>Vonkaj\u0161ie rozmery: 180 x 92 x 60 cm\u00a0<em>(v\u00fd\u0161ka meran\u00e1 v najvy\u0161\u0161om bode akrylu)<\/em><br \/>Farba: \u010cerven\u00e1<br \/>Povrchov\u00e1 \u00faprava: Akryl (ABS)<br \/>Po\u010det miest na sedenie: 2 osoby<br \/>Nap\u00e1janie: 220 ~ 240V\/50<br \/>Celkov\u00fd v\u00fdkon: cca 1,5 kW vr\u00e1tane<br \/>d\u00fdz na vodu 16 ks vr\u00e1tane:<br \/>\u2013 Vodn\u00e9 d\u00fdzy (3,5\u2033): 4 ks<br \/>\u2013 Vodn\u00e9 d\u00fdzy (1\u2033): 12 ks<br \/>Vodn\u00e9 \u010derpadlo 1,1 kW<br \/>Vzduchov\u00e9 d\u00fdzy (1\u2033): 16 ks\u00a0<br \/>Vzduchov\u00e9 \u010derpadlo 0,4 kW<br \/>Gener\u00e1tor oz\u00f3nu<br \/>SPA podvodn\u00e9 svetlo: 2 ks\u00a0<em>(sedem druhov farieb)<\/em><br \/>LED svetlo v pl\u00e1\u0161ti vane: 7 ks\u00a0<em>(pln\u00e1 modr\u00e1 farba)<\/em><br \/>Termostatick\u00e1 bat\u00e9ria<br \/>Sprchov\u00e1 hlavica<br \/>Vodop\u00e1d<br \/>Opierka hlavy: 2 ks\u00a0<em>(na pr\u00edsavky)<\/em><br \/>Ovl\u00e1dac\u00ed panel<br \/>Bluetooth<br \/>R\u00e1dio<br \/>Reproduktor<br \/>Sklenen\u00e1 predn\u00e1 strana<\/p>\n<p><strong>V\u00ddHODY:<\/strong><\/p>\n<p>Regul\u00e1tor prevzdu\u0161\u0148ovania vodn\u00fdch trysiek<br \/>Syst\u00e9m prevzdu\u0161\u0148ovania vodn\u00fdch trysiek\u00a0<br \/><em>(gravita\u010dn\u00fd)<\/em>\u00a0syst\u00e9m na su\u0161enie potrubia\u00a0<br \/>Proti\u0161mykov\u00e9 dno vane\u00a0<br \/>1&#8243; vodn\u00e9 d\u00fdzy vyroben\u00e9 z nehrdzavej\u00facej ocele\u00a0<br \/>Vodn\u00e9 a vzduchov\u00e9 \u010derpadl\u00e1 m\u00f4\u017eu fungova\u0165 paralelne<\/p>\n<p><strong>\u010eAL\u0160IE INFORM\u00c1CIE:<\/strong><\/p>\n<p>Kapacita vane: 240 litrov<br \/>Hmotnos\u0165 vane: 70 kg<br \/>Va\u0148a vstavan\u00e1 na 3 stran\u00e1ch\u00a0<em>(1 strana nezastavan\u00e1)<\/em><br \/>Verzia vane: obd\u013a\u017enikov\u00e1<\/p>\n","protected":false},"excerpt":{"rendered":"<p>Vonkaj\u0161ie rozmery: 180 x 92 x 60 cm\u00a0(v\u00fd\u0161ka meran\u00e1 v najvy\u0161\u0161om bode akrylu)Farba: \u010cerven\u00e1Povrchov\u00e1 \u00faprava: Akryl (ABS)Po\u010det miest na sedenie: 2 osobyNap\u00e1janie: 220 ~ 240V\/50Celkov\u00fd v\u00fdkon: cca 1,5 kW vr\u00e1taned\u00fdz na vodu 16 ks vr\u00e1tane:\u2013 Vodn\u00e9 d\u00fdzy (3,5\u2033): 4 ks\u2013 Vodn\u00e9 d\u00fdzy (1\u2033): 12 ksVodn\u00e9 \u010derpadlo 1,1 kWVzduchov\u00e9 d\u00fdzy (1\u2033): 16 ks\u00a0Vzduchov\u00e9 \u010derpadlo 0,4 kWGener\u00e1tor [&hellip;]<\/p>\n","protected":false},"featured_media":22655,"comment_status":"closed","ping_status":"open","template":"","meta":[],"product_brand":[2536],"product_cat":[168,65],"product_tag":[],"class_list":{"0":"post-22654","1":"product","2":"type-product","3":"status-publish","4":"has-post-thumbnail","6":"product_brand-m-spa","7":"product_cat-hydromasazne-vane","8":"product_cat-vane","9":"pa_napajanie-220-240-v-50-hz","10":"pa_objem-240-l","11":"pa_pocet-miest-166","12":"pa_pocet-trysiek-889","13":"pa_povrch-akryl","14":"pa_sirka-92-cm","15":"pa_vaha-70-kg","16":"pa_vyrobca-m-spa","17":"pa_vyska-60-cm","18":"pa_zaruka-2-roky","20":"first","21":"instock","22":"sale","23":"taxable","24":"shipping-taxable","25":"purchasable","26":"product-type-simple"},"_links":{"self":[{"href":"https:\/\/diamondspa.sk\/sk\/wp-json\/wp\/v2\/product\/22654","targetHints":{"allow":["GET"]}}],"collection":[{"href":"https:\/\/diamondspa.sk\/sk\/wp-json\/wp\/v2\/product"}],"about":[{"href":"https:\/\/diamondspa.sk\/sk\/wp-json\/wp\/v2\/types\/product"}],"replies":[{"embeddable":true,"href":"https:\/\/diamondspa.sk\/sk\/wp-json\/wp\/v2\/comments?post=22654"}],"wp:featuredmedia":[{"embeddable":true,"href":"https:\/\/diamondspa.sk\/sk\/wp-json\/wp\/v2\/media\/22655"}],"wp:attachment":[{"href":"https:\/\/diamondspa.sk\/sk\/wp-json\/wp\/v2\/media?parent=22654"}],"wp:term":[{"taxonomy":"product_brand","embeddable":true,"href":"https:\/\/diamondspa.sk\/sk\/wp-json\/wp\/v2\/product_brand?post=22654"},{"taxonomy":"product_cat","embeddable":true,"href":"https:\/\/diamondspa.sk\/sk\/wp-json\/wp\/v2\/product_cat?post=22654"},{"taxonomy":"product_tag","embeddable":true,"href":"https:\/\/diamondspa.sk\/sk\/wp-json\/wp\/v2\/product_tag?post=22654"}],"curies":[{"name":"wp","href":"https:\/\/api.w.org\/{rel}","templated":true}]}}