{"id":22702,"date":"2024-03-10T05:38:05","date_gmt":"2024-03-10T04:38:05","guid":{"rendered":"https:\/\/diamondspa.sk\/product\/m-spa-kupelnova-vana-turbo-spa-s-hydromasazou-180-x-150-x-67-cm\/"},"modified":"2025-09-05T10:46:34","modified_gmt":"2025-09-05T08:46:34","slug":"m-spa-kupelnova-vana-turbo-spa-s-hydromasazou-180-x-150-x-67-cm","status":"publish","type":"product","link":"https:\/\/diamondspa.sk\/sk\/produkt\/m-spa-kupelnova-vana-turbo-spa-s-hydromasazou-180-x-150-x-67-cm\/","title":{"rendered":"M-SPA &#8211; K\u00fape\u013e\u0148ov\u00e1 va\u0148a TURBO SPA s hydromas\u00e1\u017eou 180 x 150 x 67 cm"},"content":{"rendered":"<p>Vonkaj\u0161ie rozmery: 180 x 150 x 67 cm\u00a0<em>(v\u00fd\u0161ka meran\u00e1 v najvy\u0161\u0161om bode akrylu)<\/em><br \/>Farba: Biela<br \/>Povrchov\u00e1 \u00faprava: Akryl<br \/>Farba obkladov\u00e9ho oblo\u017eenia: Biela (Akryl)<br \/>Po\u010det sedadiel: 2 osoby<br \/>Nap\u00e1janie: 220 ~ 240V\/50<\/p>\n<p>Celkov\u00fd v\u00fdkon: cca 4,1 kW spolu<\/p>\n<p>Vodn\u00e9 trysky 17 ks vr\u00e1tane:<br \/>\u2013 Vodn\u00e9 trysky (3,5\u2033): 10 ks<br \/>\u2013 Vodn\u00e9 trysky (2\u2033): 7 ks<\/p>\n<p>Vodn\u00e9 \u010derpadlo 1,1 kW: 2 ks<\/p>\n<p>Vzduchov\u00e9 trysky (1\u2033 ) : 20 ks (podsvieten\u00e9 na 7 farieb)<\/p>\n<p>Vzduchov\u00e9 \u010derpadlo 0,4 kW<\/p>\n<p>Ohrev vody: 1,5 kW<\/p>\n<p>Gener\u00e1tor oz\u00f3nu<br \/>Sn\u00edma\u010de hladiny vody <em>(ochrana \u010derpadiel pred horen\u00edm)<\/em><br \/>SPA podvodn\u00e9 svetlo: 2 ks\u00a0<em>(sedem druhov farieb)<\/em><br \/>Sprchov\u00e1 ru\u017eica<br \/>V\u00fdlevka 1 ks<br \/>Opierka hlavy: 2 ks\u00a0<em>(na pr\u00edsavky)<\/em><br \/>Ovl\u00e1dac\u00ed panel &#8211; \u00c1no<br \/>Bluetooth &#8211; \u00c1no<br \/>R\u00e1dio &#8211; \u00c1no<br \/>Reproduktor\u00a0\u00a0 1 ks<\/p>\n<p><strong>V\u00ddHODY:<\/strong><\/p>\n<p>Turbo mas\u00e1\u017e\u00a0<em>(koordin\u00e1cia vodn\u00e9ho \u010derpadla so vzduchov\u00fdm \u010derpadlom)<\/em><br \/>Regul\u00e1tor prevzdu\u0161\u0148ovania vodn\u00fdch trysiek<br \/>Syst\u00e9m prevzdu\u0161\u0148ovania vodn\u00fdch trysiek<\/p>\n<p>Syst\u00e9m (gravita\u010dn\u00fd) na su\u0161enie potrubia<br \/>Syst\u00e9m (elektrick\u00fd) na su\u0161enie vodn\u00fdch trysiek<br \/>Syst\u00e9m (auto-clean) na automatick\u00e9 \u010distenie potrubia a vodn\u00e9 trysky<\/p>\n<p>Proti\u0161mykov\u00e9 dno vane<\/p>\n<p>2&#8243;\u00a0vodn\u00e9 trysky z nerezovej ocele<\/p>\n<p>Vodn\u00e9 a vzduchov\u00e9 \u010derpadl\u00e1 m\u00f4\u017eu pracova\u0165 paralelne<\/p>\n<p><strong>\u010eAL\u0160IE INFORM\u00c1CIE:<\/strong><\/p>\n<p>Va\u0148a je oblo\u017een\u00e1 z 3 str\u00e1n <em>(1 strana od steny nie je oblo\u017een\u00e1).<\/em><\/p>\n<p>Verzia vane: obd\u013a\u017enikov\u00e1<\/p>\n<p><img fetchpriority=\"high\" decoding=\"async\" src=\"https:\/\/diamondspa.sk\/wp-content\/uploads\/2024\/03\/m-spa-kupelnova-vana-turbo-spa-s-hydromasazou-180-x-150-x-67-cm_001.jpg\" width=\"1000\" height=\"1000\" alt=\"\"><\/p>\n<p><img decoding=\"async\" src=\"https:\/\/diamondspa.sk\/wp-content\/uploads\/2024\/03\/m-spa-kupelnova-vana-turbo-spa-s-hydromasazou-180-x-150-x-67-cm_002.jpg\" width=\"1000\" height=\"658\" alt=\"\"><\/p>\n<p><img decoding=\"async\" src=\"https:\/\/diamondspa.sk\/wp-content\/uploads\/2024\/03\/m-spa-kupelnova-vana-turbo-spa-s-hydromasazou-180-x-150-x-67-cm_003.jpg\" width=\"1000\" height=\"658\" alt=\"\"><\/p>\n<p><img loading=\"lazy\" decoding=\"async\" src=\"https:\/\/diamondspa.sk\/wp-content\/uploads\/2024\/03\/m-spa-kupelnova-vana-turbo-spa-s-hydromasazou-180-x-150-x-67-cm_004.jpg\" width=\"1000\" height=\"658\" alt=\"\"><\/p>\n<p><img loading=\"lazy\" decoding=\"async\" src=\"https:\/\/diamondspa.sk\/wp-content\/uploads\/2024\/03\/m-spa-kupelnova-vana-turbo-spa-s-hydromasazou-180-x-150-x-67-cm_005.jpg\" width=\"1000\" height=\"658\" alt=\"\"><\/p>\n<p><img loading=\"lazy\" decoding=\"async\" src=\"https:\/\/diamondspa.sk\/wp-content\/uploads\/2024\/03\/m-spa-kupelnova-vana-turbo-spa-s-hydromasazou-180-x-150-x-67-cm_006.jpg\" width=\"1000\" height=\"658\" alt=\"\"><\/p>\n<p><img loading=\"lazy\" decoding=\"async\" src=\"https:\/\/diamondspa.sk\/wp-content\/uploads\/2024\/03\/m-spa-kupelnova-vana-turbo-spa-s-hydromasazou-180-x-150-x-67-cm_007.jpg\" width=\"1000\" height=\"658\" alt=\"\"><\/p>\n<p><img loading=\"lazy\" decoding=\"async\" src=\"https:\/\/diamondspa.sk\/wp-content\/uploads\/2024\/03\/m-spa-kupelnova-vana-turbo-spa-s-hydromasazou-180-x-150-x-67-cm_008.jpg\" width=\"1000\" height=\"658\" alt=\"\"><\/p>\n<p><img loading=\"lazy\" decoding=\"async\" src=\"https:\/\/diamondspa.sk\/wp-content\/uploads\/2024\/03\/m-spa-kupelnova-vana-turbo-spa-s-hydromasazou-180-x-150-x-67-cm_009.jpg\" width=\"1000\" height=\"658\" alt=\"\"><\/p>\n<p><img loading=\"lazy\" decoding=\"async\" src=\"https:\/\/diamondspa.sk\/wp-content\/uploads\/2024\/03\/m-spa-kupelnova-vana-turbo-spa-s-hydromasazou-180-x-150-x-67-cm_010.jpg\" width=\"1000\" height=\"658\" alt=\"\"><\/p>\n<p><img loading=\"lazy\" decoding=\"async\" src=\"https:\/\/diamondspa.sk\/wp-content\/uploads\/2024\/03\/m-spa-kupelnova-vana-turbo-spa-s-hydromasazou-180-x-150-x-67-cm_011.jpg\" width=\"1000\" height=\"658\" alt=\"\"><\/p>\n<p><img loading=\"lazy\" decoding=\"async\" src=\"https:\/\/diamondspa.sk\/wp-content\/uploads\/2024\/03\/m-spa-kupelnova-vana-turbo-spa-s-hydromasazou-180-x-150-x-67-cm_019.jpg\" width=\"1000\" height=\"658\" alt=\"\"><\/p>\n<p><img decoding=\"async\" src=\"https:\/\/diamondspa.sk\/wp-content\/uploads\/2024\/03\/m-spa-kupelnova-vana-turbo-spa-s-hydromasazou-180-x-150-x-67-cm_020.jpg\" alt=\"\"><\/p>\n<p><img loading=\"lazy\" decoding=\"async\" src=\"https:\/\/diamondspa.sk\/wp-content\/uploads\/2024\/03\/m-spa-kupelnova-vana-turbo-spa-s-hydromasazou-180-x-150-x-67-cm_021.jpg\" width=\"1000\" height=\"658\" alt=\"\"><\/p>\n<p><img loading=\"lazy\" decoding=\"async\" src=\"https:\/\/diamondspa.sk\/wp-content\/uploads\/2024\/03\/m-spa-kupelnova-vana-turbo-spa-s-hydromasazou-180-x-150-x-67-cm_022.jpg\" width=\"1000\" height=\"658\" alt=\"\"><\/p>\n<p><img loading=\"lazy\" decoding=\"async\" src=\"https:\/\/diamondspa.sk\/wp-content\/uploads\/2024\/03\/m-spa-kupelnova-vana-turbo-spa-s-hydromasazou-180-x-150-x-67-cm_012.jpg\" width=\"1000\" height=\"658\" alt=\"\"><\/p>\n<p><img loading=\"lazy\" decoding=\"async\" src=\"https:\/\/diamondspa.sk\/wp-content\/uploads\/2024\/03\/m-spa-kupelnova-vana-turbo-spa-s-hydromasazou-180-x-150-x-67-cm_013.jpg\" width=\"1000\" height=\"658\" alt=\"\"><\/p>\n<p><img loading=\"lazy\" decoding=\"async\" src=\"https:\/\/diamondspa.sk\/wp-content\/uploads\/2024\/03\/m-spa-kupelnova-vana-turbo-spa-s-hydromasazou-180-x-150-x-67-cm_014.jpg\" width=\"1000\" height=\"658\" alt=\"\"><\/p>\n<p><img loading=\"lazy\" decoding=\"async\" src=\"https:\/\/diamondspa.sk\/wp-content\/uploads\/2024\/03\/m-spa-kupelnova-vana-turbo-spa-s-hydromasazou-180-x-150-x-67-cm_015.jpg\" width=\"1000\" height=\"658\" alt=\"\"><\/p>\n<p><img loading=\"lazy\" decoding=\"async\" src=\"https:\/\/diamondspa.sk\/wp-content\/uploads\/2024\/03\/m-spa-kupelnova-vana-turbo-spa-s-hydromasazou-180-x-150-x-67-cm_016.jpg\" width=\"1000\" height=\"658\" alt=\"\"><\/p>\n<p><img loading=\"lazy\" decoding=\"async\" src=\"https:\/\/diamondspa.sk\/wp-content\/uploads\/2024\/03\/m-spa-kupelnova-vana-turbo-spa-s-hydromasazou-180-x-150-x-67-cm_017.jpg\" width=\"1000\" height=\"658\" alt=\"\"><\/p>\n<p><img loading=\"lazy\" decoding=\"async\" src=\"https:\/\/diamondspa.sk\/wp-content\/uploads\/2024\/03\/m-spa-kupelnova-vana-turbo-spa-s-hydromasazou-180-x-150-x-67-cm_018.jpg\" width=\"1000\" height=\"658\" alt=\"\"><\/p>\n<p><img loading=\"lazy\" decoding=\"async\" src=\"https:\/\/diamondspa.sk\/wp-content\/uploads\/2024\/03\/m-spa-kupelnova-vana-turbo-spa-s-hydromasazou-180-x-150-x-67-cm_023.jpg\" width=\"1000\" height=\"658\" alt=\"\"><\/p>\n<p><img loading=\"lazy\" decoding=\"async\" src=\"https:\/\/diamondspa.sk\/wp-content\/uploads\/2024\/03\/m-spa-kupelnova-vana-turbo-spa-s-hydromasazou-180-x-150-x-67-cm_024.jpg\" width=\"1000\" height=\"658\" alt=\"\"><\/p>\n<p><img loading=\"lazy\" decoding=\"async\" src=\"https:\/\/diamondspa.sk\/wp-content\/uploads\/2024\/03\/m-spa-kupelnova-vana-turbo-spa-s-hydromasazou-180-x-150-x-67-cm_025.jpg\" width=\"1000\" height=\"658\" alt=\"\"><\/p>\n<p><img loading=\"lazy\" decoding=\"async\" src=\"https:\/\/diamondspa.sk\/wp-content\/uploads\/2024\/03\/m-spa-kupelnova-vana-turbo-spa-s-hydromasazou-180-x-150-x-67-cm_027.jpg\" width=\"1000\" height=\"658\" alt=\"\"><\/p>\n<p><img loading=\"lazy\" decoding=\"async\" src=\"https:\/\/diamondspa.sk\/wp-content\/uploads\/2024\/03\/m-spa-kupelnova-vana-turbo-spa-s-hydromasazou-180-x-150-x-67-cm_026.jpg\" width=\"1000\" height=\"658\" alt=\"\"><\/p>\n<p><img loading=\"lazy\" decoding=\"async\" src=\"https:\/\/diamondspa.sk\/wp-content\/uploads\/2024\/03\/m-spa-kupelnova-vana-turbo-spa-s-hydromasazou-180-x-150-x-67-cm_028.jpg\" width=\"1000\" height=\"658\" alt=\"\"><\/p>\n<p><img loading=\"lazy\" decoding=\"async\" src=\"https:\/\/diamondspa.sk\/wp-content\/uploads\/2024\/03\/m-spa-kupelnova-vana-turbo-spa-s-hydromasazou-180-x-150-x-67-cm_029.jpg\" width=\"1000\" height=\"658\" alt=\"\"><\/p>\n<p><img loading=\"lazy\" decoding=\"async\" src=\"https:\/\/diamondspa.sk\/wp-content\/uploads\/2024\/03\/m-spa-kupelnova-vana-turbo-spa-s-hydromasazou-180-x-150-x-67-cm_030.jpg\" width=\"1000\" height=\"658\" alt=\"\"><\/p>\n","protected":false},"excerpt":{"rendered":"<p>Vonkaj\u0161ie rozmery: 180 x 150 x 67 cm\u00a0(v\u00fd\u0161ka meran\u00e1 v najvy\u0161\u0161om bode akrylu)Farba: BielaPovrchov\u00e1 \u00faprava: AkrylFarba obkladov\u00e9ho oblo\u017eenia: Biela (Akryl)Po\u010det sedadiel: 2 osobyNap\u00e1janie: 220 ~ 240V\/50 Celkov\u00fd v\u00fdkon: cca 4,1 kW spolu Vodn\u00e9 trysky 17 ks vr\u00e1tane:\u2013 Vodn\u00e9 trysky (3,5\u2033): 10 ks\u2013 Vodn\u00e9 trysky (2\u2033): 7 ks Vodn\u00e9 \u010derpadlo 1,1 kW: 2 ks Vzduchov\u00e9 trysky [&hellip;]<\/p>\n","protected":false},"featured_media":22703,"comment_status":"closed","ping_status":"open","template":"","meta":[],"product_brand":[2536],"product_cat":[168,65],"product_tag":[],"class_list":{"0":"post-22702","1":"product","2":"type-product","3":"status-publish","4":"has-post-thumbnail","6":"product_brand-m-spa","7":"product_cat-hydromasazne-vane","8":"product_cat-vane","9":"pa_napajanie-220-240-v-50-hz","10":"pa_pocet-miest-166","11":"pa_pocet-trysiek-877","12":"pa_povrch-akryl","13":"pa_sirka-150-cm","14":"pa_vyrobca-m-spa","15":"pa_vyska-67-cm","16":"pa_zaruka-2-roky","18":"first","19":"instock","20":"sale","21":"taxable","22":"shipping-taxable","23":"purchasable","24":"product-type-simple"},"_links":{"self":[{"href":"https:\/\/diamondspa.sk\/sk\/wp-json\/wp\/v2\/product\/22702","targetHints":{"allow":["GET"]}}],"collection":[{"href":"https:\/\/diamondspa.sk\/sk\/wp-json\/wp\/v2\/product"}],"about":[{"href":"https:\/\/diamondspa.sk\/sk\/wp-json\/wp\/v2\/types\/product"}],"replies":[{"embeddable":true,"href":"https:\/\/diamondspa.sk\/sk\/wp-json\/wp\/v2\/comments?post=22702"}],"wp:featuredmedia":[{"embeddable":true,"href":"https:\/\/diamondspa.sk\/sk\/wp-json\/wp\/v2\/media\/22703"}],"wp:attachment":[{"href":"https:\/\/diamondspa.sk\/sk\/wp-json\/wp\/v2\/media?parent=22702"}],"wp:term":[{"taxonomy":"product_brand","embeddable":true,"href":"https:\/\/diamondspa.sk\/sk\/wp-json\/wp\/v2\/product_brand?post=22702"},{"taxonomy":"product_cat","embeddable":true,"href":"https:\/\/diamondspa.sk\/sk\/wp-json\/wp\/v2\/product_cat?post=22702"},{"taxonomy":"product_tag","embeddable":true,"href":"https:\/\/diamondspa.sk\/sk\/wp-json\/wp\/v2\/product_tag?post=22702"}],"curies":[{"name":"wp","href":"https:\/\/api.w.org\/{rel}","templated":true}]}}