{"id":22763,"date":"2024-03-10T05:42:47","date_gmt":"2024-03-10T04:42:47","guid":{"rendered":"https:\/\/diamondspa.sk\/product\/m-spa-lava-vana-s-spa-zastenou-s-hydromasazou-170-x-85-x-195-cm\/"},"modified":"2025-09-05T10:46:32","modified_gmt":"2025-09-05T08:46:32","slug":"m-spa-lava-vana-s-spa-zastenou-s-hydromasazou-170-x-85-x-195-cm","status":"publish","type":"product","link":"https:\/\/diamondspa.sk\/sk\/produkt\/m-spa-lava-vana-s-spa-zastenou-s-hydromasazou-170-x-85-x-195-cm\/","title":{"rendered":"M-SPA &#8211; \u013dav\u00e1 va\u0148a s SPA z\u00e1stenou s hydromas\u00e1\u017eou 170 x 85 x 195 cm"},"content":{"rendered":"<p><strong>Va\u0148a:<\/strong><\/p>\n<p>Vonkaj\u0161ie rozmery: 170 x 85 x 55 cm\u00a0<em>(v\u00fd\u0161ka meran\u00e1 v najvy\u0161\u0161om bode akrylu)<\/em><br \/>Farba: Biela<br \/>Po\u0165ah: Akryl<br \/>Po\u010det miest na sedenie: 1 osoba<br \/>Verzia: \u013eav\u00e1<br \/>Nap\u00e1janie: 220 ~ 240V\/50<br \/>Celkov\u00fd v\u00fdkon: cca 0,9 kW vr\u00e1tane<br \/>d\u00fdz na vodu 10 ks vr\u00e1tane:<br \/>\u2013 Vodn\u00e9 d\u00fdzy (6\u2033): 5 ks<br \/>\u2013 Vodn\u00e9 d\u00fdzy (2\u2033): 4 ks<br \/>Vodn\u00e9 \u010derpadlo 0,7 kW<br \/>Vzduchov\u00e9 d\u00fdzy (1\u2033): 8 ks<br \/>Pumpa vzduch 0,2 kW<br \/>Gener\u00e1tor oz\u00f3nu<br \/>SPA podvodn\u00e9 svetlo <em>(sedem druhov farieb)<\/em><br \/>Opierka hlavy <em>(na pr\u00edsavky)<\/em><br \/>Ovl\u00e1dac\u00ed panel<br \/>Bluetooth<br \/>R\u00e1dio<br \/>Reproduktor<\/p>\n<p><strong>Z\u00e1stena:<\/strong><\/p>\n<p>V\u00fd\u0161ka z\u00e1steny: 140 cm<br \/>\u0160\u00edrka z\u00e1steny: 80 cm<br \/>Prieh\u013eadn\u00e9 tvrden\u00e9 sklo, hr\u00fabka 5 mm<br \/>Rozsah nastavenia z\u00e1steny: 180\u00b0<\/p>\n<p><strong>V\u00ddHODY:<\/strong><\/p>\n<p>Regul\u00e1tor prevzdu\u0161\u0148ovania vodnej d\u00fdzy<br \/>Syst\u00e9m prevzdu\u0161\u0148ovania vodnej d\u00fdzy\u00a0<em>\u00a0<br \/>(gravita\u010dn\u00fd) <\/em>syst\u00e9m pre su\u0161iace kan\u00e1ly\u00a0<br \/>2&#8243; vodn\u00e9 d\u00fdzy vyroben\u00e9 z nehrdzavej\u00facej ocele\u00a0<br \/>Vodn\u00e9 a vzduchov\u00e9 \u010derpadl\u00e1 m\u00f4\u017eu pracova\u0165 paralelne<\/p>\n<p><strong>\u010eAL\u0160IE INFORM\u00c1CIE:<\/strong><\/p>\n<p>Va\u0148a postaven\u00e1 na 2 stran\u00e1ch\u00a0<em>(2 strany nezastavan\u00e9)<\/em><\/p>\n","protected":false},"excerpt":{"rendered":"<p>Va\u0148a: Vonkaj\u0161ie rozmery: 170 x 85 x 55 cm\u00a0(v\u00fd\u0161ka meran\u00e1 v najvy\u0161\u0161om bode akrylu)Farba: BielaPo\u0165ah: AkrylPo\u010det miest na sedenie: 1 osobaVerzia: \u013eav\u00e1Nap\u00e1janie: 220 ~ 240V\/50Celkov\u00fd v\u00fdkon: cca 0,9 kW vr\u00e1taned\u00fdz na vodu 10 ks vr\u00e1tane:\u2013 Vodn\u00e9 d\u00fdzy (6\u2033): 5 ks\u2013 Vodn\u00e9 d\u00fdzy (2\u2033): 4 ksVodn\u00e9 \u010derpadlo 0,7 kWVzduchov\u00e9 d\u00fdzy (1\u2033): 8 ksPumpa vzduch 0,2 kWGener\u00e1tor [&hellip;]<\/p>\n","protected":false},"featured_media":22764,"comment_status":"closed","ping_status":"open","template":"","meta":[],"product_brand":[2536],"product_cat":[168,65],"product_tag":[],"class_list":{"0":"post-22763","1":"product","2":"type-product","3":"status-publish","4":"has-post-thumbnail","6":"product_brand-m-spa","7":"product_cat-hydromasazne-vane","8":"product_cat-vane","9":"pa_napajanie-220-240-v-50-hz","10":"pa_pocet-miest-622","11":"pa_pocet-trysiek-856","12":"pa_sirka-85-cm","13":"pa_vyrobca-m-spa","14":"pa_vyska-195-cm","15":"pa_zaruka-2-roky","17":"first","18":"instock","19":"sale","20":"taxable","21":"shipping-taxable","22":"purchasable","23":"product-type-simple"},"_links":{"self":[{"href":"https:\/\/diamondspa.sk\/sk\/wp-json\/wp\/v2\/product\/22763","targetHints":{"allow":["GET"]}}],"collection":[{"href":"https:\/\/diamondspa.sk\/sk\/wp-json\/wp\/v2\/product"}],"about":[{"href":"https:\/\/diamondspa.sk\/sk\/wp-json\/wp\/v2\/types\/product"}],"replies":[{"embeddable":true,"href":"https:\/\/diamondspa.sk\/sk\/wp-json\/wp\/v2\/comments?post=22763"}],"wp:featuredmedia":[{"embeddable":true,"href":"https:\/\/diamondspa.sk\/sk\/wp-json\/wp\/v2\/media\/22764"}],"wp:attachment":[{"href":"https:\/\/diamondspa.sk\/sk\/wp-json\/wp\/v2\/media?parent=22763"}],"wp:term":[{"taxonomy":"product_brand","embeddable":true,"href":"https:\/\/diamondspa.sk\/sk\/wp-json\/wp\/v2\/product_brand?post=22763"},{"taxonomy":"product_cat","embeddable":true,"href":"https:\/\/diamondspa.sk\/sk\/wp-json\/wp\/v2\/product_cat?post=22763"},{"taxonomy":"product_tag","embeddable":true,"href":"https:\/\/diamondspa.sk\/sk\/wp-json\/wp\/v2\/product_tag?post=22763"}],"curies":[{"name":"wp","href":"https:\/\/api.w.org\/{rel}","templated":true}]}}