{"id":22799,"date":"2024-03-10T05:42:47","date_gmt":"2024-03-10T04:42:47","guid":{"rendered":"https:\/\/diamondspa.sk\/product\/m-spa-volne-stojaca-spa-kupelnova-vana-s-hydromasazou-150-x-75-x-58-cm\/"},"modified":"2025-09-05T10:46:32","modified_gmt":"2025-09-05T08:46:32","slug":"m-spa-volne-stojaca-spa-kupelnova-vana-s-hydromasazou-150-x-75-x-58-cm","status":"publish","type":"product","link":"https:\/\/diamondspa.sk\/sk\/produkt\/m-spa-volne-stojaca-spa-kupelnova-vana-s-hydromasazou-150-x-75-x-58-cm\/","title":{"rendered":"M-SPA &#8211; Vo\u013ene stojaca SPA k\u00fape\u013e\u0148ov\u00e1 va\u0148a s hydromas\u00e1\u017eou 150 x 75 x 58 cm"},"content":{"rendered":"<p>Vonkaj\u0161ie rozmery: 150 x 75 x 58 cm\u00a0<em>(v\u00fd\u0161ka meran\u00e1 v najvy\u0161\u0161om bode akrylu)<\/em><br \/>Farba: Biela<br \/>N\u00e1ter: Konglomer\u00e1t<br \/>Po\u010det miest na sedenie: 1 osoba<br \/>Nap\u00e1janie: 220 ~ 240V\/50<br \/>Celkov\u00fd v\u00fdkon: cca 0,75 kW celkom<br \/>Vodn\u00e9 trysky 6 ks vr\u00e1tane:<br \/>\u2013 Vodn\u00e9 d\u00fdzy (3,5\u2033): 2 ks<br \/>\u2013 Vodn\u00e9 d\u00fdzy (1,5\u2033): 4 ks<br \/>Vodn\u00e9 \u010derpadlo 0,75 kW<br \/>LED podvodn\u00e9 svetl\u00e1: 6 ks\u00a0<em>(sedem typov) farieb)<\/em><br \/>Sprchov\u00e1 hlavica\u00a0<br \/>Termostatick\u00e1 bat\u00e9ria<br \/>LED podsvieten\u00fd vodop\u00e1d <em>(sedem druhov farieb)<\/em><br \/>Pneumatick\u00e9 tla\u010didlo na zapnutie \u010derpadla<\/p>\n<p><strong>V\u00ddHODY:<\/strong><\/p>\n<p>Regul\u00e1tor prevzdu\u0161\u0148ovania vodn\u00fdch trysky<br \/>Prevzdu\u0161\u0148ovac\u00ed syst\u00e9m vodn\u00fdch trysky<br \/>Syst\u00e9m pre su\u0161enie tr\u00fabiek <em>(gravita\u010dn\u00e9)<br \/><\/em>Vodn\u00e9<em> <\/em>trysky vyroben\u00e9 z nehrdzavej\u00facej ocele<\/p>\n<p><strong>\u010eAL\u0160IE INFORM\u00c1CIE:<\/strong><\/p>\n<p>Va\u0148a vstavan\u00e1 zo v\u0161etk\u00fdch str\u00e1n &#8211; vo\u013ene stojaca<\/p>\n","protected":false},"excerpt":{"rendered":"<p>Vonkaj\u0161ie rozmery: 150 x 75 x 58 cm\u00a0(v\u00fd\u0161ka meran\u00e1 v najvy\u0161\u0161om bode akrylu)Farba: BielaN\u00e1ter: Konglomer\u00e1tPo\u010det miest na sedenie: 1 osobaNap\u00e1janie: 220 ~ 240V\/50Celkov\u00fd v\u00fdkon: cca 0,75 kW celkomVodn\u00e9 trysky 6 ks vr\u00e1tane:\u2013 Vodn\u00e9 d\u00fdzy (3,5\u2033): 2 ks\u2013 Vodn\u00e9 d\u00fdzy (1,5\u2033): 4 ksVodn\u00e9 \u010derpadlo 0,75 kWLED podvodn\u00e9 svetl\u00e1: 6 ks\u00a0(sedem typov) farieb)Sprchov\u00e1 hlavica\u00a0Termostatick\u00e1 bat\u00e9riaLED podsvieten\u00fd vodop\u00e1d [&hellip;]<\/p>\n","protected":false},"featured_media":22800,"comment_status":"closed","ping_status":"open","template":"","meta":[],"product_brand":[2536],"product_cat":[168,65,802],"product_tag":[],"class_list":{"0":"post-22799","1":"product","2":"type-product","3":"status-publish","4":"has-post-thumbnail","6":"product_brand-m-spa","7":"product_cat-hydromasazne-vane","8":"product_cat-vane","9":"product_cat-volne-stojace-vane","10":"pa_pocet-miest-622","11":"pa_pocet-trysiek-383","12":"pa_povrch-konglomerat","13":"pa_sirka-75-cm","14":"pa_vyrobca-m-spa","15":"pa_vyska-58-cm","16":"pa_zaruka-2-roky","18":"first","19":"instock","20":"sale","21":"taxable","22":"shipping-taxable","23":"purchasable","24":"product-type-simple"},"_links":{"self":[{"href":"https:\/\/diamondspa.sk\/sk\/wp-json\/wp\/v2\/product\/22799","targetHints":{"allow":["GET"]}}],"collection":[{"href":"https:\/\/diamondspa.sk\/sk\/wp-json\/wp\/v2\/product"}],"about":[{"href":"https:\/\/diamondspa.sk\/sk\/wp-json\/wp\/v2\/types\/product"}],"replies":[{"embeddable":true,"href":"https:\/\/diamondspa.sk\/sk\/wp-json\/wp\/v2\/comments?post=22799"}],"wp:featuredmedia":[{"embeddable":true,"href":"https:\/\/diamondspa.sk\/sk\/wp-json\/wp\/v2\/media\/22800"}],"wp:attachment":[{"href":"https:\/\/diamondspa.sk\/sk\/wp-json\/wp\/v2\/media?parent=22799"}],"wp:term":[{"taxonomy":"product_brand","embeddable":true,"href":"https:\/\/diamondspa.sk\/sk\/wp-json\/wp\/v2\/product_brand?post=22799"},{"taxonomy":"product_cat","embeddable":true,"href":"https:\/\/diamondspa.sk\/sk\/wp-json\/wp\/v2\/product_cat?post=22799"},{"taxonomy":"product_tag","embeddable":true,"href":"https:\/\/diamondspa.sk\/sk\/wp-json\/wp\/v2\/product_tag?post=22799"}],"curies":[{"name":"wp","href":"https:\/\/api.w.org\/{rel}","templated":true}]}}