{"id":22822,"date":"2024-03-10T05:42:47","date_gmt":"2024-03-10T04:42:47","guid":{"rendered":"https:\/\/diamondspa.sk\/product\/m-spa-volne-stojaca-kupelnova-vana-spa-s-hydromasazou-170-x-80-x-58-cm\/"},"modified":"2025-09-05T10:46:33","modified_gmt":"2025-09-05T08:46:33","slug":"m-spa-volne-stojaca-kupelnova-vana-spa-s-hydromasazou-170-x-80-x-58-cm","status":"publish","type":"product","link":"https:\/\/diamondspa.sk\/sk\/produkt\/m-spa-volne-stojaca-kupelnova-vana-spa-s-hydromasazou-170-x-80-x-58-cm\/","title":{"rendered":"M-SPA &#8211; Vo\u013ene stojaca k\u00fape\u013e\u0148ov\u00e1 va\u0148a SPA s hydromas\u00e1\u017eou 170 x 80 x 58 cm"},"content":{"rendered":"<p>Vonkaj\u0161ie rozmery: 170 x 80 x 58 cm\u00a0<em>(v\u00fd\u0161ka meran\u00e1 v najvy\u0161\u0161om bode akrylu)<\/em><br \/>Farba: Biela<br \/>N\u00e1ter: Konglomer\u00e1t<br \/>Po\u010det miest na sedenie: 1 osoba<br \/>Nap\u00e1janie: 220 ~ 240V\/50<br \/>Celkov\u00fd v\u00fdkon: cca 0,95 kW celkom<br \/>Vodn\u00e9 trysky 6 ks vr\u00e1tane:<br \/>\u2013 Vodn\u00e9 d\u00fdzy (3,5\u2033): 2 ks<br \/>\u2013 Vodn\u00e9 d\u00fdzy (1,5\u2033): 4 ks<br \/>Vodn\u00e9 \u010derpadlo 0,75 kW<br \/>Vzduchov\u00e9 d\u00fdzy (1\u2033): 8 ks<br \/>Vzduchov\u00e9 \u010derpadlo 0,2 kW<br \/>Gener\u00e1tor oz\u00f3nu<br \/>Sn\u00edma\u010de hladiny vody <em>(ochrana \u010derpadiel pred horen\u00edm)<\/em><br \/>LED podvodn\u00e9 svetl\u00e1: 6 ks\u00a0<em>(sedem druhov farieb)<\/em><br \/>Sprchov\u00e9 sl\u00fachadlo<br \/>Termostatick\u00e1 bat\u00e9ria<br \/>LED osvetlen\u00fd vodop\u00e1d <em>(sedem druhov farieb)<\/em><br \/>Ovl\u00e1dac\u00ed panel<br \/>Bluetooth<br \/>R\u00e1dio<br \/>Reproduktor<\/p>\n<p><strong>V\u00ddHODY:<\/strong><\/p>\n<p>Regul\u00e1tor prevzdu\u0161\u0148ovania vodn\u00fdch trysiek<br \/>Syst\u00e9m prevzdu\u0161\u0148ovania vodn\u00fdch trysiek<br \/>Syst\u00e9m <em>(gravita\u010dn\u00fd)<\/em>\u00a0na su\u0161enie potrubia<br \/>Syst\u00e9m <em>(auto-clean)<\/em> automatick\u00e9 \u010distenie potrubia a vodn\u00fdch trysiek<br \/>Vodn\u00e9 s\u00fa trysky vyroben\u00e9 z nehrdzavej\u00facej ocele<br \/>Vodn\u00e9 a vzduchov\u00e9 \u010derpadl\u00e1 m\u00f4\u017eu pracova\u0165 paralelne<\/p>\n<p><strong>\u010eAL\u0160IE INFORM\u00c1CIE:<\/strong><\/p>\n<p>Va\u0148a vstavan\u00e1 zo v\u0161etk\u00fdch str\u00e1n &#8211; vo\u013ene stojaca<\/p>\n","protected":false},"excerpt":{"rendered":"<p>Vonkaj\u0161ie rozmery: 170 x 80 x 58 cm\u00a0(v\u00fd\u0161ka meran\u00e1 v najvy\u0161\u0161om bode akrylu)Farba: BielaN\u00e1ter: Konglomer\u00e1tPo\u010det miest na sedenie: 1 osobaNap\u00e1janie: 220 ~ 240V\/50Celkov\u00fd v\u00fdkon: cca 0,95 kW celkomVodn\u00e9 trysky 6 ks vr\u00e1tane:\u2013 Vodn\u00e9 d\u00fdzy (3,5\u2033): 2 ks\u2013 Vodn\u00e9 d\u00fdzy (1,5\u2033): 4 ksVodn\u00e9 \u010derpadlo 0,75 kWVzduchov\u00e9 d\u00fdzy (1\u2033): 8 ksVzduchov\u00e9 \u010derpadlo 0,2 kWGener\u00e1tor oz\u00f3nuSn\u00edma\u010de hladiny vody [&hellip;]<\/p>\n","protected":false},"featured_media":22823,"comment_status":"closed","ping_status":"open","template":"","meta":[],"product_brand":[2536],"product_cat":[168,65,802],"product_tag":[],"class_list":{"0":"post-22822","1":"product","2":"type-product","3":"status-publish","4":"has-post-thumbnail","6":"product_brand-m-spa","7":"product_cat-hydromasazne-vane","8":"product_cat-vane","9":"product_cat-volne-stojace-vane","10":"pa_napajanie-220-240-v-50-hz","11":"pa_pocet-miest-622","12":"pa_pocet-trysiek-383","13":"pa_povrch-konglomerat","14":"pa_sirka-80-cm","15":"pa_vyrobca-m-spa","16":"pa_vyska-58-cm","17":"pa_zaruka-2-roky","19":"first","20":"instock","21":"sale","22":"taxable","23":"shipping-taxable","24":"purchasable","25":"product-type-simple"},"_links":{"self":[{"href":"https:\/\/diamondspa.sk\/sk\/wp-json\/wp\/v2\/product\/22822","targetHints":{"allow":["GET"]}}],"collection":[{"href":"https:\/\/diamondspa.sk\/sk\/wp-json\/wp\/v2\/product"}],"about":[{"href":"https:\/\/diamondspa.sk\/sk\/wp-json\/wp\/v2\/types\/product"}],"replies":[{"embeddable":true,"href":"https:\/\/diamondspa.sk\/sk\/wp-json\/wp\/v2\/comments?post=22822"}],"wp:featuredmedia":[{"embeddable":true,"href":"https:\/\/diamondspa.sk\/sk\/wp-json\/wp\/v2\/media\/22823"}],"wp:attachment":[{"href":"https:\/\/diamondspa.sk\/sk\/wp-json\/wp\/v2\/media?parent=22822"}],"wp:term":[{"taxonomy":"product_brand","embeddable":true,"href":"https:\/\/diamondspa.sk\/sk\/wp-json\/wp\/v2\/product_brand?post=22822"},{"taxonomy":"product_cat","embeddable":true,"href":"https:\/\/diamondspa.sk\/sk\/wp-json\/wp\/v2\/product_cat?post=22822"},{"taxonomy":"product_tag","embeddable":true,"href":"https:\/\/diamondspa.sk\/sk\/wp-json\/wp\/v2\/product_tag?post=22822"}],"curies":[{"name":"wp","href":"https:\/\/api.w.org\/{rel}","templated":true}]}}