{"id":22910,"date":"2024-03-10T05:47:07","date_gmt":"2024-03-10T04:47:07","guid":{"rendered":"https:\/\/diamondspa.sk\/product\/m-spa-kupelnova-vana-spa-s-hydromasazou-180-x-150-x-62-cm\/"},"modified":"2025-09-05T10:46:32","modified_gmt":"2025-09-05T08:46:32","slug":"m-spa-kupelnova-vana-spa-s-hydromasazou-180-x-150-x-62-cm","status":"publish","type":"product","link":"https:\/\/diamondspa.sk\/sk\/produkt\/m-spa-kupelnova-vana-spa-s-hydromasazou-180-x-150-x-62-cm\/","title":{"rendered":"M-SPA &#8211; K\u00fape\u013e\u0148ov\u00e1 va\u0148a SPA s hydromas\u00e1\u017eou 180 x 150 x 62 cm"},"content":{"rendered":"<p>Vonkaj\u0161ie rozmery: 180 x 150 x 62 cm\u00a0<em>(v\u00fd\u0161ka meran\u00e1 v najvy\u0161\u0161om bode akrylu)<\/em><br \/>Farba: Biela<br \/>Po\u0165ah: Akryl<br \/>Po\u010det miest na sedenie: 2 osoby<br \/>Nap\u00e1janie: 220 ~ 240V\/50<br \/>Celkov\u00fd v\u00fdkon: celkovo cca 4,05 kW<br \/>Voda trysky 17 ks vr\u00e1tane:<br \/>\u2013 Vodn\u00e9 d\u00fdzy (3,5\u2033): 10 ks<br \/>\u2013 Vodn\u00e9 d\u00fdzy (2\u2033): 7 ks<br \/>1,1 kW vodn\u00e9 \u010derpadlo: 2 ks<br \/>LED vzduchov\u00e9 d\u00fdzy (1,5\u2033): 16 ks\u00a0<em>(sedem typy farieb)<\/em><br \/>SPA podvodn\u00e9 svetlo <em>(sedem druhov farieb)<\/em><br \/>Vzduchov\u00e9 \u010derpadlo 0,35 kW<br \/>Ohrieva\u010d: 1,5 kW<br \/>Gener\u00e1tor oz\u00f3nu<br \/>Sprchov\u00e1 hlavica<br \/>V\u00fdtok<br \/>Opierka hlavy: 2 ks <em>(pre pr\u00edsavky)<\/em><br \/>Ovl\u00e1dac\u00ed panel<br \/>R\u00e1dio<br \/>Reproduktor<br \/>Sklenen\u00e1 predn\u00e1 strana<\/p>\n<p><strong>\u010eAL\u0160IE INFORM\u00c1CIE:<br \/><\/strong><\/p>\n<p>Regul\u00e1tor prevzdu\u0161\u0148ovania vodn\u00fdch trysiek<br \/>Syst\u00e9m prevzdu\u0161\u0148ovania vodn\u00fdch trysiek<br \/>Proti\u0161mykov\u00e9 dno vane<br \/>2&#8243; vodn\u00e9 trysky vyroben\u00e9 z nerezovej ocele<br \/>Vodn\u00e9 a vzduchov\u00e9 \u010derpadl\u00e1 m\u00f4\u017eu pracova\u0165 paralelne<br \/>Kapacita vane: 540 litrov<br \/>Hmotnos\u0165 vane: 110 kg<br \/>Va\u0148a vstavan\u00e1 na 2 stran\u00e1ch\u00a0<em>(2 strany nezastavan\u00e1)<br \/><\/em>Verzia vane: obd\u013a\u017enikov\u00e1<\/p>\n","protected":false},"excerpt":{"rendered":"<p>Vonkaj\u0161ie rozmery: 180 x 150 x 62 cm\u00a0(v\u00fd\u0161ka meran\u00e1 v najvy\u0161\u0161om bode akrylu)Farba: BielaPo\u0165ah: AkrylPo\u010det miest na sedenie: 2 osobyNap\u00e1janie: 220 ~ 240V\/50Celkov\u00fd v\u00fdkon: celkovo cca 4,05 kWVoda trysky 17 ks vr\u00e1tane:\u2013 Vodn\u00e9 d\u00fdzy (3,5\u2033): 10 ks\u2013 Vodn\u00e9 d\u00fdzy (2\u2033): 7 ks1,1 kW vodn\u00e9 \u010derpadlo: 2 ksLED vzduchov\u00e9 d\u00fdzy (1,5\u2033): 16 ks\u00a0(sedem typy farieb)SPA podvodn\u00e9 [&hellip;]<\/p>\n","protected":false},"featured_media":22911,"comment_status":"closed","ping_status":"open","template":"","meta":[],"product_brand":[2536],"product_cat":[168,65],"product_tag":[],"class_list":{"0":"post-22910","1":"product","2":"type-product","3":"status-publish","4":"has-post-thumbnail","6":"product_brand-m-spa","7":"product_cat-hydromasazne-vane","8":"product_cat-vane","9":"pa_napajanie-220-240-v-50-hz","10":"pa_pocet-miest-166","11":"pa_pocet-trysiek-877","12":"pa_povrch-akryl","13":"pa_sirka-150-cm","14":"pa_vyrobca-m-spa","15":"pa_vyska-62-cm","16":"pa_zaruka-2-roky","18":"first","19":"instock","20":"sale","21":"taxable","22":"shipping-taxable","23":"purchasable","24":"product-type-simple"},"_links":{"self":[{"href":"https:\/\/diamondspa.sk\/sk\/wp-json\/wp\/v2\/product\/22910","targetHints":{"allow":["GET"]}}],"collection":[{"href":"https:\/\/diamondspa.sk\/sk\/wp-json\/wp\/v2\/product"}],"about":[{"href":"https:\/\/diamondspa.sk\/sk\/wp-json\/wp\/v2\/types\/product"}],"replies":[{"embeddable":true,"href":"https:\/\/diamondspa.sk\/sk\/wp-json\/wp\/v2\/comments?post=22910"}],"wp:featuredmedia":[{"embeddable":true,"href":"https:\/\/diamondspa.sk\/sk\/wp-json\/wp\/v2\/media\/22911"}],"wp:attachment":[{"href":"https:\/\/diamondspa.sk\/sk\/wp-json\/wp\/v2\/media?parent=22910"}],"wp:term":[{"taxonomy":"product_brand","embeddable":true,"href":"https:\/\/diamondspa.sk\/sk\/wp-json\/wp\/v2\/product_brand?post=22910"},{"taxonomy":"product_cat","embeddable":true,"href":"https:\/\/diamondspa.sk\/sk\/wp-json\/wp\/v2\/product_cat?post=22910"},{"taxonomy":"product_tag","embeddable":true,"href":"https:\/\/diamondspa.sk\/sk\/wp-json\/wp\/v2\/product_tag?post=22910"}],"curies":[{"name":"wp","href":"https:\/\/api.w.org\/{rel}","templated":true}]}}