{"id":22918,"date":"2024-03-10T05:47:07","date_gmt":"2024-03-10T04:47:07","guid":{"rendered":"https:\/\/diamondspa.sk\/product\/m-spa-prava-kupelnova-vana-spa-007-s-hydromasazou-170-x-100-x-70-cm\/"},"modified":"2025-09-05T10:46:32","modified_gmt":"2025-09-05T08:46:32","slug":"m-spa-prava-kupelnova-vana-spa-007-s-hydromasazou-170-x-100-x-70-cm","status":"publish","type":"product","link":"https:\/\/diamondspa.sk\/sk\/produkt\/m-spa-prava-kupelnova-vana-spa-007-s-hydromasazou-170-x-100-x-70-cm\/","title":{"rendered":"M-SPA &#8211; Prav\u00e1 k\u00fape\u013e\u0148ov\u00e1 va\u0148a SPA 007 s hydromas\u00e1\u017eou 170 x 100 x 70 cm"},"content":{"rendered":"<p>Vonkaj\u0161ie rozmery 170 x 100 x 70 cm\u00a0<em>(v\u00fd\u0161ka meran\u00e1 v najvy\u0161\u0161om bode akrylu)<\/em><br \/>Farba: Biela<br \/>Po\u0165ah: Akryl<br \/>Po\u010det miest na sedenie: 1 osoba<br \/>Verzia: Prav\u00e1<br \/>Nap\u00e1janie: 220 ~ 240V\/50 ~ 60Hz<br \/>Celkov\u00fd v\u00fdkon: cca 4,78 kW celkom<br \/>Vodn\u00e9 d\u00fdzy 34 ks, vr\u00e1tane:<br \/>\u2013 Vodn\u00e9 d\u00fdzy (3\u2033): 4 ks<br \/>\u2013 Vodn\u00e9 d\u00fdzy (2\u2033): 4 ks<br \/>\u2013 Vodn\u00e9 d\u00fdzy (1,5\u2033): 26 ks<br \/>Vodn\u00e9 \u010derpadlo 2,2 kW<br \/>Vzduchov\u00e9 trysky (1,5\u2033) 15 ks<br \/>Vzduchov\u00e9 \u010derpadlo 0,58 kW<br \/>Ohrieva\u010d: 2 kW<br \/>Gener\u00e1tor oz\u00f3nu<br \/>Sn\u00edma\u010d hladiny vody <em>(ochrana \u010derpadiel pred horen\u00edm)<\/em><br \/>Svetl\u00e9 podvodn\u00e9 SPA <em>(sedem druhov farieb, 3 stupne intenzity)<\/em><br \/>Termostatick\u00e1 bat\u00e9ria<br \/>Sprchov\u00e1 hlavica\u00a0<br \/>V\u00fdtok<br \/>Opierka hlavy <em>(zas\u00favacia, \u010dierna)<\/em><br \/>Ovl\u00e1dac\u00ed panel <em>(dotykov\u00fd)<\/em><br \/>Bluetooth<br \/>R\u00e1dio<br \/>Reproduktor<\/p>\n<p><strong>V\u00ddHODY:<\/strong><\/p>\n<p>Turbomas\u00e1\u017e\u00a0<em>(koordin\u00e1cia vodn\u00e9ho \u010derpadla so vzduchov\u00fdm \u010derpadlom)<\/em><br \/>Regul\u00e1tor prevzdu\u0161\u0148ovania vodn\u00fdch trysiek<br \/>Syst\u00e9m prevzdu\u0161\u0148ovania vodn\u00fdch trysiek <br \/><em>(gravita\u010dn\u00fd)<\/em>\u00a0syst\u00e9m su\u0161enia potrubia\u00a0<br \/>(<em>elektrick\u00fd)<\/em> syst\u00e9m su\u0161enia vodn\u00fdch trysiek <br \/>Teplovzdu\u0161n\u00fd vykurovac\u00ed syst\u00e9m\u00a0<br \/>Roz\u0161\u00edren\u00fd hydromas\u00e1\u017eny syst\u00e9m\u00a0<em>( 9 \u0161peci\u00e1lnych re\u017eimov)<\/em>\u00a0<br \/>Profilovan\u00e9 dno vane\u00a0<br \/>Trysky sa pod nepo\u0161kriabu\u00a0<br \/>Trysky vyroben\u00e9 z kvalitn\u00fdch komponentov\u00a0<br \/>Kon\u0161trukcia z nehrdzavej\u00facej ocele\u00a0<br \/>Elektrick\u00e9 k\u00e1ble skryt\u00e9 pozd\u013a\u017e kon\u0161trukcie za plastovou li\u0161tou\u00a0<br \/>Vodn\u00e9 a vzduchov\u00e9 \u010derpadl\u00e1 m\u00f4\u017eu fungova\u0165 paralelne<br \/>Inovat\u00edvny syst\u00e9m odv\u00e1dzania vody zo sprchovej hadice<br \/>360\u00b0 sprchov\u00e1 hadica, ktor\u00e1 zabra\u0148uje kr\u010deniu<br \/>Pl\u00e1\u0161\u0165 vane upevnen\u00fd na siln\u00fdch magnetoch<\/p>\n<p><strong>\u010eAL\u0160IE INFORM\u00c1CIE:<\/strong><\/p>\n<p>Kapacita vane: 360 litrov<br \/>Hmotnos\u0165 vane: 170 kg<br \/>Jednostranne vstavan\u00e1 va\u0148a\u00a0<em>(2 strany nezastavan\u00e1)<\/em><br \/>Verzia vane: asymetrick\u00e1<\/p>\n","protected":false},"excerpt":{"rendered":"<p>Vonkaj\u0161ie rozmery 170 x 100 x 70 cm\u00a0(v\u00fd\u0161ka meran\u00e1 v najvy\u0161\u0161om bode akrylu)Farba: BielaPo\u0165ah: AkrylPo\u010det miest na sedenie: 1 osobaVerzia: Prav\u00e1Nap\u00e1janie: 220 ~ 240V\/50 ~ 60HzCelkov\u00fd v\u00fdkon: cca 4,78 kW celkomVodn\u00e9 d\u00fdzy 34 ks, vr\u00e1tane:\u2013 Vodn\u00e9 d\u00fdzy (3\u2033): 4 ks\u2013 Vodn\u00e9 d\u00fdzy (2\u2033): 4 ks\u2013 Vodn\u00e9 d\u00fdzy (1,5\u2033): 26 ksVodn\u00e9 \u010derpadlo 2,2 kWVzduchov\u00e9 trysky (1,5\u2033) [&hellip;]<\/p>\n","protected":false},"featured_media":22919,"comment_status":"closed","ping_status":"open","template":"","meta":[],"product_brand":[2536],"product_cat":[168,65],"product_tag":[],"class_list":{"0":"post-22918","1":"product","2":"type-product","3":"status-publish","4":"has-post-thumbnail","6":"product_brand-m-spa","7":"product_cat-hydromasazne-vane","8":"product_cat-vane","9":"pa_napajanie-220-240-v-50-hz","10":"pa_objem-360-l","11":"pa_pocet-miest-622","12":"pa_pocet-trysiek-1488","13":"pa_povrch-akryl","14":"pa_sirka-100-cm","15":"pa_vaha-170-kg","16":"pa_vyrobca-m-spa","17":"pa_vyska-70-cm","18":"pa_zaruka-2-roky","20":"first","21":"instock","22":"sale","23":"taxable","24":"shipping-taxable","25":"purchasable","26":"product-type-simple"},"_links":{"self":[{"href":"https:\/\/diamondspa.sk\/sk\/wp-json\/wp\/v2\/product\/22918","targetHints":{"allow":["GET"]}}],"collection":[{"href":"https:\/\/diamondspa.sk\/sk\/wp-json\/wp\/v2\/product"}],"about":[{"href":"https:\/\/diamondspa.sk\/sk\/wp-json\/wp\/v2\/types\/product"}],"replies":[{"embeddable":true,"href":"https:\/\/diamondspa.sk\/sk\/wp-json\/wp\/v2\/comments?post=22918"}],"wp:featuredmedia":[{"embeddable":true,"href":"https:\/\/diamondspa.sk\/sk\/wp-json\/wp\/v2\/media\/22919"}],"wp:attachment":[{"href":"https:\/\/diamondspa.sk\/sk\/wp-json\/wp\/v2\/media?parent=22918"}],"wp:term":[{"taxonomy":"product_brand","embeddable":true,"href":"https:\/\/diamondspa.sk\/sk\/wp-json\/wp\/v2\/product_brand?post=22918"},{"taxonomy":"product_cat","embeddable":true,"href":"https:\/\/diamondspa.sk\/sk\/wp-json\/wp\/v2\/product_cat?post=22918"},{"taxonomy":"product_tag","embeddable":true,"href":"https:\/\/diamondspa.sk\/sk\/wp-json\/wp\/v2\/product_tag?post=22918"}],"curies":[{"name":"wp","href":"https:\/\/api.w.org\/{rel}","templated":true}]}}