{"id":22926,"date":"2024-03-10T05:47:07","date_gmt":"2024-03-10T04:47:07","guid":{"rendered":"https:\/\/diamondspa.sk\/product\/m-spa-volne-stojaca-kupelnova-vana-spa-s-hydromasazou-170-x-85-x-61-cm\/"},"modified":"2025-09-05T10:46:32","modified_gmt":"2025-09-05T08:46:32","slug":"m-spa-volne-stojaca-kupelnova-vana-spa-s-hydromasazou-170-x-85-x-61-cm","status":"publish","type":"product","link":"https:\/\/diamondspa.sk\/sk\/produkt\/m-spa-volne-stojaca-kupelnova-vana-spa-s-hydromasazou-170-x-85-x-61-cm\/","title":{"rendered":"M-SPA &#8211; Vo\u013ene stojaca k\u00fape\u013e\u0148ov\u00e1 va\u0148a SPA s hydromas\u00e1\u017eou 170 x 85 x 61 cm"},"content":{"rendered":"<p>Vonkaj\u0161ie rozmery: 170 x 85 x 61 cm\u00a0<em>(v\u00fd\u0161ka meran\u00e1 v najvy\u0161\u0161om bode akrylu)<\/em><br \/>Farba: Biela<br \/>Po\u0165ah: Akryl<br \/>Po\u010det miest na sedenie: 1 osoba<br \/>Nap\u00e1janie: 220 ~ 240V\/50<br \/>Celkov\u00fd v\u00fdkon: celkovo cca 0,3 kW<br \/>Vzduch \u010derpadlo 0, 3 kW<br \/>Vzduchov\u00e9 trysky: 8 ks<br \/>Sprchov\u00e1 hlavica<br \/>Vodop\u00e1d<br \/>Pneumatick\u00e9 tla\u010didlo na zapnutie \u010derpadla<\/p>\n<p><strong>\u010eAL\u0160IE INFORM\u00c1CIE:<\/strong><\/p>\n<p>Va\u0148a vstavan\u00e1 z 3 str\u00e1n\u00a0<em>(1 strana nezabudovan\u00e1 &#8211; kryt s otvorom na pripojenie)<\/em><\/p>\n","protected":false},"excerpt":{"rendered":"<p>Vonkaj\u0161ie rozmery: 170 x 85 x 61 cm\u00a0(v\u00fd\u0161ka meran\u00e1 v najvy\u0161\u0161om bode akrylu)Farba: BielaPo\u0165ah: AkrylPo\u010det miest na sedenie: 1 osobaNap\u00e1janie: 220 ~ 240V\/50Celkov\u00fd v\u00fdkon: celkovo cca 0,3 kWVzduch \u010derpadlo 0, 3 kWVzduchov\u00e9 trysky: 8 ksSprchov\u00e1 hlavicaVodop\u00e1dPneumatick\u00e9 tla\u010didlo na zapnutie \u010derpadla \u010eAL\u0160IE INFORM\u00c1CIE: Va\u0148a vstavan\u00e1 z 3 str\u00e1n\u00a0(1 strana nezabudovan\u00e1 &#8211; kryt s otvorom na pripojenie)<\/p>\n","protected":false},"featured_media":22927,"comment_status":"closed","ping_status":"open","template":"","meta":[],"product_brand":[2536],"product_cat":[168,65,802],"product_tag":[],"class_list":{"0":"post-22926","1":"product","2":"type-product","3":"status-publish","4":"has-post-thumbnail","6":"product_brand-m-spa","7":"product_cat-hydromasazne-vane","8":"product_cat-vane","9":"product_cat-volne-stojace-vane","10":"pa_napajanie-220-240-v-50-hz","11":"pa_pocet-miest-622","12":"pa_pocet-trysiek-859","13":"pa_povrch-akryl","14":"pa_sirka-85-cm","15":"pa_vyrobca-m-spa","16":"pa_vyska-61-cm","17":"pa_zaruka-2-roky","19":"first","20":"outofstock","21":"sale","22":"taxable","23":"shipping-taxable","24":"purchasable","25":"product-type-simple"},"_links":{"self":[{"href":"https:\/\/diamondspa.sk\/sk\/wp-json\/wp\/v2\/product\/22926","targetHints":{"allow":["GET"]}}],"collection":[{"href":"https:\/\/diamondspa.sk\/sk\/wp-json\/wp\/v2\/product"}],"about":[{"href":"https:\/\/diamondspa.sk\/sk\/wp-json\/wp\/v2\/types\/product"}],"replies":[{"embeddable":true,"href":"https:\/\/diamondspa.sk\/sk\/wp-json\/wp\/v2\/comments?post=22926"}],"wp:featuredmedia":[{"embeddable":true,"href":"https:\/\/diamondspa.sk\/sk\/wp-json\/wp\/v2\/media\/22927"}],"wp:attachment":[{"href":"https:\/\/diamondspa.sk\/sk\/wp-json\/wp\/v2\/media?parent=22926"}],"wp:term":[{"taxonomy":"product_brand","embeddable":true,"href":"https:\/\/diamondspa.sk\/sk\/wp-json\/wp\/v2\/product_brand?post=22926"},{"taxonomy":"product_cat","embeddable":true,"href":"https:\/\/diamondspa.sk\/sk\/wp-json\/wp\/v2\/product_cat?post=22926"},{"taxonomy":"product_tag","embeddable":true,"href":"https:\/\/diamondspa.sk\/sk\/wp-json\/wp\/v2\/product_tag?post=22926"}],"curies":[{"name":"wp","href":"https:\/\/api.w.org\/{rel}","templated":true}]}}