{"id":22941,"date":"2024-03-10T05:47:07","date_gmt":"2024-03-10T04:47:07","guid":{"rendered":"https:\/\/diamondspa.sk\/product\/m-spa-kupelnova-vana-bez-krytu-spa-s-hydromasazou-180-x-150-x-70-cm\/"},"modified":"2025-09-05T10:46:32","modified_gmt":"2025-09-05T08:46:32","slug":"m-spa-kupelnova-vana-bez-krytu-spa-s-hydromasazou-180-x-150-x-70-cm","status":"publish","type":"product","link":"https:\/\/diamondspa.sk\/sk\/produkt\/m-spa-kupelnova-vana-bez-krytu-spa-s-hydromasazou-180-x-150-x-70-cm\/","title":{"rendered":"M-SPA &#8211; K\u00fape\u013e\u0148ov\u00e1 va\u0148a BEZ KRYTU SPA s hydromas\u00e1\u017eou 180 x 150 x 70 cm"},"content":{"rendered":"<p>Vonkaj\u0161ie rozmery: 180 x 150 x 70 cm\u00a0<em>(v\u00fd\u0161ka meran\u00e1 v najvy\u0161\u0161om bode akrylu)<\/em><br \/>Farba: Biela<br \/>Povlak: Akryl Aristech USA<br \/>Va\u0148a bez pl\u00e1\u0161\u0165a<br \/>Po\u010det miest: 1 osoba<br \/>Nap\u00e1janie: 220 ~ 240V\/50 ~ 60Hz<br \/>Celkov\u00fd v\u00fdkon: celkovo cca 4,4 kW<br \/>Vodn\u00e9 d\u00fdzy 16 ks vr\u00e1tane:<br \/>\u2013 Vodn\u00e9 d\u00fdzy (3,5\u2033): 6 ks<br \/>\u2013 Vodn\u00e9 d\u00fdzy (2,0\u2033): 6 ks<br \/>Vodn\u00e9 \u010derpadlo 1,1 kW: 2 ks<br \/>Vzduchov\u00e9 d\u00fdzy ( 1,5\u2033 ): 12 ks<br \/>Vzduchov\u00e9 \u010derpadlo 0,7 kW<br \/>Ohrieva\u010d: 1,5 kW<br \/>Gener\u00e1tor oz\u00f3nu<br \/>Sn\u00edma\u010d hladiny vody <em>(ochrana \u010derpadiel pred horen\u00edm)<\/em><br \/>Vl\u00e1knov\u00e1 optika: 20 ks\u00a0<em>(sedem druhov farby)<\/em><br \/>SPA podvodn\u00e9 svetlo <em>(sedem druhov farieb)<\/em><br \/>Sprchov\u00e1 hlavica<br \/>V\u00fdtok <br \/>Opierka hlavy: 2 ks\u00a0<em>(na pr\u00edsavky)<\/em><br \/>Ovl\u00e1dac\u00ed panel<br \/>R\u00e1dio<br \/>Reproduktor<\/p>\n<p><strong>V\u00ddHODY:<\/strong><\/p>\n<p>Regul\u00e1tor prevzdu\u0161\u0148ovania vodn\u00fdch trysiek: 2 ks<br \/>Syst\u00e9m prevzdu\u0161\u0148ovania vodn\u00fdm l\u00fa\u010dom\u00a0<br \/><em>(gravita\u010dn\u00fd) <\/em>syst\u00e9m\u00a0su\u0161enia potrubia <br \/>Profilovan\u00e9 dno vane\u00a0<em>(\u010diasto\u010dne proti\u0161mykov\u00e9)<\/em>\u00a0<br \/>Trysky v jednej rovine s akryl\u00e1tom\u00a0<br \/>Trysky vyroben\u00e9 z vysoko kvalitn\u00fdch komponentov\u00a0<br \/>Kon\u0161trukcia z nehrdzavej\u00facej ocele<br \/>Vodn\u00e9 a vzduchov\u00e9 \u010derpadl\u00e1 m\u00f4\u017eu pracova\u0165 paralelne<\/p>\n<p><strong>\u010eAL\u0160IE INFORM\u00c1CIE:<\/strong><\/p>\n<p>Kapacita vane: 750 litrov<br \/>Hmotnos\u0165 vane: 220 kg<br \/>Nezastavan\u00e1 va\u0148a <br \/>Verzia vane: obd\u013a\u017enikov\u00e1<\/p>\n","protected":false},"excerpt":{"rendered":"<p>Vonkaj\u0161ie rozmery: 180 x 150 x 70 cm\u00a0(v\u00fd\u0161ka meran\u00e1 v najvy\u0161\u0161om bode akrylu)Farba: BielaPovlak: Akryl Aristech USAVa\u0148a bez pl\u00e1\u0161\u0165aPo\u010det miest: 1 osobaNap\u00e1janie: 220 ~ 240V\/50 ~ 60HzCelkov\u00fd v\u00fdkon: celkovo cca 4,4 kWVodn\u00e9 d\u00fdzy 16 ks vr\u00e1tane:\u2013 Vodn\u00e9 d\u00fdzy (3,5\u2033): 6 ks\u2013 Vodn\u00e9 d\u00fdzy (2,0\u2033): 6 ksVodn\u00e9 \u010derpadlo 1,1 kW: 2 ksVzduchov\u00e9 d\u00fdzy ( 1,5\u2033 ): [&hellip;]<\/p>\n","protected":false},"featured_media":22942,"comment_status":"closed","ping_status":"open","template":"","meta":[],"product_brand":[2536],"product_cat":[168,65],"product_tag":[],"class_list":{"0":"post-22941","1":"product","2":"type-product","3":"status-publish","4":"has-post-thumbnail","6":"product_brand-m-spa","7":"product_cat-hydromasazne-vane","8":"product_cat-vane","9":"pa_napajanie-220-240-v-50-hz","10":"pa_pocet-miest-622","11":"pa_pocet-trysiek-889","12":"pa_povrch-akryl","13":"pa_sirka-150-cm","14":"pa_vyrobca-m-spa","15":"pa_vyska-70-cm","16":"pa_zaruka-2-roky","18":"first","19":"instock","20":"taxable","21":"shipping-taxable","22":"purchasable","23":"product-type-simple"},"_links":{"self":[{"href":"https:\/\/diamondspa.sk\/sk\/wp-json\/wp\/v2\/product\/22941","targetHints":{"allow":["GET"]}}],"collection":[{"href":"https:\/\/diamondspa.sk\/sk\/wp-json\/wp\/v2\/product"}],"about":[{"href":"https:\/\/diamondspa.sk\/sk\/wp-json\/wp\/v2\/types\/product"}],"replies":[{"embeddable":true,"href":"https:\/\/diamondspa.sk\/sk\/wp-json\/wp\/v2\/comments?post=22941"}],"wp:featuredmedia":[{"embeddable":true,"href":"https:\/\/diamondspa.sk\/sk\/wp-json\/wp\/v2\/media\/22942"}],"wp:attachment":[{"href":"https:\/\/diamondspa.sk\/sk\/wp-json\/wp\/v2\/media?parent=22941"}],"wp:term":[{"taxonomy":"product_brand","embeddable":true,"href":"https:\/\/diamondspa.sk\/sk\/wp-json\/wp\/v2\/product_brand?post=22941"},{"taxonomy":"product_cat","embeddable":true,"href":"https:\/\/diamondspa.sk\/sk\/wp-json\/wp\/v2\/product_cat?post=22941"},{"taxonomy":"product_tag","embeddable":true,"href":"https:\/\/diamondspa.sk\/sk\/wp-json\/wp\/v2\/product_tag?post=22941"}],"curies":[{"name":"wp","href":"https:\/\/api.w.org\/{rel}","templated":true}]}}