{"id":22959,"date":"2024-03-10T05:47:07","date_gmt":"2024-03-10T04:47:07","guid":{"rendered":"https:\/\/diamondspa.sk\/product\/m-spa-sprchovy-box-cierny-s-hydromasazou-a-parnou-saunou-0513ds-100-x-100-x-215-cm\/"},"modified":"2025-08-15T08:31:47","modified_gmt":"2025-08-15T06:31:47","slug":"m-spa-sprchovy-box-cierny-s-hydromasazou-a-parnou-saunou-0513ds-100-x-100-x-215-cm","status":"publish","type":"product","link":"https:\/\/diamondspa.sk\/sk\/produkt\/m-spa-sprchovy-box-cierny-s-hydromasazou-a-parnou-saunou-0513ds-100-x-100-x-215-cm\/","title":{"rendered":"M-SPA &#8211; Sprchov\u00fd box \u010dierny s hydromas\u00e1\u017eou a parnou saunou 0513DS 100 x 100 x 215 cm"},"content":{"rendered":"<p><span>V\u00fd\u0161ka vani\u010dky: 15 cm.<\/span><br \/><span>5mm tvrden\u00e9 sklo<\/span><br \/><span>Povrchov\u00e1 \u00faprava sprchovej vani\u010dky: AKRYL\u00c1T \u010cierny<\/span><br \/><span>hlin\u00edkov\u00fd r\u00e1m<\/span><br \/><span>Hydromas\u00e1\u017ene trysky: 6 ks<\/span><br \/><span>Termostatick\u00e1 bat\u00e9ria: \u00e1no<\/span><br \/><span>Funkcia parnej sauny: \u00e1no<\/span><br \/><span>Multifunk\u010dn\u00e1 ru\u010dn\u00e1 sprcha: \u00e1no<\/span><br \/><span>Kovov\u00e1 sprchov\u00e1 hadica: \u00e1no<\/span><br \/><span>Ods\u00e1vac\u00ed ventil\u00e1tor 1 ks<\/span><br \/><span>Da\u017e\u010fov\u00e1 sprcha: \u00e1no<\/span><br \/><span>Mas\u00e1\u017eny pr\u00edstroj na nohy: \u00e1no<\/span><br \/><span>LED svetl\u00e1 okolo da\u017e\u010fovej sprchy: 12 ks<\/span><br \/><span>LED svetl\u00e1 na paneli: 12 ks<\/span><br \/><span>2 sklenen\u00e9 police: \u00e1no<\/span><br \/><span>Ovl\u00e1dac\u00ed panel: \u00e1no<\/span><br \/><span>R\u00e1dio: \u00e1no<\/span><br \/><span>Reproduktor: 1 k<\/span><\/p>\n","protected":false},"excerpt":{"rendered":"<p>V\u00fd\u0161ka vani\u010dky: 15 cm.5mm tvrden\u00e9 skloPovrchov\u00e1 \u00faprava sprchovej vani\u010dky: AKRYL\u00c1T \u010ciernyhlin\u00edkov\u00fd r\u00e1mHydromas\u00e1\u017ene trysky: 6 ksTermostatick\u00e1 bat\u00e9ria: \u00e1noFunkcia parnej sauny: \u00e1noMultifunk\u010dn\u00e1 ru\u010dn\u00e1 sprcha: \u00e1noKovov\u00e1 sprchov\u00e1 hadica: \u00e1noOds\u00e1vac\u00ed ventil\u00e1tor 1 ksDa\u017e\u010fov\u00e1 sprcha: \u00e1noMas\u00e1\u017eny pr\u00edstroj na nohy: \u00e1noLED svetl\u00e1 okolo da\u017e\u010fovej sprchy: 12 ksLED svetl\u00e1 na paneli: 12 ks2 sklenen\u00e9 police: \u00e1noOvl\u00e1dac\u00ed panel: \u00e1noR\u00e1dio: \u00e1noReproduktor: 1 k<\/p>\n","protected":false},"featured_media":22960,"comment_status":"closed","ping_status":"open","template":"","meta":[],"product_brand":[2536],"product_cat":[111],"product_tag":[],"class_list":{"0":"post-22959","1":"product","2":"type-product","3":"status-publish","4":"has-post-thumbnail","6":"product_brand-m-spa","7":"product_cat-masazne-sprchove-boxy","8":"pa_povrch-akryl","9":"pa_sirka-100-cm","10":"pa_vyrobca-m-spa","11":"pa_vyska-215-cm","12":"pa_zaruka-2-roky","14":"first","15":"instock","16":"sale","17":"taxable","18":"shipping-taxable","19":"purchasable","20":"product-type-simple"},"_links":{"self":[{"href":"https:\/\/diamondspa.sk\/sk\/wp-json\/wp\/v2\/product\/22959","targetHints":{"allow":["GET"]}}],"collection":[{"href":"https:\/\/diamondspa.sk\/sk\/wp-json\/wp\/v2\/product"}],"about":[{"href":"https:\/\/diamondspa.sk\/sk\/wp-json\/wp\/v2\/types\/product"}],"replies":[{"embeddable":true,"href":"https:\/\/diamondspa.sk\/sk\/wp-json\/wp\/v2\/comments?post=22959"}],"wp:featuredmedia":[{"embeddable":true,"href":"https:\/\/diamondspa.sk\/sk\/wp-json\/wp\/v2\/media\/22960"}],"wp:attachment":[{"href":"https:\/\/diamondspa.sk\/sk\/wp-json\/wp\/v2\/media?parent=22959"}],"wp:term":[{"taxonomy":"product_brand","embeddable":true,"href":"https:\/\/diamondspa.sk\/sk\/wp-json\/wp\/v2\/product_brand?post=22959"},{"taxonomy":"product_cat","embeddable":true,"href":"https:\/\/diamondspa.sk\/sk\/wp-json\/wp\/v2\/product_cat?post=22959"},{"taxonomy":"product_tag","embeddable":true,"href":"https:\/\/diamondspa.sk\/sk\/wp-json\/wp\/v2\/product_tag?post=22959"}],"curies":[{"name":"wp","href":"https:\/\/api.w.org\/{rel}","templated":true}]}}