{"id":22984,"date":"2024-03-10T05:47:07","date_gmt":"2024-03-10T04:47:07","guid":{"rendered":"https:\/\/diamondspa.sk\/product\/m-spa-hydromasazny-sprchovy-box-9902-white-100-x-100-x-220-cm\/"},"modified":"2025-08-15T08:31:47","modified_gmt":"2025-08-15T06:31:47","slug":"m-spa-hydromasazny-sprchovy-box-9902-white-100-x-100-x-220-cm","status":"publish","type":"product","link":"https:\/\/diamondspa.sk\/sk\/produkt\/m-spa-hydromasazny-sprchovy-box-9902-white-100-x-100-x-220-cm\/","title":{"rendered":"M-SPA &#8211; Hydromas\u00e1\u017eny sprchov\u00fd box 9902 White 100 x 100 x 220 cm"},"content":{"rendered":"<p>V\u00fd\u0161ka vani\u010dky: 42 cm.<br \/>5mm tvrden\u00e9 sklo<br \/>Povrchov\u00e1 \u00faprava sprchovej vani\u010dky: AKRYL (ABS)<br \/>hlin\u00edkov\u00fd r\u00e1m (\u010dierny)<br \/>P\u00e1kov\u00e1 zmie\u0161avacia bat\u00e9ria: \u00e1no<\/p>\n<p>Hydromas\u00e1\u017ene trysky: 6 ks<\/p>\n<p>Ventila\u010dn\u00e9 otvory: 2 ks<\/p>\n<p>Multifunk\u010dn\u00e1 ru\u010dn\u00e1 sprcha: \u00e1no<br \/>Da\u017e\u010fov\u00e1 sprcha: \u00e1no<br \/>Sklenen\u00e1 polica: \u00e1no<\/p>\n","protected":false},"excerpt":{"rendered":"<p>V\u00fd\u0161ka vani\u010dky: 42 cm.5mm tvrden\u00e9 skloPovrchov\u00e1 \u00faprava sprchovej vani\u010dky: AKRYL (ABS)hlin\u00edkov\u00fd r\u00e1m (\u010dierny)P\u00e1kov\u00e1 zmie\u0161avacia bat\u00e9ria: \u00e1no Hydromas\u00e1\u017ene trysky: 6 ks Ventila\u010dn\u00e9 otvory: 2 ks Multifunk\u010dn\u00e1 ru\u010dn\u00e1 sprcha: \u00e1noDa\u017e\u010fov\u00e1 sprcha: \u00e1noSklenen\u00e1 polica: \u00e1no<\/p>\n","protected":false},"featured_media":22985,"comment_status":"closed","ping_status":"open","template":"","meta":[],"product_brand":[2536],"product_cat":[111],"product_tag":[],"class_list":{"0":"post-22984","1":"product","2":"type-product","3":"status-publish","4":"has-post-thumbnail","6":"product_brand-m-spa","7":"product_cat-masazne-sprchove-boxy","8":"pa_povrch-akryl","9":"pa_sirka-100-cm","10":"pa_vyrobca-m-spa","11":"pa_vyska-220-cm","12":"pa_zaruka-2-roky","14":"first","15":"outofstock","16":"taxable","17":"shipping-taxable","18":"purchasable","19":"product-type-simple"},"_links":{"self":[{"href":"https:\/\/diamondspa.sk\/sk\/wp-json\/wp\/v2\/product\/22984","targetHints":{"allow":["GET"]}}],"collection":[{"href":"https:\/\/diamondspa.sk\/sk\/wp-json\/wp\/v2\/product"}],"about":[{"href":"https:\/\/diamondspa.sk\/sk\/wp-json\/wp\/v2\/types\/product"}],"replies":[{"embeddable":true,"href":"https:\/\/diamondspa.sk\/sk\/wp-json\/wp\/v2\/comments?post=22984"}],"wp:featuredmedia":[{"embeddable":true,"href":"https:\/\/diamondspa.sk\/sk\/wp-json\/wp\/v2\/media\/22985"}],"wp:attachment":[{"href":"https:\/\/diamondspa.sk\/sk\/wp-json\/wp\/v2\/media?parent=22984"}],"wp:term":[{"taxonomy":"product_brand","embeddable":true,"href":"https:\/\/diamondspa.sk\/sk\/wp-json\/wp\/v2\/product_brand?post=22984"},{"taxonomy":"product_cat","embeddable":true,"href":"https:\/\/diamondspa.sk\/sk\/wp-json\/wp\/v2\/product_cat?post=22984"},{"taxonomy":"product_tag","embeddable":true,"href":"https:\/\/diamondspa.sk\/sk\/wp-json\/wp\/v2\/product_tag?post=22984"}],"curies":[{"name":"wp","href":"https:\/\/api.w.org\/{rel}","templated":true}]}}