{"id":23103,"date":"2024-03-10T05:55:53","date_gmt":"2024-03-10T04:55:53","guid":{"rendered":"https:\/\/diamondspa.sk\/product\/saunova-pec-harvia-the-wall-9kw-cierna\/"},"modified":"2025-08-30T08:20:05","modified_gmt":"2025-08-30T06:20:05","slug":"saunova-pec-harvia-the-wall-9kw-cierna","status":"publish","type":"product","link":"https:\/\/diamondspa.sk\/sk\/produkt\/saunova-pec-harvia-the-wall-9kw-cierna\/","title":{"rendered":"Saunov\u00e1 pec HARVIA The Wall 9kW &#8211; \u010dierna"},"content":{"rendered":"<div id=\"tabinfo\" class=\"tab\" style=\"display: block;\">\n<h3 style=\"text-align: justify;\"><strong><img decoding=\"async\" src=\"https:\/\/diamondspa.sk\/wp-content\/uploads\/2024\/03\/harvia-logo-0.png\" width=\"102\" height=\"102\" alt=\"\"><\/strong><\/h3>\n<h3 style=\"text-align: justify;\"><strong>The Wall Black<\/strong><\/h3>\n<p style=\"text-align: justify;\"><strong>Ohrieva\u010de z najkvalitnej\u0161ej \u010diernej ocele.<\/strong><\/p>\n<p style=\"text-align: justify;\">Saunov\u00e9 pece HARVIA The Wall v \u010diernom metalovom preveden\u00ed s v\u00fdkonom 9 kW maj\u00fa \u00faplne nov\u00e9, podsvieten\u00e9 integrovan\u00e9 ovl\u00e1danie. Novinka kombinuje minimalistick\u00fd dizajn s dlhoro\u010dn\u00fdmi f\u00ednskymi sk\u00fasenos\u0165ami, \u010do prinieslo \u00fapln\u00fa jednoduchos\u0165 in\u0161tal\u00e1cie a n\u00e1sledn\u00fa obsluhu kachl\u00ed. Kachle s\u00fa vhodn\u00e9 do sauny o ve\u013ekosti 8 a\u017e 14 m3.<\/p>\n<p style=\"text-align: justify;\">Vykurovacej \u0161pir\u00e1ly spo\u010d\u00edvaj\u00fa na vlastn\u00e9 podpern\u00e9 kon\u0161trukciu, ktor\u00e1 zabra\u0148uje ich kr\u00fateniu a predl\u017euje tak ich \u017eivotnos\u0165. Komponenty n\u00e1chyln\u00e9 na teplo a vlhkos\u0165 s\u00fa teraz \u0161peci\u00e1lne chr\u00e1nen\u00e9 v spodnej \u010dasti kachl\u00ed.<\/p>\n<\/div>\n","protected":false},"excerpt":{"rendered":"<p>The Wall Black Ohrieva\u010de z najkvalitnej\u0161ej \u010diernej ocele. Saunov\u00e9 pece HARVIA The Wall v \u010diernom metalovom preveden\u00ed s v\u00fdkonom 9 kW maj\u00fa \u00faplne nov\u00e9, podsvieten\u00e9 integrovan\u00e9 ovl\u00e1danie. Novinka kombinuje minimalistick\u00fd dizajn s dlhoro\u010dn\u00fdmi f\u00ednskymi sk\u00fasenos\u0165ami, \u010do prinieslo \u00fapln\u00fa jednoduchos\u0165 in\u0161tal\u00e1cie a n\u00e1sledn\u00fa obsluhu kachl\u00ed. Kachle s\u00fa vhodn\u00e9 do sauny o ve\u013ekosti 8 a\u017e 14 m3. [&hellip;]<\/p>\n","protected":false},"featured_media":23104,"comment_status":"closed","ping_status":"open","template":"","meta":[],"product_brand":[],"product_cat":[2863,626],"product_tag":[],"class_list":{"0":"post-23103","1":"product","2":"type-product","3":"status-publish","4":"has-post-thumbnail","6":"product_cat-prislusenstvi","7":"product_cat-sauny-sk","8":"pa_vykon-9-kw","9":"pa_vyrobca-harvia","11":"first","12":"outofstock","13":"taxable","14":"shipping-taxable","15":"purchasable","16":"product-type-simple"},"_links":{"self":[{"href":"https:\/\/diamondspa.sk\/sk\/wp-json\/wp\/v2\/product\/23103","targetHints":{"allow":["GET"]}}],"collection":[{"href":"https:\/\/diamondspa.sk\/sk\/wp-json\/wp\/v2\/product"}],"about":[{"href":"https:\/\/diamondspa.sk\/sk\/wp-json\/wp\/v2\/types\/product"}],"replies":[{"embeddable":true,"href":"https:\/\/diamondspa.sk\/sk\/wp-json\/wp\/v2\/comments?post=23103"}],"wp:featuredmedia":[{"embeddable":true,"href":"https:\/\/diamondspa.sk\/sk\/wp-json\/wp\/v2\/media\/23104"}],"wp:attachment":[{"href":"https:\/\/diamondspa.sk\/sk\/wp-json\/wp\/v2\/media?parent=23103"}],"wp:term":[{"taxonomy":"product_brand","embeddable":true,"href":"https:\/\/diamondspa.sk\/sk\/wp-json\/wp\/v2\/product_brand?post=23103"},{"taxonomy":"product_cat","embeddable":true,"href":"https:\/\/diamondspa.sk\/sk\/wp-json\/wp\/v2\/product_cat?post=23103"},{"taxonomy":"product_tag","embeddable":true,"href":"https:\/\/diamondspa.sk\/sk\/wp-json\/wp\/v2\/product_tag?post=23103"}],"curies":[{"name":"wp","href":"https:\/\/api.w.org\/{rel}","templated":true}]}}