{"id":23133,"date":"2024-03-10T05:55:53","date_gmt":"2024-03-10T04:55:53","guid":{"rendered":"https:\/\/diamondspa.sk\/product\/saunova-pec-harvia-vega-bc90\/"},"modified":"2025-08-30T08:20:06","modified_gmt":"2025-08-30T06:20:06","slug":"saunova-pec-harvia-vega-bc90","status":"publish","type":"product","link":"https:\/\/diamondspa.sk\/sk\/produkt\/saunova-pec-harvia-vega-bc90\/","title":{"rendered":"Saunov\u00e1 pec HARVIA Vega BC90"},"content":{"rendered":"<div id=\"tabinfo\" class=\"tab\" style=\"display: block;\">\n<p style=\"text-align: justify;\"><img decoding=\"async\" src=\"https:\/\/diamondspa.sk\/wp-content\/uploads\/2024\/03\/harvia-logo-0.png\" width=\"102\" height=\"102\" alt=\"\"><\/p>\n<p style=\"text-align: justify;\">Elektrick\u00e1 pec do sauny HARVIA Vega BC90 o v\u00fdkone 9 kW. Pre saunu 8 &#8211; 14 m3. Kachle s\u00fa vybaven\u00e9 vlastn\u00e9 regula\u010dn\u00e9 jednotkou na pl\u00e1\u0161ti. Umo\u017e\u0148uje nastavenie \u010dasu zopnutia, \u010dasu prev\u00e1dzky a teploty kachl\u00ed. Rozmery kachl\u00ed 480x310x540 mm. Nap\u00e1jacie nap\u00e4tie &#8211; 400 V 3N. Saunov\u00e9 kachle s\u00fa vyroben\u00e9 z nehrdzavej\u00facej ocele. Umo\u017e\u0148uj\u00fa polievanie vodou. S\u00fa\u010das\u0165ou je mont\u00e1\u017eny plech na stenu a in\u0161tala\u010dn\u00fd materi\u00e1l. Silik\u00f3nov\u00fd k\u00e1bel ani saunov\u00e9 kamene nie s\u00fa s\u00fa\u010das\u0165ou balenia.<\/p>\n<p style=\"text-align: justify;\">Mo\u017enos\u0165 umiestnenia kachl\u00ed ve\u013emi n\u00edzko uv\u00edtaj\u00fa osoby saunuj\u00faci sa na doln\u00fdch laviciach. Ovl\u00e1danie kachl\u00ed je jednoduch\u00e9 v\u010faka ovl\u00e1da\u010dom umiestnen\u00fdm v hornej \u010dasti pl\u00e1\u0161\u0165a pece, pomocou ktor\u00fdch je mo\u017en\u00e9 nastavi\u0165 \u010das zapnutia, prev\u00e1dzky a teplotu kachl\u00ed. Jednoduch\u00e1 je aj ich mont\u00e1\u017e. Saunov\u00e9 kamene je mo\u017en\u00e9 polieva\u0165 vodou. Vonkaj\u0161\u00ed pl\u00e1\u0161\u0165 kachl\u00ed je z nerezovej ocele.<\/p>\n<h3 style=\"text-align: justify;\">Balenie\u00a0obsahuje:<\/h3>\n<ul>\n<li style=\"text-align: justify;\">elektrick\u00e1 saunov\u00e1 pec<\/li>\n<li style=\"text-align: justify;\">mont\u00e1\u017eny plech na stenu<\/li>\n<li style=\"text-align: justify;\">manu\u00e1l<\/li>\n<\/ul>\n<\/div>\n","protected":false},"excerpt":{"rendered":"<p>Elektrick\u00e1 pec do sauny HARVIA Vega BC90 o v\u00fdkone 9 kW. Pre saunu 8 &#8211; 14 m3. Kachle s\u00fa vybaven\u00e9 vlastn\u00e9 regula\u010dn\u00e9 jednotkou na pl\u00e1\u0161ti. Umo\u017e\u0148uje nastavenie \u010dasu zopnutia, \u010dasu prev\u00e1dzky a teploty kachl\u00ed. Rozmery kachl\u00ed 480x310x540 mm. Nap\u00e1jacie nap\u00e4tie &#8211; 400 V 3N. Saunov\u00e9 kachle s\u00fa vyroben\u00e9 z nehrdzavej\u00facej ocele. Umo\u017e\u0148uj\u00fa polievanie vodou. S\u00fa\u010das\u0165ou [&hellip;]<\/p>\n","protected":false},"featured_media":23134,"comment_status":"closed","ping_status":"open","template":"","meta":[],"product_brand":[],"product_cat":[2863,626],"product_tag":[],"class_list":{"0":"post-23133","1":"product","2":"type-product","3":"status-publish","4":"has-post-thumbnail","6":"product_cat-prislusenstvi","7":"product_cat-sauny-sk","8":"pa_vykon-9-kw","9":"pa_vyrobca-harvia","11":"first","12":"outofstock","13":"taxable","14":"shipping-taxable","15":"purchasable","16":"product-type-simple"},"_links":{"self":[{"href":"https:\/\/diamondspa.sk\/sk\/wp-json\/wp\/v2\/product\/23133","targetHints":{"allow":["GET"]}}],"collection":[{"href":"https:\/\/diamondspa.sk\/sk\/wp-json\/wp\/v2\/product"}],"about":[{"href":"https:\/\/diamondspa.sk\/sk\/wp-json\/wp\/v2\/types\/product"}],"replies":[{"embeddable":true,"href":"https:\/\/diamondspa.sk\/sk\/wp-json\/wp\/v2\/comments?post=23133"}],"wp:featuredmedia":[{"embeddable":true,"href":"https:\/\/diamondspa.sk\/sk\/wp-json\/wp\/v2\/media\/23134"}],"wp:attachment":[{"href":"https:\/\/diamondspa.sk\/sk\/wp-json\/wp\/v2\/media?parent=23133"}],"wp:term":[{"taxonomy":"product_brand","embeddable":true,"href":"https:\/\/diamondspa.sk\/sk\/wp-json\/wp\/v2\/product_brand?post=23133"},{"taxonomy":"product_cat","embeddable":true,"href":"https:\/\/diamondspa.sk\/sk\/wp-json\/wp\/v2\/product_cat?post=23133"},{"taxonomy":"product_tag","embeddable":true,"href":"https:\/\/diamondspa.sk\/sk\/wp-json\/wp\/v2\/product_tag?post=23133"}],"curies":[{"name":"wp","href":"https:\/\/api.w.org\/{rel}","templated":true}]}}