{"id":23139,"date":"2024-03-10T05:55:53","date_gmt":"2024-03-10T04:55:53","guid":{"rendered":"https:\/\/diamondspa.sk\/product\/elektricke-kachle-harvia-spirit-sp90e-90-kw-cierna\/"},"modified":"2025-08-30T08:20:06","modified_gmt":"2025-08-30T06:20:06","slug":"elektricke-kachle-harvia-spirit-sp90e-90-kw-cierna","status":"publish","type":"product","link":"https:\/\/diamondspa.sk\/sk\/produkt\/elektricke-kachle-harvia-spirit-sp90e-90-kw-cierna\/","title":{"rendered":"Elektrick\u00e9 kachle Harvia Spirit SP90E 9,0 kW \u010dierna"},"content":{"rendered":"<div id=\"tabinfo\" class=\"tab\" style=\"display: block;\">\n<p style=\"text-align: justify;\"><img decoding=\"async\" src=\"https:\/\/diamondspa.sk\/wp-content\/uploads\/2024\/03\/harvia-logo-0.png\" width=\"102\" height=\"102\" alt=\"\"> <img decoding=\"async\" src=\"https:\/\/diamondspa.sk\/wp-content\/uploads\/2024\/03\/navod-harvia-spirit-1.png\" width=\"102\" height=\"102\" alt=\"\"><img decoding=\"async\" src=\"https:\/\/diamondspa.sk\/wp-content\/uploads\/2024\/03\/wifi-logo-icon.jpg\" width=\"102\" height=\"102\" alt=\"\"><\/p>\n<p style=\"text-align: justify;\">Vysoko kvalitn\u00fd dizajnov\u00fd ohrieva\u010d zna\u010dky Harvia navrhnut\u00fd a vyroben\u00fd vo F\u00ednsku je majstrovsk\u00fdm dielom, ktor\u00e9 kombinuje vynikaj\u00faci z\u00e1\u017eitok zo sauny s bezpe\u010dnos\u0165ou a spo\u013eahlivos\u0165ou. \u0160trukt\u00fara ohrieva\u010da chr\u00e1ni kon\u0161trukciu sauny a vytv\u00e1ra rovnomern\u00fa teplotu v\u010faka jedine\u010dn\u00fdm a diskr\u00e9tnym ventila\u010dn\u00fdm kan\u00e1likom. Vzduchov\u00e9 ventila\u010dn\u00e9 kan\u00e1ly ochladzuj\u00fa kon\u0161trukciu stien a zlep\u0161uj\u00fa pr\u00fadenie vzduchu cez vykurovacie teles\u00e1, \u010d\u00edm sa v saune vytv\u00e1ra rovnomern\u00e9 teplo.<\/p>\n<p>Zakriven\u00e9 tvary elektrick\u00e9ho saunov\u00e9ho ohrieva\u010da Harvia Spirit vy\u017earuj\u00fa prirodzen\u00fd dizajn. Dizajn ohrieva\u010da zv\u00fdraz\u0148uje okr\u00fahle kamene a vytv\u00e1ra modern\u00fa a elegantn\u00fa atmosf\u00e9ru. Kachle s\u00fa vybaven\u00e9 WiFi a \u013eahko sa ovl\u00e1daj\u00fa. Ako n\u00e1zov napoved\u00e1, Harvia Spirit bude duchom va\u0161ej sauny, ktor\u00fd zaru\u010d\u00ed hladk\u00fd a pr\u00edjemn\u00fd z\u00e1\u017eitok zo saunovania. Harvia Spirit s\u00fa kompatibiln\u00e9 s najbe\u017enej\u0161\u00edmi riadiacimi jednotkami, pri\u010dom riadiace jednotky Harvia Xenio WiFi a mobiln\u00e9 aplik\u00e1cie MyHarvia poskytuj\u00fa najlep\u0161\u00ed a najuniverz\u00e1lnej\u0161\u00ed u\u017e\u00edvate\u013esk\u00fd z\u00e1\u017eitok. S riadiacou jednotkou Xenio WiFi a mobilnou aplik\u00e1ciou MyHarvia m\u00f4\u017eete ovl\u00e1da\u0165 v\u0161etky funkcie vo va\u0161ej saune, ako je teplota, osvetlenie a ventil\u00e1cia vzduchu. Riadiace jednotky sa pred\u00e1vaj\u00fa aj samostatne.<\/p>\n<\/div>\n","protected":false},"excerpt":{"rendered":"<p>Vysoko kvalitn\u00fd dizajnov\u00fd ohrieva\u010d zna\u010dky Harvia navrhnut\u00fd a vyroben\u00fd vo F\u00ednsku je majstrovsk\u00fdm dielom, ktor\u00e9 kombinuje vynikaj\u00faci z\u00e1\u017eitok zo sauny s bezpe\u010dnos\u0165ou a spo\u013eahlivos\u0165ou. \u0160trukt\u00fara ohrieva\u010da chr\u00e1ni kon\u0161trukciu sauny a vytv\u00e1ra rovnomern\u00fa teplotu v\u010faka jedine\u010dn\u00fdm a diskr\u00e9tnym ventila\u010dn\u00fdm kan\u00e1likom. Vzduchov\u00e9 ventila\u010dn\u00e9 kan\u00e1ly ochladzuj\u00fa kon\u0161trukciu stien a zlep\u0161uj\u00fa pr\u00fadenie vzduchu cez vykurovacie teles\u00e1, \u010d\u00edm sa v [&hellip;]<\/p>\n","protected":false},"featured_media":23140,"comment_status":"closed","ping_status":"open","template":"","meta":[],"product_brand":[],"product_cat":[2863,626],"product_tag":[],"class_list":{"0":"post-23139","1":"product","2":"type-product","3":"status-publish","4":"has-post-thumbnail","6":"product_cat-prislusenstvi","7":"product_cat-sauny-sk","8":"pa_hlbka-334-mm","9":"pa_hmotnost-12-kg","10":"pa_sirka-385-mm","11":"pa_vykon-9-kw","12":"pa_vyrobca-harvia","13":"pa_vyska-687-mm","15":"first","16":"instock","17":"taxable","18":"shipping-taxable","19":"purchasable","20":"product-type-simple"},"_links":{"self":[{"href":"https:\/\/diamondspa.sk\/sk\/wp-json\/wp\/v2\/product\/23139","targetHints":{"allow":["GET"]}}],"collection":[{"href":"https:\/\/diamondspa.sk\/sk\/wp-json\/wp\/v2\/product"}],"about":[{"href":"https:\/\/diamondspa.sk\/sk\/wp-json\/wp\/v2\/types\/product"}],"replies":[{"embeddable":true,"href":"https:\/\/diamondspa.sk\/sk\/wp-json\/wp\/v2\/comments?post=23139"}],"wp:featuredmedia":[{"embeddable":true,"href":"https:\/\/diamondspa.sk\/sk\/wp-json\/wp\/v2\/media\/23140"}],"wp:attachment":[{"href":"https:\/\/diamondspa.sk\/sk\/wp-json\/wp\/v2\/media?parent=23139"}],"wp:term":[{"taxonomy":"product_brand","embeddable":true,"href":"https:\/\/diamondspa.sk\/sk\/wp-json\/wp\/v2\/product_brand?post=23139"},{"taxonomy":"product_cat","embeddable":true,"href":"https:\/\/diamondspa.sk\/sk\/wp-json\/wp\/v2\/product_cat?post=23139"},{"taxonomy":"product_tag","embeddable":true,"href":"https:\/\/diamondspa.sk\/sk\/wp-json\/wp\/v2\/product_tag?post=23139"}],"curies":[{"name":"wp","href":"https:\/\/api.w.org\/{rel}","templated":true}]}}