{"id":23171,"date":"2024-03-10T05:55:53","date_gmt":"2024-03-10T04:55:53","guid":{"rendered":"https:\/\/diamondspa.sk\/product\/m-spa-hydromasazny-sprchovy-box-cierny-6089-90-x-90-x-212-cm\/"},"modified":"2025-08-15T08:31:45","modified_gmt":"2025-08-15T06:31:45","slug":"m-spa-hydromasazny-sprchovy-box-cierny-6089-90-x-90-x-212-cm","status":"publish","type":"product","link":"https:\/\/diamondspa.sk\/sk\/produkt\/m-spa-hydromasazny-sprchovy-box-cierny-6089-90-x-90-x-212-cm\/","title":{"rendered":"M-SPA &#8211; Hydromas\u00e1\u017eny sprchov\u00fd box \u010dierny 6089 90 x 90 x 212 cm"},"content":{"rendered":"<p>V\u00fd\u0161ka vani\u010dky: 14 cm.<br \/>5mm tvrden\u00e9 sklo<br \/>Povrchov\u00e1 \u00faprava sprchovej vani\u010dky: AKRYL\u00c1T<\/p>\n<p>\u010cierny hlin\u00edkov\u00fd r\u00e1m<br \/>Hydromas\u00e1\u017ene trysky: 8 ks (4 +4) <br \/>Mechanick\u00e1 p\u00e1kov\u00e1 zmie\u0161avacia bat\u00e9ria: \u00e1no<br \/>Multifunk\u010dn\u00e1 ru\u010dn\u00e1 sprcha: \u00e1no<br \/>Kovov\u00e1 sprchov\u00e1 hadica: \u00e1no<br \/>Ventil\u00e1tor 1 ks<br \/>Da\u017e\u010fov\u00e1 stropn\u00e1 sprcha: \u00e1no<br \/>Madlo: \u00e1no<br \/>LED svetl\u00e1 okolo da\u017e\u010fovej sprchy: 24 ks<br \/>LED svetiel na paneli: 12 ks<br \/>sklenen\u00e1 polica: \u00e1no<\/p>\n<p>Sklopn\u00e9 sed\u00e1tko: \u00e1no<\/p>\n<p>D\u00e1vkova\u010de na mydlo: \u00e1no<\/p>\n<p>Zrkadlo: \u00e1no<br \/>Ovl\u00e1dac\u00ed panel: \u00e1no<br \/>R\u00e1dio: \u00e1no<br \/>Reproduktor: 1 ks<\/p>\n<p>\u00a0<\/p>\n<p><img fetchpriority=\"high\" decoding=\"async\" src=\"https:\/\/diamondspa.sk\/wp-content\/uploads\/2024\/03\/M-SPA-Hydromasazny-sprchovy-box-cierny-6089-90-x-90-x-212-cm-001.jpg\" width=\"1000\" height=\"1000\" alt=\"\"><\/p>\n<p><img decoding=\"async\" src=\"https:\/\/diamondspa.sk\/wp-content\/uploads\/2024\/03\/M-SPA-Hydromasazny-sprchovy-box-cierny-6089-90-x-90-x-212-cm-002.jpg\" width=\"1000\" height=\"1000\" alt=\"\"><\/p>\n<p><img decoding=\"async\" src=\"https:\/\/diamondspa.sk\/wp-content\/uploads\/2024\/03\/M-SPA-Hydromasazny-sprchovy-box-cierny-6089-90-x-90-x-212-cm-003.jpg\" width=\"1000\" height=\"658\" alt=\"\"><\/p>\n<p><img loading=\"lazy\" decoding=\"async\" src=\"https:\/\/diamondspa.sk\/wp-content\/uploads\/2024\/03\/M-SPA-Hydromasazny-sprchovy-box-cierny-6089-90-x-90-x-212-cm-004.jpg\" width=\"1000\" height=\"658\" alt=\"\"><\/p>\n<p><img loading=\"lazy\" decoding=\"async\" src=\"https:\/\/diamondspa.sk\/wp-content\/uploads\/2024\/03\/M-SPA-Hydromasazny-sprchovy-box-cierny-6089-90-x-90-x-212-cm-005.jpg\" width=\"1000\" height=\"658\" alt=\"\"><\/p>\n<p><img loading=\"lazy\" decoding=\"async\" src=\"https:\/\/diamondspa.sk\/wp-content\/uploads\/2024\/03\/M-SPA-Hydromasazny-sprchovy-box-cierny-6089-90-x-90-x-212-cm-006.jpg\" width=\"1000\" height=\"658\" alt=\"\"><\/p>\n<p><img loading=\"lazy\" decoding=\"async\" src=\"https:\/\/diamondspa.sk\/wp-content\/uploads\/2024\/03\/M-SPA-Hydromasazny-sprchovy-box-cierny-6089-90-x-90-x-212-cm-007.jpg\" width=\"1000\" height=\"658\" alt=\"\"><\/p>\n<p><img loading=\"lazy\" decoding=\"async\" src=\"https:\/\/diamondspa.sk\/wp-content\/uploads\/2024\/03\/M-SPA-Hydromasazny-sprchovy-box-cierny-6089-90-x-90-x-212-cm-008.jpg\" width=\"1000\" height=\"658\" alt=\"\"><\/p>\n<p><img loading=\"lazy\" decoding=\"async\" src=\"https:\/\/diamondspa.sk\/wp-content\/uploads\/2024\/03\/M-SPA-Hydromasazny-sprchovy-box-cierny-6089-90-x-90-x-212-cm-009.jpg\" width=\"1000\" height=\"1000\" alt=\"\"><\/p>\n<p><img loading=\"lazy\" decoding=\"async\" src=\"https:\/\/diamondspa.sk\/wp-content\/uploads\/2024\/03\/M-SPA-Hydromasazny-sprchovy-box-cierny-6089-90-x-90-x-212-cm-010.jpg\" width=\"1000\" height=\"1000\" alt=\"\"><\/p>\n","protected":false},"excerpt":{"rendered":"<p>V\u00fd\u0161ka vani\u010dky: 14 cm.5mm tvrden\u00e9 skloPovrchov\u00e1 \u00faprava sprchovej vani\u010dky: AKRYL\u00c1T \u010cierny hlin\u00edkov\u00fd r\u00e1mHydromas\u00e1\u017ene trysky: 8 ks (4 +4) Mechanick\u00e1 p\u00e1kov\u00e1 zmie\u0161avacia bat\u00e9ria: \u00e1noMultifunk\u010dn\u00e1 ru\u010dn\u00e1 sprcha: \u00e1noKovov\u00e1 sprchov\u00e1 hadica: \u00e1noVentil\u00e1tor 1 ksDa\u017e\u010fov\u00e1 stropn\u00e1 sprcha: \u00e1noMadlo: \u00e1noLED svetl\u00e1 okolo da\u017e\u010fovej sprchy: 24 ksLED svetiel na paneli: 12 kssklenen\u00e1 polica: \u00e1no Sklopn\u00e9 sed\u00e1tko: \u00e1no D\u00e1vkova\u010de na mydlo: \u00e1no [&hellip;]<\/p>\n","protected":false},"featured_media":23172,"comment_status":"closed","ping_status":"open","template":"","meta":[],"product_brand":[2536],"product_cat":[111],"product_tag":[],"class_list":{"0":"post-23171","1":"product","2":"type-product","3":"status-publish","4":"has-post-thumbnail","6":"product_brand-m-spa","7":"product_cat-masazne-sprchove-boxy","8":"pa_pocet-trysiek-859","9":"pa_sirka-90-cm","10":"pa_vyrobca-m-spa","11":"pa_vyska-212-cm","12":"pa_zaruka-2-roky","14":"first","15":"instock","16":"sale","17":"taxable","18":"shipping-taxable","19":"purchasable","20":"product-type-simple"},"_links":{"self":[{"href":"https:\/\/diamondspa.sk\/sk\/wp-json\/wp\/v2\/product\/23171","targetHints":{"allow":["GET"]}}],"collection":[{"href":"https:\/\/diamondspa.sk\/sk\/wp-json\/wp\/v2\/product"}],"about":[{"href":"https:\/\/diamondspa.sk\/sk\/wp-json\/wp\/v2\/types\/product"}],"replies":[{"embeddable":true,"href":"https:\/\/diamondspa.sk\/sk\/wp-json\/wp\/v2\/comments?post=23171"}],"wp:featuredmedia":[{"embeddable":true,"href":"https:\/\/diamondspa.sk\/sk\/wp-json\/wp\/v2\/media\/23172"}],"wp:attachment":[{"href":"https:\/\/diamondspa.sk\/sk\/wp-json\/wp\/v2\/media?parent=23171"}],"wp:term":[{"taxonomy":"product_brand","embeddable":true,"href":"https:\/\/diamondspa.sk\/sk\/wp-json\/wp\/v2\/product_brand?post=23171"},{"taxonomy":"product_cat","embeddable":true,"href":"https:\/\/diamondspa.sk\/sk\/wp-json\/wp\/v2\/product_cat?post=23171"},{"taxonomy":"product_tag","embeddable":true,"href":"https:\/\/diamondspa.sk\/sk\/wp-json\/wp\/v2\/product_tag?post=23171"}],"curies":[{"name":"wp","href":"https:\/\/api.w.org\/{rel}","templated":true}]}}