{"id":23187,"date":"2024-03-10T05:55:53","date_gmt":"2024-03-10T04:55:53","guid":{"rendered":"https:\/\/diamondspa.sk\/product\/m-spa-sprchovaci-box-8220l-s-hydromasazou-120-x-85-x-215-cm-lava-verzia\/"},"modified":"2025-08-15T08:31:45","modified_gmt":"2025-08-15T06:31:45","slug":"m-spa-sprchovaci-box-8220l-s-hydromasazou-120-x-85-x-215-cm-lava-verzia","status":"publish","type":"product","link":"https:\/\/diamondspa.sk\/sk\/produkt\/m-spa-sprchovaci-box-8220l-s-hydromasazou-120-x-85-x-215-cm-lava-verzia\/","title":{"rendered":"M-SPA &#8211; Sprchovac\u00ed box 8220L s hydromas\u00e1\u017eou 120 x 85 x 215 cm, \u013eav\u00e1 verzia"},"content":{"rendered":"<h2><span class=\"page-name\" style=\"font-size: 12pt;\"> Sprchovac\u00ed box 8220 black s hydromas\u00e1\u017eou 120 x 85 x 215 cm, \u013eav\u00e1 verzia<br \/><\/span><\/h2>\n<p class=\"text-left\">Sprchovac\u00ed box M-SPA 8220 black v\u010faka spr\u00e1vne usporiadan\u00fdm a\u017e \u0161iestim mas\u00e1\u017enym trysk\u00e1m zlep\u0161\u00ed krvn\u00fd obeh a poskytne \u00fa\u013eavu bo\u013eav\u00fdm alebo oslaben\u00fdm svalom. Elektronick\u00fd ovl\u00e1dac\u00ed panel umo\u017e\u0148uje ovl\u00e1da\u0165 svetlo tak, aby vytv\u00e1ralo pr\u00edjemn\u00fa atmosf\u00e9ru, a \u010fal\u0161ia v\u00fdhoda vo forme r\u00e1dia upokoj\u00ed va\u0161e zmysly hudbou. <br \/>Sprchov\u00e1 kab\u00edna m\u00e1 vrchn\u00fd stropn\u00fd kryt a ventil\u00e1tor, ktor\u00fd minimalizuje mno\u017estvo vlhkosti usadenej na strope k\u00fape\u013ene a zabra\u0148uje tak tvorba napr. plesn\u00ed. <br \/>Da\u017e\u010fov\u00e1 sprcha zvy\u0161uje komfort pri sprchovan\u00ed. Ve\u0161iak, ktor\u00fd je s\u00fa\u010das\u0165ou s\u00fapravy, v\u00e1m umo\u017en\u00ed zavesi\u0165 k\u00fapacie pr\u00edslu\u0161enstvo v kab\u00edne, \u010do je vysoko funk\u010dn\u00e9 rie\u0161enie.<\/p>\n<p>\u00a0<\/p>\n<p><strong>POPIS PRODUKTU:<\/strong><\/p>\n<ul>\n<li>Materi\u00e1l: tvrden\u00e9 sklo 5 mm<\/li>\n<li>Sprchov\u00e1 vani\u010dka z akryl\u00e1tu (ABS)<\/li>\n<li>Hlin\u00edkov\u00fd r\u00e1m<\/li>\n<li>Multifunk\u010dn\u00e1 ru\u010dn\u00e1 sprcha: 1 ks.<\/li>\n<li>Bat\u00e9ria: 1 ks<\/li>\n<li>Da\u017e\u010fov\u00e1 sprcha: \u00e1no<\/li>\n<li>Sklopn\u00e9 sed\u00e1tko<\/li>\n<li>Opierka<\/li>\n<li>N\u00e1doba na \u0161amp\u00f3n \/ sprchov\u00fd g\u00e9l: 1 komplet<\/li>\n<li>6 mas\u00e1\u017enych trysiek<\/li>\n<li>Mas\u00e1\u017eny pr\u00edstroj na nohy: \u00e1no<\/li>\n<li>Dr\u017eiak na uter\u00e1ky: \u00e1no<\/li>\n<li>Stropn\u00e9 osvetlenie: 2 ks<\/li>\n<li>Polica: 1 ks.<\/li>\n<li>Zrkadlo: 1 ks.<\/li>\n<li>Ods\u00e1vac\u00ed ventil\u00e1tor 1 ks<\/li>\n<li>Reproduktor: 1 ks<\/li>\n<li>R\u00e1dio: \u00e1no<\/li>\n<li>Ovl\u00e1dac\u00ed panel s FM r\u00e1diom<\/li>\n<\/ul>\n<p>\u00a0\u00a0\u00a0\u00a0\u00a0\u00a0\u00a0\u00a0\u00a0\u00a0\u00a0\u00a0\u00a0\u00a0\u00a0\u00a0\u00a0 \u00a0 \u00a0 \u00a0\u00a0<\/p>\n<p><img fetchpriority=\"high\" decoding=\"async\" src=\"https:\/\/diamondspa.sk\/wp-content\/uploads\/2024\/03\/M-SPA-Sprchovaci-box-8218L-black-s-hydromasazou-120-x-85-x-215-cm-lava-verzia-001.jpg\" width=\"1000\" height=\"1000\" alt=\"\"><\/p>\n<p><img decoding=\"async\" src=\"https:\/\/diamondspa.sk\/wp-content\/uploads\/2024\/03\/M-SPA-Sprchovaci-box-8218L-black-s-hydromasazou-120-x-85-x-215-cm-lava-verzia-002.jpg\" width=\"1000\" height=\"1000\" alt=\"\"><\/p>\n<p><img decoding=\"async\" src=\"https:\/\/diamondspa.sk\/wp-content\/uploads\/2024\/03\/M-SPA-Sprchovaci-box-8218L-black-s-hydromasazou-120-x-85-x-215-cm-lava-verzia-003.jpg\" width=\"1000\" height=\"1000\" alt=\"\"><\/p>\n<p><img loading=\"lazy\" decoding=\"async\" src=\"https:\/\/diamondspa.sk\/wp-content\/uploads\/2024\/03\/M-SPA-Sprchovaci-box-8218L-black-s-hydromasazou-120-x-85-x-215-cm-lava-verzia-004.jpg\" width=\"1000\" height=\"658\" alt=\"\"><\/p>\n<p><img loading=\"lazy\" decoding=\"async\" src=\"https:\/\/diamondspa.sk\/wp-content\/uploads\/2024\/03\/M-SPA-Sprchovaci-box-8218L-black-s-hydromasazou-120-x-85-x-215-cm-lava-verzia-005.jpg\" width=\"1000\" height=\"658\" alt=\"\"><\/p>\n<p>\u00a0<\/p>\n<p>\u00a0<\/p>\n<p>\u00a0<\/p>\n","protected":false},"excerpt":{"rendered":"<p>Sprchovac\u00ed box 8220 black s hydromas\u00e1\u017eou 120 x 85 x 215 cm, \u013eav\u00e1 verzia Sprchovac\u00ed box M-SPA 8220 black v\u010faka spr\u00e1vne usporiadan\u00fdm a\u017e \u0161iestim mas\u00e1\u017enym trysk\u00e1m zlep\u0161\u00ed krvn\u00fd obeh a poskytne \u00fa\u013eavu bo\u013eav\u00fdm alebo oslaben\u00fdm svalom. Elektronick\u00fd ovl\u00e1dac\u00ed panel umo\u017e\u0148uje ovl\u00e1da\u0165 svetlo tak, aby vytv\u00e1ralo pr\u00edjemn\u00fa atmosf\u00e9ru, a \u010fal\u0161ia v\u00fdhoda vo forme r\u00e1dia upokoj\u00ed va\u0161e [&hellip;]<\/p>\n","protected":false},"featured_media":23188,"comment_status":"closed","ping_status":"open","template":"","meta":[],"product_brand":[2536],"product_cat":[111],"product_tag":[],"class_list":{"0":"post-23187","1":"product","2":"type-product","3":"status-publish","4":"has-post-thumbnail","6":"product_brand-m-spa","7":"product_cat-masazne-sprchove-boxy","8":"pa_pocet-miest-622","9":"pa_pocet-trysiek-383","10":"pa_sirka-85-cm","11":"pa_vyrobca-m-spa","12":"pa_vyska-215-cm","13":"pa_zaruka-2-roky","15":"first","16":"instock","17":"sale","18":"taxable","19":"shipping-taxable","20":"purchasable","21":"product-type-simple"},"_links":{"self":[{"href":"https:\/\/diamondspa.sk\/sk\/wp-json\/wp\/v2\/product\/23187","targetHints":{"allow":["GET"]}}],"collection":[{"href":"https:\/\/diamondspa.sk\/sk\/wp-json\/wp\/v2\/product"}],"about":[{"href":"https:\/\/diamondspa.sk\/sk\/wp-json\/wp\/v2\/types\/product"}],"replies":[{"embeddable":true,"href":"https:\/\/diamondspa.sk\/sk\/wp-json\/wp\/v2\/comments?post=23187"}],"wp:featuredmedia":[{"embeddable":true,"href":"https:\/\/diamondspa.sk\/sk\/wp-json\/wp\/v2\/media\/23188"}],"wp:attachment":[{"href":"https:\/\/diamondspa.sk\/sk\/wp-json\/wp\/v2\/media?parent=23187"}],"wp:term":[{"taxonomy":"product_brand","embeddable":true,"href":"https:\/\/diamondspa.sk\/sk\/wp-json\/wp\/v2\/product_brand?post=23187"},{"taxonomy":"product_cat","embeddable":true,"href":"https:\/\/diamondspa.sk\/sk\/wp-json\/wp\/v2\/product_cat?post=23187"},{"taxonomy":"product_tag","embeddable":true,"href":"https:\/\/diamondspa.sk\/sk\/wp-json\/wp\/v2\/product_tag?post=23187"}],"curies":[{"name":"wp","href":"https:\/\/api.w.org\/{rel}","templated":true}]}}