{"id":23195,"date":"2024-03-10T05:55:53","date_gmt":"2024-03-10T04:55:53","guid":{"rendered":"https:\/\/diamondspa.sk\/product\/m-spa-sprchovy-box-biely-s-hydromasazou-a-parnou-saunou-513ds-90-x-90-x-215-cm\/"},"modified":"2025-08-15T08:31:45","modified_gmt":"2025-08-15T06:31:45","slug":"m-spa-sprchovy-box-biely-s-hydromasazou-a-parnou-saunou-513ds-90-x-90-x-215-cm","status":"publish","type":"product","link":"https:\/\/diamondspa.sk\/sk\/produkt\/m-spa-sprchovy-box-biely-s-hydromasazou-a-parnou-saunou-513ds-90-x-90-x-215-cm\/","title":{"rendered":"M-SPA &#8211; Sprchov\u00fd box biely s hydromas\u00e1\u017eou a parnou saunou 513DS 90 x 90 x 215 cm"},"content":{"rendered":"<p>V\u00fd\u0161ka vani\u010dky: 15 cm.<br \/>5mm tvrden\u00e9 sklo<br \/>Povrchov\u00e1 \u00faprava sprchovej vani\u010dky: AKRYL\u00c1T Siv\u00fd<br \/>hlin\u00edkov\u00fd r\u00e1m<br \/>Hydromas\u00e1\u017ene trysky: 6 ks<br \/>Termostatick\u00e1 bat\u00e9ria: \u00e1no<\/p>\n<p>Funkcia parnej sauny: \u00e1no<br \/>Multifunk\u010dn\u00e1 ru\u010dn\u00e1 sprcha: \u00e1no<br \/>Kovov\u00e1 sprchov\u00e1 hadica: \u00e1no<br \/>V\u00fdfukov\u00fd ventil\u00e1tor 1 ks<br \/>Da\u017e\u010fov\u00e1 sprcha: \u00e1no<br \/>Mas\u00e1\u017eny pr\u00edstroj na nohy: \u00e1no<br \/>LED svetl\u00e1 okolo da\u017e\u010fovej sprchy: 12 ks<br \/>LED svetiel na paneli: 12 ks<br \/>2 sklenen\u00e9 police: \u00e1no<br \/>Ovl\u00e1dac\u00ed panel: \u00e1no<br \/>R\u00e1dio: \u00e1no<br \/>Reproduktor: 1 ks<\/p>\n","protected":false},"excerpt":{"rendered":"<p>V\u00fd\u0161ka vani\u010dky: 15 cm.5mm tvrden\u00e9 skloPovrchov\u00e1 \u00faprava sprchovej vani\u010dky: AKRYL\u00c1T Siv\u00fdhlin\u00edkov\u00fd r\u00e1mHydromas\u00e1\u017ene trysky: 6 ksTermostatick\u00e1 bat\u00e9ria: \u00e1no Funkcia parnej sauny: \u00e1noMultifunk\u010dn\u00e1 ru\u010dn\u00e1 sprcha: \u00e1noKovov\u00e1 sprchov\u00e1 hadica: \u00e1noV\u00fdfukov\u00fd ventil\u00e1tor 1 ksDa\u017e\u010fov\u00e1 sprcha: \u00e1noMas\u00e1\u017eny pr\u00edstroj na nohy: \u00e1noLED svetl\u00e1 okolo da\u017e\u010fovej sprchy: 12 ksLED svetiel na paneli: 12 ks2 sklenen\u00e9 police: \u00e1noOvl\u00e1dac\u00ed panel: \u00e1noR\u00e1dio: \u00e1noReproduktor: 1 ks<\/p>\n","protected":false},"featured_media":23196,"comment_status":"closed","ping_status":"open","template":"","meta":[],"product_brand":[2536],"product_cat":[111],"product_tag":[],"class_list":{"0":"post-23195","1":"product","2":"type-product","3":"status-publish","4":"has-post-thumbnail","6":"product_brand-m-spa","7":"product_cat-masazne-sprchove-boxy","8":"pa_pocet-trysiek-383","9":"pa_povrch-akryl","10":"pa_sirka-110-cm","11":"pa_vyrobca-m-spa","12":"pa_vyska-215-cm","13":"pa_zaruka-2-roky","15":"first","16":"instock","17":"sale","18":"taxable","19":"shipping-taxable","20":"purchasable","21":"product-type-simple"},"_links":{"self":[{"href":"https:\/\/diamondspa.sk\/sk\/wp-json\/wp\/v2\/product\/23195","targetHints":{"allow":["GET"]}}],"collection":[{"href":"https:\/\/diamondspa.sk\/sk\/wp-json\/wp\/v2\/product"}],"about":[{"href":"https:\/\/diamondspa.sk\/sk\/wp-json\/wp\/v2\/types\/product"}],"replies":[{"embeddable":true,"href":"https:\/\/diamondspa.sk\/sk\/wp-json\/wp\/v2\/comments?post=23195"}],"wp:featuredmedia":[{"embeddable":true,"href":"https:\/\/diamondspa.sk\/sk\/wp-json\/wp\/v2\/media\/23196"}],"wp:attachment":[{"href":"https:\/\/diamondspa.sk\/sk\/wp-json\/wp\/v2\/media?parent=23195"}],"wp:term":[{"taxonomy":"product_brand","embeddable":true,"href":"https:\/\/diamondspa.sk\/sk\/wp-json\/wp\/v2\/product_brand?post=23195"},{"taxonomy":"product_cat","embeddable":true,"href":"https:\/\/diamondspa.sk\/sk\/wp-json\/wp\/v2\/product_cat?post=23195"},{"taxonomy":"product_tag","embeddable":true,"href":"https:\/\/diamondspa.sk\/sk\/wp-json\/wp\/v2\/product_tag?post=23195"}],"curies":[{"name":"wp","href":"https:\/\/api.w.org\/{rel}","templated":true}]}}