{"id":23203,"date":"2024-03-10T05:55:53","date_gmt":"2024-03-10T04:55:53","guid":{"rendered":"https:\/\/diamondspa.sk\/product\/m-spa-1080-kupelnova-vana-s-hydromasazou-173-x-120-x-68-cm\/"},"modified":"2025-09-05T10:46:30","modified_gmt":"2025-09-05T08:46:30","slug":"m-spa-1080-kupelnova-vana-s-hydromasazou-173-x-120-x-68-cm","status":"publish","type":"product","link":"https:\/\/diamondspa.sk\/sk\/produkt\/m-spa-1080-kupelnova-vana-s-hydromasazou-173-x-120-x-68-cm\/","title":{"rendered":"M-SPA &#8211; 1080 k\u00fape\u013e\u0148ov\u00e1 va\u0148a s hydromas\u00e1\u017eou 173 x 120 x 68 cm"},"content":{"rendered":"<p><strong>POPIS PRODUKTU:<\/strong><\/p>\n<ul>\n<li>Po\u010det miest na sedenie: 2 osoby<\/li>\n<li>Nap\u00e1janie: 220 ~ 240V\/50<\/li>\n<li style=\"text-align: left;\">Materi\u00e1l: akryl<\/li>\n<li>Opierka hlavy 2 ks.<\/li>\n<li>Vodn\u00e9 \u010derpadlo s v\u00fdkonom 1,5 kW: 1 ks<\/li>\n<li>Vodn\u00e9 trysky (3\u2033) 22 ks<\/li>\n<li>Vzduchov\u00e9 \u010derpadlo 0,3 kW: 1 ks.<\/li>\n<li>Vzduchov\u00e9 trysky (1\u2033) 12 ks z toho (2 ks podsvieten\u00e9 &#8211; sedem farieb)<\/li>\n<li>Gener\u00e1tor oz\u00f3nu: 1 ks<\/li>\n<li>Svetlo SPA: 1 ks (sedem farieb)<\/li>\n<li>Podvodn\u00e9 LED di\u00f3dy: 16 ks<\/li>\n<li>Multifunk\u010dn\u00e1 ru\u010dn\u00e1 sprcha: 1 ks.<\/li>\n<li>Va\u0148ov\u00e1 bat\u00e9ria: 1 ks.<\/li>\n<li>Rameno va\u0148ovej bat\u00e9rie: \u00e1no<\/li>\n<li>Osvetlenie led v \u010delnom paneli vane: 7 ks.<\/li>\n<li>R\u00e1dio: \u00e1no<\/li>\n<li>Reproduktor 1 ks.<\/li>\n<li>Ovl\u00e1dac\u00ed panel: \u00e1no (\u00fapln\u00e9 ovl\u00e1danie vane)<\/li>\n<li>Presklenen\u00e1 predn\u00e1 \u010das\u0165: \u00e1no<\/li>\n<li>Vodn\u00e9 trysky s nerezovej ocele<\/li>\n<li>Hydromas\u00e1\u017ena va\u0148a m\u00e1 oblo\u017eenie z 3 str\u00e1n (\u010deln\u00fd panel 1x + bo\u010dn\u00fd panel 2x)<\/li>\n<\/ul>\n<p><img fetchpriority=\"high\" decoding=\"async\" src=\"https:\/\/diamondspa.sk\/wp-content\/uploads\/2024\/03\/M-spa-1080-kupelnova-vana-s-hydromasazou-173-x-120-x-68-cm_001.jpg\" width=\"1000\" height=\"1000\" alt=\"\"><\/p>\n<p><img decoding=\"async\" src=\"https:\/\/diamondspa.sk\/wp-content\/uploads\/2024\/03\/M-spa-1080-kupelnova-vana-s-hydromasazou-173-x-120-x-68-cm_002.jpg\" width=\"1000\" height=\"1000\" alt=\"\"><\/p>\n<p><img decoding=\"async\" src=\"https:\/\/diamondspa.sk\/wp-content\/uploads\/2024\/03\/M-spa-1080-kupelnova-vana-s-hydromasazou-173-x-120-x-68-cm_003.jpg\" width=\"1000\" height=\"1000\" alt=\"\"><\/p>\n<p><img loading=\"lazy\" decoding=\"async\" src=\"https:\/\/diamondspa.sk\/wp-content\/uploads\/2024\/03\/M-spa-1080-kupelnova-vana-s-hydromasazou-173-x-120-x-68-cm_004.jpg\" width=\"1000\" height=\"1000\" alt=\"\"><\/p>\n<p><img loading=\"lazy\" decoding=\"async\" src=\"https:\/\/diamondspa.sk\/wp-content\/uploads\/2024\/03\/M-spa-1080-kupelnova-vana-s-hydromasazou-173-x-120-x-68-cm_005.jpg\" width=\"1000\" height=\"1000\" alt=\"\"><\/p>\n<p><img loading=\"lazy\" decoding=\"async\" src=\"https:\/\/diamondspa.sk\/wp-content\/uploads\/2024\/03\/M-spa-1080-kupelnova-vana-s-hydromasazou-173-x-120-x-68-cm_006.jpg\" width=\"1000\" height=\"1000\" alt=\"\"><\/p>\n<p><img loading=\"lazy\" decoding=\"async\" src=\"https:\/\/diamondspa.sk\/wp-content\/uploads\/2024\/03\/M-spa-1080-kupelnova-vana-s-hydromasazou-173-x-120-x-68-cm_007.jpg\" width=\"1000\" height=\"751\" alt=\"\"><\/p>\n<p><img loading=\"lazy\" decoding=\"async\" src=\"https:\/\/diamondspa.sk\/wp-content\/uploads\/2024\/03\/M-spa-1080-kupelnova-vana-s-hydromasazou-173-x-120-x-68-cm_008.jpg\" width=\"1000\" height=\"751\" alt=\"\"><\/p>\n<p><img loading=\"lazy\" decoding=\"async\" src=\"https:\/\/diamondspa.sk\/wp-content\/uploads\/2024\/03\/M-spa-1080-kupelnova-vana-s-hydromasazou-173-x-120-x-68-cm_009.jpg\" width=\"1000\" height=\"751\" alt=\"\"><\/p>\n<p><img loading=\"lazy\" decoding=\"async\" src=\"https:\/\/diamondspa.sk\/wp-content\/uploads\/2024\/03\/M-spa-1080-kupelnova-vana-s-hydromasazou-173-x-120-x-68-cm_010.jpg\" width=\"1000\" height=\"751\" alt=\"\"><\/p>\n<p><img loading=\"lazy\" decoding=\"async\" src=\"https:\/\/diamondspa.sk\/wp-content\/uploads\/2024\/03\/M-spa-1080-kupelnova-vana-s-hydromasazou-173-x-120-x-68-cm_011.jpg\" width=\"1000\" height=\"751\" alt=\"\"><\/p>\n<p><img loading=\"lazy\" decoding=\"async\" src=\"https:\/\/diamondspa.sk\/wp-content\/uploads\/2024\/03\/M-spa-1080-kupelnova-vana-s-hydromasazou-173-x-120-x-68-cm_012.jpg\" width=\"1000\" height=\"751\" alt=\"\"><\/p>\n<p><img loading=\"lazy\" decoding=\"async\" src=\"https:\/\/diamondspa.sk\/wp-content\/uploads\/2024\/03\/M-spa-1080-kupelnova-vana-s-hydromasazou-173-x-120-x-68-cm_013.jpg\" width=\"1000\" height=\"751\" alt=\"\"><\/p>\n<p><img loading=\"lazy\" decoding=\"async\" src=\"https:\/\/diamondspa.sk\/wp-content\/uploads\/2024\/03\/M-spa-1080-kupelnova-vana-s-hydromasazou-173-x-120-x-68-cm_014.jpg\" width=\"1000\" height=\"751\" alt=\"\"><\/p>\n<p><img loading=\"lazy\" decoding=\"async\" src=\"https:\/\/diamondspa.sk\/wp-content\/uploads\/2024\/03\/M-spa-1080-kupelnova-vana-s-hydromasazou-173-x-120-x-68-cm_015.jpg\" width=\"1000\" height=\"751\" alt=\"\"><\/p>\n","protected":false},"excerpt":{"rendered":"<p>POPIS PRODUKTU: Po\u010det miest na sedenie: 2 osoby Nap\u00e1janie: 220 ~ 240V\/50 Materi\u00e1l: akryl Opierka hlavy 2 ks. Vodn\u00e9 \u010derpadlo s v\u00fdkonom 1,5 kW: 1 ks Vodn\u00e9 trysky (3\u2033) 22 ks Vzduchov\u00e9 \u010derpadlo 0,3 kW: 1 ks. Vzduchov\u00e9 trysky (1\u2033) 12 ks z toho (2 ks podsvieten\u00e9 &#8211; sedem farieb) Gener\u00e1tor oz\u00f3nu: 1 ks Svetlo [&hellip;]<\/p>\n","protected":false},"featured_media":23204,"comment_status":"closed","ping_status":"open","template":"","meta":[],"product_brand":[2536],"product_cat":[168,65],"product_tag":[],"class_list":{"0":"post-23203","1":"product","2":"type-product","3":"status-publish","4":"has-post-thumbnail","6":"product_brand-m-spa","7":"product_cat-hydromasazne-vane","8":"product_cat-vane","9":"pa_pocet-miest-166","10":"pa_pocet-trysiek-1488","11":"pa_sirka-120-cm","12":"pa_vyrobca-m-spa","13":"pa_vyska-68-cm","14":"pa_zaruka-2-roky","16":"first","17":"instock","18":"taxable","19":"shipping-taxable","20":"purchasable","21":"product-type-simple"},"_links":{"self":[{"href":"https:\/\/diamondspa.sk\/sk\/wp-json\/wp\/v2\/product\/23203","targetHints":{"allow":["GET"]}}],"collection":[{"href":"https:\/\/diamondspa.sk\/sk\/wp-json\/wp\/v2\/product"}],"about":[{"href":"https:\/\/diamondspa.sk\/sk\/wp-json\/wp\/v2\/types\/product"}],"replies":[{"embeddable":true,"href":"https:\/\/diamondspa.sk\/sk\/wp-json\/wp\/v2\/comments?post=23203"}],"wp:featuredmedia":[{"embeddable":true,"href":"https:\/\/diamondspa.sk\/sk\/wp-json\/wp\/v2\/media\/23204"}],"wp:attachment":[{"href":"https:\/\/diamondspa.sk\/sk\/wp-json\/wp\/v2\/media?parent=23203"}],"wp:term":[{"taxonomy":"product_brand","embeddable":true,"href":"https:\/\/diamondspa.sk\/sk\/wp-json\/wp\/v2\/product_brand?post=23203"},{"taxonomy":"product_cat","embeddable":true,"href":"https:\/\/diamondspa.sk\/sk\/wp-json\/wp\/v2\/product_cat?post=23203"},{"taxonomy":"product_tag","embeddable":true,"href":"https:\/\/diamondspa.sk\/sk\/wp-json\/wp\/v2\/product_tag?post=23203"}],"curies":[{"name":"wp","href":"https:\/\/api.w.org\/{rel}","templated":true}]}}