{"id":23227,"date":"2024-03-10T05:55:53","date_gmt":"2024-03-10T04:55:53","guid":{"rendered":"https:\/\/diamondspa.sk\/product\/m-spa-vana-turbo-s-hydromasazou-150-x-150-x-62-cm\/"},"modified":"2025-09-05T10:46:30","modified_gmt":"2025-09-05T08:46:30","slug":"m-spa-vana-turbo-s-hydromasazou-150-x-150-x-62-cm","status":"publish","type":"product","link":"https:\/\/diamondspa.sk\/sk\/produkt\/m-spa-vana-turbo-s-hydromasazou-150-x-150-x-62-cm\/","title":{"rendered":"M-SPA &#8211; Va\u0148a TURBO s hydromas\u00e1\u017eou 150 x 150 x 62 cm"},"content":{"rendered":"<p>Ovl\u00e1dac\u00ed panel &#8211; panel podporuje v\u0161etky funkcie vo vani po\u010dn\u00fac \u010derpadlami, ozoniz\u00e1ciou, osvetlen\u00edm, r\u00e1diom a kon\u010diac ohrieva\u010dom.<\/p>\n<p>R\u00e1dio, reproduktory &#8211; pri dlhej mas\u00e1\u017ei vodou a vzduchom m\u00f4\u017eete po\u010d\u00fava\u0165 r\u00e1dio. Ka\u017ed\u00fd z na\u0161ich modelov je vybaven\u00fd tak\u00fdmto prij\u00edma\u010dom a reproduktormi.<\/p>\n<p>Sn\u00edma\u010d hladiny vody &#8211; sl\u00fa\u017ei na ovl\u00e1danie a ochranu \u010derpadiel pred chodom nasucho. Princ\u00edp jeho fungovania je zalo\u017een\u00fd na neust\u00e1lom meran\u00ed hladiny vody, ak jej hladina klesne pod minimum &#8211; \u010derpadl\u00e1 sa nezapn\u00fa (alebo nevypn\u00fa) a nezachytia sa.<br \/>\nVane s\u00fa vybaven\u00e9 prietokov\u00fdm ohrieva\u010dom vody s v\u00fdkonom 1,5 kW a sn\u00edma\u010dom teploty. Pri dlh\u0161om pou\u017e\u00edvan\u00ed vane to zabr\u00e1ni vychladnutiu vody. Teplotu je mo\u017en\u00e9 nastavi\u0165 od 35 \u00b0 C do 40 \u00b0 C. Ohrieva\u010d ho okrem teploty vody dok\u00e1\u017ee aj zv\u00fd\u0161i\u0165, maxim\u00e1lne na 40 \u00b0 C.<\/p>\n<p>Gener\u00e1tor oz\u00f3nu &#8211; \u0161peci\u00e1lny program, ktor\u00fd sterilizuje vodu tak, aby bola va\u0148a aj voda \u010dist\u00e1. Je to nov\u00fd a r\u00fdchly sp\u00f4sob odstra\u0148ovania bakt\u00e9ri\u00ed, rias a pod. Prevzdu\u0161nenie vodn\u00fdmi tryskami &#8211; t\u00e1to funkcia sl\u00fa\u017ei na pridanie vzduchu do vodn\u00e9ho okruhu. \u00da\u010dinkom tohto procesu je zv\u00fd\u0161enie intenzity pr\u00fadu, podobne ako pri koh\u00fatiku s prevzdu\u0161\u0148ova\u010dom. Tento typ hydromas\u00e1\u017ee m\u00e1 obzvl\u00e1\u0161\u0165 dobr\u00fd vplyv na poko\u017eku a zlep\u0161uje jej prekrvenie.<\/p>\n<p>Va\u0148a m\u00e1 gravita\u010dn\u00fd dren\u00e1\u017eny syst\u00e9m. \u010cerpadl\u00e1 maj\u00fa \u010fal\u0161ie hadice, ktor\u00e9 vyp\u00fa\u0161\u0165aj\u00fa v\u0161etku vodu do kanaliz\u00e1cie. Vodovodn\u00e9 potrubie je tie\u017e in\u0161talovan\u00e9 v miestach, kde m\u00f4\u017ee zosta\u0165 voda, napr\u00edklad v potrub\u00ed. Toto rie\u0161enie odstr\u00e1ni v\u0161etku vodu z hydromas\u00e1\u017eneho syst\u00e9mu, tak\u017ee v nej nezostane, tak\u017ee nie je probl\u00e9m so z\u00e1pachom vo vani.<br \/>\nPo dokon\u010den\u00ed k\u00fape\u013ea a vypusten\u00ed vody m\u00f4\u017eete spusti\u0165 odvlh\u010dovac\u00ed syst\u00e9m, ktor\u00fd funguje tak, \u017ee pomocou vzduchov\u00e9ho \u010derpadla pumpuje vzduch do vodn\u00e9ho syst\u00e9mu. T\u00fdm sa zabr\u00e1ni tvorbe plesn\u00ed a nepr\u00edjemn\u00e9mu z\u00e1pachu.<br \/>\nTurbo mas\u00e1\u017e<br \/>\nT\u00e1to funkcia koordinuje vzduchov\u00e9 \u010derpadlo s vodn\u00fdm \u010derpadlom. Vzduchov\u00e9 \u010derpadlo dod\u00e1va do vodn\u00e9ho okruhu vzduch, aby sa zv\u00fd\u0161il v\u00fdkon vodnej mas\u00e1\u017ee. To m\u00e1 obzvl\u00e1\u0161\u0165 priazniv\u00fd \u00fa\u010dinok na zmiernenie bolesti svalov.<br \/>\nMas\u00e1\u017e vodn\u00fdmi a vzduchov\u00fdmi pumpami m\u00e1 osvie\u017euj\u00faci \u00fa\u010dinok na myse\u013e a telo, zameriava sa na tlakov\u00e9 body tela, uvo\u013e\u0148uje svaly a zvlh\u010duje poko\u017eku. Dobr\u00e1 mas\u00e1\u017e vodn\u00fdmi a vzduchov\u00fdmi pumpami v\u00e1m dod\u00e1 potrebn\u00fa energiu a stimuluje krvn\u00fd obeh. \u010cerpadl\u00e1 na vzduch a vodu je mo\u017en\u00e9 pou\u017e\u00edva\u0165 samostatne alebo spolo\u010dne, \u010do prin\u00e1\u0161a intenz\u00edvne pocity.<br \/>\nOsvetlenie vane je dokonal\u00fdm rie\u0161en\u00edm, ktor\u00e9 prin\u00e1\u0161a \u00fa\u017easn\u00fd z\u00e1\u017eitok a vytv\u00e1ra romantick\u00fa atmosf\u00e9ru. Na\u0161e osvetlenie plynule men\u00ed farby alebo je mo\u017en\u00e9 zachova\u0165 ak\u00fako\u013evek farbu, \u010do v\u00e1m prinesie e\u0161te v\u00e4\u010d\u0161iu rados\u0165 z v\u00edrivky. Vane SPA s\u00fa okrem svetla vybaven\u00e9 aj optick\u00fdmi vl\u00e1knami, ktor\u00e9 umoc\u0148uj\u00fa z\u00e1\u017eitok z mas\u00e1\u017ee. Typy farieb: \u010derven\u00e1, modr\u00e1, \u017elt\u00e1, zelen\u00e1, oran\u017eov\u00e1, fialov\u00e1 a biela.<br \/>\nFarebn\u00e1 terapia je netradi\u010dn\u00e1 met\u00f3da lie\u010dby, ktor\u00e1 vystavuje zrakov\u00fd vnem danej osoby pr\u00edslu\u0161n\u00fdm farb\u00e1m, ktor\u00e9 upokojuj\u00fa, uvo\u013e\u0148uj\u00fa alebo stimuluj\u00fa. Ke\u010f ste obklopen\u00ed r\u00f4znymi farbami, m\u00f4\u017eete ma\u0165 viac energie a optimizmu.\u00a0<br \/>\nPOPIS PRODUKTU:<\/p>\n<p>Typ: rohov\u00fd<br \/>\nOpierky hlavy: 2 ks.<br \/>\nNap\u00e1janie: 220 ~ ~ 240 V \/ 50<br \/>\nPovlak: akryl<br \/>\nZasklen\u00e1 predn\u00e1 \u010das\u0165: \u00e1no<br \/>\nBat\u00e9ria s termostatom: \u00e1no<br \/>\nVodn\u00e9 \u010derpadlo s v\u00fdkonom 1,0 hp: 1 kus<br \/>\n10 kusov vodn\u00fdch trysiek vr\u00e1tane:<br \/>\nve\u013ek\u00e9 vodn\u00e9 trysky: 6 ks.<br \/>\nmal\u00e9 vodn\u00e9 trysky: 8 ks.<br \/>\nVzduchov\u00e9 d\u00fdzy: 16 ks.<br \/>\nVzduchov\u00e9 \u010derpadlo 0,25 HP: 1 ks.<br \/>\n1,5 kW ohrieva\u010d vody: \u00e1no<br \/>\nSenzor hladiny vody \/ ochrana proti pop\u00e1leniu \u010derpadla \/: \u00e1no<br \/>\nGravita\u010dn\u00fd su\u0161iaci syst\u00e9m pre mas\u00e1\u017ene trubice: \u00e1no<br \/>\nElektrick\u00fd su\u0161iaci syst\u00e9m pre vodn\u00e9 trysky: \u00e1no \/ voda v mas\u00e1\u017enom syst\u00e9me nezost\u00e1va \/<br \/>\nOvl\u00e1danie smeru mas\u00e1\u017ee ve\u013ek\u00fdch vodn\u00fdch trysiek: \u00e1no<br \/>\nDiferenci\u00e1lny sp\u00edna\u010d: \u00e1no<br \/>\nPrevzdu\u0161\u0148ovac\u00ed syst\u00e9m vodn\u00fdch l\u00fa\u010dov: \u00e1no<br \/>\nRegul\u00e1tor prevzdu\u0161\u0148ovania: \u00e1no<br \/>\nMultifunk\u010dn\u00e1 ru\u010dn\u00e1 sprcha: \u00e1no<br \/>\nGener\u00e1tor oz\u00f3nu: \u00e1no<br \/>\nOdkvapk\u00e1va\u010d: \u00e1no<br \/>\nFarebn\u00e9 podvodn\u00e9 osvetlenie: \u00e1no<br \/>\nSPA svetlo 1 ks (7 druhov farieb)<br \/>\nLED svetlo: 15 ks (7 druhov farieb, odkvapk\u00e1va\u010d)<br \/>\nLED svetlo: 7 ks (7 druhov farieb, predn\u00e1 \u010das\u0165 vane)<br \/>\nProti\u0161mykov\u00e9 dno: \u00e1no<br \/>\nDotykov\u00fd ovl\u00e1dac\u00ed panel: \u00e1no (\u00fapln\u00e9 ovl\u00e1danie pre va\u0148u)<br \/>\nR\u00e1dio: \u00e1no<br \/>\nReproduktor: \u00e1no<br \/>\nKompletn\u00e1 va\u0148a, pripraven\u00e1 na pripojenie<\/p>\n","protected":false},"excerpt":{"rendered":"<p>Ovl\u00e1dac\u00ed panel &#8211; panel podporuje v\u0161etky funkcie vo vani po\u010dn\u00fac \u010derpadlami, ozoniz\u00e1ciou, osvetlen\u00edm, r\u00e1diom a kon\u010diac ohrieva\u010dom. R\u00e1dio, reproduktory &#8211; pri dlhej mas\u00e1\u017ei vodou a vzduchom m\u00f4\u017eete po\u010d\u00fava\u0165 r\u00e1dio. Ka\u017ed\u00fd z na\u0161ich modelov je vybaven\u00fd tak\u00fdmto prij\u00edma\u010dom a reproduktormi. Sn\u00edma\u010d hladiny vody &#8211; sl\u00fa\u017ei na ovl\u00e1danie a ochranu \u010derpadiel pred chodom nasucho. Princ\u00edp jeho fungovania [&hellip;]<\/p>\n","protected":false},"featured_media":15670,"comment_status":"closed","ping_status":"open","template":"","meta":[],"product_brand":[2536],"product_cat":[168,65],"product_tag":[],"class_list":{"0":"post-23227","1":"product","2":"type-product","3":"status-publish","4":"has-post-thumbnail","6":"product_brand-m-spa","7":"product_cat-hydromasazne-vane","8":"product_cat-vane","9":"pa_pocet-miest-166","10":"pa_pocet-trysiek-888","11":"pa_sirka-150-cm","12":"pa_vyrobca-m-spa","13":"pa_vyska-62-cm","14":"pa_zaruka-2-roky","16":"first","17":"instock","18":"sold-individually","19":"taxable","20":"shipping-taxable","21":"purchasable","22":"product-type-simple"},"_links":{"self":[{"href":"https:\/\/diamondspa.sk\/sk\/wp-json\/wp\/v2\/product\/23227","targetHints":{"allow":["GET"]}}],"collection":[{"href":"https:\/\/diamondspa.sk\/sk\/wp-json\/wp\/v2\/product"}],"about":[{"href":"https:\/\/diamondspa.sk\/sk\/wp-json\/wp\/v2\/types\/product"}],"replies":[{"embeddable":true,"href":"https:\/\/diamondspa.sk\/sk\/wp-json\/wp\/v2\/comments?post=23227"}],"wp:featuredmedia":[{"embeddable":true,"href":"https:\/\/diamondspa.sk\/sk\/wp-json\/wp\/v2\/media\/15670"}],"wp:attachment":[{"href":"https:\/\/diamondspa.sk\/sk\/wp-json\/wp\/v2\/media?parent=23227"}],"wp:term":[{"taxonomy":"product_brand","embeddable":true,"href":"https:\/\/diamondspa.sk\/sk\/wp-json\/wp\/v2\/product_brand?post=23227"},{"taxonomy":"product_cat","embeddable":true,"href":"https:\/\/diamondspa.sk\/sk\/wp-json\/wp\/v2\/product_cat?post=23227"},{"taxonomy":"product_tag","embeddable":true,"href":"https:\/\/diamondspa.sk\/sk\/wp-json\/wp\/v2\/product_tag?post=23227"}],"curies":[{"name":"wp","href":"https:\/\/api.w.org\/{rel}","templated":true}]}}