{"id":54072,"date":"2025-07-02T10:51:45","date_gmt":"2025-07-02T08:51:45","guid":{"rendered":"https:\/\/diamondspa.sk\/?post_type=product&#038;p=54072"},"modified":"2025-08-26T21:37:16","modified_gmt":"2025-08-26T19:37:16","slug":"m-spa-koupelnova-vana-s-hydromasazi-180-x-120-x-70-cm","status":"publish","type":"product","link":"https:\/\/diamondspa.sk\/sk\/produkt\/m-spa-koupelnova-vana-s-hydromasazi-180-x-120-x-70-cm\/","title":{"rendered":"M-SPA &#8211; K\u00fape\u013e\u0148ov\u00e1 va\u0148a s hydromas\u00e1\u017eou 180 x 120 x 70 cm"},"content":{"rendered":"\n<p>Ma\u0165 v\u00edrivku sa stalo jednou z najd\u00f4le\u017eitej\u0161\u00edch s\u00fa\u010dast\u00ed \u017eivota v stresuj\u00facom svete. Zvy\u0161uje sa potreba neust\u00e1leho v\u00fdvoja a t\u00fdm aj potreba odpo\u010dinku. V ka\u017edodennom \u017eivote je d\u00f4le\u017eit\u00e9 pozorne po\u010d\u00fava\u0165 re\u010d svojho tela a venova\u0165 si \u010das regener\u00e1cii. Na\u0161e vane v\u00e1m umo\u017enia vychutna\u0165 si chv\u00ed\u013eku relax\u00e1cie v pohodl\u00ed v\u00e1\u0161ho domova.<br>Pri relax\u00e1cii je d\u00f4le\u017eit\u00e9 odpo\u010d\u00edva\u0165 v pohodlnej polohe. Dostupn\u00e9 modely maj\u00fa praktick\u00fd a ergonomick\u00fd tvar. Mas\u00e1\u017ena \u010das\u0165 chrbta vane je zaoblen\u00e1 a mierne sklonen\u00e1 pre v\u00e4\u010d\u0161ie pohodlie a men\u0161ie nam\u00e1hanie chrbta. Trysky na chrbte a pod rukami s\u00fa ploch\u00e9, tak\u017ee po\u010das rel\u00e1ci\u00ed hydromas\u00e1\u017ee nesp\u00f4sobuj\u00fa nepohodlie. Lak\u0165ov\u00e9 opierky s\u00fa nastaven\u00e9 v pr\u00edslu\u0161nej v\u00fd\u0161ke a mierne naklonen\u00e9 nahor, aby bola lak\u0165ov\u00e1 opierka lep\u0161ia. Trysky s\u00fa zameran\u00e9 na r\u00f4zne tlakov\u00e9 body centr\u00e1lneho nervov\u00e9ho syst\u00e9mu tak, aby poskytovali dokonal\u00fa mas\u00e1\u017e pre stuhnut\u00e9 a bo\u013eav\u00e9 svaly.<\/p>\n\n\n\n<p>Pl\u00e1\u0161\u0165 van\u00ed MUE je vyroben\u00fd z akryl\u00e1tu. Na jeho in\u0161tal\u00e1ciu nie s\u00fa potrebn\u00e9 \u017eiadne n\u00e1stroje. Kryty sa skladaj\u00fa z bo\u010dn\u00fdch panelov, upevnen\u00fdch magnetick\u00fdmi sponami, sta\u010d\u00ed puzdro zatla\u010di\u0165 do horn\u00fdch p\u00e1ntov a spodok sa prilep\u00ed na magnety. Takto namontovan\u00fd kryt umo\u017e\u0148uje \u013eahk\u00fd pr\u00edstup na dno vane.<\/p>\n\n\n\n<figure class=\"wp-block-image\"><img decoding=\"async\" src=\"https:\/\/mazurspa.pl\/wp-content\/uploads\/2020\/05\/HW005-1A-HW005-2Aa.jpg\" alt=\"\"\/><\/figure>\n\n\n\n<p>Vane s\u00fa vybaven\u00e9&nbsp;<strong>LED osvetlen\u00edm&nbsp;<\/strong>umiestnen\u00fdm na bo\u010dnej stene. Osvetlenie m\u00e1 syst\u00e9m zmeny farieb na: \u010derven\u00fa, zelen\u00fa, modr\u00fa, fialov\u00fa, bielu, indigov\u00fa a fialov\u00fa. Osvetlenie m\u00e1 tie\u017e troj\u00farov\u0148ov\u00fa \u00farove\u0148 intenzity svetla a schopnos\u0165 pomaly meni\u0165 farby z jednej na druh\u00fa.<\/p>\n\n\n\n<p><strong>Ovl\u00e1dac\u00ed panel&nbsp;<\/strong>je intuit\u00edvny a pou\u017e\u00edvanie je ve\u013emi jednoduch\u00e9. M\u00e1 dotykov\u00fd displej a mno\u017estvo u\u017eito\u010dn\u00fdch funkci\u00ed. S jeho pomocou m\u00f4\u017eete zmeni\u0165 intenzitu svetla (3 \u00farovne) a jeho farbu (7 typov). Panel m\u00e1 tie\u017e r\u00e1dio s frekven\u010dn\u00fdm program\u00e1torom a mo\u017enos\u0165ou manu\u00e1lneho vyh\u013ead\u00e1vania rozhlasov\u00fdch stan\u00edc. K panelu je tie\u017e mo\u017en\u00e9 pripoji\u0165 sa prostredn\u00edctvom vstavan\u00e9ho Bluetooth a prehr\u00e1va\u0165 z telef\u00f3nu n\u00e1\u0161 ob\u013e\u00faben\u00fd zoznam skladieb. Panel aktivuje vodn\u00e9 \u010derpadlo, vzduchov\u00e9 \u010derpadlo a 9 mas\u00e1\u017enych programov. Panel umo\u017e\u0148uje nastavi\u0165 teplotu vody a\u017e do 40oC. Va\u0148u je mo\u017en\u00e9 automaticky nap\u00fa\u0161\u0165a\u0165 vodop\u00e1dom alebo vodn\u00fdmi tryskami, funkcia plnenia sa automaticky vypne, ke\u010f voda dosiahne \u00farove\u0148 senzora. Na vani je nain\u0161talovan\u00fd ozon\u00e1tor, ktor\u00fd vodu sterilizuje, v\u010faka \u010domu bude va\u0148a aj voda \u010dist\u00e1. Je to nov\u00fd a r\u00fdchly sp\u00f4sob odstr\u00e1nenia bakt\u00e9ri\u00ed, rias at\u010f. Po dokon\u010den\u00ed k\u00fape\u013ea a vypusten\u00ed vody m\u00f4\u017eete spusti\u0165 odvlh\u010dovac\u00ed syst\u00e9m, ktor\u00fd funguje tak, \u017ee pumpuje tepl\u00fd vzduch cez vzduchov\u00e9 \u010derpadlo do vodn\u00e9ho syst\u00e9mu. T\u00fdm sa zabr\u00e1ni tvorbe plesn\u00ed a nepr\u00edjemn\u00e9mu z\u00e1pachu.<\/p>\n\n\n\n<p><strong>Turbo mas\u00e1\u017e<\/strong><\/p>\n\n\n\n<p>T\u00e1to funkcia koordinuje vzduchov\u00e9 \u010derpadlo s vodn\u00fdm \u010derpadlom. Vzduchov\u00e9 \u010derpadlo dod\u00e1va do vodn\u00e9ho okruhu vzduch, aby sa zv\u00fd\u0161il v\u00fdkon vodnej mas\u00e1\u017ee. To m\u00e1 obzvl\u00e1\u0161\u0165 priazniv\u00fd \u00fa\u010dinok na zmiernenie bolesti svalov. \u010cerpadl\u00e1 vzduchu a vody na vani boli podroben\u00e9 r\u00f4znym testom, ktor\u00e9 uk\u00e1zali, \u017ee vyd\u00e1vaj\u00fa ove\u013ea men\u0161\u00ed hluk ako v\u00edriv\u00e9 vane ni\u017e\u0161ej triedy. Hladina zvuku nepresahuje 34 dB, \u010do je ekvivalent \u0161epotu.<\/p>\n\n\n\n<p>Mas\u00e1\u017e vodn\u00fdmi a vzduchov\u00fdmi pumpami m\u00e1 osvie\u017euj\u00faci \u00fa\u010dinok na myse\u013e a telo, zameriava sa na tlakov\u00e9 body tela, uvo\u013e\u0148uje svaly a zvlh\u010duje poko\u017eku. Dobr\u00e1 mas\u00e1\u017e vodn\u00fdmi a vzduchov\u00fdmi pumpami v\u00e1m dod\u00e1 potrebn\u00fa energiu a stimuluje krvn\u00fd obeh. \u010cerpadl\u00e1 na vzduch a vodu je mo\u017en\u00e9 pou\u017e\u00edva\u0165 samostatne alebo spolo\u010dne, \u010do prin\u00e1\u0161a intenz\u00edvne pocity.<\/p>\n\n\n\n<p>Niektor\u00e9 z van\u00ed maj\u00fa podr\u00fa\u010dky, ktor\u00e9 v\u010faka vhodnej v\u00fd\u0161ke a umiestneniu v miernom uhle smerom hore zais\u0165uj\u00fa pohodln\u00fa polohu po\u010das mas\u00e1\u017ee. Na lak\u0165ov\u00fdch opierkach s\u00fa tie\u017e vodn\u00e9 trysky, ktor\u00fdch pr\u00fad smeruje k pa\u017eiam a ruk\u00e1m, \u010do v\u00e1m umo\u017en\u00ed uvo\u013eni\u0165 svaly a u\u017ei\u0165 si stimula\u010dn\u00fa mas\u00e1\u017e e\u0161te viac. V\u0161etky vodn\u00e9 trysky s\u00fa vyroben\u00e9 z nehrdzavej\u00facej ocele a ich umiestnenie je zameran\u00e9 na r\u00f4zne tlakov\u00e9 body tela, aby bola zaisten\u00e1 relaxa\u010dn\u00e1 mas\u00e1\u017e. Ploch\u00e9 trysky poskytuj\u00fa v\u00e4\u010d\u0161\u00ed mas\u00e1\u017eny komfort, preto\u017ee ich pri relax\u00e1cii vo vani nec\u00edtite. V spodnej \u010dasti vane, vo v\u00fd\u0161ke chrbta a pozd\u013a\u017e jej dlh\u00fdch str\u00e1n, s\u00fa in\u0161talovan\u00e9 smerov\u00e9 trysky, ktor\u00e9 umo\u017e\u0148uj\u00fa zmeni\u0165 smer mas\u00e1\u017ee. Trysky v podlahe vane a vo v\u00fd\u0161ke hornej \u010dasti chrbta smeruj\u00fa k mas\u00e1\u017ei koncov svalov pre lep\u0161iu cirkul\u00e1ciu.<\/p>\n\n\n\n<p>V\u0161etky vane radu MUE s\u00fa vybaven\u00e9 ve\u013emi v\u00fdkonn\u00fdmi vodn\u00fdmi \u010derpadlami s v\u00fdkonom 2,2 kW a vzduchov\u00fdmi \u010derpadlami s v\u00fdkonom 0,4 kW. Intenzitu emitovan\u00fdch vzduchov\u00fdch bubl\u00edn je mo\u017en\u00e9 ovl\u00e1da\u0165 na dev\u00e4\u0165stup\u0148ovej stupnici. \u010eal\u0161ou funkciou vzduchov\u00e9ho \u010derpadla je teplovzdu\u0161n\u00fd vykurovac\u00ed syst\u00e9m, \u010do zaru\u010duje nev\u00eddan\u00fd mas\u00e1\u017eny z\u00e1\u017eitok.<\/p>\n\n\n\n<p>V\u0161etky vane radu MUE s\u00fa vybaven\u00e9 v\u00fdkonn\u00fdm prietokov\u00fdm ohrieva\u010dom vody s v\u00fdkonom 2 kW. Pri dlh\u0161om pou\u017e\u00edvan\u00ed vane to zabr\u00e1ni vychladnutiu vody. Teplotu je mo\u017en\u00e9 nastavi\u0165 od 35 \u00b0 C do 40 \u00b0 C. Ohrieva\u010d ho okrem teploty vody dok\u00e1\u017ee aj zv\u00fd\u0161i\u0165, maxim\u00e1lne na 40 \u00b0 C.<\/p>\n\n\n\n<p>Kon\u0161trukcia r\u00e1mu vane je vyroben\u00e1 z nehrdzavej\u00facej ocele, s\u00fa na nej pripevnen\u00e9 plastov\u00e9 no\u017ei\u010dky s oce\u013eovou skrutkou, ktor\u00e9 umo\u017e\u0148uj\u00fa vyrovnanie vane na nerovnom povrchu. V\u0161etko, \u010do mus\u00edte urobi\u0165, je priskrutkova\u0165 alebo odskrutkova\u0165 nohu do pr\u00edslu\u0161nej v\u00fd\u0161ky.<\/p>\n\n\n\n<p>Vane maj\u00fa inovat\u00edvny syst\u00e9m odvodu vody zo sprchovej hadice. Pri pou\u017eit\u00ed sprchy sa voda zhroma\u017e\u010fuje v hadici, ke\u010f d\u00e1me sprchov\u00fa hlavicu sp\u00e4\u0165 na svoje miesto, voda v hadici stek\u00e1 za va\u0148u. Odvod\u0148ovac\u00ed syst\u00e9m tomu zabr\u00e1ni odveden\u00edm vody z hadice do odtoku.<\/p>\n\n\n\n<p>Faucetov\u00e9 vane radu MUE s\u00fa vybaven\u00e9 kvalitn\u00fdmi chr\u00f3movan\u00fdmi mosadzn\u00fdmi koh\u00fatikmi okr\u00fahleho alebo hranat\u00e9ho tvaru. Bat\u00e9ria je navrhnut\u00e1 tak, aby poskytovala vynikaj\u00facu kvalitu a v\u00fdkon po dlh\u00fa dobu. Potrebn\u00fa \u00fadr\u017ebu je mo\u017en\u00e9 vykona\u0165 jednoducho vytiahnut\u00edm gomb\u00edkov. Vn\u00fatorn\u00e9 \u010dasti bat\u00e9rie s\u00fa vyroben\u00e9 z najkvalitnej\u0161\u00edch materi\u00e1lov. Termostatick\u00fa vlo\u017eku vyr\u00e1ba spolo\u010dnos\u0165 Vemet, zn\u00e1ma v sanit\u00e1rnom priemysle. Koh\u00fatiky maj\u00fa r\u00f4zne funkcie na nap\u00fa\u0161\u0165anie vane vodop\u00e1dom, ru\u010dnou sprchou alebo vodn\u00fdmi tryskami. Tvar sprchovej hlavice je prisp\u00f4soben\u00fd tvaru sprchovej hlavice, celok vytv\u00e1ra estetick\u00fd vzh\u013ead. Kruhov\u00e1 sprchov\u00e1 hlavica m\u00e1 tri polohy sprchovania: norm\u00e1lne, mas\u00e1\u017e a kombin\u00e1cia t\u00fdchto dvoch. Na stene vane je nain\u0161talovan\u00fd exkluz\u00edvny vodop\u00e1d, ktor\u00fd jej dod\u00e1va modern\u00fa podobu. Vodop\u00e1d a ru\u010dn\u00fa sprchu je mo\u017en\u00e9 ovl\u00e1da\u0165 manu\u00e1lne aj pomocou dotykov\u00e9ho ovl\u00e1dacieho panela. Va\u0148a m\u00e1 funkciu automatick\u00e9ho zastavenia plnenia po dosiahnut\u00ed \u00farovne, na ktorej je umiestnen\u00fd senzor.&nbsp;<\/p>\n\n\n\n<p><strong>PARAMETRE PRODUKTU:<\/strong><\/p>\n\n\n\n<ul class=\"wp-block-list\">\n<li>Opierka hlavy: 2 ks priskrutkovan\u00e1<\/li>\n\n\n\n<li>Nap\u00e1janie: 220 ~ 240 V \/ 50 Hz<\/li>\n\n\n\n<li>Povlak: akryl, ve\u013emi hrub\u00fd<\/li>\n\n\n\n<li>Jednoduch\u00e1 mont\u00e1\u017e \/ demont\u00e1\u017e<\/li>\n\n\n\n<li>Nerezov\u00e1 kon\u0161trukcia<\/li>\n\n\n\n<li>Vodn\u00e9 trysky: 44 ks<\/li>\n\n\n\n<li>2,2 KW vodn\u00e9 \u010derpadlo<\/li>\n\n\n\n<li>Vzduchov\u00e9 d\u00fdzy: 22 ks<\/li>\n\n\n\n<li>Vzduchov\u00e9 \u010derpadlo 400 W (+ 180 W)<\/li>\n\n\n\n<li>Prevzdu\u0161\u0148ovac\u00ed syst\u00e9m vodn\u00fdch l\u00fa\u010dov<\/li>\n\n\n\n<li>Regul\u00e1tor prevzdu\u0161\u0148ovania<\/li>\n\n\n\n<li>Senzor hladiny vody<\/li>\n\n\n\n<li>Nekone\u010dne variabiln\u00e1 hydromas\u00e1\u017ena sila<\/li>\n\n\n\n<li>2 KW ohrieva\u010d vody<\/li>\n\n\n\n<li>SPA svetlo (sedem druhov farieb, pod vodou)<\/li>\n\n\n\n<li>Nastavite\u013en\u00fd jas svetla<\/li>\n\n\n\n<li>Bat\u00e9ria<\/li>\n\n\n\n<li>Vodop\u00e1d<\/li>\n\n\n\n<li>Multifunk\u010dn\u00e1 sprchov\u00e1 hlavica<\/li>\n\n\n\n<li>Hydromas\u00e1\u017eny su\u0161iaci syst\u00e9m (180 W)<\/li>\n\n\n\n<li>Ovl\u00e1dac\u00ed panel (\u00fapln\u00e9 ovl\u00e1danie k vani)<\/li>\n\n\n\n<li>Bluetooth<\/li>\n\n\n\n<li>R\u00e1dio<\/li>\n\n\n\n<li>Reproduktor<\/li>\n\n\n\n<li>Vyp\u00fa\u0161\u0165acia z\u00e1tka<\/li>\n<\/ul>\n\n\n\n<p>Elektrick\u00e9 dr\u00f4ty s\u00fa bezpe\u010dne skryt\u00e9 pozd\u013a\u017e kon\u0161trukcie za plastov\u00fdm p\u00e1som, chr\u00e1nen\u00fdm pred vodou<\/p>\n\n\n\n<p>\u0160peci\u00e1lny odtok pod sprchov\u00fa hlavicu, voda, ktor\u00e1 stek\u00e1 po sprchovej hadici, nestek\u00e1 pod va\u0148ou, ale je odveden\u00e1 do kanaliz\u00e1cie<\/p>\n\n\n\n<p><\/p>\n","protected":false},"excerpt":{"rendered":"<p>Ma\u0165 v\u00edrivku sa stalo jednou z najd\u00f4le\u017eitej\u0161\u00edch s\u00fa\u010dast\u00ed \u017eivota v stresuj\u00facom svete. Zvy\u0161uje sa potreba neust\u00e1leho v\u00fdvoja a t\u00fdm aj potreba odpo\u010dinku. V ka\u017edodennom \u017eivote je d\u00f4le\u017eit\u00e9 pozorne po\u010d\u00fava\u0165 re\u010d svojho tela a venova\u0165 si \u010das regener\u00e1cii. Na\u0161e vane v\u00e1m umo\u017enia vychutna\u0165 si chv\u00ed\u013eku relax\u00e1cie v pohodl\u00ed v\u00e1\u0161ho domova.Pri relax\u00e1cii je d\u00f4le\u017eit\u00e9 odpo\u010d\u00edva\u0165 v pohodlnej [&hellip;]<\/p>\n","protected":false},"featured_media":54074,"comment_status":"closed","ping_status":"closed","template":"","meta":[],"product_brand":[2536],"product_cat":[1909,1908],"product_tag":[],"class_list":{"0":"post-54072","1":"product","2":"type-product","3":"status-publish","4":"has-post-thumbnail","6":"product_brand-m-spa","7":"product_cat-hydromasazni-vany","8":"product_cat-obdelnikove","9":"pa_delka-180-cm-2","10":"pa_vyrobce-m-spa-2","11":"pa_vyska-70-cm","13":"first","14":"instock","15":"taxable","16":"shipping-taxable","17":"purchasable","18":"product-type-simple"},"_links":{"self":[{"href":"https:\/\/diamondspa.sk\/sk\/wp-json\/wp\/v2\/product\/54072","targetHints":{"allow":["GET"]}}],"collection":[{"href":"https:\/\/diamondspa.sk\/sk\/wp-json\/wp\/v2\/product"}],"about":[{"href":"https:\/\/diamondspa.sk\/sk\/wp-json\/wp\/v2\/types\/product"}],"replies":[{"embeddable":true,"href":"https:\/\/diamondspa.sk\/sk\/wp-json\/wp\/v2\/comments?post=54072"}],"wp:featuredmedia":[{"embeddable":true,"href":"https:\/\/diamondspa.sk\/sk\/wp-json\/wp\/v2\/media\/54074"}],"wp:attachment":[{"href":"https:\/\/diamondspa.sk\/sk\/wp-json\/wp\/v2\/media?parent=54072"}],"wp:term":[{"taxonomy":"product_brand","embeddable":true,"href":"https:\/\/diamondspa.sk\/sk\/wp-json\/wp\/v2\/product_brand?post=54072"},{"taxonomy":"product_cat","embeddable":true,"href":"https:\/\/diamondspa.sk\/sk\/wp-json\/wp\/v2\/product_cat?post=54072"},{"taxonomy":"product_tag","embeddable":true,"href":"https:\/\/diamondspa.sk\/sk\/wp-json\/wp\/v2\/product_tag?post=54072"}],"curies":[{"name":"wp","href":"https:\/\/api.w.org\/{rel}","templated":true}]}}