{"id":54095,"date":"2025-07-02T11:20:11","date_gmt":"2025-07-02T09:20:11","guid":{"rendered":"https:\/\/diamondspa.sk\/?post_type=product&#038;p=54095"},"modified":"2025-08-31T10:39:11","modified_gmt":"2025-08-31T08:39:11","slug":"sprchova-kabina-s-hydromasazi-a-parni-saunou-140x100x217cm","status":"publish","type":"product","link":"https:\/\/diamondspa.sk\/sk\/produkt\/sprchova-kabina-s-hydromasazi-a-parni-saunou-140x100x217cm\/","title":{"rendered":"Sprchov\u00e1 kab\u00edna s hydromas\u00e1\u017eou a parnou saunou 140X100X217CM"},"content":{"rendered":"\n<p>Sprchov\u00e9 k\u00faty s\u00e9rie EXCLUSIVE boli navrhnut\u00e9 s oh\u013eadom na najvy\u0161\u0161ie \u0161tandardy detailov.<\/p>\n\n\n\n<p>Vybran\u00e9 materi\u00e1ly, ako je miner\u00e1lny mramor, hrub\u00e9 tvrden\u00e9 sklo a nastavite\u013en\u00e9 nohy z nehrdzavej\u00facej ocele, vytv\u00e1raj\u00fa pevn\u00fa a odoln\u00fa kon\u0161trukciu.<\/p>\n\n\n\n<p>Dokonale zladen\u00e9 jednotliv\u00e9 prvky vytv\u00e1raj\u00fa kompaktn\u00fa, uzavret\u00fa \u0161trukt\u00faru. T\u00e1to presnos\u0165 umo\u017e\u0148uje in\u0161tal\u00e1ciu bez pou\u017eitia silik\u00f3nu alebo nutnosti mont\u00e1\u017ee na stenu alebo podlahu. Odn\u00edmate\u013en\u00fd panel umo\u017e\u0148uje r\u00fdchly a jednoduch\u00fd pr\u00edstup k extern\u00fdm komponentom, \u010d\u00edm sa eliminuje potreba ods\u00fava\u0165 kab\u00ednu od steny.<\/p>\n\n\n\n<p>Modern\u00fd dizajn a jednoduch\u00e9 geometrick\u00e9 l\u00ednie, ktor\u00e9 dominuj\u00fa vzh\u013eadu kab\u00edn EXCLUSIVE, zv\u00fdraznia a umocnia vizu\u00e1lnu pr\u00ed\u0165a\u017elivos\u0165 ak\u00e9hoko\u013evek interi\u00e9rov\u00e9ho dizajnu. Rozsiahla funk\u010dnos\u0165 kab\u00edn EXCLUSIVE poskytuje pohodlie dom\u00e1cich k\u00fape\u013eov a prospieva fyzick\u00e9mu aj du\u0161evn\u00e9mu zdraviu.<\/p>\n\n\n\n<p>Sil\u00e1 hydromas\u00e1\u017ee uvo\u013enia unaven\u00e9 svaly, zatia\u013e \u010do sveteln\u00e1, ar\u00f3ma a zvukov\u00e1 terapia v kombin\u00e1cii s parnou saunou upokoj\u00ed telo i myse\u013e.<\/p>\n\n\n\n<p>\u0160tandardom v kab\u00ednkach EXCLUSIVE s\u00fa multimedi\u00e1lne funkcie, ako napr\u00edklad reproduktor a Bluetooth, ktor\u00e9 zais\u0165uj\u00fa relax\u00e1ciu pri po\u010d\u00favan\u00ed v\u00e1\u0161ho ob\u013e\u00faben\u00e9ho playlistu priamo z pripojen\u00e9ho smartf\u00f3nu.<\/p>\n\n\n\n<p>LED osvetlenie so 7 farbami a 3 \u00farov\u0148ami intenzity dop\u013a\u0148a pr\u00edjemn\u00fd z\u00e1\u017eitok po\u010das v\u00e1\u0161ho ka\u017edodenn\u00e9ho k\u00fape\u013ea. Intuit\u00edvny dotykov\u00fd ovl\u00e1dac\u00ed panel umo\u017e\u0148uje ovl\u00e1da\u0165 a nastavova\u0165 multimedi\u00e1lne funkcie, gener\u00e1tor pary, ventil\u00e1tor a teplotu.<\/p>\n\n\n\n<p><\/p>\n\n\n\n<p>\u0160PECIFIK\u00c1CIA PRODUKTU:<\/p>\n\n\n\n<p>Vonkaj\u0161ie rozmery: 140 x 100 x 217 cm<br>Typ sprchovej vani\u010dky: n\u00edzka sprchov\u00e1 vani\u010dka<br>Hr\u00fabka tvrden\u00e9ho skla: 8 mm<br>Nap\u00e1janie: 220 ~ 240V\/50 V<br>Materi\u00e1l:<br>\u2013 Sprchov\u00e1 vani\u010dka a strecha: Miner\u00e1lny mramor<br>\u2013 R\u00e1my: hlin\u00edk (strieborn\u00fd)<br>\u2013 Zadn\u00e1 stena: sklo (biele)<br>\u2013 Predn\u00e9\/bo\u010dn\u00e9 steny: sklo (prieh\u013eadn\u00e9)<br>Vybavenie:<br>Hydromas\u00e1\u017ene trysky (2\u2033): 6 ks.<br>Hmlov\u00e9 trysky (1,3\u2033): 2 ks. (namontovan\u00e9 v streche)<br>Sprchov\u00e1 bat\u00e9ria (termostatick\u00e1): \u00e1no (zmie\u0161avac\u00ed ventil, rozde\u013eova\u010d, regul\u00e1tor prietoku vody)<br>Chr\u00f3movan\u00e9 gomb\u00edky: \u00e1no<br>Multifunk\u010dn\u00e1 ru\u010dn\u00e1 sprcha: 1 ks. (nastavite\u013en\u00e1: horn\u00e1\/doln\u00e1)<br>Da\u017e\u010fov\u00e1 sprcha: 1 ks.<br>Ods\u00e1vac\u00ed ventil\u00e1tor: 1 ks.<br>Poli\u010dka na kozmetiku: 2 ks.<br>LED svetl\u00e1 (namontovan\u00e9 v streche): 11 ks. (sedem typov farieb)<br>Ovl\u00e1dac\u00ed panel: \u00e1no (dotykov\u00fd)<br>Bluetooth: \u00e1no<br>Reproduktor: 1 ks.<br>Parn\u00fd gener\u00e1tor: 1 ks.<br>V\u00fdstup pary: 1 ks. (krb)<br>Teplotn\u00fd senzor: 1 ks.<br>Ventil na \u010distenie usaden\u00edn vodn\u00e9ho kame\u0148a v gener\u00e1tore: \u00e1no<br>KAB\u00cdNA BEZ SILIK\u00d3NU (in\u0161talovan\u00e1 bez pou\u017eitia silik\u00f3nu)<br>Typ kab\u00edny: obd\u013a\u017enikov\u00e1 (verzia do v\u00fdklenku)<br>Typ dver\u00ed: jednokr\u00eddlov\u00e9 (otv\u00e1raj\u00face sa k sebe)<br>Hadica na pripojenie vody: \u00e1no (1\/2\u2033)<br>Mont\u00e1\u017ene prvky: \u00e1no<\/p>\n\n\n\n<p>FUNKCIE:<\/p>\n\n\n\n<ul class=\"wp-block-list\">\n<li>Hydromas\u00e1\u017e<\/li>\n\n\n\n<li>Parn\u00e1 sauna<\/li>\n\n\n\n<li>Chromoterapia<\/li>\n\n\n\n<li>Aromaterapia<\/li>\n\n\n\n<li>Hudobn\u00e1 terapia<\/li>\n<\/ul>\n\n\n\n<figure class=\"wp-block-image\"><img decoding=\"async\" src=\"https:\/\/mazurspa.pl\/wp-content\/uploads\/2023\/10\/MUE-H1400-13-195x300.png\" alt=\"\" class=\"wp-image-15595\"\/><\/figure>\n\n\n\n<p><\/p>\n","protected":false},"excerpt":{"rendered":"<p>Sprchov\u00e9 k\u00faty s\u00e9rie EXCLUSIVE boli navrhnut\u00e9 s oh\u013eadom na najvy\u0161\u0161ie \u0161tandardy detailov. Vybran\u00e9 materi\u00e1ly, ako je miner\u00e1lny mramor, hrub\u00e9 tvrden\u00e9 sklo a nastavite\u013en\u00e9 nohy z nehrdzavej\u00facej ocele, vytv\u00e1raj\u00fa pevn\u00fa a odoln\u00fa kon\u0161trukciu. Dokonale zladen\u00e9 jednotliv\u00e9 prvky vytv\u00e1raj\u00fa kompaktn\u00fa, uzavret\u00fa \u0161trukt\u00faru. T\u00e1to presnos\u0165 umo\u017e\u0148uje in\u0161tal\u00e1ciu bez pou\u017eitia silik\u00f3nu alebo nutnosti mont\u00e1\u017ee na stenu alebo podlahu. Odn\u00edmate\u013en\u00fd [&hellip;]<\/p>\n","protected":false},"featured_media":54111,"comment_status":"closed","ping_status":"closed","template":"","meta":[],"product_brand":[2536],"product_cat":[1903,1905],"product_tag":[],"class_list":{"0":"post-54095","1":"product","2":"type-product","3":"status-publish","4":"has-post-thumbnail","6":"product_brand-m-spa","7":"product_cat-masazni-sprchove-boxy","8":"product_cat-obdelnikove-masazni-sprchove-boxy","9":"pa_delka-140-cm-2","10":"pa_vyrobce-m-spa-2","11":"pa_vyska-217-cm","13":"first","14":"instock","15":"taxable","16":"shipping-taxable","17":"purchasable","18":"product-type-simple"},"_links":{"self":[{"href":"https:\/\/diamondspa.sk\/sk\/wp-json\/wp\/v2\/product\/54095","targetHints":{"allow":["GET"]}}],"collection":[{"href":"https:\/\/diamondspa.sk\/sk\/wp-json\/wp\/v2\/product"}],"about":[{"href":"https:\/\/diamondspa.sk\/sk\/wp-json\/wp\/v2\/types\/product"}],"replies":[{"embeddable":true,"href":"https:\/\/diamondspa.sk\/sk\/wp-json\/wp\/v2\/comments?post=54095"}],"wp:featuredmedia":[{"embeddable":true,"href":"https:\/\/diamondspa.sk\/sk\/wp-json\/wp\/v2\/media\/54111"}],"wp:attachment":[{"href":"https:\/\/diamondspa.sk\/sk\/wp-json\/wp\/v2\/media?parent=54095"}],"wp:term":[{"taxonomy":"product_brand","embeddable":true,"href":"https:\/\/diamondspa.sk\/sk\/wp-json\/wp\/v2\/product_brand?post=54095"},{"taxonomy":"product_cat","embeddable":true,"href":"https:\/\/diamondspa.sk\/sk\/wp-json\/wp\/v2\/product_cat?post=54095"},{"taxonomy":"product_tag","embeddable":true,"href":"https:\/\/diamondspa.sk\/sk\/wp-json\/wp\/v2\/product_tag?post=54095"}],"curies":[{"name":"wp","href":"https:\/\/api.w.org\/{rel}","templated":true}]}}