{"id":54903,"date":"2025-07-21T14:16:35","date_gmt":"2025-07-21T12:16:35","guid":{"rendered":"https:\/\/diamondspa.sk\/?post_type=product&#038;p=54903"},"modified":"2025-07-21T14:22:42","modified_gmt":"2025-07-21T12:22:42","slug":"blue-ocean-xl-vnutorna-virivka-pre-2-osoby-180-x-120-cm","status":"publish","type":"product","link":"https:\/\/diamondspa.sk\/sk\/produkt\/blue-ocean-xl-vnutorna-virivka-pre-2-osoby-180-x-120-cm\/","title":{"rendered":"BLUE OCEAN XL Vn\u00fatorn\u00e1 v\u00edrivka pre 2 osoby &#8211; 180 x 120 cm"},"content":{"rendered":"\n<p>Ak h\u013ead\u00e1te v\u00fdrobok, ktor\u00fd si ni\u010d nevy\u017eaduje, t\u00e1to priestrann\u00e1 v\u00edrivka je pre v\u00e1s ide\u00e1lnym rie\u0161en\u00edm.<\/p>\n\n\n\n<p>S t\u00fdmto cie\u013eom sme \u0161peci\u00e1lne navrhli s\u00e9riu <strong>Blue Ocean <\/strong>tak, aby bola ergonomick\u00e1. V\u010faka svojej ve\u013ekosti m\u00f4\u017eu t\u00fato v\u00edrivku vyu\u017e\u00edva\u0165 aj dve osoby. V\u00edrivku m\u00f4\u017eete samozrejme bez probl\u00e9mov pou\u017e\u00edva\u0165 aj ako be\u017en\u00fa va\u0148u. <strong>Modern\u00fd dizajn<\/strong> a nekomplikovan\u00e1 funk\u010dnos\u0165 dop\u013a\u0148aj\u00fa n\u00e1\u0161ho najpred\u00e1vanej\u0161ieho. M\u00f4\u017eete relaxova\u0165 pri osvie\u017euj\u00facej v\u00edrivke a necha\u0165 ka\u017edodenn\u00fd stres ust\u00fapi\u0165 do pozadia. Nielen\u017ee s\u00fa vynikaj\u00face vlastnosti, ale aj kvalita je viac ako spravodliv\u00e1 za uveden\u00fa cenu. Za zmienku stoj\u00ed najm\u00e4 \u017eiarivo biely sanit\u00e1rny akryl\u00e1t, kvalitn\u00e9 kovanie a hlin\u00edkov\u00e1 r\u00e1mov\u00e1 kon\u0161trukcia. Nohy vane s\u00fa nastavite\u013en\u00e9 tak, aby vyhovovali takmer ak\u00e9muko\u013evek povrchu, \u010do znamen\u00e1, \u017ee tento produkt <strong>m\u00f4\u017eete namontova\u0165 takmer kdeko\u013evek.<\/strong><\/p>\n\n\n\n<p>Celkovo je s\u00e9ria<strong> Blue Ocean<\/strong> priestrannou relaxa\u010dnou o\u00e1zou a z\u00e1rove\u0148 z\u00e1bavou pri k\u00fapan\u00ed pre v\u00e1s a va\u0161u rodinu <strong>s vynikaj\u00facim pomerom cena\/v\u00fdkon!<\/strong><\/p>\n\n\n\n<ul class=\"wp-block-list\">\n<li>Funguje aj s prietokov\u00fdmi ohrieva\u010dmi vody<\/li>\n\n\n\n<li>Nastavite\u013en\u00e1 intenzita v\u00edriv\u00fdch trysiek<\/li>\n\n\n\n<li>Armat\u00fara, va\u0148ov\u00fd vstup, sprchov\u00e1 hlavica a gomb\u00edky bat\u00e9rie vyroben\u00e9 z vysoko kvalitn\u00e9ho materi\u00e1lu<\/li>\n\n\n\n<li>Zmerajte, \u010di sa Blue Ocean XL zmest\u00ed do ur\u010den\u00e9ho priestoru<\/li>\n\n\n\n<li>Ide\u00e1lny by bol dl\u00e1\u017eden\u00fd povrch, ale nie je to bezpodmiene\u010dne nutn\u00e9, ale odpor\u00fa\u010danie<\/li>\n\n\n\n<li>Potrebujete odtok vody a pripojenie teplej\/studenej vody<\/li>\n\n\n\n<li>Medzi \u010fal\u0161ie funkcie patria aj dva pohodln\u00e9 vank\u00fa\u0161e na krk<\/li>\n\n\n\n<li>Jednoduch\u00e1 v\u00fdmena jednotliv\u00fdch komponentov v pr\u00edpade mo\u017en\u00e9ho opotrebovania<\/li>\n\n\n\n<li>Jednoduch\u00e1 mont\u00e1\u017e a manipul\u00e1cia<\/li>\n<\/ul>\n\n\n\n<p><strong>Rozmery (\u0160 x H x V): <\/strong>180 x 120 x 65 cm<br>Materi\u00e1l: Plast vystu\u017een\u00fd sklenen\u00fdmi vl\u00e1knami (GRP) a 3 mm vystu\u017een\u00fd ABS sanit\u00e1rny akryl\u00e1t<br>Vn\u00fatorn\u00e9 rozmery: 155 x 100 x 38 cm. (38 cm v\u00fd\u0161ka po ochranu proti prete\u010deniu)<br>Pripojenie nap\u00e1jania: Do be\u017enej z\u00e1suvky 220-240V. Z\u00e1str\u010dka je chr\u00e1nen\u00e1 sp\u00edna\u010dom FI a pracuje pri frekvencii 50\/60 Hz.<br>V\u00edriv\u00e9 \u010derpadlo: 750 wattov<br>V\u00fd\u0161ka vstupu: cca 55 cm<br>Objem n\u00e1plne: cca 450 litrov<br>Ve\u013ek\u00e9 nastavite\u013en\u00e9 v\u00edriv\u00e9 trysky: 6<br>Hydrotrysky: 10<\/p>\n\n\n\n<p><br><strong>Rozmery balenia (\u0160 x H x V): <\/strong>204 x 135 x 72 cm<\/p>\n","protected":false},"excerpt":{"rendered":"<p>Ak h\u013ead\u00e1te v\u00fdrobok, ktor\u00fd si ni\u010d nevy\u017eaduje, t\u00e1to priestrann\u00e1 v\u00edrivka je pre v\u00e1s ide\u00e1lnym rie\u0161en\u00edm. S t\u00fdmto cie\u013eom sme \u0161peci\u00e1lne navrhli s\u00e9riu Blue Ocean tak, aby bola ergonomick\u00e1. V\u010faka svojej ve\u013ekosti m\u00f4\u017eu t\u00fato v\u00edrivku vyu\u017e\u00edva\u0165 aj dve osoby. V\u00edrivku m\u00f4\u017eete samozrejme bez probl\u00e9mov pou\u017e\u00edva\u0165 aj ako be\u017en\u00fa va\u0148u. Modern\u00fd dizajn a nekomplikovan\u00e1 funk\u010dnos\u0165 dop\u013a\u0148aj\u00fa n\u00e1\u0161ho [&hellip;]<\/p>\n","protected":false},"featured_media":54906,"comment_status":"closed","ping_status":"closed","template":"","meta":[],"product_brand":[2589],"product_cat":[1907,1909],"product_tag":[],"class_list":{"0":"post-54903","1":"product","2":"type-product","3":"status-publish","4":"has-post-thumbnail","6":"product_brand-home-deluxe","7":"product_cat-asymetricke","8":"product_cat-hydromasazni-vany","9":"pa_pocet-trysiek-889","10":"pa_sirka-120-cm","11":"pa_vyrobca-home-deluxe","12":"pa_vyska-65-cm","14":"first","15":"instock","16":"taxable","17":"shipping-taxable","18":"purchasable","19":"product-type-variable"},"_links":{"self":[{"href":"https:\/\/diamondspa.sk\/sk\/wp-json\/wp\/v2\/product\/54903","targetHints":{"allow":["GET"]}}],"collection":[{"href":"https:\/\/diamondspa.sk\/sk\/wp-json\/wp\/v2\/product"}],"about":[{"href":"https:\/\/diamondspa.sk\/sk\/wp-json\/wp\/v2\/types\/product"}],"replies":[{"embeddable":true,"href":"https:\/\/diamondspa.sk\/sk\/wp-json\/wp\/v2\/comments?post=54903"}],"wp:featuredmedia":[{"embeddable":true,"href":"https:\/\/diamondspa.sk\/sk\/wp-json\/wp\/v2\/media\/54906"}],"wp:attachment":[{"href":"https:\/\/diamondspa.sk\/sk\/wp-json\/wp\/v2\/media?parent=54903"}],"wp:term":[{"taxonomy":"product_brand","embeddable":true,"href":"https:\/\/diamondspa.sk\/sk\/wp-json\/wp\/v2\/product_brand?post=54903"},{"taxonomy":"product_cat","embeddable":true,"href":"https:\/\/diamondspa.sk\/sk\/wp-json\/wp\/v2\/product_cat?post=54903"},{"taxonomy":"product_tag","embeddable":true,"href":"https:\/\/diamondspa.sk\/sk\/wp-json\/wp\/v2\/product_tag?post=54903"}],"curies":[{"name":"wp","href":"https:\/\/api.w.org\/{rel}","templated":true}]}}