{"id":54964,"date":"2025-07-21T15:36:13","date_gmt":"2025-07-21T13:36:13","guid":{"rendered":"https:\/\/diamondspa.sk\/?post_type=product&#038;p=54964"},"modified":"2025-07-21T17:19:47","modified_gmt":"2025-07-21T15:19:47","slug":"sprchovy-kut-wave-s-led-osvetlenim","status":"publish","type":"product","link":"https:\/\/diamondspa.sk\/sk\/produkt\/sprchovy-kut-wave-s-led-osvetlenim\/","title":{"rendered":"Sprchov\u00fd k\u00fat WAVE s LED osvetlen\u00edm"},"content":{"rendered":"\n<p>Tento elegantn\u00fd sprchov\u00fd k\u00fat je skuto\u010dn\u00fdm multifunk\u010dn\u00fdm a priestorovo <strong>\u00fasporn\u00fdm z\u00e1zrakom.<\/strong><\/p>\n\n\n\n<p>Napr\u00edklad po \u00fanavnom dni v pr\u00e1ci sa zbavte stresu, ke\u010f na v\u00e1s padne vla\u017en\u00fd tropick\u00fd d\u00e1\u017e\u010f, alebo po\u010d\u00favajte zvuky r\u00e1dia pri <strong>relaxa\u010dnej mas\u00e1\u017ei chrbta.<\/strong> N\u00e1dhern\u00e9 LED efektov\u00e9 svetlo na strope, ako aj hlasitos\u0165 a v\u00fdber stanice je mo\u017en\u00e9 plynulo nastavova\u0165 prostredn\u00edctvom integrovan\u00e9ho displeja po\u010d\u00edta\u010da. Zadn\u00e9 panely z bezpe\u010dnostn\u00e9ho skla ESG a posuvn\u00e9 dvere z \u010d\u00edreho skla, ako aj hlin\u00edkov\u00e1 r\u00e1mov\u00e1 kon\u0161trukcia predstavuj\u00fa n\u00e1\u0161 <strong>trvalo vysok\u00fd \u0161tandard kvality.<\/strong> Na rozdiel od ostatn\u00fdch sprchov\u00fdch k\u00fatov je WAVE obd\u013a\u017enikov\u00fd a m\u00e1 samostatn\u00fd rohov\u00fd vstup. Praktick\u00e1 sklenen\u00e1 odkladacia polica, elegantn\u00e9 vn\u00fatorn\u00e9 zrkadlo a v\u00fd\u0161kovo nastavite\u013en\u00e9 no\u017ei\u010dky sprchovej vani\u010dky, ktor\u00e9 sa daj\u00fa prisp\u00f4sobi\u0165 takmer ak\u00e9muko\u013evek povrchu, s\u00fa \u010fal\u0161ie v\u00fdnimo\u010dn\u00e9 vlastnosti, v\u010faka ktor\u00fdm tento sprchov\u00fd k\u00fat vynik\u00e1 nad ostatn\u00fdmi.<\/p>\n\n\n\n<p>Celkovo vzat\u00e9, na\u0161a s\u00e9ria <strong>\u201eWAVE\u201c<\/strong> m\u00e1 vynikaj\u00faci pomer cena\/v\u00fdkon.<\/p>\n\n\n\n<ul class=\"wp-block-list\">\n<li>Tich\u00e1 posuvn\u00e1 prev\u00e1dzka<\/li>\n\n\n\n<li>Posuvn\u00e9 dvere sa pohodlne a tesne zatv\u00e1raj\u00fa v\u010faka integrovan\u00fdm magnetick\u00fdm p\u00e1sikom (mechanizmus jemn\u00e9ho zatv\u00e1rania)<\/li>\n\n\n\n<li>Teraz nov\u00e9! S vylep\u0161en\u00fdm val\u010dekov\u00fdm veden\u00edm<\/li>\n\n\n\n<li>Vy\u017eaduje sa odtok vody a pripojenie teplej\/studenej vody<\/li>\n\n\n\n<li>4 v\u00fd\u0161kovo nastavite\u013en\u00e9 no\u017ei\u010dky<\/li>\n\n\n\n<li>Ovl\u00e1dac\u00ed prvok funguje cez dotykov\u00fa obrazovku<\/li>\n\n\n\n<li>Funguje aj s prietokov\u00fdmi ohrieva\u010dmi vody<\/li>\n\n\n\n<li>Integrovan\u00e9 zrkadlo<\/li>\n\n\n\n<li>5 mm \u010dierne t\u00f3novan\u00e9 bezpe\u010dnostn\u00e9 sklo ESG<\/li>\n\n\n\n<li>\u013dahko udr\u017eiavate\u013en\u00fd povrch<\/li>\n\n\n\n<li>Jednoduch\u00e1 v\u00fdmena jednotliv\u00fdch komponentov v pr\u00edpade mo\u017en\u00e9ho opotrebovania<\/li>\n\n\n\n<li>Jednoduch\u00e1 mont\u00e1\u017e a manipul\u00e1cia<\/li>\n<\/ul>\n\n\n\n<p>Vn\u00fatorn\u00e1 v\u00fd\u0161ka: cca 200 cm<br>V\u00fd\u0161ka vstupu: cca 15 cm s r\u00e1mom<br>Vstupn\u00e1 \u0161\u00edrka: cca 49 cm<br>D\u013a\u017eka nohy: cca 89 cm<br>Minim\u00e1lna v\u00fd\u0161ka miestnosti: cca 235 cm pre jednoduch\u00fa mont\u00e1\u017e<br>Odpor\u00fa\u010danie: dl\u00e1\u017eden\u00fd povrch<\/p>\n","protected":false},"excerpt":{"rendered":"<p>Tento elegantn\u00fd sprchov\u00fd k\u00fat je skuto\u010dn\u00fdm multifunk\u010dn\u00fdm a priestorovo \u00fasporn\u00fdm z\u00e1zrakom. Napr\u00edklad po \u00fanavnom dni v pr\u00e1ci sa zbavte stresu, ke\u010f na v\u00e1s padne vla\u017en\u00fd tropick\u00fd d\u00e1\u017e\u010f, alebo po\u010d\u00favajte zvuky r\u00e1dia pri relaxa\u010dnej mas\u00e1\u017ei chrbta. N\u00e1dhern\u00e9 LED efektov\u00e9 svetlo na strope, ako aj hlasitos\u0165 a v\u00fdber stanice je mo\u017en\u00e9 plynulo nastavova\u0165 prostredn\u00edctvom integrovan\u00e9ho displeja po\u010d\u00edta\u010da. [&hellip;]<\/p>\n","protected":false},"featured_media":54965,"comment_status":"closed","ping_status":"closed","template":"","meta":[],"product_brand":[2589],"product_cat":[111],"product_tag":[],"class_list":{"0":"post-54964","1":"product","2":"type-product","3":"status-publish","4":"has-post-thumbnail","6":"product_brand-home-deluxe","7":"product_cat-masazne-sprchove-boxy","8":"pa_vyrobca-home-deluxe-cs","10":"first","11":"instock","12":"taxable","13":"shipping-taxable","14":"purchasable","15":"product-type-variable"},"_links":{"self":[{"href":"https:\/\/diamondspa.sk\/sk\/wp-json\/wp\/v2\/product\/54964","targetHints":{"allow":["GET"]}}],"collection":[{"href":"https:\/\/diamondspa.sk\/sk\/wp-json\/wp\/v2\/product"}],"about":[{"href":"https:\/\/diamondspa.sk\/sk\/wp-json\/wp\/v2\/types\/product"}],"replies":[{"embeddable":true,"href":"https:\/\/diamondspa.sk\/sk\/wp-json\/wp\/v2\/comments?post=54964"}],"wp:featuredmedia":[{"embeddable":true,"href":"https:\/\/diamondspa.sk\/sk\/wp-json\/wp\/v2\/media\/54965"}],"wp:attachment":[{"href":"https:\/\/diamondspa.sk\/sk\/wp-json\/wp\/v2\/media?parent=54964"}],"wp:term":[{"taxonomy":"product_brand","embeddable":true,"href":"https:\/\/diamondspa.sk\/sk\/wp-json\/wp\/v2\/product_brand?post=54964"},{"taxonomy":"product_cat","embeddable":true,"href":"https:\/\/diamondspa.sk\/sk\/wp-json\/wp\/v2\/product_cat?post=54964"},{"taxonomy":"product_tag","embeddable":true,"href":"https:\/\/diamondspa.sk\/sk\/wp-json\/wp\/v2\/product_tag?post=54964"}],"curies":[{"name":"wp","href":"https:\/\/api.w.org\/{rel}","templated":true}]}}