{"id":55030,"date":"2025-07-21T16:23:13","date_gmt":"2025-07-21T14:23:13","guid":{"rendered":"https:\/\/diamondspa.sk\/?post_type=product&#038;p=55030"},"modified":"2025-07-21T17:31:24","modified_gmt":"2025-07-21T15:31:24","slug":"cierna-perla-parna-sprcha-s-vodopadom-a-parna-sauna","status":"publish","type":"product","link":"https:\/\/diamondspa.sk\/sk\/produkt\/cierna-perla-parna-sprcha-s-vodopadom-a-parna-sauna\/","title":{"rendered":"\u010cIERNA PERLA Parn\u00e1 sprcha s vodop\u00e1dom a parn\u00e1 sauna"},"content":{"rendered":"\n<p>Tento dizajnov\u00fd parn\u00fd sprchov\u00fd k\u00fat je skuto\u010dn\u00fdm multifunk\u010dn\u00fdm a priestorovo <strong>\u00fasporn\u00fdm z\u00e1zrakom.<\/strong><\/p>\n\n\n\n<p>Napr\u00edklad po \u00fanavnom dni v pr\u00e1ci sa zbavte stresu pr\u00edjemnou parnou saunou (nastavite\u013en\u00e1 do 40 \u00b0C), pri ktorej sa zaru\u010dene zapot\u00edte. M\u00e1te tie\u017e mo\u017enos\u0165 integrova\u0165 v\u00f4\u0148u s nebeskou intenzitou (napr. eukalyptus, m\u00e4ta at\u010f.). Na\u0161a <strong>\u201es\u00e9ria PEARL\u201c<\/strong> m\u00e1 tie\u017e mo\u017enos\u0165 da\u017e\u010fovej sprchy, kde voda stek\u00e1 ako vla\u017en\u00fd <strong>tropick\u00fd d\u00e1\u017e\u010f z neuverite\u013en\u00fdch 126 trysiek<\/strong> na stropnej oblohe. Relaxa\u010dn\u00e1 mas\u00e1\u017e chrbta <strong>(6 hydrotrysiek)<\/strong> pri po\u010d\u00favan\u00ed ob\u013e\u00fabenej rozhlasovej stanice je ob\u013e\u00faben\u00e1 u mnoh\u00fdch z\u00e1kazn\u00edkov. Samozrejmos\u0165ou je aj be\u017en\u00e9 pou\u017eitie s ru\u010dnou sprchou, ktor\u00fa je mo\u017en\u00e9 nastavi\u0165 pomocou prilo\u017eenej sprchovej ty\u010de. 15 modr\u00fdch LED svetiel v strednom paneli dop\u013a\u0148a \u201efaktor dobr\u00e9ho pocitu\u201c. Pomocou integrovan\u00e9ho displeja po\u010d\u00edta\u010da m\u00f4\u017eete plynule upravova\u0165 hlasitos\u0165 a v\u00fdber stanice. Vykl\u00e1pacie sedadlo v stredovom paneli (max. nosnos\u0165 cca 100 kg) a proti\u0161mykov\u00e1 kon\u0161trukcia na dne vani\u010dky zaru\u010duj\u00fa bezpe\u010dn\u00e9 pou\u017e\u00edvanie tohto sprchov\u00e9ho k\u00fata. 5 mm \u010dierne t\u00f3novan\u00e9 pln\u00e9 presklenie ESG v\u0161etk\u00fdch komponentov predstavuje n\u00e1\u0161 trvalo<strong> vysok\u00fd \u0161tandard kvality.<\/strong> Ultramodern\u00fd \u010diasto\u010dne sat\u00e9nov\u00fd povrch vytv\u00e1ra diskr\u00e9tnos\u0165 a priepustnos\u0165 svetla. V\u00fd\u0161kovo nastavite\u013en\u00e9 no\u017ei\u010dky sprchovej vani\u010dky, ktor\u00e9 sa prisp\u00f4sobia takmer ak\u00e9muko\u013evek povrchu, s\u00fa \u010fal\u0161ou v\u00fdnimo\u010dnou vlastnos\u0165ou, ktor\u00e1 <strong>t\u00fato sprchu odli\u0161uje od ostatn\u00fdch.<\/strong><\/p>\n\n\n\n<p>Celkovo vzat\u00e9, <strong>BLACK PEAR<\/strong>L je ve\u013emi dobr\u00fd parn\u00fd sprchovac\u00ed k\u00fat s vynikaj\u00facim pomerom cena\/v\u00fdkon!<\/p>\n\n\n\n<ul class=\"wp-block-list\">\n<li>Ve\u013emi tich\u00fd posuvn\u00fd chod<\/li>\n\n\n\n<li>ESG pln\u00e9 zasklenie<\/li>\n\n\n\n<li>Posuvn\u00e9 dvere sa pohodlne a tesne zatv\u00e1raj\u00fa v\u010faka integrovan\u00fdm magnetick\u00fdm p\u00e1sikom (mechanizmus jemn\u00e9ho zatv\u00e1rania)<\/li>\n\n\n\n<li>Teraz nov\u00e9! S vylep\u0161en\u00fdm val\u010dekov\u00fdm veden\u00edm<\/li>\n\n\n\n<li>Ovl\u00e1dac\u00ed prvok pre funkciu r\u00e1dia\/svetla a odvod vzduchu<\/li>\n\n\n\n<li>Funguje aj s prietokov\u00fdmi ohrieva\u010dmi vody<\/li>\n\n\n\n<li>4 v\u00fd\u0161kovo nastavite\u013en\u00e9 no\u017ei\u010dky<\/li>\n\n\n\n<li>Vy\u017eaduje sa odtok vody a pripojenie teplej\/studenej vody<\/li>\n\n\n\n<li>Integrovan\u00e1 mas\u00e1\u017e chodidiel m\u00f4\u017ee by\u0165 pou\u017eit\u00e1 ako reflexn\u00e1 terapia<\/li>\n\n\n\n<li>Integrovan\u00fd oz\u00f3nov\u00fd dezinfek\u010dn\u00fd syst\u00e9m zais\u0165uje \u010distenie bez zvy\u0161kov a \u0161etrn\u00e9 k \u017eivotn\u00e9mu prostrediu<\/li>\n\n\n\n<li>FI bezpe\u010dnostn\u00fd sp\u00edna\u010d<\/li>\n\n\n\n<li>Jednoduch\u00e1 v\u00fdmena jednotliv\u00fdch komponentov v pr\u00edpade mo\u017en\u00e9ho opotrebovania<\/li>\n\n\n\n<li>Jednoduch\u00e1 mont\u00e1\u017e a manipul\u00e1cia<\/li>\n<\/ul>\n\n\n\n<p>Vn\u00fatorn\u00e1 v\u00fd\u0161ka: cca 195 cm<br>V\u00fd\u0161ka vstupu: cca 20 cm s r\u00e1mom<br>\u0160\u00edrka vstupu: cca 60 cm<br>D\u013a\u017eka nohy: cca 90 cm<br>Polomer (od rohu k predn\u00e9mu obl\u00faku): 110,5 cm<br>Minim\u00e1lna v\u00fd\u0161ka miestnosti: cca 235 cm pre jednoduch\u00fa mont\u00e1\u017e<br>Odpor\u00fa\u010danie: dl\u00e1\u017eden\u00fd povrch<br>Nap\u00e1janie: 220-240V, 50\/60Hz<\/p>\n","protected":false},"excerpt":{"rendered":"<p>Tento dizajnov\u00fd parn\u00fd sprchov\u00fd k\u00fat je skuto\u010dn\u00fdm multifunk\u010dn\u00fdm a priestorovo \u00fasporn\u00fdm z\u00e1zrakom. Napr\u00edklad po \u00fanavnom dni v pr\u00e1ci sa zbavte stresu pr\u00edjemnou parnou saunou (nastavite\u013en\u00e1 do 40 \u00b0C), pri ktorej sa zaru\u010dene zapot\u00edte. M\u00e1te tie\u017e mo\u017enos\u0165 integrova\u0165 v\u00f4\u0148u s nebeskou intenzitou (napr. eukalyptus, m\u00e4ta at\u010f.). Na\u0161a \u201es\u00e9ria PEARL\u201c m\u00e1 tie\u017e mo\u017enos\u0165 da\u017e\u010fovej sprchy, kde voda [&hellip;]<\/p>\n","protected":false},"featured_media":55039,"comment_status":"closed","ping_status":"closed","template":"","meta":[],"product_brand":[2589],"product_cat":[111],"product_tag":[],"class_list":{"0":"post-55030","1":"product","2":"type-product","3":"status-publish","4":"has-post-thumbnail","6":"product_brand-home-deluxe","7":"product_cat-masazne-sprchove-boxy","8":"pa_pocet-trysiek-6-2","9":"pa_vyrobca-home-deluxe-cs","11":"first","12":"instock","13":"taxable","14":"shipping-taxable","15":"purchasable","16":"product-type-variable"},"_links":{"self":[{"href":"https:\/\/diamondspa.sk\/sk\/wp-json\/wp\/v2\/product\/55030","targetHints":{"allow":["GET"]}}],"collection":[{"href":"https:\/\/diamondspa.sk\/sk\/wp-json\/wp\/v2\/product"}],"about":[{"href":"https:\/\/diamondspa.sk\/sk\/wp-json\/wp\/v2\/types\/product"}],"replies":[{"embeddable":true,"href":"https:\/\/diamondspa.sk\/sk\/wp-json\/wp\/v2\/comments?post=55030"}],"wp:featuredmedia":[{"embeddable":true,"href":"https:\/\/diamondspa.sk\/sk\/wp-json\/wp\/v2\/media\/55039"}],"wp:attachment":[{"href":"https:\/\/diamondspa.sk\/sk\/wp-json\/wp\/v2\/media?parent=55030"}],"wp:term":[{"taxonomy":"product_brand","embeddable":true,"href":"https:\/\/diamondspa.sk\/sk\/wp-json\/wp\/v2\/product_brand?post=55030"},{"taxonomy":"product_cat","embeddable":true,"href":"https:\/\/diamondspa.sk\/sk\/wp-json\/wp\/v2\/product_cat?post=55030"},{"taxonomy":"product_tag","embeddable":true,"href":"https:\/\/diamondspa.sk\/sk\/wp-json\/wp\/v2\/product_tag?post=55030"}],"curies":[{"name":"wp","href":"https:\/\/api.w.org\/{rel}","templated":true}]}}