{"id":55067,"date":"2025-07-21T16:40:12","date_gmt":"2025-07-21T14:40:12","guid":{"rendered":"https:\/\/diamondspa.sk\/?post_type=product&#038;p=55067"},"modified":"2025-07-21T17:36:24","modified_gmt":"2025-07-21T15:36:24","slug":"cierna-perla-sprchovy-kut-s-dazdovou-sprchou","status":"publish","type":"product","link":"https:\/\/diamondspa.sk\/sk\/produkt\/cierna-perla-sprchovy-kut-s-dazdovou-sprchou\/","title":{"rendered":"\u010cIERNA PERLA Sprchov\u00fd k\u00fat s da\u017e\u010fovou sprchou"},"content":{"rendered":"\n<p>Tento dizajnov\u00fd sprchov\u00fd k\u00fat je skuto\u010dn\u00fdm multifunk\u010dn\u00fdm a priestorovo <strong>\u00fasporn\u00fdm z\u00e1zrakom.<\/strong><\/p>\n\n\n\n<p>Na\u0161a <strong>\u201es\u00e9ria PEARL\u201c<\/strong> v\u00e1m pon\u00faka mo\u017enos\u0165 da\u017e\u010fovej sprchy, v ktorej voda stek\u00e1 ako vla\u017en\u00fd tropick\u00fd d\u00e1\u017e\u010f z neuverite\u013en\u00fdch 126 trysiek na stropnej oblohe. Relaxa\u010dn\u00e1 mas\u00e1\u017e chrbta (6 hydrotrysiek) pri po\u010d\u00favan\u00ed ob\u013e\u00fabenej rozhlasovej stanice je ob\u013e\u00faben\u00e1 u mnoh\u00fdch z\u00e1kazn\u00edkov. Samozrejmos\u0165ou je aj be\u017en\u00e9 pou\u017eitie s ru\u010dnou sprchou, ktor\u00fa je mo\u017en\u00e9 nastavi\u0165 pomocou prilo\u017eenej sprchovej ty\u010de. Ru\u010dn\u00e1 sprcha m\u00e1 3 r\u00f4zne verzie pr\u00fadu, tak\u017ee silu pr\u00fadu m\u00f4\u017eete nastavi\u0165 pod\u013ea potreby. 15 modr\u00fdch LED svetiel v strednom paneli dop\u013a\u0148a \u201efaktor dobr\u00e9ho pocitu\u201c. Pomocou integrovan\u00e9ho displeja po\u010d\u00edta\u010da m\u00f4\u017eete plynule upravova\u0165 hlasitos\u0165 a v\u00fdber stanice. Sklopn\u00e9 sedadlo v stredovom paneli a proti\u0161mykov\u00e1 kon\u0161trukcia na dne vani\u010dky zais\u0165uj\u00fa bezpe\u010dn\u00e9 pou\u017e\u00edvanie tohto sprchovacieho k\u00fata. 5 mm ESG pln\u00e9 zasklenie v\u0161etk\u00fdch komponentov a ultramodern\u00fd \u010diasto\u010dne sat\u00e9nov\u00fd povrch predstavuj\u00fa n\u00e1\u0161 trvalo vysok\u00fd \u0161tandard kvality. V\u00fd\u0161kovo nastavite\u013en\u00e9 no\u017ei\u010dky sprchovej vani\u010dky, ktor\u00e9 sa daj\u00fa prisp\u00f4sobi\u0165 takmer ak\u00e9muko\u013evek povrchu, s\u00fa \u010fal\u0161ou v\u00fdnimo\u010dnou vlastnos\u0165ou, ktor\u00e1 <strong>odli\u0161uje tento sprchov\u00fd k\u00fat od ostatn\u00fdch.<\/strong><\/p>\n\n\n\n<p>Celkovo vzat\u00e9, <strong>BLACK PEARL<\/strong> je ve\u013emi dobr\u00fd sprchov\u00fd k\u00fat s vynikaj\u00facim pomerom cena\/v\u00fdkon!<\/p>\n\n\n\n<ul class=\"wp-block-list\">\n<li>Ve\u013emi tich\u00fd posuvn\u00fd chod<\/li>\n\n\n\n<li>ESG pln\u00e9 zasklenie<\/li>\n\n\n\n<li>Posuvn\u00e9 dvere sa pohodlne a tesne zatv\u00e1raj\u00fa v\u010faka integrovan\u00fdm magnetick\u00fdm p\u00e1sikom (mechanizmus jemn\u00e9ho zatv\u00e1rania)<\/li>\n\n\n\n<li>Vy\u017eaduje sa odtok vody a pripojenie teplej\/studenej vody<\/li>\n\n\n\n<li>4 v\u00fd\u0161kovo nastavite\u013en\u00e9 no\u017ei\u010dky<\/li>\n\n\n\n<li>Teraz nov\u00e9! S vylep\u0161en\u00fdm val\u010dekov\u00fdm veden\u00edm<\/li>\n\n\n\n<li>Funguje aj s prietokov\u00fdmi ohrieva\u010dmi vody<\/li>\n\n\n\n<li>Ovl\u00e1dac\u00ed prvok pre funkciu r\u00e1dia\/svetla a odvod vzduchu<\/li>\n\n\n\n<li>Zdroj zvuku mo\u017en\u00fd cez rozhranie Bluetooth<\/li>\n\n\n\n<li>Integrovan\u00e1 mas\u00e1\u017e chodidiel m\u00f4\u017ee by\u0165 pou\u017eit\u00e1 ako reflexn\u00e1 terapia<\/li>\n\n\n\n<li>Jednoduch\u00e1 v\u00fdmena jednotliv\u00fdch komponentov v pr\u00edpade mo\u017en\u00e9ho opotrebovania<\/li>\n\n\n\n<li>Jednoduch\u00e1 mont\u00e1\u017e a manipul\u00e1cia<\/li>\n<\/ul>\n\n\n\n<p>Vn\u00fatorn\u00e1 v\u00fd\u0161ka: cca 195 cm<br>V\u00fd\u0161ka vstupu: cca 20 cm s r\u00e1mom<br>\u0160\u00edrka vstupu: cca 60 cm<br>D\u013a\u017eka nohy: cca 90 cm<br>Polomer (od rohu k predn\u00e9mu obl\u00faku): 110,5 cm<br>Minim\u00e1lna v\u00fd\u0161ka miestnosti: cca 235 cm pre jednoduch\u00fa mont\u00e1\u017e<br>Odpor\u00fa\u010danie: dl\u00e1\u017eden\u00fd povrch<br>Nap\u00e1janie: 220-240V, 50\/60Hz<\/p>\n","protected":false},"excerpt":{"rendered":"<p>Tento dizajnov\u00fd sprchov\u00fd k\u00fat je skuto\u010dn\u00fdm multifunk\u010dn\u00fdm a priestorovo \u00fasporn\u00fdm z\u00e1zrakom. Na\u0161a \u201es\u00e9ria PEARL\u201c v\u00e1m pon\u00faka mo\u017enos\u0165 da\u017e\u010fovej sprchy, v ktorej voda stek\u00e1 ako vla\u017en\u00fd tropick\u00fd d\u00e1\u017e\u010f z neuverite\u013en\u00fdch 126 trysiek na stropnej oblohe. Relaxa\u010dn\u00e1 mas\u00e1\u017e chrbta (6 hydrotrysiek) pri po\u010d\u00favan\u00ed ob\u013e\u00fabenej rozhlasovej stanice je ob\u013e\u00faben\u00e1 u mnoh\u00fdch z\u00e1kazn\u00edkov. Samozrejmos\u0165ou je aj be\u017en\u00e9 pou\u017eitie s [&hellip;]<\/p>\n","protected":false},"featured_media":55068,"comment_status":"closed","ping_status":"closed","template":"","meta":[],"product_brand":[2589],"product_cat":[1907,1909,111],"product_tag":[],"class_list":{"0":"post-55067","1":"product","2":"type-product","3":"status-publish","4":"has-post-thumbnail","6":"product_brand-home-deluxe","7":"product_cat-asymetricke","8":"product_cat-hydromasazni-vany","9":"product_cat-masazne-sprchove-boxy","10":"pa_pocet-trysiek-6-2","11":"pa_vyrobca-home-deluxe-cs","12":"pa_vyska-220-cm-cs","14":"first","15":"instock","16":"taxable","17":"shipping-taxable","18":"purchasable","19":"product-type-variable"},"_links":{"self":[{"href":"https:\/\/diamondspa.sk\/sk\/wp-json\/wp\/v2\/product\/55067","targetHints":{"allow":["GET"]}}],"collection":[{"href":"https:\/\/diamondspa.sk\/sk\/wp-json\/wp\/v2\/product"}],"about":[{"href":"https:\/\/diamondspa.sk\/sk\/wp-json\/wp\/v2\/types\/product"}],"replies":[{"embeddable":true,"href":"https:\/\/diamondspa.sk\/sk\/wp-json\/wp\/v2\/comments?post=55067"}],"wp:featuredmedia":[{"embeddable":true,"href":"https:\/\/diamondspa.sk\/sk\/wp-json\/wp\/v2\/media\/55068"}],"wp:attachment":[{"href":"https:\/\/diamondspa.sk\/sk\/wp-json\/wp\/v2\/media?parent=55067"}],"wp:term":[{"taxonomy":"product_brand","embeddable":true,"href":"https:\/\/diamondspa.sk\/sk\/wp-json\/wp\/v2\/product_brand?post=55067"},{"taxonomy":"product_cat","embeddable":true,"href":"https:\/\/diamondspa.sk\/sk\/wp-json\/wp\/v2\/product_cat?post=55067"},{"taxonomy":"product_tag","embeddable":true,"href":"https:\/\/diamondspa.sk\/sk\/wp-json\/wp\/v2\/product_tag?post=55067"}],"curies":[{"name":"wp","href":"https:\/\/api.w.org\/{rel}","templated":true}]}}