{"id":55330,"date":"2025-07-21T19:05:28","date_gmt":"2025-07-21T17:05:28","guid":{"rendered":"https:\/\/diamondspa.sk\/?post_type=product&#038;p=55330"},"modified":"2025-07-21T19:08:07","modified_gmt":"2025-07-21T17:08:07","slug":"hydromasazny-sprchovy-kut-s-vanou-allin-2in1-170-x-90-cierny-lavy","status":"publish","type":"product","link":"https:\/\/diamondspa.sk\/sk\/produkt\/hydromasazny-sprchovy-kut-s-vanou-allin-2in1-170-x-90-cierny-lavy\/","title":{"rendered":"Hydromas\u00e1\u017eny sprchov\u00fd k\u00fat s va\u0148ou ALLIN 2IN1 &#8211; 170 x 90 \u010cierny"},"content":{"rendered":"\n<p>Tento <strong>kompletn\u00fd wellness z\u00e1\u017eitok<\/strong> rozb\u00facha va\u0161e srdce.<\/p>\n\n\n\n<p><strong>ALL IN<\/strong> bol \u0161peci\u00e1lne navrhnut\u00fd ergonomicky tak, aby bolo mo\u017en\u00e9 poskytn\u00fa\u0165 tak\u00e9to vybavenie na tak malom priestore. Bez oh\u013eadu na to, \u010di sa sprchujete alebo k\u00fapete, <strong>ALL IN<\/strong> to umo\u017e\u0148uje. Samozrejmos\u0165ou je aj be\u017en\u00e9 pou\u017eitie s ru\u010dnou sprchou, ktor\u00fa je mo\u017en\u00e9 nastavi\u0165 pomocou prilo\u017eenej sprchovej ty\u010de. Modern\u00fd dizajn v spojen\u00ed s dobrou funk\u010dnos\u0165ou zavr\u0161uje n\u00e1\u0161ho najpred\u00e1vanej\u0161ieho. Odd\u00fdchnite si pri upokojuj\u00facom pl\u00e1van\u00ed pod modrou oblohou alebo nechajte svoju du\u0161u relaxova\u0165 v teplom tropickom da\u017edi. Sedadlo uzavret\u00e9 vo vani a proti\u0161mykov\u00e1 \u0161trukt\u00fara na dne vani\u010dky zais\u0165uj\u00fa bezpe\u010dn\u00e9 pou\u017e\u00edvanie. Integrovan\u00e1 mas\u00e1\u017e chodidiel pre relaxa\u010dn\u00fa reflexn\u00fa terapiu a <strong>8 nastavite\u013en\u00fdch chrbtov\u00fdch mas\u00e1\u017enych trysiek,<\/strong> ktor\u00e9 mas\u00edruj\u00fa v\u00e1\u0161 chrb\u00e1t na stredovej konzole, robia relaxa\u010dn\u00fd z\u00e1\u017eitok dokonal\u00fdm. <\/p>\n\n\n\n<p>Nielen\u017ee s\u00fa vynikaj\u00face vlastnosti, ale aj kvalita je viac ne\u017e primeran\u00e1 za uveden\u00fa cenu. Za zmienku stoj\u00ed najm\u00e4 5 mm hrub\u00e9 \u010dierne t\u00f3novan\u00e9 pln\u00e9 presklenie ESG s\u00e9rie <strong>\u201eALL IN\u201c,<\/strong> ako aj hlin\u00edkov\u00e1 r\u00e1mov\u00e1 kon\u0161trukcia a dotykov\u00fd ovl\u00e1dac\u00ed prvok ovl\u00e1dan\u00fd po\u010d\u00edta\u010dom. V\u010faka v\u00fd\u0161kovo nastavite\u013en\u00fdm noh\u00e1m sprchovej vani\u010dky, ktor\u00e9 sa prisp\u00f4sobia takmer ak\u00e9muko\u013evek povrchu, je mo\u017en\u00e9 tento produkt in\u0161talova\u0165 takmer kdeko\u013evek.<\/p>\n\n\n\n<ul class=\"wp-block-list\">\n<li>FI bezpe\u010dnostn\u00fd sp\u00edna\u010d na z\u00e1str\u010dke<\/li>\n\n\n\n<li>Funguje aj s prietokov\u00fdmi ohrieva\u010dmi vody<\/li>\n\n\n\n<li>Ide\u00e1lny by bol dl\u00e1\u017eden\u00fd povrch, ale nie je to bezpodmiene\u010dne nutn\u00e9, ale odpor\u00fa\u010danie<\/li>\n\n\n\n<li>Potrebujete odtok vody a pripojenie teplej\/studenej vody<\/li>\n\n\n\n<li>Cel\u00e1 kab\u00edna je vyroben\u00e1 z 5 mm hrub\u00e9ho bezpe\u010dnostn\u00e9ho skla (ESG)<\/li>\n\n\n\n<li>Odn\u00edmate\u013en\u00e1 mas\u00e1\u017e chodidiel je ovl\u00e1dan\u00e1 tlakom vody<\/li>\n\n\n\n<li>12 x biele LED di\u00f3dy in\u0161talovan\u00e9 v strednom paneli<\/li>\n\n\n\n<li>Posuvn\u00e9 dvere sa zatv\u00e1raj\u00fa pohodlne, tesne a ticho v\u010faka integrovan\u00e9mu magnetick\u00e9mu p\u00e1siku (mechanizmus m\u00e4kk\u00e9ho zatv\u00e1rania)<\/li>\n\n\n\n<li>Ru\u010dn\u00e1 sprcha s 3 variantmi pr\u00fadov<\/li>\n\n\n\n<li>Dr\u017eiak \u0161amp\u00f3nu na prednom paneli<br><\/li>\n<\/ul>\n\n\n\n<p>Rozmery (\u0160 x H x V): 170 x 90 x 220 cm<br>Materi\u00e1l vane: sanit\u00e1rny akryl\u00e1t a GRP<br>Vn\u00fatorn\u00e1 v\u00fd\u0161ka: cca 200 cm<br>Vstupn\u00e1 v\u00fd\u0161ka: cca 51 cm<br>\u0160\u00edrka vstupu: cca 60 cm<br>V\u00fd\u0161ka v\u00fdplne: cca 33 cm<br>Objem n\u00e1plne: cca 225 litrov<br>Pre bezprobl\u00e9mov\u00fa mont\u00e1\u017e je potrebn\u00e1 minim\u00e1lna v\u00fd\u0161ka miestnosti: cca 235 cm<br>Pripojenie: 2 be\u017en\u00e9 z\u00e1suvky 220-240 V. 1 x pre funkciu v\u00edrivky (750 W) a 1 x pre parn\u00fa saunu (3500 W). Obe z\u00e1str\u010dky s\u00fa chr\u00e1nen\u00e9 FI sp\u00edna\u010dom a pracuj\u00fa pri 50\/60 Hz (35 wattov\u00e9 svetlo, r\u00e1dio, ventil\u00e1tor).<br>Trysky na mas\u00e1\u017e chrbta: 8&nbsp;<br>Modr\u00e9 LED di\u00f3dy na paneli a tropick\u00e9 sprchov\u00e9 svetlo na stropnej oblohe: 12<\/p>\n\n\n\n<p>Flexibiln\u00e1 pr\u00edpojka odpadovej vody (HT 40 mm ako hadica na harmoniku)<br>Upozornenie: Potrebn\u00e9 s\u00fa 2x 1\/2 flexibiln\u00e9 hadice s prevle\u010dnou maticou (cenovo dostupn\u00e9 v \u0161pecializovan\u00fdch predajniach)<br>Rozmery balenia: (D x \u0160 x V)<br>Balenie 1: 170 x 29 x 15 cm&nbsp;<br>Balenie 2: 174 x 98 x 75 cm<br>Balenie 3: 167 x 73 x 5 cm&nbsp;<br>Balenie 4: 150 x 83 x 4 cm&nbsp;<br>Balenie 5: 170 x 80 x 15 cm<\/p>\n","protected":false},"excerpt":{"rendered":"<p>Tento kompletn\u00fd wellness z\u00e1\u017eitok rozb\u00facha va\u0161e srdce. ALL IN bol \u0161peci\u00e1lne navrhnut\u00fd ergonomicky tak, aby bolo mo\u017en\u00e9 poskytn\u00fa\u0165 tak\u00e9to vybavenie na tak malom priestore. Bez oh\u013eadu na to, \u010di sa sprchujete alebo k\u00fapete, ALL IN to umo\u017e\u0148uje. Samozrejmos\u0165ou je aj be\u017en\u00e9 pou\u017eitie s ru\u010dnou sprchou, ktor\u00fa je mo\u017en\u00e9 nastavi\u0165 pomocou prilo\u017eenej sprchovej ty\u010de. Modern\u00fd dizajn [&hellip;]<\/p>\n","protected":false},"featured_media":55339,"comment_status":"closed","ping_status":"closed","template":"","meta":[],"product_brand":[2589],"product_cat":[111],"product_tag":[],"class_list":{"0":"post-55330","1":"product","2":"type-product","3":"status-publish","4":"has-post-thumbnail","6":"product_brand-home-deluxe","7":"product_cat-masazne-sprchove-boxy","8":"pa_objem-225-l-2","9":"pa_pocet-trysiek-859","10":"pa_sirka-90-cm","11":"pa_vyrobca-home-deluxe","12":"pa_vyska-220-cm","14":"first","15":"instock","16":"taxable","17":"shipping-taxable","18":"purchasable","19":"product-type-variable"},"_links":{"self":[{"href":"https:\/\/diamondspa.sk\/sk\/wp-json\/wp\/v2\/product\/55330","targetHints":{"allow":["GET"]}}],"collection":[{"href":"https:\/\/diamondspa.sk\/sk\/wp-json\/wp\/v2\/product"}],"about":[{"href":"https:\/\/diamondspa.sk\/sk\/wp-json\/wp\/v2\/types\/product"}],"replies":[{"embeddable":true,"href":"https:\/\/diamondspa.sk\/sk\/wp-json\/wp\/v2\/comments?post=55330"}],"wp:featuredmedia":[{"embeddable":true,"href":"https:\/\/diamondspa.sk\/sk\/wp-json\/wp\/v2\/media\/55339"}],"wp:attachment":[{"href":"https:\/\/diamondspa.sk\/sk\/wp-json\/wp\/v2\/media?parent=55330"}],"wp:term":[{"taxonomy":"product_brand","embeddable":true,"href":"https:\/\/diamondspa.sk\/sk\/wp-json\/wp\/v2\/product_brand?post=55330"},{"taxonomy":"product_cat","embeddable":true,"href":"https:\/\/diamondspa.sk\/sk\/wp-json\/wp\/v2\/product_cat?post=55330"},{"taxonomy":"product_tag","embeddable":true,"href":"https:\/\/diamondspa.sk\/sk\/wp-json\/wp\/v2\/product_tag?post=55330"}],"curies":[{"name":"wp","href":"https:\/\/api.w.org\/{rel}","templated":true}]}}