{"id":55434,"date":"2025-07-23T12:22:19","date_gmt":"2025-07-23T10:22:19","guid":{"rendered":"https:\/\/diamondspa.sk\/?post_type=product&#038;p=55434"},"modified":"2025-08-26T21:58:44","modified_gmt":"2025-08-26T19:58:44","slug":"vonkajsia-virivka-sanotechnik-tirol-pre-6-osob","status":"publish","type":"product","link":"https:\/\/diamondspa.sk\/sk\/produkt\/vonkajsia-virivka-sanotechnik-tirol-pre-6-osob\/","title":{"rendered":"Vonkaj\u0161ia v\u00edrivka Sanotechnik Tirol pre 6 os\u00f4b"},"content":{"rendered":"\n<h3 class=\"wp-block-heading\"><strong>Vonkaj\u0161ia v\u00edrivka Tirol<\/strong><\/h3>\n\n\n\n<p>Doprajte si relax a komfort s novou vonkaj\u0161ou v\u00edrivkou <strong>Tirol<\/strong> od Sanotechnik. Tento model prin\u00e1\u0161a ide\u00e1lnu kombin\u00e1ciu pohodlia a modern\u00fdch technol\u00f3gi\u00ed, ktor\u00e1 v\u00e1m spr\u00edjemn\u00ed ka\u017ed\u00fd okamih odpo\u010dinku. V\u00edrivka pon\u00faka <strong>p\u00e4\u0165 miest na sedenie a jedno le\u017eadlo<\/strong>, tak\u017ee si m\u00f4\u017eete vychutna\u0165 relax vo v\u00e4\u010d\u0161ej spolo\u010dnosti alebo len sami.<\/p>\n\n\n\n<p>S <strong>28 mas\u00e1\u017enymi tryskami<\/strong> v\u00e1m zabezpe\u010d\u00ed pr\u00edjemn\u00fa hydromas\u00e1\u017e, ktor\u00e1 uvo\u013en\u00ed nap\u00e4t\u00e9 svaly a pom\u00f4\u017ee v\u00e1m na\u010derpa\u0165 nov\u00fa energiu. Vybaven\u00e1 je tie\u017e <strong>LED osvetlen\u00edm<\/strong>, modern\u00fdm <strong>Bluetooth audio syst\u00e9mom<\/strong> a intuit\u00edvnym <strong>digit\u00e1lnym ovl\u00e1dac\u00edm panelom<\/strong>, ktor\u00fd umo\u017e\u0148uje jednoduch\u00e9 nastavenie v\u0161etk\u00fdch funkci\u00ed.<\/p>\n\n\n\n<figure class=\"wp-block-embed is-type-video is-provider-youtube wp-block-embed-youtube wp-embed-aspect-16-9 wp-has-aspect-ratio\"><div class=\"wp-block-embed__wrapper\">\n<div class=\"video-container\"><iframe title=\"Sanotechnik Venkovn\u00ed V\u00ed\u0159ivka - zapojen\u00ed do elektrick\u00e9 s\u00edt\u011b\" width=\"1170\" height=\"658\" src=\"https:\/\/www.youtube.com\/embed\/tyLr1bh4uIg?feature=oembed\" frameborder=\"0\" allow=\"accelerometer; autoplay; clipboard-write; encrypted-media; gyroscope; picture-in-picture; web-share\" referrerpolicy=\"strict-origin-when-cross-origin\" allowfullscreen><\/iframe><\/div>\n<\/div><\/figure>\n\n\n\n<p><strong>Detaily produktu:<\/strong><\/p>\n\n\n\n<p>Rozmery: 210 x 210 x 80 cm<br>Farba: Biela<br>\u010cerpadl\u00e1: 1 (dvojstup\u0148ov\u00e9)<br>Mas\u00e1\u017ene trysky: 28<br>Sedadl\u00e1\/Le\u017eadlo: 5\/1<br>Objem: cca 900 l<br>Hmotnos\u0165: 357 kg<\/p>\n\n\n\n<p><strong>Vlastnosti:<\/strong><\/p>\n\n\n\n<p>Elektronick\u00e9 ovl\u00e1danie<br>UV dezinfekcia<br>Tepelneizola\u010dn\u00fd syst\u00e9m<br>Digit\u00e1lny ovl\u00e1dac\u00ed panel<br>Filtra\u010dn\u00fd syst\u00e9m<br>Kryt v\u00edrivky<br>Vr\u00e1tane kroky<\/p>\n\n\n\n<p><strong>Filtra\u010dn\u00fd syst\u00e9m:<\/strong><\/p>\n\n\n\n<p>Skimmer: \u00c1no<br>Kart\u00e1\u017eov\u00fd filter: \u00c1no<br>Prietok filtra\u010dn\u00e9ho \u010derpadla za 4 hodiny: 1<\/p>\n\n\n\n<p><strong>Funkcie:<\/strong><\/p>\n\n\n\n<p>Deflektor vody: \u00c1no<br>Audiosyst\u00e9m Bluetooth: \u00c1no<\/p>\n\n\n\n<p><strong>Technick\u00e9 \u0161pecifik\u00e1cie:<\/strong><\/p>\n\n\n\n<p>Celkov\u00fd v\u00fdkon: 3,52 kW<br>V\u00fdkon hydraulick\u00e9ho \u010derpadla: 1,52 kW<br>V\u00fdkon vykurovania: 2 kW<br>Nap\u00e1jacie nap\u00e4tie: 220 &#8211; 240 V 50 Hz<\/p>\n\n\n\n<p><strong>Konfigur\u00e1cia Mas\u00e1\u017ene trysky:<\/strong><\/p>\n\n\n\n<ul class=\"wp-block-list\">\n<li>4,5&#8243; mas\u00e1\u017ene trysky: 3<\/li>\n\n\n\n<li>3,5&#8243; mas\u00e1\u017ene trysky: 7<\/li>\n\n\n\n<li>2&#8243; mas\u00e1\u017ene trysky: 18<\/li>\n<\/ul>\n\n\n\n<p><strong>\u010eal\u0161ie inform\u00e1cie:<\/strong><br>Z\u00e1klad\u0148a: Oce\u013eov\u00fd r\u00e1m<br>Opierky hlavy: 3<br>Regul\u00e1tory vzduchu: 3<br>Deflektor vody: 1<\/p>\n","protected":false},"excerpt":{"rendered":"<p>Vonkaj\u0161ia v\u00edrivka Tirol Doprajte si relax a komfort s novou vonkaj\u0161ou v\u00edrivkou Tirol od Sanotechnik. Tento model prin\u00e1\u0161a ide\u00e1lnu kombin\u00e1ciu pohodlia a modern\u00fdch technol\u00f3gi\u00ed, ktor\u00e1 v\u00e1m spr\u00edjemn\u00ed ka\u017ed\u00fd okamih odpo\u010dinku. V\u00edrivka pon\u00faka p\u00e4\u0165 miest na sedenie a jedno le\u017eadlo, tak\u017ee si m\u00f4\u017eete vychutna\u0165 relax vo v\u00e4\u010d\u0161ej spolo\u010dnosti alebo len sami. S 28 mas\u00e1\u017enymi tryskami v\u00e1m [&hellip;]<\/p>\n","protected":false},"featured_media":55435,"comment_status":"closed","ping_status":"closed","template":"","meta":[],"product_brand":[2703],"product_cat":[415],"product_tag":[],"class_list":{"0":"post-55434","1":"product","2":"type-product","3":"status-publish","4":"has-post-thumbnail","6":"product_brand-sanotechnik","7":"product_cat-zahradne-virivky-jacuzzi","8":"pa_hmotnost-357-kg","9":"pa_objem-900-l","10":"pa_pocet-trysiek-2714","11":"pa_sirka-210-cm","12":"pa_vyrobca-sanotechnik-rakusko","13":"pa_vyska-80-cm","15":"first","16":"outofstock","17":"taxable","18":"shipping-taxable","19":"purchasable","20":"product-type-simple"},"_links":{"self":[{"href":"https:\/\/diamondspa.sk\/sk\/wp-json\/wp\/v2\/product\/55434","targetHints":{"allow":["GET"]}}],"collection":[{"href":"https:\/\/diamondspa.sk\/sk\/wp-json\/wp\/v2\/product"}],"about":[{"href":"https:\/\/diamondspa.sk\/sk\/wp-json\/wp\/v2\/types\/product"}],"replies":[{"embeddable":true,"href":"https:\/\/diamondspa.sk\/sk\/wp-json\/wp\/v2\/comments?post=55434"}],"wp:featuredmedia":[{"embeddable":true,"href":"https:\/\/diamondspa.sk\/sk\/wp-json\/wp\/v2\/media\/55435"}],"wp:attachment":[{"href":"https:\/\/diamondspa.sk\/sk\/wp-json\/wp\/v2\/media?parent=55434"}],"wp:term":[{"taxonomy":"product_brand","embeddable":true,"href":"https:\/\/diamondspa.sk\/sk\/wp-json\/wp\/v2\/product_brand?post=55434"},{"taxonomy":"product_cat","embeddable":true,"href":"https:\/\/diamondspa.sk\/sk\/wp-json\/wp\/v2\/product_cat?post=55434"},{"taxonomy":"product_tag","embeddable":true,"href":"https:\/\/diamondspa.sk\/sk\/wp-json\/wp\/v2\/product_tag?post=55434"}],"curies":[{"name":"wp","href":"https:\/\/api.w.org\/{rel}","templated":true}]}}