{"id":55457,"date":"2025-07-23T12:39:57","date_gmt":"2025-07-23T10:39:57","guid":{"rendered":"https:\/\/diamondspa.sk\/?post_type=product&#038;p=55457"},"modified":"2025-08-26T21:58:43","modified_gmt":"2025-08-26T19:58:43","slug":"vonkajsia-virivka-pre-5-osob-sanotechnik-tahiti","status":"publish","type":"product","link":"https:\/\/diamondspa.sk\/sk\/produkt\/vonkajsia-virivka-pre-5-osob-sanotechnik-tahiti\/","title":{"rendered":"Vonkaj\u0161ia v\u00edrivka pre 5 os\u00f4b Sanotechnik Tahiti"},"content":{"rendered":"\n<p>Vonkaj\u0161ia v\u00edrivka <strong>Tahiti Sterling Silver<\/strong><\/p>\n\n\n\n<p>Za\u017eite prvotriedny relax s vonkaj\u0161ou v\u00edrivkou <strong>Tahiti Sterling Silver<\/strong> od Sanotechnik, ktor\u00e1 kombinuje modern\u00fd dizajn a v\u00fdkonn\u00fa hydromas\u00e1\u017e. Tento model je ide\u00e1lny pre pohodln\u00e9 sedenie <strong>pre tri osoby<\/strong> a navy\u0161e pon\u00faka <strong>le\u017eadl\u00e1 pre dve osoby<\/strong>, tak\u017ee poskytuje dostatok priestoru na spolo\u010dn\u00fd oddych s rodinou alebo priate\u013emi.<\/p>\n\n\n\n<p>V\u00edrivka je vybaven\u00e1 <strong>31 mas\u00e1\u017enymi tryskami z nehrdzavej\u00facej ocele<\/strong>, ktor\u00e9 sa postaraj\u00fa o dokonal\u00fa relax\u00e1ciu cel\u00e9ho tela. Komfort umoc\u0148uje <strong>LED osvetlenie<\/strong>, vstavan\u00fd <strong>audio syst\u00e9m s Bluetooth pripojen\u00edm<\/strong> a <strong>digit\u00e1lny ovl\u00e1dac\u00ed panel<\/strong>. V\u010faka mo\u017enosti dia\u013ekov\u00e9ho ovl\u00e1dania cez WiFi m\u00f4\u017eete svoju v\u00edrivku jednoducho nastavi\u0165 bez oh\u013eadu na to, kde pr\u00e1ve ste.<\/p>\n\n\n\n<figure class=\"wp-block-embed is-type-video is-provider-youtube wp-block-embed-youtube wp-embed-aspect-16-9 wp-has-aspect-ratio\"><div class=\"wp-block-embed__wrapper\">\n<div class=\"video-container\"><iframe title=\"Sanotechnik Venkovn\u00ed V\u00ed\u0159ivka - zapojen\u00ed do elektrick\u00e9 s\u00edt\u011b\" width=\"1170\" height=\"658\" src=\"https:\/\/www.youtube.com\/embed\/tyLr1bh4uIg?feature=oembed\" frameborder=\"0\" allow=\"accelerometer; autoplay; clipboard-write; encrypted-media; gyroscope; picture-in-picture; web-share\" referrerpolicy=\"strict-origin-when-cross-origin\" allowfullscreen><\/iframe><\/div>\n<\/div><\/figure>\n\n\n\n<p><strong>Detaily produktu:<\/strong><\/p>\n\n\n\n<p>Vonkaj\u0161ie rozmery: 200 x 200 x 88 cm<br>Farby: 2 (Sterling Silver a Pearl Shadow Gray)<br>\u010cerpadl\u00e1: 1 (dvojstup\u0148ov\u00e9)<br>Mas\u00e1\u017ene trysky: 31<br>Sedadl\u00e1\/Le\u017eadl\u00e1: 3\/2<br>Kapacita: cca. 810 l<\/p>\n\n\n\n<p><strong>Vlastnosti:<\/strong><\/p>\n\n\n\n<p>Elektronick\u00e9 ovl\u00e1danie<br>Trysky z nehrdzavej\u00facej ocele<br>Dezinfekcia oz\u00f3nom<br>Syst\u00e9m tepelnej izol\u00e1cie<br>Digit\u00e1lny ovl\u00e1dac\u00ed panel<\/p>\n\n\n\n<p><strong>Filtra\u010dn\u00fd syst\u00e9m:<\/strong><\/p>\n\n\n\n<p>Skimmer: \u00c1no<br>Kart\u00e1\u017eov\u00fd filter: \u00c1no<br>Prietok filtra\u010dn\u00e9ho \u010derpadla\/6h: 1<\/p>\n\n\n\n<p><strong>Funkcie<\/strong>:<\/p>\n\n\n\n<p>Konvertorov\u00fd syst\u00e9m: \u00c1no<br>Dia\u013ekov\u00e9 ovl\u00e1danie WiFi: \u00c1no<\/p>\n\n\n\n<p>Audio syst\u00e9m Bluetooth: \u00c1no<\/p>\n\n\n\n<p><strong>31 mas\u00e1\u017enych trysiek:<\/strong><\/p>\n\n\n\n<p>4,5&#8243; mas\u00e1\u017ene trysky: 3<br>3,5&#8243; mas\u00e1\u017ene trysky: 7<br>2&#8243; mas\u00e1\u017ene trysky: 21<br>Osvetlenie:<br>LED osvetlenie: 1<\/p>\n\n\n\n<p><strong>\u010eal\u0161ie inform\u00e1cie:<\/strong><\/p>\n\n\n\n<p>R\u00e1m: Hlin\u00edk<br>Opierka hlavy: 3<br>Regul\u00e1tory vzduchu: 2<br>Hmotnos\u0165: 344 kg<br>vr\u00e1tane krytu<br>vr\u00e1tane schod\u00edka<\/p>\n\n\n\n<p><strong>Technick\u00e9 \u0161pecifik\u00e1cie:<\/strong><\/p>\n\n\n\n<p>Celkov\u00fd v\u00fdkon: 3,9 kW<br>V\u00fdkon hydraulick\u00e9ho \u010derpadla: 1,9 kW<br>V\u00fdkon ohrieva\u010da: 2 kW<br>Nap\u00e1jacie nap\u00e4tie: 220-240 V 50 Hz<\/p>\n","protected":false},"excerpt":{"rendered":"<p>Vonkaj\u0161ia v\u00edrivka Tahiti Sterling Silver Za\u017eite prvotriedny relax s vonkaj\u0161ou v\u00edrivkou Tahiti Sterling Silver od Sanotechnik, ktor\u00e1 kombinuje modern\u00fd dizajn a v\u00fdkonn\u00fa hydromas\u00e1\u017e. Tento model je ide\u00e1lny pre pohodln\u00e9 sedenie pre tri osoby a navy\u0161e pon\u00faka le\u017eadl\u00e1 pre dve osoby, tak\u017ee poskytuje dostatok priestoru na spolo\u010dn\u00fd oddych s rodinou alebo priate\u013emi. V\u00edrivka je vybaven\u00e1 31 [&hellip;]<\/p>\n","protected":false},"featured_media":55458,"comment_status":"closed","ping_status":"closed","template":"","meta":[],"product_brand":[2703],"product_cat":[415],"product_tag":[],"class_list":{"0":"post-55457","1":"product","2":"type-product","3":"status-publish","4":"has-post-thumbnail","6":"product_brand-sanotechnik","7":"product_cat-zahradne-virivky-jacuzzi","8":"pa_hmotnost-314-kg","9":"pa_material-hlinik","10":"pa_objem-1400-l","11":"pa_sirka-200-cm","12":"pa_vyrobca-sanotechnik-rakusko","13":"pa_vyska-88-cm","15":"first","16":"instock","17":"taxable","18":"shipping-taxable","19":"purchasable","20":"product-type-simple"},"_links":{"self":[{"href":"https:\/\/diamondspa.sk\/sk\/wp-json\/wp\/v2\/product\/55457","targetHints":{"allow":["GET"]}}],"collection":[{"href":"https:\/\/diamondspa.sk\/sk\/wp-json\/wp\/v2\/product"}],"about":[{"href":"https:\/\/diamondspa.sk\/sk\/wp-json\/wp\/v2\/types\/product"}],"replies":[{"embeddable":true,"href":"https:\/\/diamondspa.sk\/sk\/wp-json\/wp\/v2\/comments?post=55457"}],"wp:featuredmedia":[{"embeddable":true,"href":"https:\/\/diamondspa.sk\/sk\/wp-json\/wp\/v2\/media\/55458"}],"wp:attachment":[{"href":"https:\/\/diamondspa.sk\/sk\/wp-json\/wp\/v2\/media?parent=55457"}],"wp:term":[{"taxonomy":"product_brand","embeddable":true,"href":"https:\/\/diamondspa.sk\/sk\/wp-json\/wp\/v2\/product_brand?post=55457"},{"taxonomy":"product_cat","embeddable":true,"href":"https:\/\/diamondspa.sk\/sk\/wp-json\/wp\/v2\/product_cat?post=55457"},{"taxonomy":"product_tag","embeddable":true,"href":"https:\/\/diamondspa.sk\/sk\/wp-json\/wp\/v2\/product_tag?post=55457"}],"curies":[{"name":"wp","href":"https:\/\/api.w.org\/{rel}","templated":true}]}}