{"id":55483,"date":"2025-07-23T12:55:28","date_gmt":"2025-07-23T10:55:28","guid":{"rendered":"https:\/\/diamondspa.sk\/?post_type=product&#038;p=55483"},"modified":"2025-08-26T21:58:43","modified_gmt":"2025-08-26T19:58:43","slug":"vonkajsia-virivka-pre-2-osoby-sanotechnik-fiji-silver-210x160cm","status":"publish","type":"product","link":"https:\/\/diamondspa.sk\/sk\/produkt\/vonkajsia-virivka-pre-2-osoby-sanotechnik-fiji-silver-210x160cm\/","title":{"rendered":"Vonkaj\u0161ia v\u00edrivka pre 2 osoby Sanotechnik Fiji silver 210x160cm"},"content":{"rendered":"\n<p><strong>Sanotechnik &#8211; Fiji &#8211; V\u00edrivka pre 3 osoby<\/strong><\/p>\n\n\n\n<p>Doprajte si zasl\u00fa\u017een\u00fd oddych s v\u00edrivkou <strong>FIJI Sterling Silver<\/strong> od Sanotechnik, ktor\u00e1 je ide\u00e1lnym rie\u0161en\u00edm pre ka\u017ed\u00e9ho, kto t\u00fa\u017ei po pohodl\u00ed, kvalite a kompaktnom preveden\u00ed. Jej inteligentn\u00e9 rozlo\u017eenie priestoru pon\u00faka dve ergonomick\u00e9 sedadl\u00e1 a jedno komfortn\u00e9 le\u017eadlo, v\u010faka \u010domu si relax vychutn\u00e1te o to intenz\u00edvnej\u0161ie. So<strong> 31 v\u00fdkonn\u00fdmi mas\u00e1\u017enymi tryskami <\/strong>poskytuje kompletn\u00fa hydroterapiu na uvo\u013enenie nap\u00e4tia, <strong>regener\u00e1ciu svalov a du\u0161evn\u00fd re\u0161tart<\/strong> po n\u00e1ro\u010dnom dni.<\/p>\n\n\n\n<figure class=\"wp-block-embed is-type-video is-provider-youtube wp-block-embed-youtube wp-embed-aspect-16-9 wp-has-aspect-ratio\"><div class=\"wp-block-embed__wrapper\">\n<div class=\"video-container\"><iframe title=\"Sanotechnik Venkovn\u00ed V\u00ed\u0159ivka - zapojen\u00ed do elektrick\u00e9 s\u00edt\u011b\" width=\"1170\" height=\"658\" src=\"https:\/\/www.youtube.com\/embed\/tyLr1bh4uIg?start=1&#038;feature=oembed\" frameborder=\"0\" allow=\"accelerometer; autoplay; clipboard-write; encrypted-media; gyroscope; picture-in-picture; web-share\" referrerpolicy=\"strict-origin-when-cross-origin\" allowfullscreen><\/iframe><\/div>\n<\/div><\/figure>\n\n\n\n<p><strong>Detaily produktu:<\/strong><\/p>\n\n\n\n<p>Vonkaj\u0161ie rozmery: 210 x 160 x 80 cm<br>\u010cerpadl\u00e1: 1 (dvojstup\u0148ov\u00e9)<br>Mas\u00e1\u017ene trysky: 31<br>Sedadl\u00e1\/Le\u017eadlo: 2\/1<br>Objem: 620 l<\/p>\n\n\n\n<p><strong>Vlastnosti:<\/strong><\/p>\n\n\n\n<p>Elektronick\u00e9 ovl\u00e1danie<br>Dezinfekcia oz\u00f3nom<br>Syst\u00e9m tepelnej izol\u00e1cie<br>Digit\u00e1lny ovl\u00e1dac\u00ed panel<\/p>\n\n\n\n<p><strong>Filtra\u010dn\u00fd syst\u00e9m:<\/strong><\/p>\n\n\n\n<p>Skimmer: \u00c1no<br>Kart\u00e1\u017eov\u00fd filter: \u00c1no<br>Prietok filtra\u010dn\u00e9ho \u010derpadla\/6h: 1<\/p>\n\n\n\n<p><strong>Funkcie:<\/strong><\/p>\n\n\n\n<p>Konvertorov\u00fd syst\u00e9m: \u00c1no<br>Dia\u013ekov\u00e9 ovl\u00e1danie WiFi: \u00c1no<br>Audio syst\u00e9m Bluetooth: \u00c1no<\/p>\n\n\n\n<p><strong>31 mas\u00e1\u017enych trysiek:<\/strong><\/p>\n\n\n\n<p>4,5&#8243; mas\u00e1\u017ene trysky: 1<br>3,5&#8243; mas\u00e1\u017ene trysky: 16<br>2&#8243; mas\u00e1\u017ene trysky: 14<\/p>\n\n\n\n<p><strong>Osvetlenie:<\/strong><\/p>\n\n\n\n<p>LED osvetlenie: 1<br>\u010eal\u0161ie inform\u00e1cie:<br>R\u00e1m: Hlin\u00edk<br>Opierky hlavy: 3<br>Regul\u00e1tory vzduchu: 3<br>Deflektor vody: 1<br>Hmotnos\u0165: 301 kg<br>vr\u00e1tane krytu<br>vr\u00e1tane schod\u00edkov<\/p>\n\n\n\n<p><strong>Technick\u00e9 \u0161pecifik\u00e1cie:<\/strong><\/p>\n\n\n\n<p>Celkov\u00fd v\u00fdkon: 3,9 kW<br>V\u00fdkon hydraulick\u00e9ho \u010derpadla: 1,9 kW<br>V\u00fdkurovac\u00ed v\u00fdkon: 2 kW<br>Nap\u00e1jacie nap\u00e4tie: 220-240V 50Hz<\/p>\n","protected":false},"excerpt":{"rendered":"<p>Sanotechnik &#8211; Fiji &#8211; V\u00edrivka pre 3 osoby Doprajte si zasl\u00fa\u017een\u00fd oddych s v\u00edrivkou FIJI Sterling Silver od Sanotechnik, ktor\u00e1 je ide\u00e1lnym rie\u0161en\u00edm pre ka\u017ed\u00e9ho, kto t\u00fa\u017ei po pohodl\u00ed, kvalite a kompaktnom preveden\u00ed. Jej inteligentn\u00e9 rozlo\u017eenie priestoru pon\u00faka dve ergonomick\u00e9 sedadl\u00e1 a jedno komfortn\u00e9 le\u017eadlo, v\u010faka \u010domu si relax vychutn\u00e1te o to intenz\u00edvnej\u0161ie. So 31 [&hellip;]<\/p>\n","protected":false},"featured_media":55484,"comment_status":"closed","ping_status":"closed","template":"","meta":[],"product_brand":[2703],"product_cat":[415],"product_tag":[],"class_list":{"0":"post-55483","1":"product","2":"type-product","3":"status-publish","4":"has-post-thumbnail","6":"product_brand-sanotechnik","7":"product_cat-zahradne-virivky-jacuzzi","8":"pa_hmotnost-234-kg","9":"pa_objem-930-l-2","10":"pa_sirka-160-cm","11":"pa_vyrobca-sanotechnik-rakusko","12":"pa_vyska-80-cm","14":"first","15":"instock","16":"taxable","17":"shipping-taxable","18":"purchasable","19":"product-type-simple"},"_links":{"self":[{"href":"https:\/\/diamondspa.sk\/sk\/wp-json\/wp\/v2\/product\/55483","targetHints":{"allow":["GET"]}}],"collection":[{"href":"https:\/\/diamondspa.sk\/sk\/wp-json\/wp\/v2\/product"}],"about":[{"href":"https:\/\/diamondspa.sk\/sk\/wp-json\/wp\/v2\/types\/product"}],"replies":[{"embeddable":true,"href":"https:\/\/diamondspa.sk\/sk\/wp-json\/wp\/v2\/comments?post=55483"}],"wp:featuredmedia":[{"embeddable":true,"href":"https:\/\/diamondspa.sk\/sk\/wp-json\/wp\/v2\/media\/55484"}],"wp:attachment":[{"href":"https:\/\/diamondspa.sk\/sk\/wp-json\/wp\/v2\/media?parent=55483"}],"wp:term":[{"taxonomy":"product_brand","embeddable":true,"href":"https:\/\/diamondspa.sk\/sk\/wp-json\/wp\/v2\/product_brand?post=55483"},{"taxonomy":"product_cat","embeddable":true,"href":"https:\/\/diamondspa.sk\/sk\/wp-json\/wp\/v2\/product_cat?post=55483"},{"taxonomy":"product_tag","embeddable":true,"href":"https:\/\/diamondspa.sk\/sk\/wp-json\/wp\/v2\/product_tag?post=55483"}],"curies":[{"name":"wp","href":"https:\/\/api.w.org\/{rel}","templated":true}]}}