{"id":55497,"date":"2025-07-23T13:14:25","date_gmt":"2025-07-23T11:14:25","guid":{"rendered":"https:\/\/diamondspa.sk\/?post_type=product&#038;p=55497"},"modified":"2025-08-26T21:58:44","modified_gmt":"2025-08-26T19:58:44","slug":"vonkajsia-virivka-pre-3-osoby-sanotechnik-diablo","status":"publish","type":"product","link":"https:\/\/diamondspa.sk\/sk\/produkt\/vonkajsia-virivka-pre-3-osoby-sanotechnik-diablo\/","title":{"rendered":"Vonkaj\u0161ia v\u00edrivka pre 3 osoby Sanotechnik Diablo"},"content":{"rendered":"\n<p><strong>Vonkaj\u0161ia v\u00edrivka Diablo<\/strong><\/p>\n\n\n\n<p>Ute\u010dte od ka\u017edodenn\u00e9ho zhonu a doprajte si skuto\u010dn\u00fd wellness z\u00e1\u017eitok u v\u00e1s doma s vonkaj\u0161ou v\u00edrivkou <strong>Diablo od Sanotechnik<\/strong>. Tento elegantn\u00fd model bol navrhnut\u00fd pre t\u00fdch, ktor\u00ed si chc\u00fa vychutna\u0165 relax pod hol\u00fdm nebom, v s\u00fakrom\u00ed svojej z\u00e1hrady \u010di terasy. S komfortn\u00fdm priestorom pre <strong>dve osoby a jedno le\u017eadlo<\/strong> je ide\u00e1lnou vo\u013ebou na romantick\u00fd ve\u010der aj regener\u00e1ciu po n\u00e1ro\u010dnom dni.<\/p>\n\n\n\n<p>V\u010faka <strong>25 v\u00fdkonn\u00fdm mas\u00e1\u017enym trysk\u00e1m<\/strong> pon\u00faka \u00fa\u010dinn\u00fa hydromas\u00e1\u017e, ktor\u00e1 uvo\u013en\u00ed stuhnut\u00e9 svaly a prinavr\u00e1ti telu vitalitu. O pr\u00edjemn\u00fa atmosf\u00e9ru sa postar\u00e1 <strong>farebn\u00e9 LED osvetlenie<\/strong> a <strong>Bluetooth audio syst\u00e9m<\/strong>, ktor\u00fd v\u00e1m umo\u017en\u00ed relaxova\u0165 pri ob\u013e\u00fabenej hudbe. Intuit\u00edvne <strong>digit\u00e1lne ovl\u00e1danie<\/strong>, <strong>UV dezinfekcia<\/strong> a kvalitn\u00e1 <strong>tepeln\u00e1 izol\u00e1cia<\/strong> zaru\u010duj\u00fa komfortn\u00e9 pou\u017e\u00edvanie po\u010das cel\u00e9ho roka.<\/p>\n\n\n\n<p><strong>Detaily produktu:<\/strong><\/p>\n\n\n\n<p>Rozmery: 210 x 160 x 80 cm<br>Farba: Biela<br>\u010cerpadl\u00e1: 1 (dvojstup\u0148ov\u00e9)<br>Mas\u00e1\u017ene trysky: 25<br>Sedadl\u00e1\/Le\u017eadlo: 2\/1<br>Objem: 620 l<br>Hmotnos\u0165: 301 kg<\/p>\n\n\n\n<p><strong>Vlastnosti:<\/strong><\/p>\n\n\n\n<p>Elektronick\u00e9 ovl\u00e1danie<br>UV dezinfekcia<br>Tepelnoizola\u010dn\u00fd syst\u00e9m<br>Digit\u00e1lny ovl\u00e1dac\u00ed panel<br>Kryt v\u00edrivky<br>Vr\u00e1tane schod\u00edkov<\/p>\n\n\n\n<p><strong>Filtra\u010dn\u00fd syst\u00e9m:<\/strong><\/p>\n\n\n\n<p>Skimmer: \u00c1no<br>Kart\u00e1\u017eov\u00fd filter: \u00c1no<br>Prietok filtra\u010dn\u00e9ho \u010derpadla\/4h: 1<\/p>\n\n\n\n<p><strong>Funkcie:<\/strong><\/p>\n\n\n\n<p>Syst\u00e9m meni\u010da: \u00c1no<br>Bluetooth audio syst\u00e9m: \u00c1no<\/p>\n\n\n\n<p><strong>Technick\u00e9 \u0161pecifik\u00e1cie:<\/strong><\/p>\n\n\n\n<p>Celkov\u00fd v\u00fdkon: 3,52 kW<br>V\u00fdkon hydraulick\u00e9ho \u010derpadla: 1,52 kW<br>V\u00fdkurovac\u00ed v\u00fdkon: 2 kW<br>Nap\u00e1jacie nap\u00e4tie: 220-240 V 50Hz<\/p>\n\n\n\n<p><strong>25 mas\u00e1\u017e\u00ed Trysky:<\/strong><\/p>\n\n\n\n<p>Mas\u00e1\u017ene trysky 4,5&#8243;: 1<br>Mas\u00e1\u017ene trysky 3,5&#8243;: 16<br>Mas\u00e1\u017ene trysky 2&#8243;: 8<\/p>\n\n\n\n<p><strong>\u010eal\u0161ie inform\u00e1cie:<\/strong><\/p>\n\n\n\n<p>R\u00e1m: Oce\u013e<br>Opierky hlavy: 3<br>Ovl\u00e1danie vzduchu: 3<br>Deflektory vody: 1<\/p>\n","protected":false},"excerpt":{"rendered":"<p>Vonkaj\u0161ia v\u00edrivka Diablo Ute\u010dte od ka\u017edodenn\u00e9ho zhonu a doprajte si skuto\u010dn\u00fd wellness z\u00e1\u017eitok u v\u00e1s doma s vonkaj\u0161ou v\u00edrivkou Diablo od Sanotechnik. Tento elegantn\u00fd model bol navrhnut\u00fd pre t\u00fdch, ktor\u00ed si chc\u00fa vychutna\u0165 relax pod hol\u00fdm nebom, v s\u00fakrom\u00ed svojej z\u00e1hrady \u010di terasy. S komfortn\u00fdm priestorom pre dve osoby a jedno le\u017eadlo je ide\u00e1lnou vo\u013ebou [&hellip;]<\/p>\n","protected":false},"featured_media":55498,"comment_status":"closed","ping_status":"closed","template":"","meta":[],"product_brand":[2703],"product_cat":[415],"product_tag":[],"class_list":{"0":"post-55497","1":"product","2":"type-product","3":"status-publish","4":"has-post-thumbnail","6":"product_brand-sanotechnik","7":"product_cat-zahradne-virivky-jacuzzi","8":"pa_hmotnost-301-kg","9":"pa_objem-620-l","10":"pa_sirka-160-cm","11":"pa_vyrobca-sanotechnik-rakusko","12":"pa_vyska-80-cm","14":"first","15":"instock","16":"taxable","17":"shipping-taxable","18":"purchasable","19":"product-type-simple"},"_links":{"self":[{"href":"https:\/\/diamondspa.sk\/sk\/wp-json\/wp\/v2\/product\/55497","targetHints":{"allow":["GET"]}}],"collection":[{"href":"https:\/\/diamondspa.sk\/sk\/wp-json\/wp\/v2\/product"}],"about":[{"href":"https:\/\/diamondspa.sk\/sk\/wp-json\/wp\/v2\/types\/product"}],"replies":[{"embeddable":true,"href":"https:\/\/diamondspa.sk\/sk\/wp-json\/wp\/v2\/comments?post=55497"}],"wp:featuredmedia":[{"embeddable":true,"href":"https:\/\/diamondspa.sk\/sk\/wp-json\/wp\/v2\/media\/55498"}],"wp:attachment":[{"href":"https:\/\/diamondspa.sk\/sk\/wp-json\/wp\/v2\/media?parent=55497"}],"wp:term":[{"taxonomy":"product_brand","embeddable":true,"href":"https:\/\/diamondspa.sk\/sk\/wp-json\/wp\/v2\/product_brand?post=55497"},{"taxonomy":"product_cat","embeddable":true,"href":"https:\/\/diamondspa.sk\/sk\/wp-json\/wp\/v2\/product_cat?post=55497"},{"taxonomy":"product_tag","embeddable":true,"href":"https:\/\/diamondspa.sk\/sk\/wp-json\/wp\/v2\/product_tag?post=55497"}],"curies":[{"name":"wp","href":"https:\/\/api.w.org\/{rel}","templated":true}]}}