{"id":55520,"date":"2025-07-23T13:25:57","date_gmt":"2025-07-23T11:25:57","guid":{"rendered":"https:\/\/diamondspa.sk\/?post_type=product&#038;p=55520"},"modified":"2025-08-26T21:58:40","modified_gmt":"2025-08-26T19:58:40","slug":"vonkajsia-virivka-pre-5-osob-sanotechnik-hawaii-biela","status":"publish","type":"product","link":"https:\/\/diamondspa.sk\/sk\/produkt\/vonkajsia-virivka-pre-5-osob-sanotechnik-hawaii-biela\/","title":{"rendered":"Vonkaj\u0161ia v\u00edrivka pre 5 os\u00f4b Sanotechnik HAWAII Biela"},"content":{"rendered":"\n<h2 class=\"wp-block-heading\">Vonkaj\u0161ia v\u00edrivka Sanotechnik Hawai<\/h2>\n\n\n\n<p>Vytvorte si svoj vlastn\u00fd luxusn\u00fd wellness priestor priamo doma s v\u00edrivkou <strong>HAWAII Biely mramor<\/strong> od Sanotechnik. T\u00e1to priestrann\u00e1 v\u00edrivka je navrhnut\u00e1 tak, aby poskytla maxim\u00e1lny komfort a\u017e pre p\u00e4\u0165 os\u00f4b \u2013 tri pohodln\u00e9 sedadl\u00e1 a dve le\u017eiace miesta pon\u00fakaj\u00fa dostatok priestoru na <strong>spolo\u010dn\u00e9 chv\u00edle relax\u00e1cie<\/strong> s rodinou alebo priate\u013emi.<\/p>\n\n\n\n<p>S impozantn\u00fdm po\u010dtom <strong>91 mas\u00e1\u017enych trysiek<\/strong> je zaru\u010den\u00e1 \u00fa\u010dinn\u00e1 hydromas\u00e1\u017e, ktor\u00e1 pom\u00e1ha uvo\u013eni\u0165 nap\u00e4tie svalov a zmierni\u0165 stres. Pokro\u010dil\u00fd riadiaci syst\u00e9m <strong>BALBOA<\/strong> umo\u017e\u0148uje jednoduch\u00e9 a presn\u00e9 nastavenie funkci\u00ed, zatia\u013e \u010do LED osvetlenie a kvalitn\u00e9 audio vybavenie s Bluetooth pripojen\u00edm vytv\u00e1raj\u00fa pr\u00edjemn\u00fa atmosf\u00e9ru pre dokonal\u00fd z\u00e1\u017eitok. Navy\u0161e, efekt\u00edvna dezinfekcia oz\u00f3nom a tepeln\u00e1 izol\u00e1cia zabezpe\u010duj\u00fa \u010dist\u00fa vodu a \u00fasporu energie, aby ste si mohli v\u00edrivku u\u017e\u00edva\u0165 <strong>bez starost\u00ed ka\u017ed\u00fd de\u0148.<\/strong><\/p>\n\n\n\n<figure class=\"wp-block-embed is-type-video is-provider-youtube wp-block-embed-youtube wp-embed-aspect-16-9 wp-has-aspect-ratio\"><div class=\"wp-block-embed__wrapper\">\n<div class=\"video-container\"><iframe title=\"Sanotechnik Venkovn\u00ed V\u00ed\u0159ivka - zapojen\u00ed do elektrick\u00e9 s\u00edt\u011b\" width=\"1170\" height=\"658\" src=\"https:\/\/www.youtube.com\/embed\/tyLr1bh4uIg?feature=oembed\" frameborder=\"0\" allow=\"accelerometer; autoplay; clipboard-write; encrypted-media; gyroscope; picture-in-picture; web-share\" referrerpolicy=\"strict-origin-when-cross-origin\" allowfullscreen><\/iframe><\/div>\n<\/div><\/figure>\n\n\n\n<p><\/p>\n\n\n\n<p><strong>Detaily produktu:<\/strong><\/p>\n\n\n\n<p>Rozmery: 220 x 220 x 95 cm<br>Sedadl\u00e1\/Le\u017eadlo: 3\/2<br>Mas\u00e1\u017ene trysky: 91<br>\u010cerpadl\u00e1: 5 (3 hydro\u010derpadl\u00e1, 1 obehov\u00e9 \u010derpadlo a 1 vzduchov\u00e9 \u010derpadlo)<br>Kapacita: Pribl. 1322 l<br>Riadiaci syst\u00e9m BALBOA<\/p>\n\n\n\n<p><strong>Vlastnosti:<\/strong><\/p>\n\n\n\n<p>Pokro\u010dil\u00fd elektronick\u00fd riadiaci syst\u00e9m<br>Trysky z nehrdzavej\u00facej ocele<br>Dezinfekcia oz\u00f3nom<br>Tepelnoizola\u010dn\u00fd syst\u00e9m<br>Riadiaci syst\u00e9m a elektronika BALBOA<\/p>\n\n\n\n<p><strong>Filtra\u010dn\u00fd syst\u00e9m:<\/strong><\/p>\n\n\n\n<p>Skimmer: \u00c1no<br>Kart\u00e1\u017eov\u00fd filter: \u00c1no<br>Prietok filtra\u010dn\u00e9ho \u010derpadla\/24h: 1<\/p>\n\n\n\n<p><strong>Funkcie:<\/strong><\/p>\n\n\n\n<p>R\u00e1dio: \u00c1no<br>Reproduktory: 2<br>Bluetooth: \u00c1no<\/p>\n\n\n\n<p><strong>91 mas\u00e1\u017enych trysiek:<\/strong><\/p>\n\n\n\n<p>5&#8243; mas\u00e1\u017ene trysky: 11<br>3&#8243; mas\u00e1\u017ene trysky: 8<br>2,5&#8243; mas\u00e1\u017ene trysky: 6<br>2&#8243; mas\u00e1\u017ene trysky: 54<br>1&#8243; mas\u00e1\u017ene trysky: 4<br>Vzduchov\u00e9 trysky: 14<\/p>\n\n\n\n<p><strong>Osvetlenie:<\/strong><\/p>\n\n\n\n<p>LED osvetlenie: 19<br>Rohov\u00e9 osvetlenie: \u00c1no<\/p>\n\n\n\n<p><strong>\u010eal\u0161ie inform\u00e1cie:<\/strong><\/p>\n\n\n\n<p>Z\u00e1klad\u0148a: Nehrdzavej\u00faca oce\u013e<br>Opierky hlavy: 3<br>Regul\u00e1tory vzduchu: 3<br>Hmotnos\u0165: 396 kg<br>vr\u00e1tane krytu<br>vr\u00e1tane schod\u00edka<\/p>\n\n\n\n<p><strong>Technick\u00e9 \u0161pecifik\u00e1cie:<\/strong><\/p>\n\n\n\n<p>Celkov\u00fd v\u00fdkon: 10,8 kW<br>V\u00fdkon hydraulick\u00e9ho \u010derpadla: 3 x 2,25 kW<br>V\u00fdkon ohrieva\u010da: 3 kW<br>Obehov\u00e9 \u010derpadlo: 0,35 kW<br>Vzduchov\u00e9 \u010derpadlo: 0,7 kW<br>Nap\u00e1jacie nap\u00e4tie: 220 \u2013 240 V 50 Hz alebo 380 V 50 Hz<\/p>\n","protected":false},"excerpt":{"rendered":"<p>Vonkaj\u0161ia v\u00edrivka Sanotechnik Hawai Vytvorte si svoj vlastn\u00fd luxusn\u00fd wellness priestor priamo doma s v\u00edrivkou HAWAII Biely mramor od Sanotechnik. T\u00e1to priestrann\u00e1 v\u00edrivka je navrhnut\u00e1 tak, aby poskytla maxim\u00e1lny komfort a\u017e pre p\u00e4\u0165 os\u00f4b \u2013 tri pohodln\u00e9 sedadl\u00e1 a dve le\u017eiace miesta pon\u00fakaj\u00fa dostatok priestoru na spolo\u010dn\u00e9 chv\u00edle relax\u00e1cie s rodinou alebo priate\u013emi. S impozantn\u00fdm [&hellip;]<\/p>\n","protected":false},"featured_media":55521,"comment_status":"closed","ping_status":"closed","template":"","meta":[],"product_brand":[2703],"product_cat":[415],"product_tag":[],"class_list":{"0":"post-55520","1":"product","2":"type-product","3":"status-publish","4":"has-post-thumbnail","6":"product_brand-sanotechnik","7":"product_cat-zahradne-virivky-jacuzzi","8":"pa_hmotnost-396-kg","9":"pa_objem-1322-l","10":"pa_pocet-trysiek-1007","11":"pa_sirka-220-cm","12":"pa_vyrobca-sanotechnik-rakusko","13":"pa_vyska-95-cm","15":"first","16":"instock","17":"taxable","18":"shipping-taxable","19":"purchasable","20":"product-type-simple"},"_links":{"self":[{"href":"https:\/\/diamondspa.sk\/sk\/wp-json\/wp\/v2\/product\/55520","targetHints":{"allow":["GET"]}}],"collection":[{"href":"https:\/\/diamondspa.sk\/sk\/wp-json\/wp\/v2\/product"}],"about":[{"href":"https:\/\/diamondspa.sk\/sk\/wp-json\/wp\/v2\/types\/product"}],"replies":[{"embeddable":true,"href":"https:\/\/diamondspa.sk\/sk\/wp-json\/wp\/v2\/comments?post=55520"}],"wp:featuredmedia":[{"embeddable":true,"href":"https:\/\/diamondspa.sk\/sk\/wp-json\/wp\/v2\/media\/55521"}],"wp:attachment":[{"href":"https:\/\/diamondspa.sk\/sk\/wp-json\/wp\/v2\/media?parent=55520"}],"wp:term":[{"taxonomy":"product_brand","embeddable":true,"href":"https:\/\/diamondspa.sk\/sk\/wp-json\/wp\/v2\/product_brand?post=55520"},{"taxonomy":"product_cat","embeddable":true,"href":"https:\/\/diamondspa.sk\/sk\/wp-json\/wp\/v2\/product_cat?post=55520"},{"taxonomy":"product_tag","embeddable":true,"href":"https:\/\/diamondspa.sk\/sk\/wp-json\/wp\/v2\/product_tag?post=55520"}],"curies":[{"name":"wp","href":"https:\/\/api.w.org\/{rel}","templated":true}]}}