{"id":55537,"date":"2025-07-23T14:39:21","date_gmt":"2025-07-23T12:39:21","guid":{"rendered":"https:\/\/diamondspa.sk\/?post_type=product&#038;p=55537"},"modified":"2025-08-26T21:58:44","modified_gmt":"2025-08-26T19:58:44","slug":"vonkajsia-virivka-pre-4-osoby-sanotechnik-palermo-biela","status":"publish","type":"product","link":"https:\/\/diamondspa.sk\/sk\/produkt\/vonkajsia-virivka-pre-4-osoby-sanotechnik-palermo-biela\/","title":{"rendered":"Vonkaj\u0161ia v\u00edrivka pre 4 osoby Sanotechnik Palermo biela"},"content":{"rendered":"\n<p><strong>Vonkaj\u0161ia v\u00edrivka FIJI Sterling Silver<\/strong><\/p>\n\n\n\n<p>Ponorte sa do sveta dokonal\u00e9ho relaxu a doprajte si luxus, ktor\u00fd si zasl\u00fa\u017eite, s <strong>vonkaj\u0161ou v\u00edrivkou FIJI Sterling Silver od Sanotechnik<\/strong>. Predstavte si, ako sa po n\u00e1ro\u010dnom dni ponor\u00edte do pr\u00edjemne teplej vody, obklopen\u00ed bublinkami a jemn\u00fdmi pr\u00fadmi, ktor\u00e9 mas\u00edruj\u00fa va\u0161e telo a uvo\u013e\u0148uj\u00fa nap\u00e4tie. T\u00e1to kompaktn\u00e1, no mimoriadne v\u00fdkonn\u00e1 v\u00edrivka je navrhnut\u00e1 tak, aby premenila va\u0161u terasu alebo z\u00e1hradu na <strong>s\u00fakromn\u00fa o\u00e1zu pokoja a revitaliz\u00e1cie.<\/strong><\/p>\n\n\n\n<p>S <strong>18 prec\u00edzne rozmiestnen\u00fdmi mas\u00e1\u017enymi tryskami<\/strong> za\u017eijete cielen\u00fa hydroterapiu, ktor\u00e1 u\u013eav\u00ed bo\u013eav\u00fdm svalom a povzbud\u00ed krvn\u00fd obeh. V\u00edrivka FIJI pon\u00faka pohodln\u00e9 sedenie pre <strong>\u0161tyri osoby<\/strong>, tak\u017ee si m\u00f4\u017eete vychutna\u0165 chv\u00edle pohody sami, s partnerom, alebo s priate\u013emi a rodinou. Integrovan\u00e9 <strong>LED osvetlenie<\/strong> prid\u00e1va na atmosf\u00e9re, vytv\u00e1ra \u010darovn\u00e9 prostredie pre ve\u010dern\u00e9 k\u00fapanie, zatia\u013e \u010do <strong>digit\u00e1lny ovl\u00e1dac\u00ed panel<\/strong> zais\u0165uje jednoduch\u00e9 a intuit\u00edvne nastavenie v\u0161etk\u00fdch funkci\u00ed.<\/p>\n\n\n\n<p><strong>Detaily produktu:<\/strong><\/p>\n\n\n\n<p>Vonkaj\u0161ie rozmery: 180 x 160 x 76 cm<br>\u010cerpadl\u00e1: 1 (dvojstup\u0148ov\u00e9)<br>Mas\u00e1\u017ene trysky: 18<br>Sedadl\u00e1\/Le\u017eadlo: 4\/0<br>Objem: 700 l<\/p>\n\n\n\n<p><strong>Vlastnosti:<\/strong><\/p>\n\n\n\n<p>Elektronick\u00e9 ovl\u00e1danie<br>Dezinfekcia oz\u00f3nom<br>Tepelnoizola\u010dn\u00fd syst\u00e9m<br>Digit\u00e1lny ovl\u00e1dac\u00ed panel<br>Vr\u00e1tane krytu<\/p>\n\n\n\n<p><strong>Filtra\u010dn\u00fd syst\u00e9m:<\/strong><\/p>\n\n\n\n<p>Skimmer: \u00c1no<br>Kart\u00e1\u017eov\u00fd filter: \u00c1no<br>Prietok filtra\u010dn\u00e9ho \u010derpadla\/4h: 1<\/p>\n\n\n\n<p><strong>18 Mas\u00e1\u017ene trysky:<\/strong><\/p>\n\n\n\n<p>5&#8243; Mas\u00e1\u017ene trysky: 4<br>4,5&#8243; Mas\u00e1\u017ene trysky: 2<br>3,5&#8243; Mas\u00e1\u017ene trysky: 8<br>2&#8243; Mas\u00e1\u017ene trysky: 4<\/p>\n\n\n\n<p><strong>Osvetlenie:<\/strong><\/p>\n\n\n\n<p>LED osvetlenie: 1<\/p>\n\n\n\n<p><strong>\u010eal\u0161ie inform\u00e1cie:<\/strong><\/p>\n\n\n\n<p>R\u00e1m: Hlin\u00edk<br>Opierky hlavy: 2<br>Regul\u00e1tory vzduchu: 3<br>Hmotnos\u0165: 240 kg<br>Vr\u00e1tane krytu<\/p>\n\n\n\n<p><strong>Technick\u00e9 \u0161pecifik\u00e1cie:<\/strong><\/p>\n\n\n\n<p>Celkov\u00fd v\u00fdkon: 3,52 kW<br>V\u00fdkon hydraulick\u00e9ho \u010derpadla: 1,52 kW<br>V\u00fdkon ohrevu: 2 kW<br>Nap\u00e1jacie nap\u00e4tie: 220 \u2013 240 V 50 Hz<\/p>\n","protected":false},"excerpt":{"rendered":"<p>Vonkaj\u0161ia v\u00edrivka FIJI Sterling Silver Ponorte sa do sveta dokonal\u00e9ho relaxu a doprajte si luxus, ktor\u00fd si zasl\u00fa\u017eite, s vonkaj\u0161ou v\u00edrivkou FIJI Sterling Silver od Sanotechnik. Predstavte si, ako sa po n\u00e1ro\u010dnom dni ponor\u00edte do pr\u00edjemne teplej vody, obklopen\u00ed bublinkami a jemn\u00fdmi pr\u00fadmi, ktor\u00e9 mas\u00edruj\u00fa va\u0161e telo a uvo\u013e\u0148uj\u00fa nap\u00e4tie. T\u00e1to kompaktn\u00e1, no mimoriadne v\u00fdkonn\u00e1 [&hellip;]<\/p>\n","protected":false},"featured_media":55538,"comment_status":"closed","ping_status":"closed","template":"","meta":[],"product_brand":[2703],"product_cat":[415],"product_tag":[],"class_list":{"0":"post-55537","1":"product","2":"type-product","3":"status-publish","4":"has-post-thumbnail","6":"product_brand-sanotechnik","7":"product_cat-zahradne-virivky-jacuzzi","8":"pa_objem-700-l","9":"pa_pocet-trysiek-868","10":"pa_sirka-160-cm","11":"pa_vyrobca-sanotechnik-rakusko","12":"pa_vyska-76-cm","14":"first","15":"instock","16":"taxable","17":"shipping-taxable","18":"purchasable","19":"product-type-simple"},"_links":{"self":[{"href":"https:\/\/diamondspa.sk\/sk\/wp-json\/wp\/v2\/product\/55537","targetHints":{"allow":["GET"]}}],"collection":[{"href":"https:\/\/diamondspa.sk\/sk\/wp-json\/wp\/v2\/product"}],"about":[{"href":"https:\/\/diamondspa.sk\/sk\/wp-json\/wp\/v2\/types\/product"}],"replies":[{"embeddable":true,"href":"https:\/\/diamondspa.sk\/sk\/wp-json\/wp\/v2\/comments?post=55537"}],"wp:featuredmedia":[{"embeddable":true,"href":"https:\/\/diamondspa.sk\/sk\/wp-json\/wp\/v2\/media\/55538"}],"wp:attachment":[{"href":"https:\/\/diamondspa.sk\/sk\/wp-json\/wp\/v2\/media?parent=55537"}],"wp:term":[{"taxonomy":"product_brand","embeddable":true,"href":"https:\/\/diamondspa.sk\/sk\/wp-json\/wp\/v2\/product_brand?post=55537"},{"taxonomy":"product_cat","embeddable":true,"href":"https:\/\/diamondspa.sk\/sk\/wp-json\/wp\/v2\/product_cat?post=55537"},{"taxonomy":"product_tag","embeddable":true,"href":"https:\/\/diamondspa.sk\/sk\/wp-json\/wp\/v2\/product_tag?post=55537"}],"curies":[{"name":"wp","href":"https:\/\/api.w.org\/{rel}","templated":true}]}}