{"id":55554,"date":"2025-07-23T15:00:18","date_gmt":"2025-07-23T13:00:18","guid":{"rendered":"https:\/\/diamondspa.sk\/?post_type=product&#038;p=55554"},"modified":"2025-08-26T21:58:44","modified_gmt":"2025-08-26T19:58:44","slug":"vonkajsia-virivka-pre-5-osob-sanotechnik-catania-biela","status":"publish","type":"product","link":"https:\/\/diamondspa.sk\/sk\/produkt\/vonkajsia-virivka-pre-5-osob-sanotechnik-catania-biela\/","title":{"rendered":"Vonkaj\u0161ia v\u00edrivka pre 5 os\u00f4b Sanotechnik Catania Biela"},"content":{"rendered":"\n<p><strong>Vonkaj\u0161ia v\u00edrivka CATANIA &#8211; Biely mramor<\/strong><\/p>\n\n\n\n<p>Predstavte si: V\u00e1\u0161 vlastn\u00fd k\u00fasok luxusu a pokoja, dostupn\u00fd kedyko\u013evek. <strong>Vonkaj\u0161ia v\u00edrivka CATANIA v elegantnej bielej mramorovej farbe od Sanotechnik<\/strong> premen\u00ed va\u0161u terasu \u010di z\u00e1hradu na s\u00fakromn\u00fa o\u00e1zu oddychu. Je to ide\u00e1lne miesto na \u00fanik z ka\u017edodennej rutiny, kde m\u00f4\u017eete zregenerova\u0165 telo aj myse\u013e.<\/p>\n\n\n\n<p>T\u00e1to priestrann\u00e1 v\u00edrivka pre <strong>piatich \u013eud\u00ed<\/strong> pon\u00faka z\u00e1\u017eitok z hydroterapie v\u010faka <strong>34 mas\u00e1\u017enym trysk\u00e1m<\/strong> a pr\u00edjemn\u00e9mu <strong>LED osvetleniu<\/strong>. Doprajte si ten luxus, ktor\u00fd si zasl\u00fa\u017eite, a objavte nov\u00fd rozmer relaxu s v\u00edrivkou CATANIA.<\/p>\n\n\n\n<p><strong>Detaily produktu:<\/strong><\/p>\n\n\n\n<p>Vonkaj\u0161ie rozmery: 210 x 180 x 82 cm<br>\u010cerpadl\u00e1: 1 (dvojstup\u0148ov\u00e9)<br>Mas\u00e1\u017ene trysky: 34<br>Sedadl\u00e1\/Le\u017eadlo: 5\/0<br>Objem: 964 l<\/p>\n\n\n\n<p><strong>Vlastnosti:<\/strong><\/p>\n\n\n\n<p>Elektronick\u00e9 ovl\u00e1danie<br>Dezinfekcia oz\u00f3nom<br>Tepelneizola\u010dn\u00fd syst\u00e9m<br>Digit\u00e1lny ovl\u00e1dac\u00ed panel<br>Vr\u00e1tane krytu<\/p>\n\n\n\n<p><strong>Filtra\u010dn\u00fd syst\u00e9m:<\/strong><\/p>\n\n\n\n<p>Skimmer: \u00c1no<br>Kart\u00e1\u017eov\u00fd filter: \u00c1no<br>Prietok filtra\u010dn\u00e9ho \u010derpadla\/6h: 1<\/p>\n\n\n\n<p><strong>18 Mas\u00e1\u017ene trysky:<\/strong><\/p>\n\n\n\n<p>5&#8243; Mas\u00e1\u017ene trysky: 6<br>4,5&#8243; Mas\u00e1\u017ene trysky: 4<br>3,5&#8243; Mas\u00e1\u017ene trysky: 6<br>2&#8243; Mas\u00e1\u017ene trysky: 18<\/p>\n\n\n\n<p><strong>Osvetlenie:<\/strong><\/p>\n\n\n\n<p>LED osvetlenie: 1<\/p>\n\n\n\n<p><strong>\u010eal\u0161ie inform\u00e1cie:<\/strong><\/p>\n\n\n\n<p>R\u00e1m: Oce\u013e<br>Opierky hlavy: 2<br>Regul\u00e1tory vzduchu: 4<br>Deflektor vody: 1<br>Hmotnos\u0165: 307 kg<br>Vr\u00e1tane krytu<\/p>\n\n\n\n<p><strong>Technick\u00e9 \u0160pecifik\u00e1cie:<\/strong><\/p>\n\n\n\n<p>Celkov\u00fd v\u00fdkon: 3,85 kW<br>V\u00fdkon hydraulick\u00e9ho \u010derpadla: 1,9 kW<br>V\u00fdkon ohrieva\u010da: 2 kW<br>Nap\u00e1jacie nap\u00e4tie: 220 \u2013 240 V 50 Hz<\/p>\n","protected":false},"excerpt":{"rendered":"<p>Vonkaj\u0161ia v\u00edrivka CATANIA &#8211; Biely mramor Predstavte si: V\u00e1\u0161 vlastn\u00fd k\u00fasok luxusu a pokoja, dostupn\u00fd kedyko\u013evek. Vonkaj\u0161ia v\u00edrivka CATANIA v elegantnej bielej mramorovej farbe od Sanotechnik premen\u00ed va\u0161u terasu \u010di z\u00e1hradu na s\u00fakromn\u00fa o\u00e1zu oddychu. Je to ide\u00e1lne miesto na \u00fanik z ka\u017edodennej rutiny, kde m\u00f4\u017eete zregenerova\u0165 telo aj myse\u013e. T\u00e1to priestrann\u00e1 v\u00edrivka pre piatich [&hellip;]<\/p>\n","protected":false},"featured_media":55555,"comment_status":"closed","ping_status":"closed","template":"","meta":[],"product_brand":[2703],"product_cat":[415],"product_tag":[],"class_list":{"0":"post-55554","1":"product","2":"type-product","3":"status-publish","4":"has-post-thumbnail","6":"product_brand-sanotechnik","7":"product_cat-zahradne-virivky-jacuzzi","8":"pa_objem-964-l","9":"pa_pocet-trysiek-1488","10":"pa_sirka-180-cm","11":"pa_vyrobca-sanotechnik-rakusko","12":"pa_vyska-82-cm","14":"first","15":"outofstock","16":"taxable","17":"shipping-taxable","18":"purchasable","19":"product-type-simple"},"_links":{"self":[{"href":"https:\/\/diamondspa.sk\/sk\/wp-json\/wp\/v2\/product\/55554","targetHints":{"allow":["GET"]}}],"collection":[{"href":"https:\/\/diamondspa.sk\/sk\/wp-json\/wp\/v2\/product"}],"about":[{"href":"https:\/\/diamondspa.sk\/sk\/wp-json\/wp\/v2\/types\/product"}],"replies":[{"embeddable":true,"href":"https:\/\/diamondspa.sk\/sk\/wp-json\/wp\/v2\/comments?post=55554"}],"wp:featuredmedia":[{"embeddable":true,"href":"https:\/\/diamondspa.sk\/sk\/wp-json\/wp\/v2\/media\/55555"}],"wp:attachment":[{"href":"https:\/\/diamondspa.sk\/sk\/wp-json\/wp\/v2\/media?parent=55554"}],"wp:term":[{"taxonomy":"product_brand","embeddable":true,"href":"https:\/\/diamondspa.sk\/sk\/wp-json\/wp\/v2\/product_brand?post=55554"},{"taxonomy":"product_cat","embeddable":true,"href":"https:\/\/diamondspa.sk\/sk\/wp-json\/wp\/v2\/product_cat?post=55554"},{"taxonomy":"product_tag","embeddable":true,"href":"https:\/\/diamondspa.sk\/sk\/wp-json\/wp\/v2\/product_tag?post=55554"}],"curies":[{"name":"wp","href":"https:\/\/api.w.org\/{rel}","templated":true}]}}