{"id":55571,"date":"2025-07-23T15:14:05","date_gmt":"2025-07-23T13:14:05","guid":{"rendered":"https:\/\/diamondspa.sk\/?post_type=product&#038;p=55571"},"modified":"2025-08-26T21:58:43","modified_gmt":"2025-08-26T19:58:43","slug":"vonkajsia-virivka-pre-3-osoby-sanotechnik-mauritius-biela","status":"publish","type":"product","link":"https:\/\/diamondspa.sk\/sk\/produkt\/vonkajsia-virivka-pre-3-osoby-sanotechnik-mauritius-biela\/","title":{"rendered":"Vonkaj\u0161ia v\u00edrivka pre 3 osoby Sanotechnik Mauritius Biela"},"content":{"rendered":"\n<p><strong>Vonkaj\u0161ia v\u00edrivka MAURITSIUS Biely mramor<\/strong><\/p>\n\n\n\n<p>U\u017e \u017eiadne sny o dokonalej relax\u00e1cii, sta\u010d\u00ed otvori\u0165 dvere do vlastn\u00e9ho sveta pohody. <strong>Vonkaj\u0161ia v\u00edrivka MAURITSIUS v elegantnej bielej mramorovej farbe od Sanotechnik<\/strong> je stvoren\u00e1 pre t\u00fdch, ktor\u00ed h\u013eadaj\u00fa maxim\u00e1lny komfort a \u0161pi\u010dkov\u00e9 technol\u00f3gie. Predstavte si, ako sa nech\u00e1te un\u00e1\u0161a\u0165 silou <strong>71 mas\u00e1\u017enych trysiek<\/strong>, ktor\u00e9 v\u00e1m dopraj\u00fa dokonal\u00fa \u00fa\u013eavu a revitaliz\u00e1ciu, zatia\u013e \u010do zabudovan\u00e9 <strong>LED osvetlenie<\/strong> a integrovan\u00fd <strong>audiosyst\u00e9m<\/strong> vytv\u00e1raj\u00fa neopakovate\u013en\u00fa atmosf\u00e9ru.<\/p>\n\n\n\n<p>MAURITSIUS nie je len v\u00edrivka, je to komplexn\u00fd z\u00e1\u017eitok. Pon\u00faka <strong>jedno sedadlo a dve le\u017eadl\u00e1<\/strong>, tak\u017ee si m\u00f4\u017eete vybra\u0165 svoju ob\u013e\u00faben\u00fa polohu pre relax. V\u010faka pokro\u010dil\u00e9mu riadiacemu syst\u00e9mu <strong>BALBOA<\/strong>, oz\u00f3novej dezinfekcii a tepelnoizola\u010dn\u00e9mu syst\u00e9mu je zaru\u010den\u00e1 nielen bezstarostn\u00e1 prev\u00e1dzka, ale aj dlhodob\u00e1 kvalita a \u010distota vody. S v\u00edrivkou <strong>MAURITSIUS<\/strong> si domov prinesiete nielen produkt, ale aj <strong>nekone\u010dn\u00e9 hodiny oddychu a z\u00e1bavy.<\/strong><\/p>\n\n\n\n<p><strong>Detaily produktu:<\/strong><\/p>\n\n\n\n<p>Rozmery: 210 x 160 x 90 cm<br>Sedadl\u00e1\/Le\u017eadlo: 1\/2<br>Mas\u00e1\u017ene trysky: 71<br>\u010cerpadl\u00e1: 4 (2 hydro\u010derpadl\u00e1, 1 obehov\u00e9 \u010derpadlo a 1 vzduchov\u00e9 \u010derpadlo)<br>Kapacita: cca. 998 l<\/p>\n\n\n\n<p><strong>Vlastnosti:<\/strong><\/p>\n\n\n\n<p>Pokro\u010dil\u00fd elektronick\u00fd riadiaci syst\u00e9m<br>Trysky z nehrdzavej\u00facej ocele<br>Dezinfekcia oz\u00f3nom<br>Tepelneizola\u010dn\u00fd syst\u00e9m<br>Riadiaci syst\u00e9m a elektronika BALBOA<\/p>\n\n\n\n<p><strong>Filtra\u010dn\u00fd syst\u00e9m:<\/strong><\/p>\n\n\n\n<p>Skimmer: \u00c1no<br>Kart\u00e1\u017eov\u00fd filter: \u00c1no<br>Prietok filtra\u010dn\u00e9ho \u010derpadla\/24h: 1<br>Funkcie:<br>R\u00e1dio: \u00c1no<br>Reproduktory: 2<br>Bluetooth: \u00c1no<\/p>\n\n\n\n<p><strong>52 mas\u00e1\u017enych trysiek:<\/strong><\/p>\n\n\n\n<p>5&#8243; mas\u00e1\u017ene trysky: 5<br>3&#8243; mas\u00e1\u017ene trysky: 8<br>2&#8243; mas\u00e1\u017ene trysky: 44<br>1&#8243; mas\u00e1\u017ene trysky: 4<br>Vzduchov\u00e9 trysky: 10<\/p>\n\n\n\n<p><strong>Osvetlenie:<\/strong><\/p>\n\n\n\n<p>LED osvetlenie: 13<br>LED osvetlenie vank\u00fa\u0161a: 2<br>Osvetlenie rohov: \u00c1no<\/p>\n\n\n\n<p><strong>\u010eal\u0161ie inform\u00e1cie:<\/strong><\/p>\n\n\n\n<p>Z\u00e1klad\u0148a: Nehrdzavej\u00faca oce\u013e<br>Opierky hlavy: 3<br>Regul\u00e1tory vzduchu: 2<br>Hmotnos\u0165: 308 kg<br>vr\u00e1tane krytu<br>vr\u00e1tane krytu krok<\/p>\n\n\n\n<p><strong>Technick\u00e9 \u0161pecifik\u00e1cie:<\/strong><\/p>\n\n\n\n<p>Celkov\u00fd v\u00fdkon: 8,6 kW<br>V\u00fdkon hydraulick\u00e9ho \u010derpadla: 2 x 2,25 kW<br>V\u00fdkon ohrieva\u010da: 3 kW<br>Obehov\u00e9 \u010derpadlo: 0,35 kW<br>Vzduchov\u00e9 \u010derpadlo: 0,7 kW<br>Nap\u00e1jacie nap\u00e4tie: 220-240 V 50 Hz alebo 380 V 50 Hz<\/p>\n","protected":false},"excerpt":{"rendered":"<p>Vonkaj\u0161ia v\u00edrivka MAURITSIUS Biely mramor U\u017e \u017eiadne sny o dokonalej relax\u00e1cii, sta\u010d\u00ed otvori\u0165 dvere do vlastn\u00e9ho sveta pohody. Vonkaj\u0161ia v\u00edrivka MAURITSIUS v elegantnej bielej mramorovej farbe od Sanotechnik je stvoren\u00e1 pre t\u00fdch, ktor\u00ed h\u013eadaj\u00fa maxim\u00e1lny komfort a \u0161pi\u010dkov\u00e9 technol\u00f3gie. Predstavte si, ako sa nech\u00e1te un\u00e1\u0161a\u0165 silou 71 mas\u00e1\u017enych trysiek, ktor\u00e9 v\u00e1m dopraj\u00fa dokonal\u00fa \u00fa\u013eavu a [&hellip;]<\/p>\n","protected":false},"featured_media":55572,"comment_status":"closed","ping_status":"closed","template":"","meta":[],"product_brand":[2703],"product_cat":[415],"product_tag":[],"class_list":{"0":"post-55571","1":"product","2":"type-product","3":"status-publish","4":"has-post-thumbnail","6":"product_brand-sanotechnik","7":"product_cat-zahradne-virivky-jacuzzi","8":"pa_objem-998-l","9":"pa_pocet-trysiek-2752","10":"pa_sirka-160-cm","11":"pa_vyrobca-sanotechnik-rakusko","12":"pa_vyska-90-cm","14":"first","15":"outofstock","16":"taxable","17":"shipping-taxable","18":"purchasable","19":"product-type-simple"},"_links":{"self":[{"href":"https:\/\/diamondspa.sk\/sk\/wp-json\/wp\/v2\/product\/55571","targetHints":{"allow":["GET"]}}],"collection":[{"href":"https:\/\/diamondspa.sk\/sk\/wp-json\/wp\/v2\/product"}],"about":[{"href":"https:\/\/diamondspa.sk\/sk\/wp-json\/wp\/v2\/types\/product"}],"replies":[{"embeddable":true,"href":"https:\/\/diamondspa.sk\/sk\/wp-json\/wp\/v2\/comments?post=55571"}],"wp:featuredmedia":[{"embeddable":true,"href":"https:\/\/diamondspa.sk\/sk\/wp-json\/wp\/v2\/media\/55572"}],"wp:attachment":[{"href":"https:\/\/diamondspa.sk\/sk\/wp-json\/wp\/v2\/media?parent=55571"}],"wp:term":[{"taxonomy":"product_brand","embeddable":true,"href":"https:\/\/diamondspa.sk\/sk\/wp-json\/wp\/v2\/product_brand?post=55571"},{"taxonomy":"product_cat","embeddable":true,"href":"https:\/\/diamondspa.sk\/sk\/wp-json\/wp\/v2\/product_cat?post=55571"},{"taxonomy":"product_tag","embeddable":true,"href":"https:\/\/diamondspa.sk\/sk\/wp-json\/wp\/v2\/product_tag?post=55571"}],"curies":[{"name":"wp","href":"https:\/\/api.w.org\/{rel}","templated":true}]}}