{"id":55594,"date":"2025-07-23T15:27:48","date_gmt":"2025-07-23T13:27:48","guid":{"rendered":"https:\/\/diamondspa.sk\/?post_type=product&#038;p=55594"},"modified":"2025-08-26T21:58:43","modified_gmt":"2025-08-26T19:58:43","slug":"vonkajsia-virivka-pre-2-osoby-sanotechnik-split-biela","status":"publish","type":"product","link":"https:\/\/diamondspa.sk\/sk\/produkt\/vonkajsia-virivka-pre-2-osoby-sanotechnik-split-biela\/","title":{"rendered":"Vonkaj\u0161ia v\u00edrivka pre 2 osoby Sanotechnik Split biela"},"content":{"rendered":"\n<p><strong>Vonkaj\u0161ia v\u00edrivka SPLIT Biely mramor 175x115x70 cm \u2013 Luxusn\u00fd relax vo va\u0161om vo\u013enom \u010dase<\/strong><\/p>\n\n\n\n<p>Vytvorte si vlastn\u00fd svet oddychu priamo u v\u00e1s doma. S v\u00edrivkou <strong>&nbsp;SPLIT<\/strong> v nad\u010dasovom dizajne bieleho mramoru z\u00edskavate nielen v\u00fdnimo\u010dn\u00fd estetick\u00fd prvok pre va\u0161u z\u00e1hradu alebo terasu, ale aj premyslen\u00fd syst\u00e9m, ktor\u00fd sp\u00e1ja modern\u00e9 technol\u00f3gie, efekt\u00edvnu hydromas\u00e1\u017e a komfortn\u00e9 vybavenie.<\/p>\n\n\n\n<p>Dve ergonomicky tvarovan\u00e9 le\u017eadl\u00e1 pon\u00fakaj\u00fa ide\u00e1lne miesto na relax vo dvojici, zatia\u013e \u010do <strong>21 v\u00fdkonn\u00fdch mas\u00e1\u017enych trysiek <\/strong>cielene uvo\u013en\u00ed va\u0161e telo po n\u00e1ro\u010dnom dni. Pokro\u010dil\u00e9 elektronick\u00e9 ovl\u00e1danie, tich\u00fd chod \u010derpadla, \u00fasporn\u00e1 tepeln\u00e1 izol\u00e1cia a kri\u0161t\u00e1\u013eovo \u010dist\u00e1 voda v\u010faka oz\u00f3novej dezinfekcii robia z tejto v\u00edrivky ide\u00e1lne rie\u0161enie pre ka\u017ed\u00e9ho, kto h\u013ead\u00e1 kvalitu bez kompromisov.<\/p>\n\n\n\n<p>Doprajte si luxusn\u00e9 chv\u00edle pokoja, ktor\u00e9 si zasl\u00fa\u017eite \u2013 s v\u00edrivkou<strong>&nbsp;SPLIT<\/strong>.<\/p>\n\n\n\n<p><strong>Vlastnosti produktu:<\/strong><\/p>\n\n\n\n<p>Priestor pre dvoch: 2 pohodln\u00e9 le\u017eadl\u00e1 pre spolo\u010dn\u00e9 relaxa\u010dn\u00e9 hodiny<br>Objem: 630 litrov \u2013 ide\u00e1lny pre priestrann\u00fd k\u00fape\u013e<br>Kompaktn\u00e9 rozmery: 175 x 115 x 70 cm \u2013 ide\u00e1lny do z\u00e1hrady, na terasu alebo do v\u00edrivky<\/p>\n\n\n\n<p><strong>\u0160pi\u010dkov\u00e9 vlastnosti:<\/strong><\/p>\n\n\n\n<p>Pokro\u010dil\u00e9 elektronick\u00e9 ovl\u00e1danie pre jednoduch\u00fa a presn\u00fa obsluhu<br>Tepelnoizola\u010dn\u00fd syst\u00e9m udr\u017eiava kon\u0161tantn\u00fa teplotu a \u0161etr\u00ed energiu<br>Digit\u00e1lny ovl\u00e1dac\u00ed panel pre maxim\u00e1lne pohodlie<br>Dezinfekcia oz\u00f3nom pre kri\u0161t\u00e1\u013eovo \u010dist\u00fa a hygienick\u00fa vodu<br>Mas\u00e1\u017ene trysky odoln\u00e9 vo\u010di hrdzi \u2013 odoln\u00e9 a \u0161t\u00fdlov\u00e9<br>Integrovan\u00fd vodop\u00e1d pre luxusn\u00fd pocit z k\u00fape\u013eov<br>\u00da\u010dinn\u00fd filtra\u010dn\u00fd syst\u00e9m so skimmerom a kartu\u0161ov\u00fdm filtrom<\/p>\n\n\n\n<p><strong>Ultim\u00e1tne mas\u00e1\u017ene funkcie:<\/strong><\/p>\n\n\n\n<p><strong>21 v\u00fdkonn\u00fdch mas\u00e1\u017enych trysiek<\/strong> v r\u00f4znych ve\u013ekostiach pre cielen\u00fa relax\u00e1ciu<br>V\u00fdkonn\u00e9 2-r\u00fdchlostn\u00e9 \u010derpadlo (1,5 kW vysokor\u00fdchlostn\u00e9, 0,35 kW n\u00edzkor\u00fdchlostn\u00e9) zais\u0165uje intenz\u00edvny prietok vody<br><strong>Atmosf\u00e9rick\u00e9 osvetlenie:<\/strong><br>LED osvetlenie dokonale prezentuje baz\u00e9n, a to aj ve\u010der.<br><strong>Robustn\u00e1 kon\u0161trukcia:<\/strong><br>Dreven\u00fd r\u00e1m pre stabilitu a odolnos\u0165.<br>Dve pohodln\u00e9 opierky hlavy pre relax\u00e1ciu. Regul\u00e1tor vzduchu pre individu\u00e1lne nastavenie intenzity vody. Celkov\u00fd v\u00fdkon: 3,5 kW \u2013 efekt\u00edvny a v\u00fdkonn\u00fd. Preme\u0148te svoj vonkaj\u0161\u00ed priestor na wellness o\u00e1zu a vychutnajte si t\u00fa najlep\u0161iu relax\u00e1ciu s OUTDOORPOOL+AD SPLIT White Marble. <strong>Dotyk luxusu, ktor\u00fd si zasl\u00fa\u017eite.<\/strong><\/p>\n\n\n\n<p><strong>Vlastnosti produktu:<\/strong><\/p>\n\n\n\n<p>\u010cerpadl\u00e1: 1 (1 2-r\u00fdchlostn\u00e9 \u010derpadlo)<br>Sedadl\u00e1 \/ Le\u017eadlo: 0\/2<br>Objem: 630 l<\/p>\n\n\n\n<p><strong>Vlastnosti:<\/strong><\/p>\n\n\n\n<p>Pokro\u010dil\u00fd elektronick\u00fd riadiaci syst\u00e9m<br>Tepelneizola\u010dn\u00fd syst\u00e9m<br>Digit\u00e1lny ovl\u00e1dac\u00ed panel<br>Dezinfekcia oz\u00f3nom<br>Trysky z nehrdzavej\u00facej ocele<br>Vodop\u00e1d<\/p>\n\n\n\n<p><strong>Filtra\u010dn\u00fd syst\u00e9m:<\/strong><\/p>\n\n\n\n<p>Skimmer: \u00c1no<br>Kart\u00e1\u017eov\u00fd filter: \u00c1no<br>Prietokov\u00e9 filtra\u010dn\u00e9 \u010derpadlo \/ 24 h: 1<\/p>\n\n\n\n<p><strong>Osvetlenie:<\/strong><\/p>\n\n\n\n<p>LED osvetlenie: 1<\/p>\n\n\n\n<p><strong>\u010eal\u0161ie inform\u00e1cie:<\/strong><\/p>\n\n\n\n<p>Dreven\u00fd r\u00e1m vane<br>Opierka hlavy: 2<br>Regul\u00e1tor vzduchu: 1<br>Hmotnos\u0165: 159 kg<\/p>\n\n\n\n<p><strong>Technick\u00e9 \u0161pecifik\u00e1cie:<\/strong><\/p>\n\n\n\n<p>Celkov\u00fd v\u00fdkon: 3,5 kW<br>V\u00fdkon hydraulick\u00e9ho \u010derpadla: 1,5 kW vysok\u00e1 r\u00fdchlos\u0165, 0,35 kW n\u00edzka r\u00fdchlos\u0165<br>V\u00fdkurovac\u00ed v\u00fdkon: 2 kW<br>Nap\u00e1jacie nap\u00e4tie: 220 &#8211; 240 V 50 Hz<\/p>\n","protected":false},"excerpt":{"rendered":"<p>Vonkaj\u0161ia v\u00edrivka SPLIT Biely mramor 175x115x70 cm \u2013 Luxusn\u00fd relax vo va\u0161om vo\u013enom \u010dase Vytvorte si vlastn\u00fd svet oddychu priamo u v\u00e1s doma. S v\u00edrivkou &nbsp;SPLIT v nad\u010dasovom dizajne bieleho mramoru z\u00edskavate nielen v\u00fdnimo\u010dn\u00fd estetick\u00fd prvok pre va\u0161u z\u00e1hradu alebo terasu, ale aj premyslen\u00fd syst\u00e9m, ktor\u00fd sp\u00e1ja modern\u00e9 technol\u00f3gie, efekt\u00edvnu hydromas\u00e1\u017e a komfortn\u00e9 vybavenie. Dve [&hellip;]<\/p>\n","protected":false},"featured_media":55595,"comment_status":"closed","ping_status":"closed","template":"","meta":[],"product_brand":[2703],"product_cat":[415],"product_tag":[],"class_list":{"0":"post-55594","1":"product","2":"type-product","3":"status-publish","4":"has-post-thumbnail","6":"product_brand-sanotechnik","7":"product_cat-zahradne-virivky-jacuzzi","8":"pa_hmotnost-159-kg","9":"pa_objem-630-l","10":"pa_pocet-trysiek-904","11":"pa_sirka-115-cm-3","12":"pa_vyrobca-sanotechnik-rakusko","13":"pa_vyska-70-cm","15":"first","16":"instock","17":"taxable","18":"shipping-taxable","19":"purchasable","20":"product-type-simple"},"_links":{"self":[{"href":"https:\/\/diamondspa.sk\/sk\/wp-json\/wp\/v2\/product\/55594","targetHints":{"allow":["GET"]}}],"collection":[{"href":"https:\/\/diamondspa.sk\/sk\/wp-json\/wp\/v2\/product"}],"about":[{"href":"https:\/\/diamondspa.sk\/sk\/wp-json\/wp\/v2\/types\/product"}],"replies":[{"embeddable":true,"href":"https:\/\/diamondspa.sk\/sk\/wp-json\/wp\/v2\/comments?post=55594"}],"wp:featuredmedia":[{"embeddable":true,"href":"https:\/\/diamondspa.sk\/sk\/wp-json\/wp\/v2\/media\/55595"}],"wp:attachment":[{"href":"https:\/\/diamondspa.sk\/sk\/wp-json\/wp\/v2\/media?parent=55594"}],"wp:term":[{"taxonomy":"product_brand","embeddable":true,"href":"https:\/\/diamondspa.sk\/sk\/wp-json\/wp\/v2\/product_brand?post=55594"},{"taxonomy":"product_cat","embeddable":true,"href":"https:\/\/diamondspa.sk\/sk\/wp-json\/wp\/v2\/product_cat?post=55594"},{"taxonomy":"product_tag","embeddable":true,"href":"https:\/\/diamondspa.sk\/sk\/wp-json\/wp\/v2\/product_tag?post=55594"}],"curies":[{"name":"wp","href":"https:\/\/api.w.org\/{rel}","templated":true}]}}