{"id":55733,"date":"2025-07-29T11:31:39","date_gmt":"2025-07-29T09:31:39","guid":{"rendered":"https:\/\/diamondspa.sk\/?post_type=product&#038;p=55733"},"modified":"2025-07-29T14:34:49","modified_gmt":"2025-07-29T12:34:49","slug":"vonkajsia-virivka-white-marble-pure-210-x-160-cm-pre-3-osoby","status":"publish","type":"product","link":"https:\/\/diamondspa.sk\/sk\/produkt\/vonkajsia-virivka-white-marble-pure-210-x-160-cm-pre-3-osoby\/","title":{"rendered":"Vonkaj\u0161ia v\u00edrivka WHITE MARBLE PURE &#8211; 210 x 160 cm pre 3 osoby"},"content":{"rendered":"\n<p><strong>Wellness pre v\u00e1\u0161 domov <\/strong>\u2013 \u0161t\u00fdlov\u00fd, kvalitn\u00fd a nekomplikovan\u00fd<\/p>\n\n\n\n<p>V\u00edrivka <strong>WHITE MARBLE<\/strong> prin\u00e1\u0161a relax\u00e1ciu presne tam, kde ju potrebujete \u2013 v z\u00e1hrade, na terase alebo v zimnej z\u00e1hrade. S 27 v\u00fdkonn\u00fdmi, individu\u00e1lne nastavite\u013en\u00fdmi tryskami si m\u00f4\u017eete vychutna\u0165 intenz\u00edvnu mas\u00e1\u017e prisp\u00f4soben\u00fa v\u00e1\u0161mu vkusu. Elegantn\u00fd mramorov\u00fd vzh\u013ead vane a odoln\u00fd tmavosiv\u00fd WPC panel robia baz\u00e9n nielen \u013eahko udr\u017eiavate\u013en\u00fdm, ale aj skuto\u010dn\u00fdm p\u00fata\u010dom pozornosti. V\u010faka kompaktn\u00fdm rozmerom sa zmest\u00ed takmer kamko\u013evek. Dev\u00e4\u0165 integrovan\u00fdch sveteln\u00fdch zdrojov s meniacich sa farbou vytv\u00e1ra atmosf\u00e9rick\u00e9 ve\u010dery. Tri pohodln\u00e9 opierky hlavy e\u0161te viac spr\u00edjemnia sedenie alebo le\u017eanie. V\u0161etko m\u00f4\u017eete pohodlne ovl\u00e1da\u0165 priamo pri baz\u00e9ne pomocou ovl\u00e1dacieho panela \u2013 od teploty cez mas\u00e1\u017ene trysky a\u017e po osvetlenie. V\u00fdkonn\u00e9 \u010derpadlo je mo\u017en\u00e9 nastavi\u0165 na dve \u00farovne. S\u00fa\u010das\u0165ou balenia je ochrana proti hmyzu a zodpovedaj\u00faci filtra\u010dn\u00fd syst\u00e9m.<\/p>\n\n\n\n<p><strong>WHITE MARBLE<\/strong> je va\u0161e s\u00fakromn\u00e9 \u200b\u200b\u00fato\u010disko \u2013 vysoko kvalitn\u00e9 spracovanie, dobre vybaven\u00e9 a pripraven\u00e9 na pou\u017eitie.<\/p>\n\n\n\n<ul class=\"wp-block-list\">\n<li>Atmosf\u00e9rick\u00e1 atmosf\u00e9ra v\u010faka 9 integrovan\u00fdm LED sveteln\u00fdm zdrojom<\/li>\n\n\n\n<li>Individu\u00e1lne nastavite\u013en\u00e9 mas\u00e1\u017ene trysky<\/li>\n\n\n\n<li>3 kvalitn\u00e9 opierky hlavy v elegantnej \u010diernej farbe<\/li>\n\n\n\n<li>Modern\u00fd dotykov\u00fd displej<\/li>\n\n\n\n<li>R\u00fdchla a jednoduch\u00e1 in\u0161tal\u00e1cia<\/li>\n<\/ul>\n\n\n\n<p><strong>Technick\u00e9 \u0161pecifik\u00e1cie<\/strong><br>Rozmery (D x \u0160 x V): 210 x 160 x 80 cm<br>Farba vane: Biela<br>Farba krytu: \u010cierna<br>Materi\u00e1l krytu: PVC<br>Celkov\u00fd v\u00fdkon: 3800 W<br>Nap\u00e4tie: 220-240\/50 Hz<br>V\u00fdkurovac\u00ed v\u00fdkon: 2000 W<br>2-stup\u0148ov\u00e9 kombinovan\u00e9 \u010derpadlo:<br>Funkcia v\u00edrivky: 1800 W<br>Cirkul\u00e1cia\/Filtr\u00e1cia: 500 W<br>Hladina hluku: Pribli\u017ene 68 dB<br>V\u00fd\u0161ka plnenia: 74 cm<br>Objem plnenia: 815 l<br><strong>27 mas\u00e1\u017enych trysiek:<\/strong><br>10 x 5,6 cm trysiek<br>8 x 5,6 cm trysiek<br>5 x 8,5 cm trysiek<br>4 x 8,5 cm trysiek<br>Hmotnos\u0165 vane: 230 kg<\/p>\n","protected":false},"excerpt":{"rendered":"<p>Wellness pre v\u00e1\u0161 domov \u2013 \u0161t\u00fdlov\u00fd, kvalitn\u00fd a nekomplikovan\u00fd V\u00edrivka WHITE MARBLE prin\u00e1\u0161a relax\u00e1ciu presne tam, kde ju potrebujete \u2013 v z\u00e1hrade, na terase alebo v zimnej z\u00e1hrade. S 27 v\u00fdkonn\u00fdmi, individu\u00e1lne nastavite\u013en\u00fdmi tryskami si m\u00f4\u017eete vychutna\u0165 intenz\u00edvnu mas\u00e1\u017e prisp\u00f4soben\u00fa v\u00e1\u0161mu vkusu. Elegantn\u00fd mramorov\u00fd vzh\u013ead vane a odoln\u00fd tmavosiv\u00fd WPC panel robia baz\u00e9n nielen \u013eahko [&hellip;]<\/p>\n","protected":false},"featured_media":55734,"comment_status":"closed","ping_status":"closed","template":"","meta":[],"product_brand":[2589],"product_cat":[415],"product_tag":[],"class_list":{"0":"post-55733","1":"product","2":"type-product","3":"status-publish","4":"has-post-thumbnail","6":"product_brand-home-deluxe","7":"product_cat-zahradne-virivky-jacuzzi","8":"pa_hmotnost-230-kg","9":"pa_objem-815-l","10":"pa_pocet-trysiek-2780","11":"pa_sirka-160-cm","12":"pa_vyrobca-home-deluxe","13":"pa_vyska-80-cm","15":"first","16":"outofstock","17":"taxable","18":"shipping-taxable","19":"purchasable","20":"product-type-simple"},"_links":{"self":[{"href":"https:\/\/diamondspa.sk\/sk\/wp-json\/wp\/v2\/product\/55733","targetHints":{"allow":["GET"]}}],"collection":[{"href":"https:\/\/diamondspa.sk\/sk\/wp-json\/wp\/v2\/product"}],"about":[{"href":"https:\/\/diamondspa.sk\/sk\/wp-json\/wp\/v2\/types\/product"}],"replies":[{"embeddable":true,"href":"https:\/\/diamondspa.sk\/sk\/wp-json\/wp\/v2\/comments?post=55733"}],"wp:featuredmedia":[{"embeddable":true,"href":"https:\/\/diamondspa.sk\/sk\/wp-json\/wp\/v2\/media\/55734"}],"wp:attachment":[{"href":"https:\/\/diamondspa.sk\/sk\/wp-json\/wp\/v2\/media?parent=55733"}],"wp:term":[{"taxonomy":"product_brand","embeddable":true,"href":"https:\/\/diamondspa.sk\/sk\/wp-json\/wp\/v2\/product_brand?post=55733"},{"taxonomy":"product_cat","embeddable":true,"href":"https:\/\/diamondspa.sk\/sk\/wp-json\/wp\/v2\/product_cat?post=55733"},{"taxonomy":"product_tag","embeddable":true,"href":"https:\/\/diamondspa.sk\/sk\/wp-json\/wp\/v2\/product_tag?post=55733"}],"curies":[{"name":"wp","href":"https:\/\/api.w.org\/{rel}","templated":true}]}}