{"id":55799,"date":"2025-07-29T11:58:26","date_gmt":"2025-07-29T09:58:26","guid":{"rendered":"https:\/\/diamondspa.sk\/?post_type=product&#038;p=55799"},"modified":"2025-07-29T14:34:48","modified_gmt":"2025-07-29T12:34:48","slug":"vonkajsia-virivka-cierny-mramor-so-schodikmi-a-termokrytom","status":"publish","type":"product","link":"https:\/\/diamondspa.sk\/sk\/produkt\/vonkajsia-virivka-cierny-mramor-so-schodikmi-a-termokrytom\/","title":{"rendered":"Vonkaj\u0161ia v\u00edrivka \u010cIERNY MRAMOR &#8211; So schod\u00edkmi a termokrytom"},"content":{"rendered":"\n<p><strong>Wellness pre v\u00e1\u0161 domov<\/strong> \u2013 \u0161t\u00fdlov\u00e9, kvalitn\u00e9 a nekomplikovan\u00e9<\/p>\n\n\n\n<p>V\u00edrivka<strong> BLACK MARBLE<\/strong> prin\u00e1\u0161a relax\u00e1ciu presne tam, kde ju potrebujete \u2013 v z\u00e1hrade, na terase alebo v zimnej z\u00e1hrade. S <strong>27 v\u00fdkonn\u00fdmi,<\/strong> individu\u00e1lne nastavite\u013en\u00fdmi <strong>tryskami<\/strong> si m\u00f4\u017eete vychutna\u0165 intenz\u00edvnu mas\u00e1\u017e prisp\u00f4soben\u00fa v\u00e1\u0161mu vkusu. Elegantn\u00fd \u010dierny mramorov\u00fd vzh\u013ead vane a odoln\u00e9 \u010dierne WPC oblo\u017eenie robia baz\u00e9n nielen \u013eahko udr\u017eiavate\u013en\u00fdm, ale aj skuto\u010dn\u00fdm p\u00fata\u010dom pozornosti. V\u010faka kompaktn\u00fdm rozmerom sa zmest\u00ed takmer kamko\u013evek. Dev\u00e4\u0165 integrovan\u00fdch sveteln\u00fdch zdrojov s meniacich sa farbou vytv\u00e1ra atmosf\u00e9rick\u00e9 ve\u010dery. Tri pohodln\u00e9 opierky hlavy e\u0161te viac spr\u00edjemnia sedenie alebo le\u017eanie. V\u0161etko m\u00f4\u017eete pohodlne ovl\u00e1da\u0165 priamo pri baz\u00e9ne pomocou ovl\u00e1dacieho panela \u2013 od teploty cez mas\u00e1\u017ene trysky a\u017e po osvetlenie. V\u00fdkonn\u00e9 \u010derpadlo je mo\u017en\u00e9 nastavi\u0165 na dve \u00farovne. S\u00fa\u010das\u0165ou balenia je ochrana proti hmyzu a zodpovedaj\u00faci filtra\u010dn\u00fd syst\u00e9m. <strong>BLACK MARBLE<\/strong> sa dod\u00e1va ako kompletn\u00e1 sada vr\u00e1tane schod\u00edkov a zodpovedaj\u00faceho termokrytu \u2013 v\u0161etko je s\u00fa\u010das\u0165ou balenia, pripraven\u00e9 na pou\u017eitie. Vysokokvalitn\u00e9 funkcie, jednoduch\u00e9 pou\u017e\u00edvanie a premyslen\u00e9 detaily z nej robia perfektn\u00fa vo\u013ebu pre v\u00e1\u0161 s\u00fakromn\u00fd k\u00fape\u013en\u00fd z\u00e1\u017eitok.<\/p>\n\n\n\n<p><strong>BLACK MARBLE <\/strong>je va\u0161e s\u00fakromn\u00e9 \u200b\u200b\u00fato\u010disko \u2013 vysoko kvalitn\u00e9 spracovanie, dobre vybaven\u00e9 a pripraven\u00e9 na okam\u017eit\u00e9 pou\u017eitie.<\/p>\n\n\n\n<ul class=\"wp-block-list\">\n<li>Atmosf\u00e9rick\u00e1 atmosf\u00e9ra v\u010faka 9 integrovan\u00fdm LED sveteln\u00fdm zdrojom<\/li>\n\n\n\n<li>Individu\u00e1lne nastavite\u013en\u00e9 mas\u00e1\u017ene trysky<\/li>\n\n\n\n<li>3 kvalitn\u00e9 opierky hlavy v elegantnej \u010diernej farbe<\/li>\n\n\n\n<li>Modern\u00fd dotykov\u00fd displej<\/li>\n\n\n\n<li>R\u00fdchla a jednoduch\u00e1 mont\u00e1\u017e<\/li>\n\n\n\n<li>3 \u010dierne opierky hlavy\/vank\u00fa\u0161e<\/li>\n\n\n\n<li>Stabiln\u00e9 \u010dierne schod\u00edky, v\u00fd\u0161ka 40 cm<\/li>\n\n\n\n<li>10 cm\u00a0hrub\u00fd, vysoko izola\u010dn\u00fd termokryt<\/li>\n\n\n\n<li>Tepeln\u00fd kryt so sklonom, ktor\u00fd zabra\u0148uje hromadeniu vody na kryte<\/li>\n<\/ul>\n\n\n\n<p><strong>Technick\u00e9 \u0161pecifik\u00e1cie<\/strong><br>Rozmery (D x \u0160 x V): 210 x 160 x 80 cm<br>Farba vane: \u010cierny mramor<br>Farba krytu: \u010cierna<br>Materi\u00e1l krytu: PVC<br>Celkov\u00fd v\u00fdkon: 3800 W<br>Nap\u00e4tie: 220-240\/50 Hz<br>V\u00fdkurovac\u00ed v\u00fdkon: 2000 W<br>2-stup\u0148ov\u00e9 kombinovan\u00e9 \u010derpadlo:<br>Funkcia v\u00edrivky: 1800 W<br>Cirkul\u00e1cia\/Filtr\u00e1cia: 500 W<br>Hladina hluku: Pribl. 68 dB<br>V\u00fd\u0161ka plnenia: 74 cm<br>Objem plnenia: 815 l<br><strong>27 mas\u00e1\u017enych trysiek:<\/strong><br>10 x 5,6 cm trysky<br>8 x 5,6 cm trysky<br>5 x 8,5 cm trysky<br>4 x 8,5 cm trysky<br>Hmotnos\u0165 vane: 230 kg<\/p>\n\n\n\n<p><strong>TERMO POVLAK<\/strong><br>Rozmery po\u0165ahu: 210 x 160 x 10 cm<br>Vonkaj\u0161\u00ed materi\u00e1l: Syntetick\u00e1 ko\u017ea<br>Vn\u00fatorn\u00fd materi\u00e1l: Penov\u00e9 jadro<br>Farba: Antracitov\u00e1 \/ \u010cierna<\/p>\n\n\n\n<p><strong>SCHODY<\/strong><br>Rozmery (D x \u0160 x V): 62 x 54 x 40 cm<br>Materi\u00e1l: WPC<br>Nosnos\u0165: do 150 kg<br>Hmotnos\u0165: 14 kg<\/p>\n","protected":false},"excerpt":{"rendered":"<p>Wellness pre v\u00e1\u0161 domov \u2013 \u0161t\u00fdlov\u00e9, kvalitn\u00e9 a nekomplikovan\u00e9 V\u00edrivka BLACK MARBLE prin\u00e1\u0161a relax\u00e1ciu presne tam, kde ju potrebujete \u2013 v z\u00e1hrade, na terase alebo v zimnej z\u00e1hrade. S 27 v\u00fdkonn\u00fdmi, individu\u00e1lne nastavite\u013en\u00fdmi tryskami si m\u00f4\u017eete vychutna\u0165 intenz\u00edvnu mas\u00e1\u017e prisp\u00f4soben\u00fa v\u00e1\u0161mu vkusu. Elegantn\u00fd \u010dierny mramorov\u00fd vzh\u013ead vane a odoln\u00e9 \u010dierne WPC oblo\u017eenie robia baz\u00e9n nielen [&hellip;]<\/p>\n","protected":false},"featured_media":55800,"comment_status":"closed","ping_status":"closed","template":"","meta":[],"product_brand":[2589],"product_cat":[415],"product_tag":[],"class_list":{"0":"post-55799","1":"product","2":"type-product","3":"status-publish","4":"has-post-thumbnail","6":"product_brand-home-deluxe","7":"product_cat-zahradne-virivky-jacuzzi","8":"pa_hmotnost-230-kg","9":"pa_objem-815-l","10":"pa_pocet-trysiek-2780","11":"pa_sirka-160-cm","12":"pa_vyrobca-home-deluxe","13":"pa_vyska-80-cm","15":"first","16":"outofstock","17":"taxable","18":"shipping-taxable","19":"purchasable","20":"product-type-simple"},"_links":{"self":[{"href":"https:\/\/diamondspa.sk\/sk\/wp-json\/wp\/v2\/product\/55799","targetHints":{"allow":["GET"]}}],"collection":[{"href":"https:\/\/diamondspa.sk\/sk\/wp-json\/wp\/v2\/product"}],"about":[{"href":"https:\/\/diamondspa.sk\/sk\/wp-json\/wp\/v2\/types\/product"}],"replies":[{"embeddable":true,"href":"https:\/\/diamondspa.sk\/sk\/wp-json\/wp\/v2\/comments?post=55799"}],"wp:featuredmedia":[{"embeddable":true,"href":"https:\/\/diamondspa.sk\/sk\/wp-json\/wp\/v2\/media\/55800"}],"wp:attachment":[{"href":"https:\/\/diamondspa.sk\/sk\/wp-json\/wp\/v2\/media?parent=55799"}],"wp:term":[{"taxonomy":"product_brand","embeddable":true,"href":"https:\/\/diamondspa.sk\/sk\/wp-json\/wp\/v2\/product_brand?post=55799"},{"taxonomy":"product_cat","embeddable":true,"href":"https:\/\/diamondspa.sk\/sk\/wp-json\/wp\/v2\/product_cat?post=55799"},{"taxonomy":"product_tag","embeddable":true,"href":"https:\/\/diamondspa.sk\/sk\/wp-json\/wp\/v2\/product_tag?post=55799"}],"curies":[{"name":"wp","href":"https:\/\/api.w.org\/{rel}","templated":true}]}}