{"id":55839,"date":"2025-07-29T12:17:29","date_gmt":"2025-07-29T10:17:29","guid":{"rendered":"https:\/\/diamondspa.sk\/?post_type=product&#038;p=55839"},"modified":"2025-07-29T14:34:48","modified_gmt":"2025-07-29T12:34:48","slug":"vonkajsia-virivka-so-schodmi-a-termokrytom-sea-star-180-x-160-cm-pre-4-osoby","status":"publish","type":"product","link":"https:\/\/diamondspa.sk\/sk\/produkt\/vonkajsia-virivka-so-schodmi-a-termokrytom-sea-star-180-x-160-cm-pre-4-osoby\/","title":{"rendered":"Vonkaj\u0161ia v\u00edrivka so schodmi a termokrytom SEA STAR 180 x 160 cm pre 4 osoby"},"content":{"rendered":"\n<p>Na\u0161a unik\u00e1tna vonkaj\u0161ia v\u00edrivka premen\u00ed va\u0161u z\u00e1hradu a slne\u010dn\u00fa terasu <strong>na \u0161t\u00fdlov\u00fa<\/strong> <strong>wellness o\u00e1zu<\/strong> s skuto\u010dnou dovolenkovou atmosf\u00e9rou.<\/p>\n\n\n\n<p>Doprajte si luxus<strong> 19 p\u00f4sobiv\u00fdch trysiek,<\/strong> ktor\u00e9 o\u017eivia va\u0161e telo i du\u0161u a poskytn\u00fa optim\u00e1lny mas\u00e1\u017eny z\u00e1\u017eitok. Intenzitu a smer ka\u017edej trysky je mo\u017en\u00e9 individu\u00e1lne nastavi\u0165 jednoduch\u00fdm oto\u010den\u00edm gomb\u00edka. V\u00fdkonn\u00e9 \u010derpadlo v\u00edrivky m\u00e1 dve nastavenia. M\u00f4\u017eete si vybra\u0165, \u010di si budete u\u017e\u00edva\u0165 siln\u00e9 mas\u00e1\u017ene trysky, alebo relaxova\u0165 vo vode, zatia\u013e \u010do cirkula\u010dn\u00e1 funkcia ticho a efekt\u00edvne \u010dist\u00ed vodu. Poskytujeme v\u00e1m tie\u017e zodpovedaj\u00facu sadu filtrov. <strong>15 LED di\u00f3d<\/strong> tesne pod hladinou vody v kombin\u00e1cii s ve\u013ekou centr\u00e1lnou podvodnou LED di\u00f3dou vytv\u00e1ra o\u010daruj\u00facu sveteln\u00fa show. \u0160tyri \u010dierne opierky hlavy zabezpe\u010duj\u00fa pohodln\u00fa polohu v \u013eahu. R\u00f4zne funkcie m\u00f4\u017eete ovl\u00e1da\u0165 pomocou vstavan\u00e9ho displeja na okraji v\u00edrivky. Tu si m\u00f4\u017eete nastavi\u0165 nielen teplotu vody, ale aj <strong>mas\u00e1\u017ene trysky a osvetlenie<\/strong>. Ka\u017ed\u00e9 sedadlo je mo\u017en\u00e9 individu\u00e1lne nastavi\u0165 pomocou \u0161tyroch manu\u00e1lnych ovl\u00e1da\u010dov.<\/p>\n\n\n\n<p>Skuto\u010dne p\u00fatav\u00fdm prvkom je tmavosiv\u00fd vonkaj\u0161\u00ed panel vyroben\u00fd z odoln\u00e9ho WPC (pr\u00edrodn\u00e9ho plastu vystu\u017een\u00e9ho vl\u00e1knami), ktor\u00fd dod\u00e1va tejto v\u00edrivke \u0161peci\u00e1lny charakter. Tento materi\u00e1l pon\u00faka mnoho v\u00fdhod: je odoln\u00fd, teplotne a tvarovo st\u00e1ly, vodeodoln\u00fd, oh\u0148ovzdorn\u00fd, hygienick\u00fd a \u013eahko sa \u010dist\u00ed. Zachov\u00e1va si farebn\u00fa st\u00e1lofarebnos\u0165 aj na priamom slne\u010dnom svetle, \u010do je \u010dasto probl\u00e9m, najm\u00e4 pri z\u00e1hradn\u00fdch prvkoch. R\u00f4zne text\u00fary panelov mu dod\u00e1vaj\u00fa nie\u010do navy\u0161e. V\u010faka kompaktn\u00fdm rozmerom sa baz\u00e9n hod\u00ed takmer do ka\u017edej z\u00e1hrady a pon\u00faka priestor <strong>a\u017e pre 4 osoby. <\/strong>M\u00f4\u017eete ho umiestni\u0165 aj na terasy alebo do zimn\u00fdch z\u00e1hrad a te\u0161i\u0165 sa z vysoko kvalitn\u00e9ho dizajnu a technol\u00f3gie.<\/p>\n\n\n\n<p>Ke\u010f\u017ee baz\u00e9n dod\u00e1vame so v\u0161etk\u00fdmi potrebn\u00fdmi dielmi, m\u00f4\u017eete ho ihne\u010f po pripojen\u00ed k elektrickej sieti pou\u017ei\u0165. Ak baz\u00e9n<strong> Sea Star<\/strong> dlh\u0161\u00ed \u010das nepou\u017e\u00edvate, m\u00f4\u017eete vodu jednoducho vypusti\u0165 pomocou odtokov\u00e9ho syst\u00e9mu. N\u00e1sledne odpor\u00fa\u010dame vy\u010disti\u0165 ho integrovanou funkciou oz\u00f3nov\u00e9ho \u010distenia, aby ste si baz\u00e9n mohli u\u017e\u00edva\u0165 dlh\u00fa dobu.<\/p>\n\n\n\n<p><strong>UPOZORNENIE<\/strong><\/p>\n\n\n\n<p>Pred in\u0161tal\u00e1ciou baz\u00e9na sa uistite, \u017ee je povrch vhodn\u00fd. Podklad by mal by\u0165 rovn\u00fd a \u010do najpevnej\u0161\u00ed. Ak si nie ste ist\u00ed, vyh\u013eadajte odborn\u00fa pomoc. Nenesieme \u017eiadnu zodpovednos\u0165 za \u0161kody sp\u00f4soben\u00e9 hmotnos\u0165ou baz\u00e9na.<\/p>\n\n\n\n<p>Zimn\u00e9 vlastnosti: Odpor\u00fa\u010dame nepou\u017e\u00edva\u0165 baz\u00e9n pri teplote ni\u017e\u0161ej ako 5 \u00b0C. Pri teplot\u00e1ch bl\u00edzkych bodu mrazu je nevyhnutn\u00e9 \u00fapln\u00e9 vypustenie vody.<\/p>\n\n\n\n<p>Vzh\u013eadom na spotrebu energie baz\u00e9na by sa malo elektrick\u00e9 pripojenie vykona\u0165 cez samostatn\u00fd, samostatne poisten\u00fd k\u00e1bel. Vzh\u013eadom na spotrebu energie mus\u00ed by\u0165 prierez k\u00e1bla minim\u00e1lne 3 x 6 mm\u00b2. V pr\u00edpade ak\u00fdchko\u013evek ot\u00e1zok kontaktujte na\u0161e oddelenie zabezpe\u010denia kvality!<\/p>\n\n\n\n<ul class=\"wp-block-list\">\n<li>15 LED di\u00f3d pozd\u013a\u017e okraja vody, 1 jasn\u00e1 LED di\u00f3da v oblasti n\u00f4h<\/li>\n\n\n\n<li>V\u0161etky mas\u00e1\u017ene trysky s\u00fa nastavite\u013en\u00e9 z h\u013eadiska intenzity a smeru<\/li>\n\n\n\n<li>Vr\u00e1tane oz\u00f3nov\u00e9ho \u010distiaceho syst\u00e9mu<\/li>\n\n\n\n<li>4 \u010dierne opierky hlavy\/vank\u00fa\u0161e<\/li>\n\n\n\n<li>Pevn\u00e9 \u010dierne schod\u00edky<\/li>\n\n\n\n<li>Vr\u00e1tane 6-10 cm hrub\u00e9ho, vysoko izola\u010dn\u00e9ho termokrytu<\/li>\n\n\n\n<li>Tepeln\u00fd kryt so sklonom, ktor\u00fd zabra\u0148uje hromadeniu vody na kryte<\/li>\n\n\n\n<li>Farba vane: Biela<\/li>\n\n\n\n<li>Farba krytu: \u010cierna<\/li>\n\n\n\n<li>Materi\u00e1l krytu: WPC (plast vystu\u017een\u00fd pr\u00edrodn\u00fdmi vl\u00e1knami)<\/li>\n\n\n\n<li>Akryl: PMMA (polymetylmetakryl\u00e1t)<\/li>\n\n\n\n<li>Jednoduch\u00e1 in\u0161tal\u00e1cia<\/li>\n<\/ul>\n\n\n\n<p><strong>Technick\u00e9 \u0161pecifik\u00e1cie<\/strong><br>Mus\u00ed by\u0165 chr\u00e1nen\u00e9 pr\u00fadov\u00fdm chr\u00e1ni\u010dom 40 A (0,03 A); mus\u00ed by\u0165 k dispoz\u00edcii poistka s maxim\u00e1lnym pr\u00fadom 32 A.<br>S ohrieva\u010dom a 2-stup\u0148ov\u00fdm \u010derpadlom (v\u00edriv\u00e9 trysky + cirkul\u00e1cia)<br>Celkov\u00fd v\u00fdkon: 4550 W<br>Spotreba \u010derpadla: 1500 W<br>Ohrev: 3000 W<br>Cirk\u00facia\/filtr\u00e1cia: 350 W<br>Hladina hluku: 67 dB<br>Rozmery (D x \u0160 x V): 180 x 160 x 79 cm<br>V\u00fd\u0161ka n\u00e1plne: 70 cm<br>Objem n\u00e1plne: 850 l<br>Hmotnos\u0165: cca 234 kg<br><strong>19 mas\u00e1\u017enych trysiek<\/strong><br>16 x 5 cm trysiek<br>3 x 8 cm trysky<\/p>\n","protected":false},"excerpt":{"rendered":"<p>Na\u0161a unik\u00e1tna vonkaj\u0161ia v\u00edrivka premen\u00ed va\u0161u z\u00e1hradu a slne\u010dn\u00fa terasu na \u0161t\u00fdlov\u00fa wellness o\u00e1zu s skuto\u010dnou dovolenkovou atmosf\u00e9rou. Doprajte si luxus 19 p\u00f4sobiv\u00fdch trysiek, ktor\u00e9 o\u017eivia va\u0161e telo i du\u0161u a poskytn\u00fa optim\u00e1lny mas\u00e1\u017eny z\u00e1\u017eitok. Intenzitu a smer ka\u017edej trysky je mo\u017en\u00e9 individu\u00e1lne nastavi\u0165 jednoduch\u00fdm oto\u010den\u00edm gomb\u00edka. V\u00fdkonn\u00e9 \u010derpadlo v\u00edrivky m\u00e1 dve nastavenia. M\u00f4\u017eete si [&hellip;]<\/p>\n","protected":false},"featured_media":55840,"comment_status":"closed","ping_status":"closed","template":"","meta":[],"product_brand":[2589],"product_cat":[415],"product_tag":[],"class_list":{"0":"post-55839","1":"product","2":"type-product","3":"status-publish","4":"has-post-thumbnail","6":"product_brand-home-deluxe","7":"product_cat-zahradne-virivky-jacuzzi","8":"pa_hmotnost-234-kg","9":"pa_objem-850-l","10":"pa_pocet-trysiek-870","11":"pa_sirka-160-cm","12":"pa_vyrobca-home-deluxe","13":"pa_vyska-79-cm","15":"first","16":"outofstock","17":"taxable","18":"shipping-taxable","19":"purchasable","20":"product-type-simple"},"_links":{"self":[{"href":"https:\/\/diamondspa.sk\/sk\/wp-json\/wp\/v2\/product\/55839","targetHints":{"allow":["GET"]}}],"collection":[{"href":"https:\/\/diamondspa.sk\/sk\/wp-json\/wp\/v2\/product"}],"about":[{"href":"https:\/\/diamondspa.sk\/sk\/wp-json\/wp\/v2\/types\/product"}],"replies":[{"embeddable":true,"href":"https:\/\/diamondspa.sk\/sk\/wp-json\/wp\/v2\/comments?post=55839"}],"wp:featuredmedia":[{"embeddable":true,"href":"https:\/\/diamondspa.sk\/sk\/wp-json\/wp\/v2\/media\/55840"}],"wp:attachment":[{"href":"https:\/\/diamondspa.sk\/sk\/wp-json\/wp\/v2\/media?parent=55839"}],"wp:term":[{"taxonomy":"product_brand","embeddable":true,"href":"https:\/\/diamondspa.sk\/sk\/wp-json\/wp\/v2\/product_brand?post=55839"},{"taxonomy":"product_cat","embeddable":true,"href":"https:\/\/diamondspa.sk\/sk\/wp-json\/wp\/v2\/product_cat?post=55839"},{"taxonomy":"product_tag","embeddable":true,"href":"https:\/\/diamondspa.sk\/sk\/wp-json\/wp\/v2\/product_tag?post=55839"}],"curies":[{"name":"wp","href":"https:\/\/api.w.org\/{rel}","templated":true}]}}