{"id":55862,"date":"2025-07-29T12:30:00","date_gmt":"2025-07-29T10:30:00","guid":{"rendered":"https:\/\/diamondspa.sk\/?post_type=product&#038;p=55862"},"modified":"2025-07-29T14:34:48","modified_gmt":"2025-07-29T12:34:48","slug":"vonkajsia-virivka-splash-vratane-krytu-o208-cm-6-osob","status":"publish","type":"product","link":"https:\/\/diamondspa.sk\/sk\/produkt\/vonkajsia-virivka-splash-vratane-krytu-o208-cm-6-osob\/","title":{"rendered":"Vonkaj\u0161ia v\u00edrivka SPLASH vr\u00e1tane krytu &#8211; \u00d8208 cm 6 os\u00f4b"},"content":{"rendered":"\n<p><strong>Wellness vo va\u0161ej vlastnej z\u00e1hrade<\/strong> \u2013 po cel\u00fd rok a bez starost\u00ed.<\/p>\n\n\n\n<p>Nafukovacia vonkaj\u0161ia v\u00edrivka <strong>SPLASH<\/strong> v\u00e1m prin\u00e1\u0161a relax\u00e1ciu stla\u010den\u00edm jedin\u00e9ho tla\u010didla. V lete chladno, v zime pr\u00edjemne teplo \u2013 v\u00edrivka poskytuje celoro\u010dn\u00fd komfort s teplotou vody a\u017e do 40 \u00b0C. 130 jemne vyladen\u00fdch vzduchov\u00fdch trysiek pon\u00faka konzistentn\u00fa, osvie\u017euj\u00facu mas\u00e1\u017e, zatia\u013e \u010do integrovan\u00fd motor umo\u017e\u0148uje kompaktn\u00fd dizajn \u2013 bez ak\u00fdchko\u013evek vidite\u013en\u00fdch alebo objemn\u00fdch pr\u00edslu\u0161enstva. Priestor pre a\u017e 6 os\u00f4b, robustn\u00e9 laminovan\u00e9 PVC, jednoduch\u00e9 ovl\u00e1danie pomocou digit\u00e1lneho ovl\u00e1dacieho panela a r\u00fdchla mont\u00e1\u017e robia zo <strong>SPLASH<\/strong> ide\u00e1lne rie\u0161enie pre z\u00e1hradu, terasu alebo zimn\u00fa z\u00e1hradu. <strong>S krytom a filtrom, ktor\u00e9 s\u00fa s\u00fa\u010das\u0165ou sady, ste pripraven\u00ed.<\/strong><\/p>\n\n\n\n<p>Zaobstarajte si v\u00edrivku <strong>SPLASH<\/strong> a preme\u0148te svoj domov na vlastn\u00e9 s\u00fakromn\u00e9 \u200b\u200bk\u00fapele \u2013 odoln\u00e9 vo\u010di poveternostn\u00fdm vplyvom, \u013eahko sa udr\u017eiavaj\u00face a v\u017edy pripraven\u00e9 na pou\u017eitie.<\/p>\n\n\n\n<p>Pozn\u00e1mka: Odpor\u00fa\u010dame pravidelne meni\u0165 filter a vodu.<\/p>\n\n\n\n<ul class=\"wp-block-list\">\n<li>\u017diadna ru\u0161iv\u00e1 vonkaj\u0161ia jednotka, \u010dist\u00fd dizajn bez kompromisov<\/li>\n\n\n\n<li>Vhodn\u00e9 pre a\u017e 6 os\u00f4b<\/li>\n\n\n\n<li>Vyroben\u00e9 z PVC<\/li>\n\n\n\n<li>Naf\u00fakne sa stla\u010den\u00edm tla\u010didla, nie je potrebn\u00e9 \u017eiadne n\u00e1radie<\/li>\n\n\n\n<li>Rovnomern\u00fd mas\u00e1\u017eny \u00fa\u010dinok pre maxim\u00e1lnu relax\u00e1ciu<\/li>\n\n\n\n<li>Voda sa d\u00e1 ohria\u0165 a\u017e na 40 \u00b0C<\/li>\n\n\n\n<li>Vr\u00e1tane krytu \u2013 chr\u00e1ni pred ne\u010distotami a dlh\u0161ie udr\u017eiava teplo<\/li>\n<\/ul>\n\n\n\n<p><strong>Technick\u00e9 \u0161pecifik\u00e1cie<\/strong><br>Vonkaj\u0161\u00ed priemer: \u2300 208 cm<br>Vn\u00fatorn\u00fd priemer: \u2300 160 cm<br>V\u00fd\u0161ka: 65 cm<br>D\u013a\u017eka nap\u00e1jacieho k\u00e1bla: 350 cm<br>Objem vody: 1000 litrov<br>Po\u010det vzduchov\u00fdch trysiek: 130<br>Priemer vzduchovej trysky: \u2300 3 mm<br>Prietok filtra: 1400 l \/ 370 gal za hodinu<br>Menovit\u00fd v\u00fdkon: 220 &#8211; 240 V ~ 50 Hz<br>Doba ohrevu: 1,5 \u00b0C\/h<br>Ohrieva\u010d: 1800 W<br>Prietok vzduchu: 600 W<\/p>\n\n\n\n<p>D\u00f4le\u017eit\u00e1 pozn\u00e1mka k in\u0161tal\u00e1cii:<br>Aby ste predi\u0161li skratu alebo spusteniu pr\u00fadov\u00e9ho chr\u00e1ni\u010da, d\u00f4razne odpor\u00fa\u010dame pripoji\u0165 v\u00fdrobok k samostatne chr\u00e1nen\u00e9mu obvodu. Ak sa na tej istej linke s\u00fa\u010dasne prev\u00e1dzkuje viacero elektrick\u00fdch spotrebi\u010dov alebo ak sa pou\u017e\u00edva predl\u017eovac\u00ed k\u00e1bel, m\u00f4\u017ee d\u00f4js\u0165 k pre\u0165a\u017eeniu.<br>Pri in\u0161tal\u00e1cii v\u00edrivky, sauny alebo infra\u010dervenej kab\u00edny dodr\u017eujte toto odpor\u00fa\u010danie. \u010eal\u0161ie inform\u00e1cie n\u00e1jdete v n\u00e1vode na in\u0161tal\u00e1ciu a technick\u00fdch \u0161pecifik\u00e1ci\u00e1ch.<\/p>\n","protected":false},"excerpt":{"rendered":"<p>Wellness vo va\u0161ej vlastnej z\u00e1hrade \u2013 po cel\u00fd rok a bez starost\u00ed. Nafukovacia vonkaj\u0161ia v\u00edrivka SPLASH v\u00e1m prin\u00e1\u0161a relax\u00e1ciu stla\u010den\u00edm jedin\u00e9ho tla\u010didla. V lete chladno, v zime pr\u00edjemne teplo \u2013 v\u00edrivka poskytuje celoro\u010dn\u00fd komfort s teplotou vody a\u017e do 40 \u00b0C. 130 jemne vyladen\u00fdch vzduchov\u00fdch trysiek pon\u00faka konzistentn\u00fa, osvie\u017euj\u00facu mas\u00e1\u017e, zatia\u013e \u010do integrovan\u00fd motor umo\u017e\u0148uje [&hellip;]<\/p>\n","protected":false},"featured_media":55863,"comment_status":"closed","ping_status":"closed","template":"","meta":[],"product_brand":[2589],"product_cat":[415],"product_tag":[],"class_list":{"0":"post-55862","1":"product","2":"type-product","3":"status-publish","4":"has-post-thumbnail","6":"product_brand-home-deluxe","7":"product_cat-zahradne-virivky-jacuzzi","8":"pa_objem-1000-l","9":"pa_vyrobca-home-deluxe","11":"first","12":"outofstock","13":"taxable","14":"shipping-taxable","15":"purchasable","16":"product-type-simple"},"_links":{"self":[{"href":"https:\/\/diamondspa.sk\/sk\/wp-json\/wp\/v2\/product\/55862","targetHints":{"allow":["GET"]}}],"collection":[{"href":"https:\/\/diamondspa.sk\/sk\/wp-json\/wp\/v2\/product"}],"about":[{"href":"https:\/\/diamondspa.sk\/sk\/wp-json\/wp\/v2\/types\/product"}],"replies":[{"embeddable":true,"href":"https:\/\/diamondspa.sk\/sk\/wp-json\/wp\/v2\/comments?post=55862"}],"wp:featuredmedia":[{"embeddable":true,"href":"https:\/\/diamondspa.sk\/sk\/wp-json\/wp\/v2\/media\/55863"}],"wp:attachment":[{"href":"https:\/\/diamondspa.sk\/sk\/wp-json\/wp\/v2\/media?parent=55862"}],"wp:term":[{"taxonomy":"product_brand","embeddable":true,"href":"https:\/\/diamondspa.sk\/sk\/wp-json\/wp\/v2\/product_brand?post=55862"},{"taxonomy":"product_cat","embeddable":true,"href":"https:\/\/diamondspa.sk\/sk\/wp-json\/wp\/v2\/product_cat?post=55862"},{"taxonomy":"product_tag","embeddable":true,"href":"https:\/\/diamondspa.sk\/sk\/wp-json\/wp\/v2\/product_tag?post=55862"}],"curies":[{"name":"wp","href":"https:\/\/api.w.org\/{rel}","templated":true}]}}