{"id":55885,"date":"2025-07-29T12:41:33","date_gmt":"2025-07-29T10:41:33","guid":{"rendered":"https:\/\/diamondspa.sk\/?post_type=product&#038;p=55885"},"modified":"2025-07-29T14:34:48","modified_gmt":"2025-07-29T12:34:48","slug":"nafukovacia-vonkajsia-virivka-splash-vratane-krytu-o208-cm-6-osob","status":"publish","type":"product","link":"https:\/\/diamondspa.sk\/sk\/produkt\/nafukovacia-vonkajsia-virivka-splash-vratane-krytu-o208-cm-6-osob\/","title":{"rendered":"Nafukovacia vonkaj\u0161ia v\u00edrivka SPLASH vr\u00e1tane krytu \u2013 \u00d8208 cm, 6 os\u00f4b"},"content":{"rendered":"\n<p><strong>Wellness vo va\u0161ej vlastnej z\u00e1hrade<\/strong> \u2013 po cel\u00fd rok a bez n\u00e1mahy.<\/p>\n\n\n\n<p>Nafukovacia vonkaj\u0161ia v\u00edrivka <strong>SPLASH <\/strong>v\u00e1m prin\u00e1\u0161a relax\u00e1ciu na stla\u010denie tla\u010didla. V lete chladn\u00e1, v zime pr\u00edjemne tepl\u00e1 \u2013 v\u00edrivka v\u00e1m poskytuje celoro\u010dn\u00fd komfort s teplotou vody a\u017e 40 \u00b0C. 130 jemne nastaven\u00fdch vzduchov\u00fdch trysiek poskytuje rovnomern\u00fa, osvie\u017euj\u00facu mas\u00e1\u017e, zatia\u013e \u010do integrovan\u00fd motor umo\u017e\u0148uje kompaktn\u00fa kon\u0161trukciu \u2013 bez vidite\u013en\u00fdch alebo objemn\u00fdch pr\u00eddavn\u00fdch dielov. Miesto pre a\u017e 6 os\u00f4b, robustn\u00e9 laminovan\u00e9 PVC, jednoduch\u00e9 ovl\u00e1danie pomocou digit\u00e1lneho ovl\u00e1dacieho prvku a r\u00fdchla mont\u00e1\u017e robia z <strong>SPLASH <\/strong>ide\u00e1lne rie\u0161enie pre z\u00e1hradu, terasu alebo zimn\u00fa z\u00e1hradu. S krytom a filtrom v sade ste ihne\u010f pripraven\u00ed na pou\u017eitie.<\/p>\n\n\n\n<p>K\u00fapte si v\u00edrivku <strong>SPLASH<\/strong> a preme\u0148te svoj domov na s\u00fakromn\u00e9 k\u00fapele \u2013 odoln\u00e9 vo\u010di poveternostn\u00fdm vplyvom, \u013eahko udr\u017eiavate\u013en\u00e9 a v\u017edy pripraven\u00e9 na pou\u017eitie.<\/p>\n\n\n\n<p>Pozn\u00e1mka: Odpor\u00fa\u010dame pravidelne vymie\u0148a\u0165 filter a vodu.<\/p>\n\n\n\n<ul class=\"wp-block-list\">\n<li>\u017diadne ru\u0161iv\u00e9 vonkaj\u0161ie zariadenie, \u010dist\u00fd dizajn bez kompromisov.<\/li>\n\n\n\n<li>Pon\u00faka priestor a\u017e pre 6 os\u00f4b.<\/li>\n\n\n\n<li>Vyroben\u00e9 z PVC.<\/li>\n\n\n\n<li>Nafukovate\u013en\u00e9 stla\u010den\u00edm tla\u010didla, bez pou\u017eitia n\u00e1radia.<\/li>\n\n\n\n<li>Rovnomern\u00fd mas\u00e1\u017eny \u00fa\u010dinok pre maxim\u00e1lnu relax\u00e1ciu.<\/li>\n\n\n\n<li>Voda sa m\u00f4\u017ee ohria\u0165 a\u017e na 40 \u00b0C.<\/li>\n\n\n\n<li>Vr\u00e1tane krytu \u2013 chr\u00e1ni pred ne\u010distotami a udr\u017euje teplo dlh\u0161ie.<\/li>\n<\/ul>\n\n\n\n<p><strong>Technick\u00e9 \u00fadaje<\/strong><br>Vonkaj\u0161\u00ed priemer: \u2300 208 cm<br>Vn\u00fatorn\u00fd priemer: \u2300 160 cm<br>V\u00fd\u0161ka: 65 cm<br>D\u013a\u017eka nap\u00e1jacieho k\u00e1bla: 350 cm<br>Objem vody: 1000 litrov<br>Po\u010det vzduchov\u00fdch trysiek: 130<br>Priemer vzduchov\u00fdch d\u00fdz: \u2300 3 mm<br>Pr\u00fadenie filtra: 1400 l \/ 370 gal za hodinu<br>Menovit\u00fd v\u00fdkon: 220 &#8211; 240 V ~ 50 Hz<br>Doba ohrevu: 1,5 \u00b0C\/h<br>K\u00farenie: 1800 W<br>Pr\u00fad vzduchu: 600 W<br>&nbsp;<br>D\u00f4le\u017eit\u00e1 inform\u00e1cia t\u00fdkaj\u00faca sa in\u0161tal\u00e1cie:<br>Aby ste predi\u0161li skratu alebo aktiv\u00e1cii RCD z\u00e1str\u010dky, d\u00f4razne odpor\u00fa\u010dame pripoji\u0165 produkt k samostatne zabezpe\u010den\u00e9mu elektrick\u00e9mu obvodu. Pre\u0165a\u017eenie m\u00f4\u017ee nasta\u0165, ak sa na rovnakom veden\u00ed prev\u00e1dzkuje viacero elektrick\u00fdch zariaden\u00ed s\u00fa\u010dasne alebo ak sa pou\u017e\u00edva predl\u017eovac\u00ed k\u00e1bel.<br>Pri in\u0161tal\u00e1cii v\u00edrivky, sauny alebo infra\u010dervenej kab\u00edny dodr\u017eujte toto odpor\u00fa\u010danie. \u010eal\u0161ie inform\u00e1cie n\u00e1jdete v mont\u00e1\u017enych pokynoch a technick\u00fdch \u00fadajoch.<\/p>\n","protected":false},"excerpt":{"rendered":"<p>Wellness vo va\u0161ej vlastnej z\u00e1hrade \u2013 po cel\u00fd rok a bez n\u00e1mahy. Nafukovacia vonkaj\u0161ia v\u00edrivka SPLASH v\u00e1m prin\u00e1\u0161a relax\u00e1ciu na stla\u010denie tla\u010didla. V lete chladn\u00e1, v zime pr\u00edjemne tepl\u00e1 \u2013 v\u00edrivka v\u00e1m poskytuje celoro\u010dn\u00fd komfort s teplotou vody a\u017e 40 \u00b0C. 130 jemne nastaven\u00fdch vzduchov\u00fdch trysiek poskytuje rovnomern\u00fa, osvie\u017euj\u00facu mas\u00e1\u017e, zatia\u013e \u010do integrovan\u00fd motor umo\u017e\u0148uje [&hellip;]<\/p>\n","protected":false},"featured_media":55886,"comment_status":"closed","ping_status":"closed","template":"","meta":[],"product_brand":[2589],"product_cat":[415],"product_tag":[],"class_list":{"0":"post-55885","1":"product","2":"type-product","3":"status-publish","4":"has-post-thumbnail","6":"product_brand-home-deluxe","7":"product_cat-zahradne-virivky-jacuzzi","8":"pa_objem-1000-l","9":"pa_vyrobca-home-deluxe","10":"pa_vyska-65-cm","12":"first","13":"outofstock","14":"taxable","15":"shipping-taxable","16":"purchasable","17":"product-type-simple"},"_links":{"self":[{"href":"https:\/\/diamondspa.sk\/sk\/wp-json\/wp\/v2\/product\/55885","targetHints":{"allow":["GET"]}}],"collection":[{"href":"https:\/\/diamondspa.sk\/sk\/wp-json\/wp\/v2\/product"}],"about":[{"href":"https:\/\/diamondspa.sk\/sk\/wp-json\/wp\/v2\/types\/product"}],"replies":[{"embeddable":true,"href":"https:\/\/diamondspa.sk\/sk\/wp-json\/wp\/v2\/comments?post=55885"}],"wp:featuredmedia":[{"embeddable":true,"href":"https:\/\/diamondspa.sk\/sk\/wp-json\/wp\/v2\/media\/55886"}],"wp:attachment":[{"href":"https:\/\/diamondspa.sk\/sk\/wp-json\/wp\/v2\/media?parent=55885"}],"wp:term":[{"taxonomy":"product_brand","embeddable":true,"href":"https:\/\/diamondspa.sk\/sk\/wp-json\/wp\/v2\/product_brand?post=55885"},{"taxonomy":"product_cat","embeddable":true,"href":"https:\/\/diamondspa.sk\/sk\/wp-json\/wp\/v2\/product_cat?post=55885"},{"taxonomy":"product_tag","embeddable":true,"href":"https:\/\/diamondspa.sk\/sk\/wp-json\/wp\/v2\/product_tag?post=55885"}],"curies":[{"name":"wp","href":"https:\/\/api.w.org\/{rel}","templated":true}]}}