{"id":55905,"date":"2025-07-29T12:55:36","date_gmt":"2025-07-29T10:55:36","guid":{"rendered":"https:\/\/diamondspa.sk\/?post_type=product&#038;p=55905"},"modified":"2025-07-29T14:34:48","modified_gmt":"2025-07-29T12:34:48","slug":"vonkajsia-virivka-drop-vratane-krytu-%e2%8c%80185-cm-cierna-pre-6-osob","status":"publish","type":"product","link":"https:\/\/diamondspa.sk\/sk\/produkt\/vonkajsia-virivka-drop-vratane-krytu-%e2%8c%80185-cm-cierna-pre-6-osob\/","title":{"rendered":"Vonkaj\u0161ia v\u00edrivka DROP vr\u00e1tane krytu &#8211; \u2300185 cm \u010dierna pre 6 os\u00f4b"},"content":{"rendered":"\n<p><strong>Vonkaj\u0161ia v\u00edrivka DROP<\/strong> &#8211; Relax\u00e1cia stla\u010den\u00edm tla\u010didla!<\/p>\n\n\n\n<p>\u010ci u\u017e sa ochladzujete v hor\u00facich letn\u00fdch d\u0148och alebo si doprajete pr\u00edjemn\u00fd tepl\u00fd k\u00fape\u013e v zime: na\u0161a nafukovacia v\u00edrivka v\u00e1m zaru\u010d\u00ed jedine\u010dn\u00fd z\u00e1\u017eitok. S v\u00edrivkou <strong>DROP<\/strong> m\u00f4\u017eete premeni\u0165 svoju z\u00e1hradu, terasu alebo zimn\u00fa z\u00e1hradu na <strong>exkluz\u00edvnu wellness o\u00e1zu!<\/strong> Nie je len vizu\u00e1lne p\u00fatav\u00e1, ale pon\u00faka aj mno\u017estvo nov\u00fdch funkci\u00ed, ktor\u00e9 ste e\u0161te neza\u017eili.<br>U\u017eite si relax a tepl\u00fa vodu v\u00edrivky s teplotou a\u017e 40 \u00b0C. \u010ci u\u017e ju pou\u017eijete v interi\u00e9ri alebo exteri\u00e9ri, pon\u00faka dostatok priestoru na pozvanie priate\u013eov alebo rodiny na relaxa\u010dn\u00fd oddych, preto\u017ee je ur\u010den\u00e1 <strong>pre 6 os\u00f4b.<\/strong> V\u00edrivka je tie\u017e vybaven\u00e1 digit\u00e1lnym ovl\u00e1dac\u00edm panelom, ktor\u00fd v\u00e1m umo\u017e\u0148uje nastavi\u0165 v\u0161etky nastavenia trysiek, filtra\u010dn\u00e9ho syst\u00e9mu a ohrieva\u010da. \u010co rob\u00ed na\u0161u v\u00edrivku <strong>DROP<\/strong> v\u00fdnimo\u010dnou a odli\u0161uje ju od ostatn\u00fdch nafukovac\u00edch v\u00edriviek, je vn\u00fatorn\u00fd motor baz\u00e9na. Hlavnou v\u00fdhodou je, \u017ee vytv\u00e1ra \u010dist\u00fd vizu\u00e1lny vzh\u013ead, baz\u00e9n je ve\u013emi priestorovo \u00fasporn\u00fd a motor sa nest\u00e1va nepr\u00edjemn\u00fdm \u2013 pr\u00e1ve naopak!<\/p>\n\n\n\n<p>Absol\u00fatnym vrcholom je neuverite\u013en\u00fdch<strong> 130 vzduchov\u00fdch trysiek,<\/strong> ktor\u00e9 osvie\u017eia telo i du\u0161u a poskytn\u00fa optim\u00e1lny mas\u00e1\u017eny z\u00e1\u017eitok.<\/p>\n\n\n\n<figure class=\"wp-block-video\"><video height=\"1080\" style=\"aspect-ratio: 1920 \/ 1080;\" width=\"1920\" controls src=\"https:\/\/diamondspa.sk\/wp-content\/uploads\/2025\/07\/48119_home_deluxe_aufblasbarer_pool_Drop_video_01.mp4\"><\/video><\/figure>\n\n\n\n<p><strong>VA\u0160E V\u00ddHODY<\/strong><\/p>\n\n\n\n<p><strong>Odoln\u00fd materi\u00e1l<\/strong><br>V\u00edrivka je vizu\u00e1lne p\u00fatav\u00e1, najm\u00e4 v\u010faka \u010diernemu vonkaj\u0161iemu oblo\u017eeniu z odoln\u00e9ho, \u200b\u200blaminovan\u00e9ho PVC s hlin\u00edkovou f\u00f3liou: Materi\u00e1l je odoln\u00fd, odoln\u00fd vo\u010di teplot\u00e1m a tvarom, vodeodoln\u00fd, hygienick\u00fd a \u013eahko sa \u010dist\u00ed.<\/p>\n\n\n\n<p><strong>R\u00fdchla a jednoduch\u00e1 mont\u00e1\u017e<\/strong><br>S in\u0161tal\u00e1ciou baz\u00e9na nepotrebujete \u017eiadnu pomoc. V\u00edrivku zvl\u00e1dne postavi\u0165 iba jedna osoba. Po rozlo\u017een\u00ed sa baz\u00e9n naf\u00fakne stla\u010den\u00edm tla\u010didla.<\/p>\n\n\n\n<p><strong>Luxusn\u00e9 pr\u00edslu\u0161enstvo<\/strong><br>\u0160irok\u00e1 \u0161k\u00e1la pr\u00edslu\u0161enstva k produktu a luxusn\u00fdch funkci\u00ed rob\u00ed na\u0161u v\u00edrivku DROP takou jedine\u010dnou. Balenie obsahuje izola\u010dn\u00fd kryt a filter. Ak sa na PVC kryte \u010dasom vytvoria mal\u00e9 dierky alebo prepichnutia, m\u00f4\u017eete ich bezpe\u010dne a nen\u00e1padne opravi\u0165 pomocou prilo\u017eenej opravnej z\u00e1platy.<\/p>\n\n\n\n<ul class=\"wp-block-list\">\n<li>Po\u010det miest na sedenie: 6<\/li>\n\n\n\n<li>PVC<\/li>\n\n\n\n<li>Farba: \u010cierna<\/li>\n\n\n\n<li>Vzduchov\u00e9 trysky: 130<\/li>\n\n\n\n<li>Ohrievanie vody: do 40 \u00b0C<\/li>\n\n\n\n<li>Motor v baz\u00e9ne<\/li>\n<\/ul>\n\n\n\n<p><strong>Technick\u00e9 \u0161pecifik\u00e1cie<\/strong><br>Vonkaj\u0161\u00ed priemer: 185 cm (73&#8243;)<br>Vn\u00fatorn\u00fd priemer: 145 cm (57&#8243;)<br>V\u00fd\u0161ka: 65 cm (25,6&#8243;)<br>Farba: \u010cierna<br>Menovit\u00fd v\u00fdkon: 220 &#8211; 240 V<br>Frekvencia: 50 Hz<br>Doba ohrevu: 1,5 \u00b0C\/h<br>Ohrev: 1800 W<br>Prietok vzduchu: 600 W<br>D\u013a\u017eka nap\u00e1jacieho k\u00e1bla: 350 cm (138&#8243;)<br>Objem vody: 950 litrov (228 gal)<br>Po\u010det vzduchov\u00fdch trysiek: 130<br>Priemer vzduchovej trysky: 3 mm (0,12&#8243;)<br>Prietok filtra: 1400 l (370 gal) za hodinu<\/p>\n\n\n\n<p><strong>D\u00f4le\u017eit\u00e9 inform\u00e1cie o in\u0161tal\u00e1cii:<\/strong><br>Aby ste predi\u0161li skratu alebo vypnutiu pr\u00fadov\u00e9ho chr\u00e1ni\u010da, d\u00f4razne odpor\u00fa\u010dame pripoji\u0165 v\u00fdrobok k samostatne zabezpe\u010den\u00e9mu obvodu. K pre\u0165a\u017eeniu m\u00f4\u017ee d\u00f4js\u0165, ak je na tej istej linke s\u00fa\u010dasne prev\u00e1dzkovan\u00fdch viacero elektrick\u00fdch spotrebi\u010dov alebo ak je pou\u017eit\u00fd predl\u017eovac\u00ed k\u00e1bel. pou\u017e\u00edvan\u00e9.<br>Pri in\u0161tal\u00e1cii v\u00edrivky, sauny alebo infra\u010dervenej kab\u00edny dodr\u017eiavajte toto odpor\u00fa\u010danie. \u010eal\u0161ie inform\u00e1cie n\u00e1jdete v n\u00e1vode na in\u0161tal\u00e1ciu a technick\u00fdch \u0161pecifik\u00e1ci\u00e1ch.<\/p>\n","protected":false},"excerpt":{"rendered":"<p>Vonkaj\u0161ia v\u00edrivka DROP &#8211; Relax\u00e1cia stla\u010den\u00edm tla\u010didla! \u010ci u\u017e sa ochladzujete v hor\u00facich letn\u00fdch d\u0148och alebo si doprajete pr\u00edjemn\u00fd tepl\u00fd k\u00fape\u013e v zime: na\u0161a nafukovacia v\u00edrivka v\u00e1m zaru\u010d\u00ed jedine\u010dn\u00fd z\u00e1\u017eitok. S v\u00edrivkou DROP m\u00f4\u017eete premeni\u0165 svoju z\u00e1hradu, terasu alebo zimn\u00fa z\u00e1hradu na exkluz\u00edvnu wellness o\u00e1zu! Nie je len vizu\u00e1lne p\u00fatav\u00e1, ale pon\u00faka aj mno\u017estvo nov\u00fdch [&hellip;]<\/p>\n","protected":false},"featured_media":55909,"comment_status":"closed","ping_status":"closed","template":"","meta":[],"product_brand":[2589],"product_cat":[415],"product_tag":[],"class_list":{"0":"post-55905","1":"product","2":"type-product","3":"status-publish","4":"has-post-thumbnail","6":"product_brand-home-deluxe","7":"product_cat-zahradne-virivky-jacuzzi","8":"pa_objem-950-l","9":"pa_vyrobca-home-deluxe","10":"pa_vyska-65-cm","12":"first","13":"outofstock","14":"taxable","15":"shipping-taxable","16":"purchasable","17":"product-type-simple"},"_links":{"self":[{"href":"https:\/\/diamondspa.sk\/sk\/wp-json\/wp\/v2\/product\/55905","targetHints":{"allow":["GET"]}}],"collection":[{"href":"https:\/\/diamondspa.sk\/sk\/wp-json\/wp\/v2\/product"}],"about":[{"href":"https:\/\/diamondspa.sk\/sk\/wp-json\/wp\/v2\/types\/product"}],"replies":[{"embeddable":true,"href":"https:\/\/diamondspa.sk\/sk\/wp-json\/wp\/v2\/comments?post=55905"}],"wp:featuredmedia":[{"embeddable":true,"href":"https:\/\/diamondspa.sk\/sk\/wp-json\/wp\/v2\/media\/55909"}],"wp:attachment":[{"href":"https:\/\/diamondspa.sk\/sk\/wp-json\/wp\/v2\/media?parent=55905"}],"wp:term":[{"taxonomy":"product_brand","embeddable":true,"href":"https:\/\/diamondspa.sk\/sk\/wp-json\/wp\/v2\/product_brand?post=55905"},{"taxonomy":"product_cat","embeddable":true,"href":"https:\/\/diamondspa.sk\/sk\/wp-json\/wp\/v2\/product_cat?post=55905"},{"taxonomy":"product_tag","embeddable":true,"href":"https:\/\/diamondspa.sk\/sk\/wp-json\/wp\/v2\/product_tag?post=55905"}],"curies":[{"name":"wp","href":"https:\/\/api.w.org\/{rel}","templated":true}]}}