{"id":55931,"date":"2025-07-29T13:07:12","date_gmt":"2025-07-29T11:07:12","guid":{"rendered":"https:\/\/diamondspa.sk\/?post_type=product&#038;p=55931"},"modified":"2025-07-29T14:34:48","modified_gmt":"2025-07-29T12:34:48","slug":"vonkajsia-virivka-stream-big-pure-207-x-207-cm-pre-5-osob","status":"publish","type":"product","link":"https:\/\/diamondspa.sk\/sk\/produkt\/vonkajsia-virivka-stream-big-pure-207-x-207-cm-pre-5-osob\/","title":{"rendered":"Vonkaj\u0161ia v\u00edrivka STREAM BIG PURE &#8211; 207 x 207 cm pre 5 os\u00f4b"},"content":{"rendered":"\n<p>Luxusn\u00e1 atmosf\u00e9ra pod hviezdnou oblohou: Vonkaj\u0161ia v\u00edrivka <strong>STREAM BIG PURE<\/strong> je vizu\u00e1lnym l\u00e1kadlom, ktor\u00e9 premen\u00ed va\u0161u z\u00e1hradu alebo terasu na wellness o\u00e1zu.<\/p>\n\n\n\n<p>V\u00edrivka <strong>STREAM BIG PURE<\/strong> je obzvl\u00e1\u0161\u0165 o\u010daruj\u00faca ve\u010der so svojimi \u0161tyrmi vonkaj\u0161\u00edmi LED sveteln\u00fdmi p\u00e1smi pozd\u013a\u017e ka\u017ed\u00e9ho okraja. Jemn\u00e9 svetlo osvet\u013euje priestor okolo v\u00edrivky, zatia\u013e \u010do LED svetl\u00e1 v podlahe a na vn\u00fatorn\u00fdch sten\u00e1ch vytv\u00e1raj\u00fa \u00fatuln\u00fa atmosf\u00e9ru.<\/p>\n\n\n\n<p>Po dlhom dni sa nechajte rozmazn\u00e1va\u0165 <strong>34 mas\u00e1\u017enymi tryskami,<\/strong> ktor\u00e9 sa daj\u00fa pohodlne ovl\u00e1da\u0165 pomocou ovl\u00e1dacieho panela. V r\u00f4znych poloh\u00e1ch na le\u017eanie a sedenie si m\u00f4\u017eete odd\u00fdchnu\u0165, zatia\u013e \u010do sa va\u0161e svaly uvo\u013enia a stres sa zbav\u00edte. Integrovan\u00e1 funkcia vykurovania ohrieva vodu a\u017e na 40 \u00b0C presne pod\u013ea va\u0161ich predst\u00e1v.<\/p>\n\n\n\n<p>V\u00edrivka <strong>STREAM BIG PURE<\/strong> pon\u00faka priestor na relax\u00e1ciu a\u017e pre 5 os\u00f4b.<\/p>\n\n\n\n<ul class=\"wp-block-list\">\n<li>33 LED di\u00f3d<\/li>\n\n\n\n<li>V\u0161etky mas\u00e1\u017ene trysky s\u00fa nastavite\u013en\u00e9 z h\u013eadiska intenzity a smeru<\/li>\n\n\n\n<li>Vr\u00e1tane oz\u00f3nov\u00e9ho \u010distiaceho syst\u00e9mu<\/li>\n\n\n\n<li>3 \u010dierne opierky hlavy\/vank\u00fa\u0161e<\/li>\n\n\n\n<li>Jednoduch\u00e1 in\u0161tal\u00e1cia<\/li>\n<\/ul>\n\n\n\n<p><strong>Technick\u00e9 \u0161pecifik\u00e1cie<\/strong><br>Rozmery (D x \u0160 x V): cca 207,5 x 207,5 x 88 cm<br>Materi\u00e1l po\u0165ahu: antracit<br>Materi\u00e1l po\u0165ahu: WPC (plast vystu\u017een\u00fd pr\u00edrodn\u00fdmi vl\u00e1knami)<br>Materi\u00e1l r\u00e1mu: hlin\u00edk<br>Materi\u00e1l podlahy: povrch odoln\u00fd vo\u010di potkanom<br>Akryl: PMMA (polymetylmetakryl\u00e1t)<br>Farba: biela<br>V\u00fdkon ohrevu: 3000 W<br>Teplota: 10 &#8211; 40 \u00b0C<br>Spotreba \u010derpadla: 2100 W<br>Cirkul\u00e1cia\/filtr\u00e1cia: 430 W<br>Hladina hluku: cca 70 dB<br>V\u00fd\u0161ka n\u00e1plne: 80 cm<br>Objem n\u00e1plne: 1300 l<br>34 mas\u00e1\u017enych trysiek:<br>5,08 cm trysky<br>6,35 cm trysky<br>Hmotnos\u0165: 198 kg<\/p>\n","protected":false},"excerpt":{"rendered":"<p>Luxusn\u00e1 atmosf\u00e9ra pod hviezdnou oblohou: Vonkaj\u0161ia v\u00edrivka STREAM BIG PURE je vizu\u00e1lnym l\u00e1kadlom, ktor\u00e9 premen\u00ed va\u0161u z\u00e1hradu alebo terasu na wellness o\u00e1zu. V\u00edrivka STREAM BIG PURE je obzvl\u00e1\u0161\u0165 o\u010daruj\u00faca ve\u010der so svojimi \u0161tyrmi vonkaj\u0161\u00edmi LED sveteln\u00fdmi p\u00e1smi pozd\u013a\u017e ka\u017ed\u00e9ho okraja. Jemn\u00e9 svetlo osvet\u013euje priestor okolo v\u00edrivky, zatia\u013e \u010do LED svetl\u00e1 v podlahe a na vn\u00fatorn\u00fdch [&hellip;]<\/p>\n","protected":false},"featured_media":55932,"comment_status":"closed","ping_status":"closed","template":"","meta":[],"product_brand":[2589],"product_cat":[415],"product_tag":[],"class_list":{"0":"post-55931","1":"product","2":"type-product","3":"status-publish","4":"has-post-thumbnail","6":"product_brand-home-deluxe","7":"product_cat-zahradne-virivky-jacuzzi","8":"pa_objem-1300-l","9":"pa_pocet-trysiek-1488","10":"pa_sirka-2075-cm","11":"pa_vyrobca-home-deluxe","12":"pa_vyska-88-cm","14":"first","15":"outofstock","16":"taxable","17":"shipping-taxable","18":"purchasable","19":"product-type-simple"},"_links":{"self":[{"href":"https:\/\/diamondspa.sk\/sk\/wp-json\/wp\/v2\/product\/55931","targetHints":{"allow":["GET"]}}],"collection":[{"href":"https:\/\/diamondspa.sk\/sk\/wp-json\/wp\/v2\/product"}],"about":[{"href":"https:\/\/diamondspa.sk\/sk\/wp-json\/wp\/v2\/types\/product"}],"replies":[{"embeddable":true,"href":"https:\/\/diamondspa.sk\/sk\/wp-json\/wp\/v2\/comments?post=55931"}],"wp:featuredmedia":[{"embeddable":true,"href":"https:\/\/diamondspa.sk\/sk\/wp-json\/wp\/v2\/media\/55932"}],"wp:attachment":[{"href":"https:\/\/diamondspa.sk\/sk\/wp-json\/wp\/v2\/media?parent=55931"}],"wp:term":[{"taxonomy":"product_brand","embeddable":true,"href":"https:\/\/diamondspa.sk\/sk\/wp-json\/wp\/v2\/product_brand?post=55931"},{"taxonomy":"product_cat","embeddable":true,"href":"https:\/\/diamondspa.sk\/sk\/wp-json\/wp\/v2\/product_cat?post=55931"},{"taxonomy":"product_tag","embeddable":true,"href":"https:\/\/diamondspa.sk\/sk\/wp-json\/wp\/v2\/product_tag?post=55931"}],"curies":[{"name":"wp","href":"https:\/\/api.w.org\/{rel}","templated":true}]}}