{"id":56000,"date":"2025-07-29T13:36:39","date_gmt":"2025-07-29T11:36:39","guid":{"rendered":"https:\/\/diamondspa.sk\/?post_type=product&#038;p=56000"},"modified":"2025-07-29T14:34:47","modified_gmt":"2025-07-29T12:34:47","slug":"vonkajsia-virivka-stream-pure-211-x-156-cm-pre-3-osoby","status":"publish","type":"product","link":"https:\/\/diamondspa.sk\/sk\/produkt\/vonkajsia-virivka-stream-pure-211-x-156-cm-pre-3-osoby\/","title":{"rendered":"Vonkaj\u0161ia v\u00edrivka STREAM PURE 211 x 156 cm pre 3 osoby"},"content":{"rendered":"\n<p>Luxusn\u00e1 atmosf\u00e9ra pod hviezdnou oblohou: Vonkaj\u0161ia v\u00edrivka <strong>STREAM PURE<\/strong> je vizu\u00e1lnym l\u00e1kadlom, ktor\u00e9 premen\u00ed va\u0161u z\u00e1hradu alebo terasu na wellness o\u00e1zu.<\/p>\n\n\n\n<p><strong>STREAM PURE <\/strong>je obzvl\u00e1\u0161\u0165 o\u010daruj\u00faca ve\u010der so \u0161tyrmi vonkaj\u0161\u00edmi LED sveteln\u00fdmi p\u00e1smi pozd\u013a\u017e ka\u017ed\u00e9ho okraja. Jemn\u00e9 svetlo osvet\u013euje priestor okolo v\u00edrivky, zatia\u013e \u010do LED svetl\u00e1 v podlahe a na vn\u00fatorn\u00fdch sten\u00e1ch vytv\u00e1raj\u00fa \u00fatuln\u00fa atmosf\u00e9ru.<\/p>\n\n\n\n<p>Po dlhom dni sa nechajte rozmazn\u00e1va\u0165 <strong>24 mas\u00e1\u017enymi tryskami,<\/strong> ktor\u00e9 sa daj\u00fa pohodlne ovl\u00e1da\u0165 pomocou ovl\u00e1dacieho panela. V r\u00f4znych poloh\u00e1ch na le\u017eanie a sedenie si m\u00f4\u017eete odd\u00fdchnu\u0165, zatia\u013e \u010do sa va\u0161e svaly uvo\u013enia a stres sa zbav\u00edte. Integrovan\u00e1 funkcia vykurovania ohrieva vodu a\u017e na 40 \u00b0C presne pod\u013ea va\u0161ich predst\u00e1v.<\/p>\n\n\n\n<p>V\u00edrivka <strong>STREAM PURE <\/strong>pon\u00faka priestor na relax\u00e1ciu a\u017e pre 3 osoby.<\/p>\n\n\n\n<ul class=\"wp-block-list\">\n<li>31 LED di\u00f3d<\/li>\n\n\n\n<li>V\u0161etky mas\u00e1\u017ene trysky s\u00fa nastavite\u013en\u00e9 z h\u013eadiska intenzity a smeru<\/li>\n\n\n\n<li>Vr\u00e1tane syst\u00e9mu oz\u00f3nov\u00e9ho \u010distenia<\/li>\n\n\n\n<li>1 \u010dierna opierka hlavy\/vank\u00fa\u0161<\/li>\n\n\n\n<li>Jednoduch\u00e1 in\u0161tal\u00e1cia<\/li>\n<\/ul>\n\n\n\n<p><strong>Technick\u00e9 \u0161pecifik\u00e1cie<\/strong><br>Rozmery (D x \u0160 x V): cca 211 x 156,5 x 74,05 cm<br>Materi\u00e1l po\u0165ahu: Antracit<br>Materi\u00e1l po\u0165ahu: WPC (plast vystu\u017een\u00fd pr\u00edrodn\u00fdmi vl\u00e1knami)<br>Materi\u00e1l r\u00e1mu: Hlin\u00edk<br>Materi\u00e1l podlahy: Povrch odoln\u00fd vo\u010di potkanom<br>Akryl: PMMA (polymetylmetakryl\u00e1t)<br>Farba: Biela<br>Ohrev: 3000 W<br>Teplota: 10 &#8211; 40 \u00b0C<br>Spotreba \u010derpadla: 1500 W<br>Cirkul\u00e1cia\/Filtr\u00e1cia: 350 W<br>Hladina hluku: cca 65 dB<br>V\u00fd\u0161ka plnenia: 70 cm<br>Objem plnenia: 950 l<br>24 mas\u00e1\u017enych trysiek:<br>Trysky 5,08 cm<br>Trysky 6,355 cm<br>Hmotnos\u0165: 162 kg<\/p>\n","protected":false},"excerpt":{"rendered":"<p>Luxusn\u00e1 atmosf\u00e9ra pod hviezdnou oblohou: Vonkaj\u0161ia v\u00edrivka STREAM PURE je vizu\u00e1lnym l\u00e1kadlom, ktor\u00e9 premen\u00ed va\u0161u z\u00e1hradu alebo terasu na wellness o\u00e1zu. STREAM PURE je obzvl\u00e1\u0161\u0165 o\u010daruj\u00faca ve\u010der so \u0161tyrmi vonkaj\u0161\u00edmi LED sveteln\u00fdmi p\u00e1smi pozd\u013a\u017e ka\u017ed\u00e9ho okraja. Jemn\u00e9 svetlo osvet\u013euje priestor okolo v\u00edrivky, zatia\u013e \u010do LED svetl\u00e1 v podlahe a na vn\u00fatorn\u00fdch sten\u00e1ch vytv\u00e1raj\u00fa \u00fatuln\u00fa atmosf\u00e9ru. [&hellip;]<\/p>\n","protected":false},"featured_media":56001,"comment_status":"closed","ping_status":"closed","template":"","meta":[],"product_brand":[2589],"product_cat":[415],"product_tag":[],"class_list":{"0":"post-56000","1":"product","2":"type-product","3":"status-publish","4":"has-post-thumbnail","6":"product_brand-home-deluxe","7":"product_cat-zahradne-virivky-jacuzzi","8":"pa_hmotnost-162-kg","9":"pa_objem-950-l","10":"pa_pocet-trysiek-902","11":"pa_sirka-1565-cm","12":"pa_vyrobca-home-deluxe","13":"pa_vyska-7405-cm","15":"first","16":"outofstock","17":"taxable","18":"shipping-taxable","19":"purchasable","20":"product-type-simple"},"_links":{"self":[{"href":"https:\/\/diamondspa.sk\/sk\/wp-json\/wp\/v2\/product\/56000","targetHints":{"allow":["GET"]}}],"collection":[{"href":"https:\/\/diamondspa.sk\/sk\/wp-json\/wp\/v2\/product"}],"about":[{"href":"https:\/\/diamondspa.sk\/sk\/wp-json\/wp\/v2\/types\/product"}],"replies":[{"embeddable":true,"href":"https:\/\/diamondspa.sk\/sk\/wp-json\/wp\/v2\/comments?post=56000"}],"wp:featuredmedia":[{"embeddable":true,"href":"https:\/\/diamondspa.sk\/sk\/wp-json\/wp\/v2\/media\/56001"}],"wp:attachment":[{"href":"https:\/\/diamondspa.sk\/sk\/wp-json\/wp\/v2\/media?parent=56000"}],"wp:term":[{"taxonomy":"product_brand","embeddable":true,"href":"https:\/\/diamondspa.sk\/sk\/wp-json\/wp\/v2\/product_brand?post=56000"},{"taxonomy":"product_cat","embeddable":true,"href":"https:\/\/diamondspa.sk\/sk\/wp-json\/wp\/v2\/product_cat?post=56000"},{"taxonomy":"product_tag","embeddable":true,"href":"https:\/\/diamondspa.sk\/sk\/wp-json\/wp\/v2\/product_tag?post=56000"}],"curies":[{"name":"wp","href":"https:\/\/api.w.org\/{rel}","templated":true}]}}