{"id":56046,"date":"2025-07-29T13:55:46","date_gmt":"2025-07-29T11:55:46","guid":{"rendered":"https:\/\/diamondspa.sk\/?post_type=product&#038;p=56046"},"modified":"2025-07-29T14:34:47","modified_gmt":"2025-07-29T12:34:47","slug":"vonkajsia-virivka-so-schodmi-a-termokrytom-sunset-220-x-156-cm-pre-3-osoby","status":"publish","type":"product","link":"https:\/\/diamondspa.sk\/sk\/produkt\/vonkajsia-virivka-so-schodmi-a-termokrytom-sunset-220-x-156-cm-pre-3-osoby\/","title":{"rendered":"Vonkaj\u0161ia v\u00edrivka so schodmi a termokrytom SUNSET &#8211; 220 x 156 cm pre 3 osoby"},"content":{"rendered":"\n<p><strong>Preme\u0148te svoju z\u00e1hradu a slne\u010dn\u00fa terasu na \u0161t\u00fdlov\u00e9 wellness centrum<\/strong> s dovolenkovou atmosf\u00e9rou.<\/p>\n\n\n\n<p>Vonkaj\u0161ia v\u00edrivka <strong>SUNSET<\/strong> pon\u00faka dokonal\u00fa relax\u00e1ciu v\u010faka mas\u00e1\u017enym trysk\u00e1m, ktor\u00fdch intenzitu si m\u00f4\u017eete presne nastavi\u0165 pod\u013ea svojich potrieb.<\/p>\n\n\n\n<p>Ak uprednost\u0148ujete wellness pri le\u017ean\u00ed, <strong>SUNSET<\/strong> je pre v\u00e1s to prav\u00e9: Zvl\u00e1\u0161tnos\u0165ou tejto luxusnej v\u00edrivky s\u00fa jej dve ve\u013ek\u00e9 le\u017eiace plochy s ladiacimi vank\u00fa\u0161mi. Mramorov\u00e1 va\u0148a a elegantn\u00fd antracitov\u00fd vonkaj\u0161\u00ed obklad robia z v\u00edrivky skuto\u010dn\u00fd p\u00fata\u010d pozornosti. Vstavan\u00fd syst\u00e9m \u010distenia oz\u00f3nom u\u013eah\u010duje \u00fadr\u017ebu.<\/p>\n\n\n\n<p>Dokonal\u00e9 funkcie pre va\u0161u nov\u00fa v\u00edrivku: <strong>32 mas\u00e1\u017enych<\/strong> trysiek a 13 sveteln\u00fdch zdrojov vytv\u00e1raj\u00fa wellness z\u00e1\u017eitok v tej najlep\u0161ej forme.<\/p>\n\n\n\n<ul class=\"wp-block-list\">\n<li>A\u017e pre 3 osoby<\/li>\n\n\n\n<li>2 polohovacie plochy<\/li>\n\n\n\n<li>13 sveteln\u00fdch zdrojov<\/li>\n\n\n\n<li>V\u0161etky mas\u00e1\u017ene trysky s\u00fa nastavite\u013en\u00e9 z h\u013eadiska intenzity a smeru<\/li>\n\n\n\n<li>Vr\u00e1tane syst\u00e9mu oz\u00f3nov\u00e9ho \u010distenia<\/li>\n\n\n\n<li>2 \u010dierne opierky hlavy\/vank\u00fa\u0161e<\/li>\n\n\n\n<li>Dotykov\u00fd displej s ovl\u00e1dan\u00edm<\/li>\n\n\n\n<li>Jednoduch\u00e1 mont\u00e1\u017e<\/li>\n<\/ul>\n\n\n\n<p><strong>Technick\u00e9 \u0161pecifik\u00e1cie<\/strong><br>Rozmery (D x \u0160 x V): 220 x 156 x 82 cm<br>Materi\u00e1l vane: Akryl<br>Materi\u00e1l r\u00e1mu: Hlin\u00edk<br>Materi\u00e1l krytu: PVC<br>Farba vane: Biela<br>Farba krytu: Antracitov\u00e1<br>Celkov\u00fd v\u00fdkon: 3850 W<br>Nap\u00e4tie: 220-240\/50 Hz<br>V\u00fdkurovac\u00ed v\u00fdkon: 2000 W<br>2-stup\u0148ov\u00e9 kombinovan\u00e9 \u010derpadlo:<br>Funkcia v\u00edrivosti: 1850 W<br>Cirkul\u00e1cia\/filtr\u00e1cia: 500 W<br>Hladina hluku: cca 68 dB<br>V\u00fd\u0161ka plnenia: 65 cm<br>Objem plnenia: 820 l<br>32 mas\u00e1\u017enych trysiek:<br>7 x 3 cm trysky<br>4 x 2 cm trysky<br>21 x 1 cm trysky<br>Hmotnos\u0165: 247 kg<\/p>\n","protected":false},"excerpt":{"rendered":"<p>Preme\u0148te svoju z\u00e1hradu a slne\u010dn\u00fa terasu na \u0161t\u00fdlov\u00e9 wellness centrum s dovolenkovou atmosf\u00e9rou. Vonkaj\u0161ia v\u00edrivka SUNSET pon\u00faka dokonal\u00fa relax\u00e1ciu v\u010faka mas\u00e1\u017enym trysk\u00e1m, ktor\u00fdch intenzitu si m\u00f4\u017eete presne nastavi\u0165 pod\u013ea svojich potrieb. Ak uprednost\u0148ujete wellness pri le\u017ean\u00ed, SUNSET je pre v\u00e1s to prav\u00e9: Zvl\u00e1\u0161tnos\u0165ou tejto luxusnej v\u00edrivky s\u00fa jej dve ve\u013ek\u00e9 le\u017eiace plochy s ladiacimi vank\u00fa\u0161mi. [&hellip;]<\/p>\n","protected":false},"featured_media":56047,"comment_status":"closed","ping_status":"closed","template":"","meta":[],"product_brand":[2589],"product_cat":[415],"product_tag":[],"class_list":{"0":"post-56046","1":"product","2":"type-product","3":"status-publish","4":"has-post-thumbnail","6":"product_brand-home-deluxe","7":"product_cat-zahradne-virivky-jacuzzi","8":"pa_hmotnost-247-kg","9":"pa_objem-820-l","10":"pa_pocet-trysiek-830","11":"pa_sirka-156-cm","12":"pa_vyrobca-home-deluxe","13":"pa_vyska-82-cm","15":"first","16":"outofstock","17":"taxable","18":"shipping-taxable","19":"purchasable","20":"product-type-simple"},"_links":{"self":[{"href":"https:\/\/diamondspa.sk\/sk\/wp-json\/wp\/v2\/product\/56046","targetHints":{"allow":["GET"]}}],"collection":[{"href":"https:\/\/diamondspa.sk\/sk\/wp-json\/wp\/v2\/product"}],"about":[{"href":"https:\/\/diamondspa.sk\/sk\/wp-json\/wp\/v2\/types\/product"}],"replies":[{"embeddable":true,"href":"https:\/\/diamondspa.sk\/sk\/wp-json\/wp\/v2\/comments?post=56046"}],"wp:featuredmedia":[{"embeddable":true,"href":"https:\/\/diamondspa.sk\/sk\/wp-json\/wp\/v2\/media\/56047"}],"wp:attachment":[{"href":"https:\/\/diamondspa.sk\/sk\/wp-json\/wp\/v2\/media?parent=56046"}],"wp:term":[{"taxonomy":"product_brand","embeddable":true,"href":"https:\/\/diamondspa.sk\/sk\/wp-json\/wp\/v2\/product_brand?post=56046"},{"taxonomy":"product_cat","embeddable":true,"href":"https:\/\/diamondspa.sk\/sk\/wp-json\/wp\/v2\/product_cat?post=56046"},{"taxonomy":"product_tag","embeddable":true,"href":"https:\/\/diamondspa.sk\/sk\/wp-json\/wp\/v2\/product_tag?post=56046"}],"curies":[{"name":"wp","href":"https:\/\/api.w.org\/{rel}","templated":true}]}}