{"id":56115,"date":"2025-07-29T14:21:22","date_gmt":"2025-07-29T12:21:22","guid":{"rendered":"https:\/\/diamondspa.sk\/?post_type=product&#038;p=56115"},"modified":"2025-07-29T14:34:47","modified_gmt":"2025-07-29T12:34:47","slug":"vonkajsia-virivka-so-schodmi-a-termokrytom-mirage-580-x-230-cm-pre-7-osob","status":"publish","type":"product","link":"https:\/\/diamondspa.sk\/sk\/produkt\/vonkajsia-virivka-so-schodmi-a-termokrytom-mirage-580-x-230-cm-pre-7-osob\/","title":{"rendered":"Vonkaj\u0161ia v\u00edrivka so schodmi a termokrytom MIRAGE &#8211; 580 x 230 cm pre 7 os\u00f4b"},"content":{"rendered":"\n<p>Za\u017eite \u010dist\u00fd luxus vo vonkaj\u0161ej v\u00edrivke <strong>MIRAGE!<\/strong> T\u00e1to v\u00edrivka navrhnut\u00e1 na mieru spln\u00ed v\u0161etky va\u0161e \u017eelania a umo\u017en\u00ed v\u00e1m vytvori\u0165 si vlastn\u00fd wellness z\u00e1\u017eitok.<\/p>\n\n\n\n<p>Vyberte si z mno\u017estva mo\u017enost\u00ed a nakonfigurujte si <strong>v\u00edrivku<\/strong> tak, aby vyhovovala v\u00e1\u0161mu individu\u00e1lnemu \u0161t\u00fdlu. Zvo\u013ete si klasick\u00fa bielu alebo nad\u010dasov\u00fa \u010diernu akryl\u00e1tov\u00fa va\u0148u a dopl\u0148te vzh\u013ead modern\u00fdm siv\u00fdm alebo tepl\u00fdm dreven\u00fdm PVC lemom. Prisp\u00f4sobte si v\u00edrivku v\u00fdberom hned\u00e9ho alebo siv\u00e9ho krytu, ktor\u00fd dokonale lad\u00ed s va\u0161\u00edm okol\u00edm. Pre v\u00e4\u010d\u0161\u00ed luxus si m\u00f4\u017eete prida\u0165 funkciu Bluetooth, aby ste si mohli vychutna\u0165 svoju ob\u013e\u00faben\u00fa hudbu, a tie\u017e podvodn\u00e9 LED osvetlenie pre relaxa\u010dn\u00fa atmosf\u00e9ru. Maximalizujte energetick\u00fa \u00fa\u010dinnos\u0165 s volite\u013enou dodato\u010dnou tepelnou izol\u00e1ciou a udr\u017eujte svoju v\u00edrivku svie\u017eu a <strong>\u010dist\u00fa v\u010faka funkcii UV \u010distenia.<\/strong><\/p>\n\n\n\n<p>S v\u00edrivkou <strong>MIRAGE<\/strong> si m\u00f4\u017eete vychutna\u0165 svoj osobn\u00fd luxus, \u00faplne pod\u013ea svojich preferenci\u00ed!<\/p>\n\n\n\n<ul class=\"wp-block-list\">\n<li>Z\u00e1stera: PVC<\/li>\n\n\n\n<li>Va\u0148a: Akryl\u00e1t<\/li>\n\n\n\n<li>R\u00e1m: Hlin\u00edk<\/li>\n\n\n\n<li>Va\u0148a: \u010cierna<\/li>\n\n\n\n<li>Po\u0165ah: Siv\u00fd<\/li>\n\n\n\n<li>Z\u00e1stera: Dreven\u00e1 farba<\/li>\n\n\n\n<li>Pre maxim\u00e1lne 7 os\u00f4b<\/li>\n\n\n\n<li>Po\u010det miest na sedenie: 6<\/li>\n\n\n\n<li>Plocha na le\u017eanie: 1<\/li>\n\n\n\n<li>3 LED svetl\u00e1<\/li>\n\n\n\n<li>V\u0161etky mas\u00e1\u017ene trysky s\u00fa nastavite\u013en\u00e9 intenzitou a smerom<\/li>\n\n\n\n<li>Vr\u00e1tane oz\u00f3nov\u00e9ho \u010distiaceho syst\u00e9mu<\/li>\n\n\n\n<li>4 \u010dierne opierky hlavy\/vank\u00fa\u0161e<\/li>\n\n\n\n<li>Dotykov\u00fd displej (ovl\u00e1dac\u00ed panel Gecko)<\/li>\n\n\n\n<li>Jednoduch\u00e1 mont\u00e1\u017e<\/li>\n<\/ul>\n\n\n\n<p><strong>Technick\u00e9 \u0161pecifik\u00e1cie<\/strong><br>Celkov\u00fd v\u00fdkon v plaveckej z\u00f3ne: 10010 W<br>Celkov\u00fd v\u00fdkon vo v\u00edrivke: 8460 W<br>Nap\u00e4tie: 400 V<br>Frekvencia: 50 Hz<br>Funkcia v\u00edrivky v plaveckej z\u00f3ne: 6750 W<br>Funkcia v\u00edrivky v v\u00edrivke: 4500 W<br>Cirkul\u00e1cia\/filtr\u00e1cia: 260 W<br>Hladina hluku: cca 62 dB<br>Hmotnos\u0165: 1400 kg<\/p>\n","protected":false},"excerpt":{"rendered":"<p>Za\u017eite \u010dist\u00fd luxus vo vonkaj\u0161ej v\u00edrivke MIRAGE! T\u00e1to v\u00edrivka navrhnut\u00e1 na mieru spln\u00ed v\u0161etky va\u0161e \u017eelania a umo\u017en\u00ed v\u00e1m vytvori\u0165 si vlastn\u00fd wellness z\u00e1\u017eitok. Vyberte si z mno\u017estva mo\u017enost\u00ed a nakonfigurujte si v\u00edrivku tak, aby vyhovovala v\u00e1\u0161mu individu\u00e1lnemu \u0161t\u00fdlu. Zvo\u013ete si klasick\u00fa bielu alebo nad\u010dasov\u00fa \u010diernu akryl\u00e1tov\u00fa va\u0148u a dopl\u0148te vzh\u013ead modern\u00fdm siv\u00fdm alebo tepl\u00fdm [&hellip;]<\/p>\n","protected":false},"featured_media":56116,"comment_status":"closed","ping_status":"closed","template":"","meta":[],"product_brand":[2589],"product_cat":[415],"product_tag":[],"class_list":{"0":"post-56115","1":"product","2":"type-product","3":"status-publish","4":"has-post-thumbnail","6":"product_brand-home-deluxe","7":"product_cat-zahradne-virivky-jacuzzi","8":"pa_hmotnost-1400-kg","9":"pa_sirka-230-cm","10":"pa_vyrobca-home-deluxe","11":"pa_vyska-130-cm","13":"first","14":"outofstock","15":"taxable","16":"shipping-taxable","17":"purchasable","18":"product-type-simple"},"_links":{"self":[{"href":"https:\/\/diamondspa.sk\/sk\/wp-json\/wp\/v2\/product\/56115","targetHints":{"allow":["GET"]}}],"collection":[{"href":"https:\/\/diamondspa.sk\/sk\/wp-json\/wp\/v2\/product"}],"about":[{"href":"https:\/\/diamondspa.sk\/sk\/wp-json\/wp\/v2\/types\/product"}],"replies":[{"embeddable":true,"href":"https:\/\/diamondspa.sk\/sk\/wp-json\/wp\/v2\/comments?post=56115"}],"wp:featuredmedia":[{"embeddable":true,"href":"https:\/\/diamondspa.sk\/sk\/wp-json\/wp\/v2\/media\/56116"}],"wp:attachment":[{"href":"https:\/\/diamondspa.sk\/sk\/wp-json\/wp\/v2\/media?parent=56115"}],"wp:term":[{"taxonomy":"product_brand","embeddable":true,"href":"https:\/\/diamondspa.sk\/sk\/wp-json\/wp\/v2\/product_brand?post=56115"},{"taxonomy":"product_cat","embeddable":true,"href":"https:\/\/diamondspa.sk\/sk\/wp-json\/wp\/v2\/product_cat?post=56115"},{"taxonomy":"product_tag","embeddable":true,"href":"https:\/\/diamondspa.sk\/sk\/wp-json\/wp\/v2\/product_tag?post=56115"}],"curies":[{"name":"wp","href":"https:\/\/api.w.org\/{rel}","templated":true}]}}