{"id":56138,"date":"2025-07-29T14:28:46","date_gmt":"2025-07-29T12:28:46","guid":{"rendered":"https:\/\/diamondspa.sk\/?post_type=product&#038;p=56138"},"modified":"2025-07-29T14:34:46","modified_gmt":"2025-07-29T12:34:46","slug":"vonkajsia-vana-so-schodikmi-a-termokrytom-river-178-x-84-cm-antracitova","status":"publish","type":"product","link":"https:\/\/diamondspa.sk\/sk\/produkt\/vonkajsia-vana-so-schodikmi-a-termokrytom-river-178-x-84-cm-antracitova\/","title":{"rendered":"Vonkaj\u0161ia va\u0148a so schod\u00edkmi a termokrytom RIVER 178 x 84 cm antracitov\u00e1"},"content":{"rendered":"\n<p>Objavte dokonal\u00fd z\u00e1\u017eitok z k\u00fapania v pr\u00edrode s na\u0161ou <strong>inovat\u00edvnou vonkaj\u0161ou va\u0148ou.<\/strong><\/p>\n\n\n\n<p>T\u00e1to<strong> luxusn\u00e1 va\u0148a <\/strong>bola navrhnut\u00e1 s maxim\u00e1lnou starostlivos\u0165ou a d\u00f4razom na detail, aby v\u00e1m poskytla <strong>chv\u00edle relax\u00e1cie a rekre\u00e1cie vonku.<\/strong> Va\u0148a je vyroben\u00e1 z vysoko kvalitn\u00e9ho akrylu, aby zabezpe\u010dila maxim\u00e1lne pohodlie a odolnos\u0165. Oblo\u017eenie je vyroben\u00e9 z odoln\u00e9ho PVC v elegantnej antracitovej farbe. U\u017eite si k\u00fape\u013e v ka\u017edom ro\u010dnom obdob\u00ed. Va\u0148a m\u00e1 funkciu vykurovania, ktor\u00e1 v\u00e1m umo\u017e\u0148uje nastavi\u0165 teplotu vody pod\u013ea va\u0161ich predst\u00e1v. V\u00edrivka je vybaven\u00e1 celkovo tromi sveteln\u00fdmi zdrojmi vr\u00e1tane podvodn\u00fdch svetiel, ktor\u00e9 vytv\u00e1raj\u00fa upokojuj\u00facu atmosf\u00e9ru. Za slne\u010dn\u00fdch dn\u00ed funkcia chladenia zabezpe\u010d\u00ed, \u017ee v\u00e1\u0161 z\u00e1\u017eitok z k\u00fapania zostane pr\u00edjemn\u00fd. Chladiaca jednotka vo vn\u00fatri vane udr\u017eiava vodu \u010derstv\u00fa a chladn\u00fa. Va\u0148a je vybaven\u00e1 intuit\u00edvnym dotykov\u00fdm displejom pre jednoduch\u00e9 ovl\u00e1danie. V\u010faka integrovan\u00e9mu syst\u00e9mu UV dezinfekcie a syst\u00e9mu oz\u00f3nov\u00e9ho \u010distenia je voda v\u017edy \u010dist\u00e1 a dobre udr\u017eiavan\u00e1. <strong>Vonkaj\u0161ia va\u0148a je dod\u00e1van\u00e1 s termokrytom a kartu\u0161ov\u00fdm filtrom.<\/strong><\/p>\n\n\n\n<p>S touto vodnou va\u0148ou m\u00f4\u017eete za\u017ei\u0165 pr\u00edrodu zbl\u00edzka a z\u00e1rove\u0148 si vychutna\u0165 <strong>pohodlie a komfort luxusn\u00e9ho k\u00fape\u013ea.<\/strong><\/p>\n\n\n\n<ul class=\"wp-block-list\">\n<li>Panel: PVC<\/li>\n\n\n\n<li>Va\u0148a: Akryl\u00e1tov\u00e1<\/li>\n\n\n\n<li>Va\u0148a: Biela<\/li>\n\n\n\n<li>Panel: Antracitov\u00e1<\/li>\n\n\n\n<li>Pre 1 osobu<\/li>\n\n\n\n<li>1 polohovate\u013en\u00e1 plocha<\/li>\n\n\n\n<li>3 sveteln\u00e9 zdroje<\/li>\n\n\n\n<li>Funkcia chladenia (zabudovan\u00e1 chladiaca jednotka)<\/li>\n\n\n\n<li>Funkcia vykurovania<\/li>\n\n\n\n<li>Dotykov\u00fd displej<\/li>\n\n\n\n<li>Podvodn\u00e9 osvetlenie<\/li>\n\n\n\n<li>UV dezinfekcia<\/li>\n\n\n\n<li>Vr\u00e1tane oz\u00f3nov\u00e9ho \u010distiaceho syst\u00e9mu<\/li>\n\n\n\n<li>Vr\u00e1tane kartu\u0161ov\u00e9ho filtra<\/li>\n\n\n\n<li>Vr\u00e1tane termokrytu<\/li>\n\n\n\n<li>Jednoduch\u00e1 in\u0161tal\u00e1cia<\/li>\n<\/ul>\n\n\n\n<p><strong>Technick\u00e9 \u0161pecifik\u00e1cie<\/strong><br>Nap\u00e4tie: 220-240 V AC<br>Frekvencia: 50 Hz<br>\u010cerpadlo: 1 x 0,12 HP<br>V\u00fdkon obehov\u00e9ho \u010derpadla: 100 W<br>Max. spotreba energie chladi\u010da: 1,19 kW<br>Max. teplota: 40 stup\u0148ov Celzia<br>Najni\u017e\u0161ia teplota: 3 stupne Celzia<br>Zmena teploty vody: 3-4 stupne Celzia za hodinu<\/p>\n","protected":false},"excerpt":{"rendered":"<p>Objavte dokonal\u00fd z\u00e1\u017eitok z k\u00fapania v pr\u00edrode s na\u0161ou inovat\u00edvnou vonkaj\u0161ou va\u0148ou. T\u00e1to luxusn\u00e1 va\u0148a bola navrhnut\u00e1 s maxim\u00e1lnou starostlivos\u0165ou a d\u00f4razom na detail, aby v\u00e1m poskytla chv\u00edle relax\u00e1cie a rekre\u00e1cie vonku. Va\u0148a je vyroben\u00e1 z vysoko kvalitn\u00e9ho akrylu, aby zabezpe\u010dila maxim\u00e1lne pohodlie a odolnos\u0165. Oblo\u017eenie je vyroben\u00e9 z odoln\u00e9ho PVC v elegantnej antracitovej farbe. [&hellip;]<\/p>\n","protected":false},"featured_media":56139,"comment_status":"closed","ping_status":"closed","template":"","meta":[],"product_brand":[2589],"product_cat":[415],"product_tag":[],"class_list":{"0":"post-56138","1":"product","2":"type-product","3":"status-publish","4":"has-post-thumbnail","6":"product_brand-home-deluxe","7":"product_cat-zahradne-virivky-jacuzzi","8":"pa_sirka-84-cm","9":"pa_vyrobca-home-deluxe","10":"pa_vyska-95-cm","12":"first","13":"outofstock","14":"taxable","15":"shipping-taxable","16":"purchasable","17":"product-type-simple"},"_links":{"self":[{"href":"https:\/\/diamondspa.sk\/sk\/wp-json\/wp\/v2\/product\/56138","targetHints":{"allow":["GET"]}}],"collection":[{"href":"https:\/\/diamondspa.sk\/sk\/wp-json\/wp\/v2\/product"}],"about":[{"href":"https:\/\/diamondspa.sk\/sk\/wp-json\/wp\/v2\/types\/product"}],"replies":[{"embeddable":true,"href":"https:\/\/diamondspa.sk\/sk\/wp-json\/wp\/v2\/comments?post=56138"}],"wp:featuredmedia":[{"embeddable":true,"href":"https:\/\/diamondspa.sk\/sk\/wp-json\/wp\/v2\/media\/56139"}],"wp:attachment":[{"href":"https:\/\/diamondspa.sk\/sk\/wp-json\/wp\/v2\/media?parent=56138"}],"wp:term":[{"taxonomy":"product_brand","embeddable":true,"href":"https:\/\/diamondspa.sk\/sk\/wp-json\/wp\/v2\/product_brand?post=56138"},{"taxonomy":"product_cat","embeddable":true,"href":"https:\/\/diamondspa.sk\/sk\/wp-json\/wp\/v2\/product_cat?post=56138"},{"taxonomy":"product_tag","embeddable":true,"href":"https:\/\/diamondspa.sk\/sk\/wp-json\/wp\/v2\/product_tag?post=56138"}],"curies":[{"name":"wp","href":"https:\/\/api.w.org\/{rel}","templated":true}]}}