{"id":56161,"date":"2025-07-29T20:06:44","date_gmt":"2025-07-29T18:06:44","guid":{"rendered":"https:\/\/diamondspa.sk\/?post_type=product&#038;p=56161"},"modified":"2025-07-29T20:06:50","modified_gmt":"2025-07-29T18:06:50","slug":"vonkajsia-virivka-beach-so-schodmi-a-termokrytom","status":"publish","type":"product","link":"https:\/\/diamondspa.sk\/sk\/produkt\/vonkajsia-virivka-beach-so-schodmi-a-termokrytom\/","title":{"rendered":"Vonkaj\u0161ia v\u00edrivka BEACH &#8211; So schodmi a termokrytom"},"content":{"rendered":"\n<p>Preme\u0148te svoju z\u00e1hradu na <strong>dokonal\u00fa wellness o\u00e1zu<\/strong> s na\u0161ou inovat\u00edvnou vonkaj\u0161ou v\u00edrivkou.<\/p>\n\n\n\n<p>Po nam\u00e1havom dni sa nechajte rozmazn\u00e1va\u0165<strong> 51 mas\u00e1\u017enymi tryskami,<\/strong> ktor\u00e9 o\u017eivia va\u0161e telo aj du\u0161u. Individu\u00e1lne nastavite\u013en\u00e1 intenzita a smer <strong>trysky zabezpe\u010duj\u00fa personalizovan\u00fd z\u00e1\u017eitok. <\/strong>Kompaktn\u00e1 v\u00edrivka sa perfektne hod\u00ed do va\u0161ej z\u00e1hrady alebo na terasu a v\u010faka svojmu vysoko kvalitn\u00e9mu dizajnu a technol\u00f3gii je vizu\u00e1lnym l\u00e1kadlom. <strong>24 sveteln\u00fdch zdrojov,<\/strong> ktor\u00e9 je mo\u017en\u00e9 pod\u013ea potreby zap\u00edna\u0165 a vyp\u00edna\u0165, vytv\u00e1ra efekt farebnej terapie a pr\u00edjemn\u00fa atmosf\u00e9ru. Relaxujte nielen v sede, ale aj v \u013eahu <strong>v\u010faka pohodln\u00fdm \u010diernym opierkam hlavy.<\/strong><\/p>\n\n\n\n<p>UPOZORNENIE<\/p>\n\n\n\n<p>Pred in\u0161tal\u00e1ciou baz\u00e9na sa uistite, \u017ee je povrch vhodn\u00fd. Podklad by mal by\u0165 rovn\u00fd a \u010do najpevnej\u0161\u00ed. Ak si nie ste ist\u00ed, pora\u010fte sa s odborn\u00edkom. Nepreber\u00e1me \u017eiadnu zodpovednos\u0165 za \u0161kody sp\u00f4soben\u00e9 hmotnos\u0165ou.<\/p>\n\n\n\n<p>Zimn\u00e9 vlastnosti: Neodpor\u00fa\u010dame pou\u017e\u00edva\u0165 baz\u00e9n pod 5 \u00b0C. Pri teplot\u00e1ch bl\u00edzkych bodu mrazu je nevyhnutn\u00e9 d\u00f4kladn\u00e9 vypustenie.<\/p>\n\n\n\n<p>Baz\u00e9n nevy\u017eaduje pripojenie na vysok\u00e9 nap\u00e4tie, ale pripojovac\u00ed k\u00e1bel mus\u00ed by\u0165 nain\u0161talovan\u00fd samostatne a chr\u00e1nen\u00fd samostatne v r\u00e1mci elektrickej siete domu. Vzh\u013eadom na jeho v\u00fdkon mus\u00ed by\u0165 prierez k\u00e1bla minim\u00e1lne 3 x 6 mm\u00b2.<\/p>\n\n\n\n<p>Pozorne si pre\u010d\u00edtajte v\u0161eobecn\u00e9 bezpe\u010dnostn\u00e9 pokyny v in\u0161tala\u010dnej pr\u00edru\u010dke.<\/p>\n\n\n\n<ul class=\"wp-block-list\">\n<li>24 sveteln\u00fdch zdrojov<\/li>\n\n\n\n<li>V\u0161etky mas\u00e1\u017ene trysky s\u00fa nastavite\u013en\u00e9 z h\u013eadiska intenzity a smeru<\/li>\n\n\n\n<li>Vr\u00e1tane oz\u00f3nov\u00e9ho \u010distiaceho syst\u00e9mu<\/li>\n\n\n\n<li>Stabiln\u00e9 \u010dierne schod\u00edky, vysok\u00e9 40 cm (pozri posledn\u00fd obr\u00e1zok)<\/li>\n\n\n\n<li>Vr\u00e1tane sie\u0165ky proti hmyzu<\/li>\n\n\n\n<li>Vr\u00e1tane 6-10 cm (!) hrub\u00e9ho, vysoko izola\u010dn\u00e9ho termokrytu<\/li>\n\n\n\n<li>Tepeln\u00fd kryt so sklonom, ktor\u00fd zabra\u0148uje hromadeniu vody na kryte<\/li>\n\n\n\n<li>2 \u010dierne opierky hlavy\/vank\u00fa\u0161e<\/li>\n\n\n\n<li>Jednoduch\u00e1 mont\u00e1\u017e<\/li>\n<\/ul>\n\n\n\n<p><strong>Technick\u00e9 \u0161pecifik\u00e1cie<\/strong><br>Rozmery (D x \u0160 x V): 210 x 155 x 83 cm<br>Materi\u00e1l panelu: WPC (plast vystu\u017een\u00fd pr\u00edrodn\u00fdmi vl\u00e1knami)<br>Akryl: PMMA (polymetylmetakryl\u00e1t)<br>Farba vane: biela<br>Farba krytu: \u010dierna<br>Trieda energetickej \u00fa\u010dinnosti: B<br>Celkov\u00fd v\u00fdkon bez filtra: 5300 wattov (25,3 A)<br>Nap\u00e4tie: 220-240 V 50\/60 Hz<br>V\u00fdkurovac\u00ed v\u00fdkon: 3000 wattov<br>2-stup\u0148ov\u00e9 kombinovan\u00e9 \u010derpadlo:<br>Funkcia obehu: 450 wattov<br>Funkcia v\u00edrivky: 2200 wattov<br>Hladina hluku: 75 dB<br>Hr\u00fabka vane: 8 mm<br>V\u00fd\u0161ka naplnenia: cca 64 cm (po vstup vodop\u00e1du)<br>Objem (litre): 900 l<br>51 mas\u00e1\u017enych trysiek:<br>9 x 12 cm trysiek<br>28 x 8 cm trysiek<br>14 x 5 cm trysiek<br>Hmotnos\u0165: cca 350 kg<\/p>\n","protected":false},"excerpt":{"rendered":"<p>Preme\u0148te svoju z\u00e1hradu na dokonal\u00fa wellness o\u00e1zu s na\u0161ou inovat\u00edvnou vonkaj\u0161ou v\u00edrivkou. Po nam\u00e1havom dni sa nechajte rozmazn\u00e1va\u0165 51 mas\u00e1\u017enymi tryskami, ktor\u00e9 o\u017eivia va\u0161e telo aj du\u0161u. Individu\u00e1lne nastavite\u013en\u00e1 intenzita a smer trysky zabezpe\u010duj\u00fa personalizovan\u00fd z\u00e1\u017eitok. Kompaktn\u00e1 v\u00edrivka sa perfektne hod\u00ed do va\u0161ej z\u00e1hrady alebo na terasu a v\u010faka svojmu vysoko kvalitn\u00e9mu dizajnu a technol\u00f3gii [&hellip;]<\/p>\n","protected":false},"featured_media":56162,"comment_status":"closed","ping_status":"closed","template":"","meta":[],"product_brand":[2589],"product_cat":[415],"product_tag":[],"class_list":{"0":"post-56161","1":"product","2":"type-product","3":"status-publish","4":"has-post-thumbnail","6":"product_brand-home-deluxe","7":"product_cat-zahradne-virivky-jacuzzi","8":"pa_hmotnost-cca-350-kg","9":"pa_objem-900-l","10":"pa_pocet-trysiek-2836","11":"pa_sirka-155-cm","12":"pa_vyrobca-home-deluxe","13":"pa_vyska-83-cm","15":"first","16":"outofstock","17":"taxable","18":"shipping-taxable","19":"purchasable","20":"product-type-simple"},"_links":{"self":[{"href":"https:\/\/diamondspa.sk\/sk\/wp-json\/wp\/v2\/product\/56161","targetHints":{"allow":["GET"]}}],"collection":[{"href":"https:\/\/diamondspa.sk\/sk\/wp-json\/wp\/v2\/product"}],"about":[{"href":"https:\/\/diamondspa.sk\/sk\/wp-json\/wp\/v2\/types\/product"}],"replies":[{"embeddable":true,"href":"https:\/\/diamondspa.sk\/sk\/wp-json\/wp\/v2\/comments?post=56161"}],"wp:featuredmedia":[{"embeddable":true,"href":"https:\/\/diamondspa.sk\/sk\/wp-json\/wp\/v2\/media\/56162"}],"wp:attachment":[{"href":"https:\/\/diamondspa.sk\/sk\/wp-json\/wp\/v2\/media?parent=56161"}],"wp:term":[{"taxonomy":"product_brand","embeddable":true,"href":"https:\/\/diamondspa.sk\/sk\/wp-json\/wp\/v2\/product_brand?post=56161"},{"taxonomy":"product_cat","embeddable":true,"href":"https:\/\/diamondspa.sk\/sk\/wp-json\/wp\/v2\/product_cat?post=56161"},{"taxonomy":"product_tag","embeddable":true,"href":"https:\/\/diamondspa.sk\/sk\/wp-json\/wp\/v2\/product_tag?post=56161"}],"curies":[{"name":"wp","href":"https:\/\/api.w.org\/{rel}","templated":true}]}}