{"id":56207,"date":"2025-07-29T20:28:19","date_gmt":"2025-07-29T18:28:19","guid":{"rendered":"https:\/\/diamondspa.sk\/?post_type=product&#038;p=56207"},"modified":"2025-07-29T21:06:46","modified_gmt":"2025-07-29T19:06:46","slug":"vonkajsia-virivka-horizon-pure-175-x-115-cm-pre-2-osoby","status":"publish","type":"product","link":"https:\/\/diamondspa.sk\/sk\/produkt\/vonkajsia-virivka-horizon-pure-175-x-115-cm-pre-2-osoby\/","title":{"rendered":"Vonkaj\u0161ia v\u00edrivka HORIZON PURE &#8211; 175 x 115 cm pre 2 osoby"},"content":{"rendered":"\n<p>Predstavte si, \u017ee po n\u00e1ro\u010dnom dni relaxujete vo vlastnej z\u00e1hrade a pon\u00e1rate sa do \u010distej relax\u00e1cie. S na\u0161ou vonkaj\u0161ou v\u00edrivkou <strong>HORIZON PURE<\/strong> sa tento sen stane skuto\u010dnos\u0165ou. Za\u017eite wellness v tej najlep\u0161ej forme \u2013 priamo pred va\u0161imi dverami.<\/p>\n\n\n\n<p>\u017diadna in\u00e1 plnohodnotn\u00e1 vonkaj\u0161ia <strong>v\u00edrivka<\/strong> nepon\u00faka funkcie vykurovania a v\u00edrivky za tak\u00fa bezkonkuren\u010dn\u00fa cenu. Kvalita a relax nemusia by\u0165 drah\u00e9 \u2013 objavte dokonal\u00fa kombin\u00e1ciu luxusu a dostupnosti. Vonkaj\u0161ia v\u00edrivka <strong>HORIZON PURE<\/strong> je ide\u00e1lna pre v\u00e1s a v\u00e1\u0161ho partnera a pon\u00faka dve priestrann\u00e9 le\u017eadl\u00e1, kde sa m\u00f4\u017eete pohodlne natiahnu\u0165 a relaxova\u0165. V\u010faka intuit\u00edvnemu ovl\u00e1daniu sa neuverite\u013ene \u013eahko pou\u017e\u00edva \u2013 nastavte si teplotu, <strong>mas\u00e1\u017ene trysky<\/strong> a \u010fal\u0161ie funkcie pod\u013ea svojich predst\u00e1v. Podvodn\u00e9 osvetlenie vytv\u00e1ra dokonal\u00fa atmosf\u00e9ru a atmosf\u00e9rick\u00e9 prostredie, \u010di u\u017e si u\u017e\u00edvate romantick\u00fd ve\u010der alebo si len doprajete relaxa\u010dn\u00fa prest\u00e1vku. Obzvl\u00e1\u0161\u0165 praktick\u00e9: V\u010faka dezinfekcii oz\u00f3nom zost\u00e1va voda vo va\u0161ej v\u00edrivke v\u017edy \u010dist\u00e1 a priezra\u010dn\u00e1, preto\u017ee bakt\u00e9rie a ne\u010distoty s\u00fa \u00fa\u010dinne odstr\u00e1nen\u00e9. \u010eal\u0161\u00edm l\u00e1kadlom je integrovan\u00fd vodop\u00e1d, ktor\u00fd je nielen vizu\u00e1lnym p\u00fata\u010dom pozornosti, ale tie\u017e zvy\u0161uje upokojuj\u00faci \u00fa\u010dinok v\u00edrivky. Dreven\u00fd r\u00e1m odoln\u00fd vo\u010di kor\u00f3zii a va\u0148a vyroben\u00e1 z vysoko kvalitn\u00e9ho a odoln\u00e9ho akrylu <strong>zaru\u010duj\u00fa dlh\u00fa \u017eivotnos\u0165 a \u0161t\u00fdl.<\/strong><\/p>\n\n\n\n<p>Preme\u0148te svoju z\u00e1hradu na osobn\u00fa wellness o\u00e1zu s vonkaj\u0161ou v\u00edrivkou <strong>HORIZON PURE.<\/strong> Doprajte sebe a svojmu partnerovi relax, ktor\u00fd si zasl\u00fa\u017eite, a vytvorte si \u00fato\u010disko, ktor\u00e9 si m\u00f4\u017eete u\u017e\u00edva\u0165 ka\u017ed\u00fd de\u0148. Va\u0161e telo aj myse\u013e sa v\u00e1m po\u010fakuj\u00fa! Objednajte si teraz a ponorte sa do \u010distej relax\u00e1cie!<\/p>\n\n\n\n<ul class=\"wp-block-list\">\n<li>Vhodn\u00e9 pre 2 osoby<\/li>\n\n\n\n<li>Ovl\u00e1date\u013en\u00e9 cez ovl\u00e1dac\u00ed panel<\/li>\n\n\n\n<li>Podvodn\u00e9 osvetlenie<\/li>\n\n\n\n<li>Dezinfekcia oz\u00f3nom<\/li>\n\n\n\n<li>Vodop\u00e1d<\/li>\n\n\n\n<li>2 le\u017eadl\u00e1<\/li>\n<\/ul>\n\n\n\n<p><strong>Technick\u00e9 \u0161pecifik\u00e1cie<\/strong><br>Rozmery v\u00edrivky (D x \u0160 x V): 115 x 175 x 70 cm<br>Materi\u00e1l r\u00e1mu: Drevo odoln\u00e9 vo\u010di kor\u00f3zii<br>Materi\u00e1l vane: Akryl<br>Farba vane: Biela<br>Farba r\u00e1mu: Antracitov\u00e1<br>Objem: 650 l<br>Spotreba energie:<br>Ohrieva\u010d: 2000 W<br>Vodn\u00e9 \u010derpadlo: 1500 W<br>Oz\u00f3n: 5 W<br>Podvodn\u00e9 osvetlenie: 3 W<br>Trysky: 15<br>Hmotnos\u0165 v\u00edrivky: 120 kg<\/p>\n","protected":false},"excerpt":{"rendered":"<p>Predstavte si, \u017ee po n\u00e1ro\u010dnom dni relaxujete vo vlastnej z\u00e1hrade a pon\u00e1rate sa do \u010distej relax\u00e1cie. S na\u0161ou vonkaj\u0161ou v\u00edrivkou HORIZON PURE sa tento sen stane skuto\u010dnos\u0165ou. Za\u017eite wellness v tej najlep\u0161ej forme \u2013 priamo pred va\u0161imi dverami. \u017diadna in\u00e1 plnohodnotn\u00e1 vonkaj\u0161ia v\u00edrivka nepon\u00faka funkcie vykurovania a v\u00edrivky za tak\u00fa bezkonkuren\u010dn\u00fa cenu. Kvalita a relax [&hellip;]<\/p>\n","protected":false},"featured_media":56208,"comment_status":"closed","ping_status":"closed","template":"","meta":[],"product_brand":[2589],"product_cat":[415],"product_tag":[],"class_list":{"0":"post-56207","1":"product","2":"type-product","3":"status-publish","4":"has-post-thumbnail","6":"product_brand-home-deluxe","7":"product_cat-zahradne-virivky-jacuzzi","8":"pa_hmotnost-120-kg","9":"pa_objem-650-l","10":"pa_pocet-trysiek-850","11":"pa_sirka-175-cm","12":"pa_vyrobca-home-deluxe","13":"pa_vyska-70-cm","15":"first","16":"outofstock","17":"taxable","18":"shipping-taxable","19":"purchasable","20":"product-type-simple"},"_links":{"self":[{"href":"https:\/\/diamondspa.sk\/sk\/wp-json\/wp\/v2\/product\/56207","targetHints":{"allow":["GET"]}}],"collection":[{"href":"https:\/\/diamondspa.sk\/sk\/wp-json\/wp\/v2\/product"}],"about":[{"href":"https:\/\/diamondspa.sk\/sk\/wp-json\/wp\/v2\/types\/product"}],"replies":[{"embeddable":true,"href":"https:\/\/diamondspa.sk\/sk\/wp-json\/wp\/v2\/comments?post=56207"}],"wp:featuredmedia":[{"embeddable":true,"href":"https:\/\/diamondspa.sk\/sk\/wp-json\/wp\/v2\/media\/56208"}],"wp:attachment":[{"href":"https:\/\/diamondspa.sk\/sk\/wp-json\/wp\/v2\/media?parent=56207"}],"wp:term":[{"taxonomy":"product_brand","embeddable":true,"href":"https:\/\/diamondspa.sk\/sk\/wp-json\/wp\/v2\/product_brand?post=56207"},{"taxonomy":"product_cat","embeddable":true,"href":"https:\/\/diamondspa.sk\/sk\/wp-json\/wp\/v2\/product_cat?post=56207"},{"taxonomy":"product_tag","embeddable":true,"href":"https:\/\/diamondspa.sk\/sk\/wp-json\/wp\/v2\/product_tag?post=56207"}],"curies":[{"name":"wp","href":"https:\/\/api.w.org\/{rel}","templated":true}]}}