{"id":56261,"date":"2025-07-29T20:48:15","date_gmt":"2025-07-29T18:48:15","guid":{"rendered":"https:\/\/diamondspa.sk\/?post_type=product&#038;p=56261"},"modified":"2025-07-29T21:06:46","modified_gmt":"2025-07-29T19:06:46","slug":"vonkajsia-virivka-nimbus-deluxe-so-schodikmi-a-termokrytom-190-x-140-cm-pre-2-osoby-2","status":"publish","type":"product","link":"https:\/\/diamondspa.sk\/sk\/produkt\/vonkajsia-virivka-nimbus-deluxe-so-schodikmi-a-termokrytom-190-x-140-cm-pre-2-osoby-2\/","title":{"rendered":"Vonkaj\u0161ia v\u00edrivka NIMBUS DELUXE so schod\u00edkmi a termokrytom &#8211; 190 x 140 cm pre 2 osoby"},"content":{"rendered":"\n<p><strong>V\u00edrivka NIMBUS<\/strong> \u2013 Luxus a relax\u00e1cia pre v\u00e1\u0161 domov<\/p>\n\n\n\n<p>V\u00edrivka <strong>NIMBUS<\/strong> pon\u00faka v\u0161etko, \u010do potrebujete pre bezkonkuren\u010dn\u00fd relaxa\u010dn\u00fd z\u00e1\u017eitok. V\u010faka intuit\u00edvnemu ovl\u00e1daniu a u\u017e\u00edvate\u013esky pr\u00edvetiv\u00e9mu ovl\u00e1daniu si m\u00f4\u017eete bez n\u00e1mahy nastavi\u0165 v\u0161etky funkcie \u2013 pre relaxa\u010dn\u00fd oddych stla\u010den\u00edm tla\u010didla. Plne vybaven\u00e1 pre maxim\u00e1lne pohodlie: T\u00e1to <strong>v\u00edrivka pojme dve osoby<\/strong> a je dod\u00e1van\u00e1 s kvalitn\u00fdm termokrytom a praktick\u00fdmi schod\u00edkmi. Ten nielen optim\u00e1lne izoluje teplo, ale zais\u0165uje aj bezpe\u010dnos\u0165 pri nastupovan\u00ed a vystupovan\u00ed. Ergonomick\u00e1 opierka hlavy zais\u0165uje maxim\u00e1lne pohodlie a obzvl\u00e1\u0161\u0165 uvo\u013enen\u00fd z\u00e1\u017eitok z le\u017eania. Dokonal\u00e1 mas\u00e1\u017e a atmosf\u00e9ra: <strong>18 v\u00fdkonn\u00fdch trysiek<\/strong> cielene mas\u00edruje a podporuje krvn\u00fd obeh, zatia\u013e \u010do integrovan\u00e9 podvodn\u00e9 osvetlenie vytv\u00e1ra atmosf\u00e9rick\u00fa atmosf\u00e9ru. V\u00fdkonn\u00fd 20 cm filter zais\u0165uje, \u017ee voda zostane v\u017edy \u010dist\u00e1 a priezra\u010dn\u00e1. \u010eal\u0161\u00edm l\u00e1kadlom tejto v\u00edrivky je inovat\u00edvny pl\u00e1\u0161\u0165 vyroben\u00fd zo \u0161peci\u00e1lnej plastovej v\u010delieho pl\u00e1stu. Ten nastavuje nov\u00e9 \u0161tandardy v dizajne a funk\u010dnosti a vytv\u00e1ra modern\u00fd, estetick\u00fd vzh\u013ead, ktor\u00fd sa dokonale integruje do v\u00e1\u0161ho vonkaj\u0161ieho priestoru.<\/p>\n\n\n\n<p>Investujte do v\u00edrivky <strong>NIMBUS<\/strong> a vychutnajte si bezkonkuren\u010dn\u00fa relax\u00e1ciu vo vlastnom dome.<\/p>\n\n\n\n<ul class=\"wp-block-list\">\n<li>Ide\u00e1lne pre dvoch<\/li>\n\n\n\n<li>Modern\u00e1 z\u00e1stera vyroben\u00e1 zo \u0161peci\u00e1lnej plastovej v\u010delieho pl\u00e1stu<\/li>\n\n\n\n<li>Ovl\u00e1dacie prvky umo\u017e\u0148uj\u00fa jednoduch\u00e9 a pohodln\u00e9 ovl\u00e1danie v\u0161etk\u00fdch funkci\u00ed<\/li>\n\n\n\n<li>S vysoko kvalitn\u00fdm termopo\u0165ahom a schod\u00edkmi<\/li>\n\n\n\n<li>Ergonomick\u00e9 opierky hlavy zais\u0165uj\u00fa obzvl\u00e1\u0161\u0165 relaxa\u010dn\u00fd z\u00e1\u017eitok z le\u017eania<\/li>\n\n\n\n<li>Atmosf\u00e9rick\u00e9 LED osvetlenie<\/li>\n\n\n\n<li>18 v\u00fdkonn\u00fdch trysiek poskytuje cielen\u00fa mas\u00e1\u017e, podporuje krvn\u00fd obeh a uvo\u013e\u0148uje nap\u00e4tie<\/li>\n\n\n\n<li>Vybaven\u00e1 v\u00fdkonn\u00fdm 20 cm filtrom, ktor\u00fd udr\u017eiava vodu \u010dist\u00fa a priezra\u010dn\u00fa<\/li>\n<\/ul>\n\n\n\n<p><strong>Technick\u00e9 \u0161pecifik\u00e1cie<\/strong><br>Rozmery v\u00edrivky (D x \u0160 x V): 190 x 140 x 70 cm<br>Rozmery termokrytu (D x \u0160 x V): 191 x 141 x 10-6 cm<br>Rozmery schodiska (D x \u0160 x V): 63 x 54 x 40 cm<br>Materi\u00e1l: Akryl<br>Materi\u00e1l r\u00e1mu: Drevo<br>Materi\u00e1l z\u00e1stery: Plast, kon\u0161trukcia v tvare pl\u00e1stu<br>Farba: Biela<br>Objem: 950 litrov<br>Vodn\u00e9 \u010derpadlo: 1500 W (220 V \/ 50 Hz)<br>Ohrieva\u010d: 2000 W (220 V \/ 50 Hz)<br>Oz\u00f3n: 5 W<br>Trysky: 18<br>Podvodn\u00e9 osvetlenie: 3 W<br>Hmotnos\u0165 v\u00edrivky: 153 kg<br>Hmotnos\u0165 termokrytu: 12 kg<br>Hmotnos\u0165 schodiska: 13,5 kg<\/p>\n","protected":false},"excerpt":{"rendered":"<p>V\u00edrivka NIMBUS \u2013 Luxus a relax\u00e1cia pre v\u00e1\u0161 domov V\u00edrivka NIMBUS pon\u00faka v\u0161etko, \u010do potrebujete pre bezkonkuren\u010dn\u00fd relaxa\u010dn\u00fd z\u00e1\u017eitok. V\u010faka intuit\u00edvnemu ovl\u00e1daniu a u\u017e\u00edvate\u013esky pr\u00edvetiv\u00e9mu ovl\u00e1daniu si m\u00f4\u017eete bez n\u00e1mahy nastavi\u0165 v\u0161etky funkcie \u2013 pre relaxa\u010dn\u00fd oddych stla\u010den\u00edm tla\u010didla. Plne vybaven\u00e1 pre maxim\u00e1lne pohodlie: T\u00e1to v\u00edrivka pojme dve osoby a je dod\u00e1van\u00e1 s kvalitn\u00fdm termokrytom [&hellip;]<\/p>\n","protected":false},"featured_media":56262,"comment_status":"closed","ping_status":"closed","template":"","meta":[],"product_brand":[2589],"product_cat":[415],"product_tag":[],"class_list":{"0":"post-56261","1":"product","2":"type-product","3":"status-publish","4":"has-post-thumbnail","6":"product_brand-home-deluxe","7":"product_cat-zahradne-virivky-jacuzzi","8":"pa_hmotnost-153-kg","9":"pa_objem-950-l","10":"pa_pocet-trysiek-868","11":"pa_sirka-140-cm","12":"pa_vyrobca-home-deluxe","13":"pa_vyska-70-cm","15":"first","16":"outofstock","17":"taxable","18":"shipping-taxable","19":"purchasable","20":"product-type-simple"},"_links":{"self":[{"href":"https:\/\/diamondspa.sk\/sk\/wp-json\/wp\/v2\/product\/56261","targetHints":{"allow":["GET"]}}],"collection":[{"href":"https:\/\/diamondspa.sk\/sk\/wp-json\/wp\/v2\/product"}],"about":[{"href":"https:\/\/diamondspa.sk\/sk\/wp-json\/wp\/v2\/types\/product"}],"replies":[{"embeddable":true,"href":"https:\/\/diamondspa.sk\/sk\/wp-json\/wp\/v2\/comments?post=56261"}],"wp:featuredmedia":[{"embeddable":true,"href":"https:\/\/diamondspa.sk\/sk\/wp-json\/wp\/v2\/media\/56262"}],"wp:attachment":[{"href":"https:\/\/diamondspa.sk\/sk\/wp-json\/wp\/v2\/media?parent=56261"}],"wp:term":[{"taxonomy":"product_brand","embeddable":true,"href":"https:\/\/diamondspa.sk\/sk\/wp-json\/wp\/v2\/product_brand?post=56261"},{"taxonomy":"product_cat","embeddable":true,"href":"https:\/\/diamondspa.sk\/sk\/wp-json\/wp\/v2\/product_cat?post=56261"},{"taxonomy":"product_tag","embeddable":true,"href":"https:\/\/diamondspa.sk\/sk\/wp-json\/wp\/v2\/product_tag?post=56261"}],"curies":[{"name":"wp","href":"https:\/\/api.w.org\/{rel}","templated":true}]}}